{"id":5143,"date":"2025-01-08T04:02:04","date_gmt":"2025-01-08T04:02:04","guid":{"rendered":"https:\/\/globalsystem.com.mx\/catalogo\/?post_type=product&#038;p=5143"},"modified":"2025-01-08T04:30:49","modified_gmt":"2025-01-08T04:30:49","slug":"wejoin-wjcb202vfhl24d-barrera-para-control-de-acceso-vehicular-izquierda-con-led-y-display-para-texto-configurable","status":"publish","type":"product","link":"https:\/\/globalsystem.com.mx\/catalogo\/wejoin-wjcb202vfhl24d-barrera-para-control-de-acceso-vehicular-izquierda-con-led-y-display-para-texto-configurable","title":{"rendered":"WEJOIN WJCB202VFHL24D Barrera para control de acceso Vehicular Izquierda Con Led y Display para Texto Configurable"},"content":{"rendered":"<p><span style=\"font-family: times new roman, times, serif; color: #000000; font-size: 18pt;\"><strong>WEJOIN WJCB202VFHL24D <\/strong>Barrera Vehicular Izquierda Con Led y Display para Texto Configurable<\/span><\/p>\n<p><span style=\"font-family: times new roman, times, serif; color: #000000; font-size: 18pt;\"><span class=\"tagify__tag-text\" contenteditable=\"true\">Barrera para control de acceso vehicular de uso rudo<\/span> <strong>WEJOIN WJCB202VFHL24D<\/strong><br \/>\n<\/span><\/p>\n<p><span style=\"font-family: times new roman, times, serif; color: #000000; font-size: 18pt;\">Barrera Vehicular Izquierda Con Led y Display para Texto Configurable \/ Motor 24 VDC \/ Alto flujo \/ Brazo Rectangular de 4 Metros \/ Velocidad 2 Segundos \/ Direcci\u00f3n Ajustable<\/span><\/p>\n<p>&nbsp;<\/p>\n<h5><span style=\"font-family: times new roman, times, serif; color: #000000; font-size: 18pt;\"><strong>Informaci\u00f3n General<\/strong><\/span><\/h5>\n<p><span style=\"font-family: times new roman, times, serif; color: #000000; font-size: 18pt;\">La barrera vehicular WJCB202VFHL24D es ideal para uso intensivo, destacando por su alta velocidad y rendimiento. Cuenta con un motor brushless de 24 Vcc, engranaje de tornillo sin fin y transmisi\u00f3n de reducci\u00f3n planetaria, asegurando estabilidad, fuerza y durabilidad. Su sistema de control de frecuencia variable de CC ofrece precisi\u00f3n y flexibilidad, reduciendo el impacto mec\u00e1nico y extendiendo la vida \u00fatil.<\/span><\/p>\n<p><span style=\"font-family: times new roman, times, serif; color: #000000; font-size: 18pt;\">La carcasa de acero, galvanizado con pintura resistente, display en la parte frontal, es apta para diversos entornos, y el motor de primera generaci\u00f3n soporta\u00a0<u>hasta 10 millones de ciclos<\/u>. El brazo est\u00e1 hecho de aleaci\u00f3n de aluminio de alta resistencia, en la parte superior cuenta con una tira de LED que enciende en rojo cuando la barrera se encuentra cerrada y verde cuando se encuentra abierta. En la parte inferior cuenta con una goma de caucho en color negro que sirve de protecci\u00f3n para la barrera y los veh\u00edculos.\u00a0El brazo incorpora una pel\u00edcula reflectante que tiene la funci\u00f3n de advertencia.<\/span><\/p>\n<p><span style=\"font-family: times new roman, times, serif; font-size: 18pt; color: #000000;\"><strong>Principales Caracter\u00edsticas<\/strong><\/span><\/p>\n<ul>\n<li><span style=\"font-family: times new roman, times, serif; font-size: 18pt; color: #000000;\"><strong>Diplay para 3 l\u00edneas de texto configurable<\/strong><\/span><\/li>\n<li><span style=\"font-family: times new roman, times, serif; font-size: 18pt; color: #000000;\">Motor Brushless 24 Vcc<\/span><\/li>\n<li><span style=\"font-family: times new roman, times, serif; font-size: 18pt; color: #000000;\">Panel de Control digital con pantalla LCD<\/span><\/li>\n<li><span style=\"font-family: times new roman, times, serif; font-size: 18pt; color: #000000;\">Velocidad de apertura 2 segundos ajustable<\/span><\/li>\n<li><span style=\"font-family: times new roman, times, serif; font-size: 18pt; color: #000000;\">Brazo de 4 metros<\/span><\/li>\n<li><span style=\"font-family: times new roman, times, serif; font-size: 18pt; color: #000000;\">Funci\u00f3n de reversa en caso de obstrucci\u00f3n<\/span><\/li>\n<li><span style=\"font-family: times new roman, times, serif; font-size: 18pt; color: #000000;\">F\u00e1cil cambio de direcci\u00f3n Izquierda o derecha<\/span><\/li>\n<li><span style=\"font-family: times new roman, times, serif; font-size: 18pt; color: #000000;\">Uso continuo 24\/7<\/span><\/li>\n<li><span style=\"font-family: times new roman, times, serif; font-size: 18pt; color: #000000;\">Vida \u00fatil del motor 10 Millones de Ciclos<\/span><\/li>\n<li><span style=\"font-family: times new roman, times, serif; font-size: 18pt; color: #000000;\">Vida \u00fatil del resorte 500,000 Ciclos<\/span><\/li>\n<li><span style=\"font-family: times new roman, times, serif; font-size: 18pt; color: #000000;\">Compatible con sensores de masa, fotoceldas, radar de detecci\u00f3n, tira de led<\/span><\/li>\n<\/ul>\n<h2><span style=\"font-family: times new roman, times, serif; font-size: 18pt; color: #000000;\"><strong>Especificaciones T\u00e9cnicas<\/strong><\/span><\/h2>\n<ul>\n<li><span style=\"font-family: times new roman, times, serif; font-size: 18pt; color: #000000;\">Velocidad de funcionamiento:\u00a02 Segundos ( default)<\/span><\/li>\n<li><span style=\"font-family: times new roman, times, serif; font-size: 18pt; color: #000000;\">Direcci\u00f3n de instalaci\u00f3n:\u00a0Izquierda<\/span><\/li>\n<li><span style=\"font-family: times new roman, times, serif; font-size: 18pt; color: #000000;\">Brazo:\u00a0recto rectangular<\/span><\/li>\n<li><span style=\"font-family: times new roman, times, serif; font-size: 18pt; color: #000000;\">Dimensiones del Brazo:\u00a0400cm x 2.5cm x 8cm<\/span><\/li>\n<li><span style=\"font-family: times new roman, times, serif; font-size: 18pt; color: #000000;\">Voltaje del motor:\u00a024 Vcc<\/span><\/li>\n<li><span style=\"font-family: times new roman, times, serif; font-size: 18pt; color: #000000;\">Voltaje de entrada del Panel de control:\u00a024 Vcc \u00b1 10%, 10A<\/span><\/li>\n<li><span style=\"font-family: times new roman, times, serif; font-size: 18pt; color: #000000;\">Voltaje de entrada de la fuente de alimentaci\u00f3n:\u00a0110 Vca \u00b1 10%<\/span><\/li>\n<li><span style=\"font-family: times new roman, times, serif; font-size: 18pt; color: #000000;\">Potencia m\u00e1xima del motor:\u00a0280W<\/span><\/li>\n<li><span style=\"font-family: times new roman, times, serif; font-size: 18pt; color: #000000;\">Velocidad m\u00e1xima del motor:\u00a0360r\/min<\/span><\/li>\n<li><span style=\"font-family: times new roman, times, serif; font-size: 18pt; color: #000000;\">M\u00e1xima salida de torque:\u00a0320 N.m<\/span><\/li>\n<li><span style=\"font-family: times new roman, times, serif; font-size: 18pt; color: #000000;\">Grado de protecci\u00f3n:\u00a0IP54<\/span><\/li>\n<li><span style=\"font-family: times new roman, times, serif; font-size: 18pt; color: #000000;\">Temperatura de trabajo:\u00a0-30 \u2103 ~ + 70 \u2103<\/span><\/li>\n<li><span style=\"font-family: times new roman, times, serif; font-size: 18pt; color: #000000;\">Dimensi\u00f3n del gabinete:\u00a0(W*D*H):\u00a0335*340*1052MM<\/span><\/li>\n<\/ul>\n<p><span style=\"font-family: times new roman, times, serif; font-size: 18pt; color: #000000;\"><strong>T\u00e9rminos de venta<\/strong><\/span><\/p>\n<ul>\n<li><span style=\"font-family: times new roman, times, serif; font-size: 18pt; color: #000000;\"><strong>Precios sujetos a cambio sin previo aviso<\/strong><\/span><\/li>\n<li><span style=\"font-family: times new roman, times, serif; font-size: 18pt; color: #000000;\">Pago: Anticipado v\u00eda transferencia \u00f3 dep\u00f3sito bancario.<\/span><\/li>\n<li><span style=\"font-family: times new roman, times, serif; font-size: 18pt; color: #000000;\">Tiempo de entrega: Inmediata o dependiendo existencias.<\/span><\/li>\n<li><span style=\"font-family: times new roman, times, serif; font-size: 18pt; color: #000000;\">Garant\u00eda de: 1 a\u00f1o por defectos de fabricaci\u00f3n.<\/span><\/li>\n<li><span style=\"font-family: times new roman, times, serif; font-size: 18pt; color: #000000;\">No incluye instalaci\u00f3n, canalizaci\u00f3n, ni obra civil, en caso de requerir por favor contacte al depto. de ventas.<\/span><\/li>\n<li><span style=\"font-family: times new roman, times, serif; font-size: 18pt; color: #000000;\">Para consultar existencias, precios sobre la transportaci\u00f3n y\/o los vi\u00e1ticos, por favor contacte con nosotros.<\/span><\/li>\n<li><span style=\"font-family: times new roman, times, serif; font-size: 18pt; color: #000000;\">Cualquier duda adicional, consulte a su ejecutivo de ventas.<\/span><\/li>\n<\/ul>\n<p>&nbsp;<\/p>\n<p><span style=\"font-family: times new roman, times, serif; font-size: 18pt; color: #000000;\">Contamos con laboratorio para la reparaci\u00f3n de equipos:\u00a0<strong>DORLET, ZK TECO, WEJOIN, CAME, ROSSLARE, DIGICON, SYSCOM, AMANO, ACROPRINT, SEIKO, LATHEM, TARGETMAX, KINGS POWER, SIASA, DAHUA, SUPREMA, INGERSOLL RAND, SCHLAGE.<\/strong><\/span><\/p>\n","protected":false},"excerpt":{"rendered":"<p>WEJOIN WJCB202VFHL24D Barrera Vehicular Izquierda Con Led y Display para Texto Configurable Barrera para control de acceso vehicular de uso rudo WEJOIN WJCB202VFHL24D Barrera Vehicular Izquierda Con Led y Display para Texto Configurable \/ Motor 24 VDC \/ Alto flujo \/ Brazo Rectangular de 4 Metros \/ Velocidad 2 Segundos \/ Direcci\u00f3n Ajustable &nbsp; Informaci\u00f3n[&#8230;]<\/p>\n","protected":false},"featured_media":5158,"comment_status":"open","ping_status":"closed","template":"","meta":[],"product_cat":[35],"product_tag":[],"class_list":["post-5143","product","type-product","status-publish","has-post-thumbnail","hentry","product_cat-control-de-acceso-vehicular"],"_links":{"self":[{"href":"https:\/\/globalsystem.com.mx\/catalogo\/wp-json\/wp\/v2\/product\/5143","targetHints":{"allow":["GET"]}}],"collection":[{"href":"https:\/\/globalsystem.com.mx\/catalogo\/wp-json\/wp\/v2\/product"}],"about":[{"href":"https:\/\/globalsystem.com.mx\/catalogo\/wp-json\/wp\/v2\/types\/product"}],"replies":[{"embeddable":true,"href":"https:\/\/globalsystem.com.mx\/catalogo\/wp-json\/wp\/v2\/comments?post=5143"}],"version-history":[{"count":6,"href":"https:\/\/globalsystem.com.mx\/catalogo\/wp-json\/wp\/v2\/product\/5143\/revisions"}],"predecessor-version":[{"id":5163,"href":"https:\/\/globalsystem.com.mx\/catalogo\/wp-json\/wp\/v2\/product\/5143\/revisions\/5163"}],"wp:featuredmedia":[{"embeddable":true,"href":"https:\/\/globalsystem.com.mx\/catalogo\/wp-json\/wp\/v2\/media\/5158"}],"wp:attachment":[{"href":"https:\/\/globalsystem.com.mx\/catalogo\/wp-json\/wp\/v2\/media?parent=5143"}],"wp:term":[{"taxonomy":"product_cat","embeddable":true,"href":"https:\/\/globalsystem.com.mx\/catalogo\/wp-json\/wp\/v2\/product_cat?post=5143"},{"taxonomy":"product_tag","embeddable":true,"href":"https:\/\/globalsystem.com.mx\/catalogo\/wp-json\/wp\/v2\/product_tag?post=5143"}],"curies":[{"name":"wp","href":"https:\/\/api.w.org\/{rel}","templated":true}]}}