{"id":5109,"date":"2023-07-09T22:57:24","date_gmt":"2023-07-09T22:57:24","guid":{"rendered":"https:\/\/globalsystem.com.mx\/catalogo\/?post_type=product&#038;p=5109"},"modified":"2026-02-02T18:34:31","modified_gmt":"2026-02-02T18:34:31","slug":"zkteco-bgm1030l-barrera-vehicular-brazo-recto-bidireccional-3-metros-gabinete-con-luz-led-indicador-de-estado-1-5-segundos-de-apertura-incluye-modulo-wi-fi-para-conectarse-con-la-app-zk","status":"publish","type":"product","link":"https:\/\/globalsystem.com.mx\/catalogo\/zkteco-bgm1030l-barrera-vehicular-brazo-recto-bidireccional-3-metros-gabinete-con-luz-led-indicador-de-estado-1-5-segundos-de-apertura-incluye-modulo-wi-fi-para-conectarse-con-la-app-zk","title":{"rendered":"ZKTECO BGM1030L &#8211; Barrera Vehicular \/ Brazo Recto Bidireccional \/ 3 Metros \/ Gabinete con Luz LED \/ Indicador de Estado \/ 1.5 segundos de apertura \/ Incluye modulo Wi-Fi para conectarse con la App ZK Barrier"},"content":{"rendered":"<p><span style=\"font-family: 'times new roman', times, serif; font-size: 14pt;\">La barrera BGM1030L para Control de acceso vehicular\u00a0 adopta el dise\u00f1o de chasis LED interactivo de ZKTeco, el panel de control programable, el motor de CC sin escobillas de alta eficiencia y la estructura de transmisi\u00f3n de engranajes de material SCM421. Tiene las ventajas de velocidad r\u00e1pida, calidad estable, amplia expansi\u00f3n de funciones, etc. Es una pluma\u00a0 para control, de acceso vehicular muy completa.<\/span><\/p>\n<p><span style=\"font-family: 'times new roman', times, serif; font-size: 14pt;\"><strong>\u00a0<\/strong><\/span><\/p>\n<p><span style=\"font-family: 'times new roman', times, serif; font-size: 14pt;\"><strong>App Control Inteligente<\/strong><\/span><\/p>\n<p><span style=\"font-family: 'times new roman', times, serif; font-size: 14pt;\"><strong>Mant\u00e9n el control con la APP ZKBarrier. Es m\u00e1s f\u00e1cil depurar y configurar.<\/strong><\/span><\/p>\n<ul>\n<li><span style=\"font-family: 'times new roman', times, serif; font-size: 14pt;\">Conecte un m\u00e1ximo de 5 tel\u00e9fonos m\u00f3viles para controlar cada barrera de estacionamiento<\/span><\/li>\n<li><span style=\"font-family: 'times new roman', times, serif; font-size: 14pt;\">Detectar el estado de apertura\/cierre<\/span><\/li>\n<li><span style=\"font-family: 'times new roman', times, serif; font-size: 14pt;\">Configuraci\u00f3n r\u00e1pida en el sitio<\/span><\/li>\n<li><span style=\"font-family: 'times new roman', times, serif; font-size: 14pt;\">Configurar la longitud de la pluma, en funci\u00f3n de la instalaci\u00f3n real en el sitio<\/span><\/li>\n<li><span style=\"font-family: 'times new roman', times, serif; font-size: 14pt;\">Velocidad de apertura y cierre ajustable en funci\u00f3n de la longitud de la pluma<\/span><\/li>\n<li><span style=\"font-family: 'times new roman', times, serif; font-size: 14pt;\">\u00c1ngulos de apertura y cierre ajustables de la pluma en funci\u00f3n de las limitaciones del entorno del lugar<\/span><\/li>\n<li><span style=\"font-family: 'times new roman', times, serif; font-size: 14pt;\">Caracter\u00edsticas principales<\/span><\/li>\n<li><span style=\"font-family: 'times new roman', times, serif; font-size: 14pt;\">La velocidad de operaci\u00f3n es 1.5s, y la velocidad, puede ser ajustada de acuerdo a los distintos largos de brazo.<\/span><\/li>\n<li><span style=\"font-family: 'times new roman', times, serif; font-size: 14pt;\">Direcci\u00f3n de brazo reversible, mecanismo de transmisi\u00f3n compacto y sencillo, f\u00e1cil de instalar en sitio<\/span><\/li>\n<li><span style=\"font-family: 'times new roman', times, serif; font-size: 14pt;\">Gabinete interactivo con Indicadores LED.<\/span><\/li>\n<li><span style=\"font-family: 'times new roman', times, serif; font-size: 14pt;\">Monitoreo digital de control, cierre autom\u00e1tico por tiempo, auto test, salida en display de estatus de subida o bajada.<\/span><\/li>\n<li><span style=\"font-family: 'times new roman', times, serif; font-size: 14pt;\">Apagado autom\u00e1tico por configuraci\u00f3n, permite la apertura manual, anti aplastamiento, equipado con conexi\u00f3n para funciones contra incendio, altamente seguro.<\/span><\/li>\n<li><span style=\"font-family: 'times new roman', times, serif; font-size: 14pt;\">El usuario puede ajustar la posici\u00f3n y \u00e1ngulo de subida\/bajada, cuenta con codificador digital para control preciso de la posici\u00f3n.<\/span><\/li>\n<li><span style=\"font-family: 'times new roman', times, serif; font-size: 14pt;\">Bater\u00eda de respaldo de 24V, garantiza una operaci\u00f3n normal, cuando hay cortes inesperados de energ\u00eda (ya lo incluye).<\/span><\/li>\n<\/ul>\n<p><span style=\"font-family: 'times new roman', times, serif; font-size: 14pt;\"><strong>Especificaciones T\u00e9cnicas<\/strong><\/span><\/p>\n<ul>\n<li><span style=\"font-family: 'times new roman', times, serif; font-size: 14pt;\"><strong>Velocidad de Operaci\u00f3n: <\/strong>5s<\/span><\/li>\n<li><span style=\"font-family: 'times new roman', times, serif; font-size: 14pt;\"><strong>Longitud del Brazo de la Pluma:<\/strong> 3m<\/span><\/li>\n<li><span style=\"font-family: 'times new roman', times, serif; font-size: 14pt;\"><strong>Tipo de Brazo de Pluma: <\/strong>Brazo recto<\/span><\/li>\n<li><span style=\"font-family: 'times new roman', times, serif; font-size: 14pt;\"><strong>Dimensi\u00f3n del Chasis: <\/strong>350*300*1020mm<\/span><\/li>\n<li><span style=\"font-family: 'times new roman', times, serif; font-size: 14pt;\"><strong>Nivel de Protecci\u00f3n de Ingreso: <\/strong>IP54<\/span><\/li>\n<li><span style=\"font-family: 'times new roman', times, serif; font-size: 14pt;\"><strong>Tipo de Motor: <\/strong>Motor el\u00e9ctrico DC sin escobillas de 24V<\/span><\/li>\n<li><span style=\"font-family: 'times new roman', times, serif; font-size: 14pt;\"><strong>Potencia de Salida: <\/strong>120W<\/span><\/li>\n<li><span style=\"font-family: 'times new roman', times, serif; font-size: 14pt;\"><strong>Corriente Nominal: <\/strong>6A<\/span><\/li>\n<li><span style=\"font-family: 'times new roman', times, serif; font-size: 14pt;\"><strong>Fuente de Alimentaci\u00f3n: <\/strong>CA 110V, 60Hz<\/span><\/li>\n<li><span style=\"font-family: 'times new roman', times, serif; font-size: 14pt;\"><strong>Operaci\u00f3n de Temperatura:<\/strong> -35\u00b0C hasta 70\u00b0C<\/span><\/li>\n<li><span style=\"font-family: 'times new roman', times, serif; font-size: 14pt;\"><strong>Operaci\u00f3n de Humedad: <\/strong>&lt;90%<\/span><\/li>\n<li><span style=\"font-family: 'times new roman', times, serif; font-size: 14pt;\"><strong>Motor MCBF: <\/strong>3 millones de veces<\/span><\/li>\n<li><span style=\"font-family: 'times new roman', times, serif; font-size: 14pt;\"><strong>Distancia de Control Remoto: <\/strong>\u226530m<\/span><\/li>\n<li><span style=\"font-family: 'times new roman', times, serif; font-size: 14pt;\"><strong>Peso del Chasis: <\/strong>45kg<\/span><\/li>\n<\/ul>\n<p>&nbsp;<\/p>\n<p><span style=\"font-family: 'times new roman', times, serif; font-size: 14pt;\"><strong>T\u00e9rminos de venta<\/strong><\/span><\/p>\n<ul>\n<li><span style=\"font-family: 'times new roman', times, serif; font-size: 14pt;\"><strong>Precios sujetos a cambio sin previo aviso<\/strong><\/span><\/li>\n<li><span style=\"font-family: 'times new roman', times, serif; font-size: 14pt;\">Pago: Anticipado v\u00eda transferencia \u00f3 dep\u00f3sito bancario.<\/span><\/li>\n<li><span style=\"font-family: 'times new roman', times, serif; font-size: 14pt;\">Tiempo de entrega: Inmediata o dependiendo existencias.<\/span><\/li>\n<li><span style=\"font-family: 'times new roman', times, serif; font-size: 14pt;\">Garant\u00eda de: 1 a\u00f1o por defectos de fabricaci\u00f3n.<\/span><\/li>\n<li><span style=\"font-family: 'times new roman', times, serif; font-size: 14pt;\">No incluye instalaci\u00f3n, canalizaci\u00f3n, ni obra civil, en caso de requerir por favor contacte al depto. de ventas.<\/span><\/li>\n<li><span style=\"font-family: 'times new roman', times, serif; font-size: 14pt;\">Para consultar existencias, precios sobre la transportaci\u00f3n y\/o los vi\u00e1ticos, por favor contacte con nosotros.<\/span><\/li>\n<li><span style=\"font-family: 'times new roman', times, serif; font-size: 14pt;\">Cualquier duda adicional, consulte a su ejecutivo de ventas.<\/span><\/li>\n<\/ul>\n<p>&nbsp;<\/p>\n<p><span style=\"font-family: 'times new roman', times, serif; font-size: 14pt;\">Contamos con laboratorio para la reparaci\u00f3n de equipos:\u00a0<strong>DORLET, ZK TECO, WEJOIN, CAME, ROSSLARE, DIGICON, SYSCOM, AMANO, ACROPRINT, SEIKO, LATHEM, TARGETMAX, KINGS POWER, SIASA, DAHUA, SUPREMA, INGERSOLL RAND, SCHLAGE.<\/strong><\/span><\/p>\n<p>&nbsp;<\/p>\n<p><span style=\"font-family: 'times new roman', times, serif; font-size: 14pt;\"><strong>Contamos con venta, instalaci\u00f3n, mantenimiento y reparaci\u00f3n de:<\/strong><\/span><\/p>\n<p><span style=\"font-family: 'times new roman', times, serif; font-size: 14pt;\">C\u00e1maras de vigilancia, control de acceso (para restringir o permitir accesos a un \u00e1rea espec\u00edfica), relojes checadores para control de asistencia de tarjeta y biometr\u00eda (reconocimiento facial, huella digital, palma de la mano), para control de asistencia.<\/span><\/p>\n","protected":false},"excerpt":{"rendered":"<p>La barrera BGM1030L para Control de acceso vehicular\u00a0 adopta el dise\u00f1o de chasis LED interactivo de ZKTeco, el panel de control programable, el motor de CC sin escobillas de alta eficiencia y la estructura de transmisi\u00f3n de engranajes de material SCM421. Tiene las ventajas de velocidad r\u00e1pida, calidad estable, amplia expansi\u00f3n de funciones, etc. Es[&#8230;]<\/p>\n","protected":false},"featured_media":5110,"comment_status":"open","ping_status":"closed","template":"","meta":[],"product_cat":[35],"product_tag":[],"class_list":["post-5109","product","type-product","status-publish","has-post-thumbnail","hentry","product_cat-control-de-acceso-vehicular","pa_marca-zkteco"],"_links":{"self":[{"href":"https:\/\/globalsystem.com.mx\/catalogo\/wp-json\/wp\/v2\/product\/5109","targetHints":{"allow":["GET"]}}],"collection":[{"href":"https:\/\/globalsystem.com.mx\/catalogo\/wp-json\/wp\/v2\/product"}],"about":[{"href":"https:\/\/globalsystem.com.mx\/catalogo\/wp-json\/wp\/v2\/types\/product"}],"replies":[{"embeddable":true,"href":"https:\/\/globalsystem.com.mx\/catalogo\/wp-json\/wp\/v2\/comments?post=5109"}],"version-history":[{"count":2,"href":"https:\/\/globalsystem.com.mx\/catalogo\/wp-json\/wp\/v2\/product\/5109\/revisions"}],"predecessor-version":[{"id":5116,"href":"https:\/\/globalsystem.com.mx\/catalogo\/wp-json\/wp\/v2\/product\/5109\/revisions\/5116"}],"wp:featuredmedia":[{"embeddable":true,"href":"https:\/\/globalsystem.com.mx\/catalogo\/wp-json\/wp\/v2\/media\/5110"}],"wp:attachment":[{"href":"https:\/\/globalsystem.com.mx\/catalogo\/wp-json\/wp\/v2\/media?parent=5109"}],"wp:term":[{"taxonomy":"product_cat","embeddable":true,"href":"https:\/\/globalsystem.com.mx\/catalogo\/wp-json\/wp\/v2\/product_cat?post=5109"},{"taxonomy":"product_tag","embeddable":true,"href":"https:\/\/globalsystem.com.mx\/catalogo\/wp-json\/wp\/v2\/product_tag?post=5109"}],"curies":[{"name":"wp","href":"https:\/\/api.w.org\/{rel}","templated":true}]}}