{"id":5092,"date":"2023-06-26T05:57:40","date_gmt":"2023-06-26T05:57:40","guid":{"rendered":"https:\/\/globalsystem.com.mx\/catalogo\/?post_type=product&#038;p=5092"},"modified":"2026-03-07T11:15:19","modified_gmt":"2026-03-07T11:15:19","slug":"reloj-sellador-de-documentos-marca-targetmax-modelo-nt50","status":"publish","type":"product","link":"https:\/\/globalsystem.com.mx\/catalogo\/reloj-sellador-de-documentos-marca-targetmax-modelo-nt50","title":{"rendered":"Reloj sellador de documentos Marca Targetmax modelo NT50"},"content":{"rendered":"<p><span style=\"font-size: 14pt; font-family: 'times new roman', times, serif;\"><b>\u00a0Reloj checador de asistencia y receptor de documentos con impresi\u00f3n \u00a0de texto personalizado<\/b><\/span><\/p>\n<ul>\n<li><span style=\"font-size: 14pt; color: #000000; font-family: 'times new roman', times, serif;\">Impresi\u00f3n de mensajes personalizables de hasta 5 l\u00edneas<\/span><\/li>\n<li><span style=\"font-size: 14pt; color: #000000; font-family: 'times new roman', times, serif;\">Pantalla t\u00e1ctil a color al frente donde indica: d\u00eda de la semana, fecha, hora y minutos<\/span><\/li>\n<li><span style=\"font-size: 14pt; color: #000000; font-family: 'times new roman', times, serif;\">Ideal para receptor de documentos<\/span><\/li>\n<li><span style=\"font-size: 14pt; color: #000000; font-family: 'times new roman', times, serif;\">Alimentado con fuente de poder conmutada que funciona entre 100 y 240 VCA. 50\/ 60 Hz.<\/span><\/li>\n<li><span style=\"font-size: 14pt; color: #000000; font-family: 'times new roman', times, serif;\">Impresor de matriz de puntos.<\/span><\/li>\n<li><span style=\"font-size: 14pt; color: #000000; font-family: 'times new roman', times, serif;\">Cinta dos colores (negro\/rojo).<\/span><\/li>\n<li><span style=\"font-size: 14pt; color: #000000; font-family: 'times new roman', times, serif;\">Calendario perpetuo.<\/span><\/li>\n<li><span style=\"font-size: 14pt; color: #000000; font-family: 'times new roman', times, serif;\">Imprime: A\u00f1o, mes, fecha, hora y minutos.<\/span><\/li>\n<li><span style=\"font-size: 14pt; color: #000000; font-family: 'times new roman', times, serif;\">Folio de hasta 8 d\u00edgitos con repetici\u00f3n de 2 a 9 veces el mismo n\u00famero<\/span><\/li>\n<li><span style=\"font-size: 14pt; color: #000000; font-family: 'times new roman', times, serif;\">Contrase\u00f1a de 6 d\u00edgitos para proteger los programas y la memoria del reloj.<\/span><\/li>\n<li><span style=\"font-size: 14pt; color: #000000; font-family: 'times new roman', times, serif;\">Horario de verano autom\u00e1tico.<\/span><\/li>\n<li><span style=\"font-size: 14pt; color: #000000; font-family: 'times new roman', times, serif;\">Bater\u00eda recargable. (opcional, no incluida)<\/span><\/li>\n<\/ul>\n<p>&nbsp;<\/p>\n<p><span style=\"font-size: 14pt; color: #000000; font-family: 'times new roman', times, serif;\"><strong>T\u00e9rminos de venta<\/strong><\/span><\/p>\n<p><span style=\"font-size: 14pt; color: #000000; font-family: 'times new roman', times, serif;\"><strong>\u00a0<\/strong><\/span><\/p>\n<ul>\n<li><span style=\"font-size: 14pt; color: #000000; font-family: 'times new roman', times, serif;\">Precios expresados en pesos Mexicanos.<\/span><\/li>\n<li><span style=\"font-size: 14pt; color: #000000; font-family: 'times new roman', times, serif;\"><strong>Precios sujetos a cambio sin previo aviso<\/strong><\/span><\/li>\n<li><span style=\"font-size: 14pt; color: #000000; font-family: 'times new roman', times, serif;\">Pago: Anticipado v\u00eda transferencia \u00f3 dep\u00f3sito bancario.<\/span><\/li>\n<li><span style=\"font-size: 14pt; color: #000000; font-family: 'times new roman', times, serif;\">Tiempo de entrega: Inmediata o dependiendo existencias.<\/span><\/li>\n<li><span style=\"font-size: 14pt; color: #000000; font-family: 'times new roman', times, serif;\">Garant\u00eda de: 1 a\u00f1o por defectos de fabricaci\u00f3n.<\/span><\/li>\n<li><span style=\"font-size: 14pt; color: #000000; font-family: 'times new roman', times, serif;\">No incluye instalaci\u00f3n, canalizaci\u00f3n, ni obra civil, en caso de requerir por favor contacte al depto. de ventas.<\/span><\/li>\n<li><span style=\"font-size: 14pt; color: #000000; font-family: 'times new roman', times, serif;\">Para consultar existencias, precios sobre la transportaci\u00f3n y\/o los vi\u00e1ticos, por favor contacte con nosotros.<\/span><\/li>\n<li><span style=\"font-size: 14pt; color: #000000; font-family: 'times new roman', times, serif;\">Cualquier duda adicional, consulte a su ejecutivo de ventas.<\/span><\/li>\n<\/ul>\n<p>&nbsp;<\/p>\n<p><span style=\"font-size: 14pt; font-family: 'times new roman', times, serif;\"><span style=\"color: #000000;\">Contamos con laboratorio para la reparaci\u00f3n de equipos:<\/span> <strong>DORLET, ZK TECO, WEJOIN, CAME, ROSSLARE, DIGICON, SYSCOM, AMANO, ACROPRINT, SEIKO, LATHEM, TARGETMAX, KINGS POWER, SIASA, DAHUA, SUPREMA, INGERSOLL RAND, SCHLAGE.<\/strong><\/span><\/p>\n","protected":false},"excerpt":{"rendered":"<p>\u00a0Reloj checador de asistencia y receptor de documentos con impresi\u00f3n \u00a0de texto personalizado Impresi\u00f3n de mensajes personalizables de hasta 5 l\u00edneas Pantalla t\u00e1ctil a color al frente donde indica: d\u00eda de la semana, fecha, hora y minutos Ideal para receptor de documentos Alimentado con fuente de poder conmutada que funciona entre 100 y 240 VCA.[&#8230;]<\/p>\n","protected":false},"featured_media":5105,"comment_status":"open","ping_status":"closed","template":"","meta":[],"product_cat":[28,118],"product_tag":[],"class_list":["post-5092","product","type-product","status-publish","has-post-thumbnail","hentry","product_cat-relojes-receptores-de-documentos","product_cat-relojes-checadores-targetmax-y-kings-power","pa_marca-targetmax"],"_links":{"self":[{"href":"https:\/\/globalsystem.com.mx\/catalogo\/wp-json\/wp\/v2\/product\/5092","targetHints":{"allow":["GET"]}}],"collection":[{"href":"https:\/\/globalsystem.com.mx\/catalogo\/wp-json\/wp\/v2\/product"}],"about":[{"href":"https:\/\/globalsystem.com.mx\/catalogo\/wp-json\/wp\/v2\/types\/product"}],"replies":[{"embeddable":true,"href":"https:\/\/globalsystem.com.mx\/catalogo\/wp-json\/wp\/v2\/comments?post=5092"}],"version-history":[{"count":5,"href":"https:\/\/globalsystem.com.mx\/catalogo\/wp-json\/wp\/v2\/product\/5092\/revisions"}],"predecessor-version":[{"id":5107,"href":"https:\/\/globalsystem.com.mx\/catalogo\/wp-json\/wp\/v2\/product\/5092\/revisions\/5107"}],"wp:featuredmedia":[{"embeddable":true,"href":"https:\/\/globalsystem.com.mx\/catalogo\/wp-json\/wp\/v2\/media\/5105"}],"wp:attachment":[{"href":"https:\/\/globalsystem.com.mx\/catalogo\/wp-json\/wp\/v2\/media?parent=5092"}],"wp:term":[{"taxonomy":"product_cat","embeddable":true,"href":"https:\/\/globalsystem.com.mx\/catalogo\/wp-json\/wp\/v2\/product_cat?post=5092"},{"taxonomy":"product_tag","embeddable":true,"href":"https:\/\/globalsystem.com.mx\/catalogo\/wp-json\/wp\/v2\/product_tag?post=5092"}],"curies":[{"name":"wp","href":"https:\/\/api.w.org\/{rel}","templated":true}]}}