{"id":5071,"date":"2023-06-24T01:15:52","date_gmt":"2023-06-24T01:15:52","guid":{"rendered":"https:\/\/globalsystem.com.mx\/catalogo\/?post_type=product&#038;p=5071"},"modified":"2023-06-24T22:20:21","modified_gmt":"2023-06-24T22:20:21","slug":"zkteco-promaqr-control-de-acceso-facial-qr-exterior-ip66-antivandalico-ik07-standalone-30000-rostros-50000-tarjetas-rfid-pantalla-tft-2-0-pulgadas-wiegand-rs-485-aluminio-poe","status":"publish","type":"product","link":"https:\/\/globalsystem.com.mx\/catalogo\/zkteco-promaqr-control-de-acceso-facial-qr-exterior-ip66-antivandalico-ik07-standalone-30000-rostros-50000-tarjetas-rfid-pantalla-tft-2-0-pulgadas-wiegand-rs-485-aluminio-poe","title":{"rendered":"ZKTECO PROMAQR &#8211; CONTROL DE ACCESO FACIAL \/ QR \/ EXTERIOR IP66 \/ ANTIVANDALICO IK07 \/ STANDALONE \/ 30,000 ROSTROS \/ 50,000 TARJETAS RFID \/ PANTALLA TFT 2.0 PULGADAS \/ WIEGAND \/ RS-485 \/ ALUMINIO \/ POE \/ DE -30 \u00b0C A 60"},"content":{"rendered":"<p><span style=\"font-family: 'times new roman', times, serif; font-size: 12pt;\">El dispositivo\u00a0ProMAQR\u00a0es un terminal Multi-Biom\u00e9trica, StandAlone de control de acceso, es ideal para el uso en exterior por su nivel de protecci\u00f3n a prueba de agua y polvo (IP66) y el est\u00e1ndar a prueba de vandalismo (IK07) se considera un equipo de alta gama que est\u00e1 construido con carcasa de aleaci\u00f3n de aluminio ultra robusta.<\/span><\/p>\n<p><span style=\"font-family: 'times new roman', times, serif; font-size: 12pt;\">El\u00a0ProMA\u00a0es compatible con el protocolo de comunicaci\u00f3n PUSH de ZKTeco y se integra completamente con las \u00faltimas tecnolog\u00edas de software, ZKBio CVSecurity.<\/span><\/p>\n<p><span style=\"font-family: 'times new roman', times, serif; font-size: 12pt;\"><strong>Principales Caracter\u00edsticas:<\/strong><\/span><\/p>\n<p><span style=\"font-family: 'times new roman', times, serif; font-size: 12pt;\"><strong>\u00a0<\/strong><\/span><span style=\"font-family: 'times new roman', times, serif; font-size: 12pt;\"><strong>Almacenamiento:<\/strong><\/span><\/p>\n<ul>\n<li><span style=\"font-family: 'times new roman', times, serif; font-size: 12pt;\">30,000\u00a0Rostros (Visible Light)<\/span><\/li>\n<li><span style=\"font-family: 'times new roman', times, serif; font-size: 12pt;\">50,000 Tarjetas (RF-ID<\/span><\/li>\n<li><span style=\"font-family: 'times new roman', times, serif; font-size: 12pt;\">500,000 Eventos<\/span><\/li>\n<\/ul>\n<p><span style=\"font-family: 'times new roman', times, serif; font-size: 12pt;\"><strong>Interfaz de Comunicaci\u00f3n:<\/strong>\u00a0TCP\/IP<\/span><\/p>\n<p><span style=\"font-family: 'times new roman', times, serif; font-size: 12pt;\"><strong>Funci\u00f3n ADMS<\/strong>\u00a0Ready<\/span><\/p>\n<p><span style=\"font-family: 'times new roman', times, serif; font-size: 12pt;\"><strong>Interfaz de Acceso:<\/strong><\/span><\/p>\n<ul>\n<li><span style=\"font-family: 'times new roman', times, serif; font-size: 12pt;\">Relevador para Control de Acceso<\/span><\/li>\n<li><span style=\"font-family: 'times new roman', times, serif; font-size: 12pt;\">Conexi\u00f3n para Bot\u00f3n de Salida<\/span><\/li>\n<li><span style=\"font-family: 'times new roman', times, serif; font-size: 12pt;\">Salida y Entrada Wiegand<\/span><\/li>\n<li><span style=\"font-family: 'times new roman', times, serif; font-size: 12pt;\">Entrada Auxiliar<\/span><\/li>\n<li><span style=\"font-family: 'times new roman', times, serif; font-size: 12pt;\">Salida de Alarma<\/span><\/li>\n<li><span style=\"font-family: 'times new roman', times, serif; font-size: 12pt;\">Conexi\u00f3n para Sensor de Puerta<\/span><\/li>\n<li><span style=\"font-family: 'times new roman', times, serif; font-size: 12pt;\">Conexi\u00f3n RS485 (para Lector Esclavo)<\/span><\/li>\n<li><span style=\"font-family: 'times new roman', times, serif; font-size: 12pt;\"><strong>Software Compatible:<\/strong>ZKBio CVSecurity<\/span><\/li>\n<\/ul>\n<p><span style=\"font-family: 'times new roman', times, serif; font-size: 12pt;\"><strong>\u00a0<\/strong><\/span><span style=\"font-family: 'times new roman', times, serif; font-size: 12pt;\"><strong>\u00a0<\/strong><\/span><\/p>\n<p><span style=\"font-family: 'times new roman', times, serif; font-size: 12pt;\"><strong>Especificaciones T\u00e9cnicas<\/strong><\/span><\/p>\n<p><span style=\"font-family: 'times new roman', times, serif; font-size: 12pt;\"><strong>\u00a0<\/strong><\/span><span style=\"font-family: 'times new roman', times, serif; font-size: 12pt;\"><strong>Pantalla:<\/strong>\u00a02 Pulgadas TFT<\/span><\/p>\n<p><span style=\"font-family: 'times new roman', times, serif; font-size: 12pt;\"><strong>Fuente de Alimentaci\u00f3n:<\/strong>\u00a0DC 12V 1A<\/span><\/p>\n<p><span style=\"font-family: 'times new roman', times, serif; font-size: 12pt;\"><strong>Caracter\u00edsticas Especiales:<\/strong><strong>\u00a0<\/strong>IP68 &amp; IK04<\/span><\/p>\n<p><span style=\"font-family: 'times new roman', times, serif; font-size: 12pt;\"><strong>Temperatura de Operaci\u00f3n:<\/strong>\u00a0-22\u00b0c a 55\u00b0c<\/span><\/p>\n<p><span style=\"font-family: 'times new roman', times, serif; font-size: 12pt;\"><strong>Humedad de Operaci\u00f3n:<\/strong>\u00a0\u2264 93%<\/span><\/p>\n<p><span style=\"font-family: 'times new roman', times, serif; font-size: 12pt;\"><strong>Dimensiones:<\/strong>\u00a068.7 x 194.7 x 28.3 mm<\/span><\/p>\n<p><span style=\"font-family: 'times new roman', times, serif; font-size: 12pt;\"><strong>Algoritmos:<\/strong>\u00a0ZKFinger v10.0<\/span><\/p>\n<p><span style=\"font-family: 'times new roman', times, serif; font-size: 12pt;\"><strong>\u00a0<\/strong><\/span><\/p>\n<p><span style=\"font-family: 'times new roman', times, serif; font-size: 12pt;\"><strong>\u00a0<\/strong><\/span><span style=\"font-family: 'times new roman', times, serif; font-size: 12pt;\"><strong>T\u00e9rminos de venta<\/strong><\/span><\/p>\n<p><span style=\"font-family: 'times new roman', times, serif; font-size: 12pt;\"><strong>\u00a0<\/strong><\/span><\/p>\n<ul>\n<li><span style=\"font-family: 'times new roman', times, serif; font-size: 12pt;\">Precios expresados en pesos Mexicanos.<\/span><\/li>\n<li><span style=\"font-family: 'times new roman', times, serif; font-size: 12pt;\"><strong>Precios sujetos a cambio sin previo aviso<\/strong><\/span><\/li>\n<li><span style=\"font-family: 'times new roman', times, serif; font-size: 12pt;\">Pago: Anticipado v\u00eda transferencia \u00f3 dep\u00f3sito bancario.<\/span><\/li>\n<li><span style=\"font-family: 'times new roman', times, serif; font-size: 12pt;\">Tiempo de entrega: Inmediata o dependiendo existencias.<\/span><\/li>\n<li><span style=\"font-family: 'times new roman', times, serif; font-size: 12pt;\">Garant\u00eda de: 1 a\u00f1o por defectos de fabricaci\u00f3n.<\/span><\/li>\n<li><span style=\"font-family: 'times new roman', times, serif; font-size: 12pt;\">No incluye instalaci\u00f3n, canalizaci\u00f3n, ni obra civil, en caso de requerir por favor contacte al depto. de ventas.<\/span><\/li>\n<li><span style=\"font-family: 'times new roman', times, serif; font-size: 12pt;\">Para consultar existencias, precios sobre la transportaci\u00f3n y\/o los vi\u00e1ticos, por favor contacte con nosotros.<\/span><\/li>\n<li><span style=\"font-family: 'times new roman', times, serif; font-size: 12pt;\">Cualquier duda adicional, consulte a su ejecutivo de ventas.<\/span><\/li>\n<\/ul>\n<p>&nbsp;<\/p>\n<p><span style=\"font-family: 'times new roman', times, serif; font-size: 12pt;\">Contamos con laboratorio para la reparaci\u00f3n de equipos: <strong>DORLET, ZK TECO, WEJOIN, CAME, ROSSLARE, DIGICON, SYSCOM, AMANO, ACROPRINT, SEIKO, LATHEM, TARGETMAX, KINGS POWER, SIASA, DAHUA, SUPREMA, INGERSOLL RAND, SCHLAGE.<\/strong><\/span><\/p>\n","protected":false},"excerpt":{"rendered":"<p>El dispositivo\u00a0ProMAQR\u00a0es un terminal Multi-Biom\u00e9trica, StandAlone de control de acceso, es ideal para el uso en exterior por su nivel de protecci\u00f3n a prueba de agua y polvo (IP66) y el est\u00e1ndar a prueba de vandalismo (IK07) se considera un equipo de alta gama que est\u00e1 construido con carcasa de aleaci\u00f3n de aluminio ultra robusta.[&#8230;]<\/p>\n","protected":false},"featured_media":5085,"comment_status":"open","ping_status":"closed","template":"","meta":[],"product_cat":[110,34,29],"product_tag":[130],"class_list":["post-5071","product","type-product","status-publish","has-post-thumbnail","hentry","product_cat-control-de-acceso","product_cat-control-de-asistencia-biometricos","product_cat-relojes-de-huella-digital-y-reconocimiento-facial","product_tag-promaqr","pa_marca-zkteco"],"_links":{"self":[{"href":"https:\/\/globalsystem.com.mx\/catalogo\/wp-json\/wp\/v2\/product\/5071","targetHints":{"allow":["GET"]}}],"collection":[{"href":"https:\/\/globalsystem.com.mx\/catalogo\/wp-json\/wp\/v2\/product"}],"about":[{"href":"https:\/\/globalsystem.com.mx\/catalogo\/wp-json\/wp\/v2\/types\/product"}],"replies":[{"embeddable":true,"href":"https:\/\/globalsystem.com.mx\/catalogo\/wp-json\/wp\/v2\/comments?post=5071"}],"version-history":[{"count":3,"href":"https:\/\/globalsystem.com.mx\/catalogo\/wp-json\/wp\/v2\/product\/5071\/revisions"}],"predecessor-version":[{"id":5080,"href":"https:\/\/globalsystem.com.mx\/catalogo\/wp-json\/wp\/v2\/product\/5071\/revisions\/5080"}],"wp:featuredmedia":[{"embeddable":true,"href":"https:\/\/globalsystem.com.mx\/catalogo\/wp-json\/wp\/v2\/media\/5085"}],"wp:attachment":[{"href":"https:\/\/globalsystem.com.mx\/catalogo\/wp-json\/wp\/v2\/media?parent=5071"}],"wp:term":[{"taxonomy":"product_cat","embeddable":true,"href":"https:\/\/globalsystem.com.mx\/catalogo\/wp-json\/wp\/v2\/product_cat?post=5071"},{"taxonomy":"product_tag","embeddable":true,"href":"https:\/\/globalsystem.com.mx\/catalogo\/wp-json\/wp\/v2\/product_tag?post=5071"}],"curies":[{"name":"wp","href":"https:\/\/api.w.org\/{rel}","templated":true}]}}