{"id":5037,"date":"2023-06-09T22:29:48","date_gmt":"2023-06-09T22:29:48","guid":{"rendered":"https:\/\/globalsystem.com.mx\/catalogo\/?post_type=product&#038;p=5037"},"modified":"2024-05-02T13:17:12","modified_gmt":"2024-05-02T13:17:12","slug":"zkteco-speedfaceh5-linux","status":"publish","type":"product","link":"https:\/\/globalsystem.com.mx\/catalogo\/zkteco-speedfaceh5-linux","title":{"rendered":"ZKTECO SpeedfaceH5 LINUX &#8211; Control de Acceso y Asistencia Multi-Biom\u00e9trico \/ 6000 Rostros \/ 10000 Tarjetas o C\u00f3digo QR \/ 6000 Huellas \/ 3000 Palmas \/ Pantalla Touch de 5&#8243; \/ 20000 Registros \/ TCP\/IP \/ #MTD"},"content":{"rendered":"<p>Reloj checador para control de acceso o control de asistencia mediante reconocimiento facial, reconocimiento de la palma de la mano, tarjetas de proximidad o codigo QR y huella digital.<\/p>\n<p><strong>Informaci\u00f3n General:<\/strong><\/p>\n<p>SpeedFace V4L es una terminal de control de acceso biom\u00e9trico h\u00edbrido basado en Linux, terminal de tiempo y asistencia con reconocimiento facial visible ligth y Reconocimiento de Palma<br \/>\nLa distancia de reconocimiento se ha incrementado considerablemente hasta 2 metros, lo que mejora significativamente la tasa m\u00e1xima de tr\u00e1fico. Si bien la mayor\u00eda de los algoritmos solo admite +\/- 15 \u00b0 de tolerancia en el \u00e1ngulo de reconocimiento de rostro, SpeedFace-V4L duplica el \u00e1ngulo de detecci\u00f3n en t\u00e9rminos de rotaci\u00f3n e inclinaci\u00f3n a +\/- 30 \u00b0.<br \/>\nEl m\u00e9todo de autenticaci\u00f3n de palma sin contacto con una novedosa t\u00e9cnica de seguimiento de manos permite una tolerancia de \u00e1ngulo de hasta +\/- 60 \u00b0 en el eje y una distancia de reconocimiento de hasta 50 cm.<\/p>\n<p><strong>Principales Caracter\u00edsticas:<\/strong><\/p>\n<p>Reconocimiento facial con tecnolog\u00eda Visible Ligth<br \/>\nAlgoritmo anti-spoofing contra ataque de impresi\u00f3n (l\u00e1ser, color y blanco y negro) ataque de videos y ataque de m\u00e1scara 3D<br \/>\nM\u00faltiples m\u00e9todos de verificaci\u00f3n: Rostro \/ Palma \/ Tarjeta \/ Contrase\u00f1a<br \/>\nM\u00f3dulos de tarjeta disponibles: tarjeta de identificaci\u00f3n de 125 kHz (EM) tarjeta IC de 13,56 MHz (MF)<br \/>\nIluminaci\u00f3n complemantaria con brillo ajustable<br \/>\nCapacidad de 800 plantillas faciales, 800 plantillas de palma<\/p>\n<p><em><strong>Reconocimiento hasta 2m de distancia y verificaci\u00f3n de gran angular<\/strong><\/em><\/p>\n<p>La distancia de reconocimiento se ha incrementado considerablemente hasta 2 metros, lo que mejora significativamente la tasa m\u00e1xima de tr\u00e1fico. Si bien la mayor\u00eda de los algoritmos solo admite +\/- 15 \u00b0 de tolerancia en el \u00e1ngulo de reconocimiento de rostro, SpeedFace-V4L duplica el \u00e1ngulo de detecci\u00f3n en t\u00e9rminos de rotaci\u00f3n e inclinaci\u00f3n a +\/- 30 \u00b0. El m\u00e9todo de autenticaci\u00f3n de palma sin contacto con una novedosa t\u00e9cnica de seguimiento de manos permite una tolerancia de \u00e1ngulo de hasta +\/- 60 \u00b0 en el eje y una distancia de reconocimiento de hasta 50 cm.<\/p>\n<p><strong>Especificaciones T\u00e9cnicas:<\/strong><\/p>\n<p>Monitor 4\u201d Pantalla T\u00e1ctil<br \/>\nCap. de Rostros 800<br \/>\nCap. de Palmas 800<br \/>\nCap. de Tarjetas 1,000<br \/>\nEventos 150,000<br \/>\nSistema Operativo Linux<br \/>\nFunciones Standard Tarjeta de identificaci\u00f3n, ADMS, entrada T9, DST, c\u00e1mara, identificaci\u00f3n de usuario de 9 d\u00edgitos, niveles de acceso, grupos, vacaciones, Anti-passback, consulta de registro, alarma de sabotaje, m\u00faltiples m\u00e9todos de verificaci\u00f3n, Reconocimiento de palma<br \/>\nHardware CPU de doble n\u00facleo a 900 MHz<br \/>\n512 MB de RAM \/ 512 MB de flash<br \/>\nC\u00e1mara binocular de 2MP<br \/>\nIluminaci\u00f3n suplementaria LED ajustable<br \/>\nComunicaci\u00f3n TCP \/ IP, host USB, entrada \/ salida Wiegand, RS485<br \/>\nInterfaz de Control de Acceso Cerradura el\u00e9ctrica de 3ros, sensor de puerta, bot\u00f3n de salida, salida de alarma, entrada auxiliar<br \/>\nFunciones Opcionales Tarjeta IC de 13,56 MHz (MF)<br \/>\nVelocidad de Reconocimiento Facial \u22641s<br \/>\nAlgoritmo Biom\u00e9trico ZKFace V5.8 &amp; ZKPalm V12.0<br \/>\nFuente de Alimentaci\u00f3n 12V 3A<br \/>\nHumedad de Trabajo 10% ~ 90%<br \/>\nTemperatura de Trabajo 0\u00b0C ~ 45\u00b0C (32\u00b0F ~ 113\u00b0F)<br \/>\nDimensiones 72.94 * 157.94 * 23 (mm)<br \/>\nPeso Neto 260g<br \/>\nPeso Bruto 850g<br \/>\nSoftware compatible: ZKBioAccess IVS, Biosecurity, Biotime Pro<\/p>\n<p>Nota: Este equipo no cuenta con m\u00f3dulo wi-fi<\/p>\n<p><strong><span style=\"color: #ff0000;\">NOTA: Se requiere un nodo de red y contacto de energ\u00eda el\u00e9ctrica a un metro de distancia de donde quedara instalado el reloj checador.<\/span><\/strong><\/p>\n<p><strong>TERMINOS DE VENTA:<\/strong><\/p>\n<p>Precios expresados en pesos mexicanos.<br \/>\nPrecios sujetos a cambio sin previo aviso.<br \/>\nPago: Anticipado v\u00eda transferencia o dep\u00f3sito bancario.<br \/>\nTiempo de entrega: Inmediata o dependiendo existencias.<br \/>\nGarant\u00eda de: 1 a\u00f1o (y\/o hasta 3) dependiendo del fabricante, por defectos de fabricaci\u00f3n.<br \/>\nNo incluye instalaci\u00f3n, canalizaci\u00f3n, ni obra civil, en caso de requerir por favor contacte al depto. de ventas.<br \/>\nPara consultar existencias, precios sobre la transportaci\u00f3n y\/o los vi\u00e1ticos, por favor contacte con nosotros.<br \/>\nCualquier duda adicional, consulte a su ejecutivo de ventas.<br \/>\nContamos con laboratorio para la reparaci\u00f3n de equipos:Access Pro, HID, INDALA, DORLET, ZK TECO, WEJOIN, CAME, ROSSLARE, DIGICON, SYSCOM, AMANO, ACROPRINT, SEIKO, LATHEM, TARGETMAX, KINGS POWER, SIASA, DAHUA, SUPREMA, INGERSOLL RAND, SCHLAGE.<\/p>\n","protected":false},"excerpt":{"rendered":"<p>Reloj checador para control de acceso o control de asistencia mediante reconocimiento facial, reconocimiento de la palma de la mano, tarjetas de proximidad o codigo QR y huella digital. Informaci\u00f3n General: SpeedFace V4L es una terminal de control de acceso biom\u00e9trico h\u00edbrido basado en Linux, terminal de tiempo y asistencia con reconocimiento facial visible ligth[&#8230;]<\/p>\n","protected":false},"featured_media":5047,"comment_status":"open","ping_status":"closed","template":"","meta":[],"product_cat":[34,33,120,29],"product_tag":[],"class_list":["post-5037","product","type-product","status-publish","has-post-thumbnail","hentry","product_cat-control-de-asistencia-biometricos","product_cat-control-de-asistencia-por-huella-digital","product_cat-relojes-de-huella-digital","product_cat-relojes-de-huella-digital-y-reconocimiento-facial"],"_links":{"self":[{"href":"https:\/\/globalsystem.com.mx\/catalogo\/wp-json\/wp\/v2\/product\/5037","targetHints":{"allow":["GET"]}}],"collection":[{"href":"https:\/\/globalsystem.com.mx\/catalogo\/wp-json\/wp\/v2\/product"}],"about":[{"href":"https:\/\/globalsystem.com.mx\/catalogo\/wp-json\/wp\/v2\/types\/product"}],"replies":[{"embeddable":true,"href":"https:\/\/globalsystem.com.mx\/catalogo\/wp-json\/wp\/v2\/comments?post=5037"}],"version-history":[{"count":4,"href":"https:\/\/globalsystem.com.mx\/catalogo\/wp-json\/wp\/v2\/product\/5037\/revisions"}],"predecessor-version":[{"id":5048,"href":"https:\/\/globalsystem.com.mx\/catalogo\/wp-json\/wp\/v2\/product\/5037\/revisions\/5048"}],"wp:featuredmedia":[{"embeddable":true,"href":"https:\/\/globalsystem.com.mx\/catalogo\/wp-json\/wp\/v2\/media\/5047"}],"wp:attachment":[{"href":"https:\/\/globalsystem.com.mx\/catalogo\/wp-json\/wp\/v2\/media?parent=5037"}],"wp:term":[{"taxonomy":"product_cat","embeddable":true,"href":"https:\/\/globalsystem.com.mx\/catalogo\/wp-json\/wp\/v2\/product_cat?post=5037"},{"taxonomy":"product_tag","embeddable":true,"href":"https:\/\/globalsystem.com.mx\/catalogo\/wp-json\/wp\/v2\/product_tag?post=5037"}],"curies":[{"name":"wp","href":"https:\/\/api.w.org\/{rel}","templated":true}]}}