{"id":5015,"date":"2023-05-02T22:15:39","date_gmt":"2023-05-02T22:15:39","guid":{"rendered":"https:\/\/globalsystem.com.mx\/catalogo\/?post_type=product&#038;p=5015"},"modified":"2026-02-11T07:31:05","modified_gmt":"2026-02-11T07:31:05","slug":"ares-qr-g-para-telefonos-celulares-control-y-verificacion-de-rondas-paquete-de-software-y-apps","status":"publish","type":"product","link":"https:\/\/globalsystem.com.mx\/catalogo\/ares-qr-g-para-telefonos-celulares-control-y-verificacion-de-rondas-paquete-de-software-y-apps","title":{"rendered":"Ares QR-G Para tel\u00e9fonos celulares &#8211; Control y Verificaci\u00f3n de Rondas Paquete de Software y Apps"},"content":{"rendered":"<p><strong>Beneficios Administrativos y Operacionales<\/strong><\/p>\n<p><a href=\"https:\/\/globalsystem.com.mx\/catalogo\/wp-content\/uploads\/2023\/05\/centor-a11.jpg\"><img loading=\"lazy\" decoding=\"async\" class=\" lazyload aligncenter wp-image-5030 size-full\" src=\"data:image\/svg+xml,%20%3Csvg%20viewBox%3D%220%200%20300%20522%22%20xmlns%3D%22http%3A%2F%2Fwww.w3.org%2F2000%2Fsvg%22%3E%3C%2Fsvg%3E\" data-src=\"https:\/\/globalsystem.com.mx\/catalogo\/wp-content\/uploads\/2023\/05\/centor-a11.jpg\" alt=\"\" width=\"300\" height=\"522\" srcset=\"\" data-srcset=\"https:\/\/globalsystem.com.mx\/catalogo\/wp-content\/uploads\/2023\/05\/centor-a11.jpg 300w, https:\/\/globalsystem.com.mx\/catalogo\/wp-content\/uploads\/2023\/05\/centor-a11-172x300.jpg 172w, https:\/\/globalsystem.com.mx\/catalogo\/wp-content\/uploads\/2023\/05\/centor-a11-86x150.jpg 86w, https:\/\/globalsystem.com.mx\/catalogo\/wp-content\/uploads\/2023\/05\/centor-a11-40x70.jpg 40w\" sizes=\"auto, (max-width: 300px) 100vw, 300px\" \/><\/a><\/p>\n<ul>\n<li>Opera en tel\u00e9fonos Android. No requiere de tel\u00e9fonos costosos.<\/li>\n<li>Instalaci\u00f3n en menos de 10 minutos.<\/li>\n<li>Reduce los costos de supervisi\u00f3n, transmite los reportes de rondas al supervisor y a la oficina central, desde lugares remotos en segundos.<\/li>\n<li>Puntos de Control de Ronda por c\u00f3digo QR, GEO verificados por GPS.<\/li>\n<li>Permite reportar incidentes v\u00eda mensajes y fotograf\u00edas.<\/li>\n<li>Bot\u00f3n de Alerta para emergencias, env\u00eda mensaje SMS e inicia llamada.<\/li>\n<li>Alerta a la oficina central de no movimiento del guardia y detecta ca\u00eddas.<\/li>\n<li>Los Reportes contienen: Nombre \u00fanico de cada Punto de Control, Coordenadas GPS, Nombre Guardia, Nombre de la Ronda, Nombre del Sitio, ID del tel\u00e9fono, Fecha &amp; Hora, Mensajes y Evaluaci\u00f3n de Ronda.<\/li>\n<li>Aut\u00f3nomo. Si falla la se\u00f1al de internet, contin\u00faa operando sin dificultad.<\/li>\n<li><a href=\"https:\/\/globalsystem.com.mx\/catalogo\/wp-content\/uploads\/2023\/05\/tabla-centor.jpg\"><img loading=\"lazy\" decoding=\"async\" class=\" lazyload aligncenter wp-image-5016\" src=\"data:image\/svg+xml,%20%3Csvg%20viewBox%3D%220%200%20700%20396%22%20xmlns%3D%22http%3A%2F%2Fwww.w3.org%2F2000%2Fsvg%22%3E%3C%2Fsvg%3E\" data-src=\"https:\/\/globalsystem.com.mx\/catalogo\/wp-content\/uploads\/2023\/05\/tabla-centor-1024x580.jpg\" alt=\"\" width=\"700\" height=\"396\" srcset=\"\" data-srcset=\"https:\/\/globalsystem.com.mx\/catalogo\/wp-content\/uploads\/2023\/05\/tabla-centor-1024x580.jpg 1024w, https:\/\/globalsystem.com.mx\/catalogo\/wp-content\/uploads\/2023\/05\/tabla-centor-300x170.jpg 300w, https:\/\/globalsystem.com.mx\/catalogo\/wp-content\/uploads\/2023\/05\/tabla-centor-768x435.jpg 768w, https:\/\/globalsystem.com.mx\/catalogo\/wp-content\/uploads\/2023\/05\/tabla-centor-150x85.jpg 150w, https:\/\/globalsystem.com.mx\/catalogo\/wp-content\/uploads\/2023\/05\/tabla-centor-124x70.jpg 124w, https:\/\/globalsystem.com.mx\/catalogo\/wp-content\/uploads\/2023\/05\/tabla-centor-550x311.jpg 550w, https:\/\/globalsystem.com.mx\/catalogo\/wp-content\/uploads\/2023\/05\/tabla-centor.jpg 1196w\" sizes=\"auto, (max-width: 700px) 100vw, 700px\" \/><\/a><\/li>\n<\/ul>\n<p style=\"text-align: center;\"><a href=\"https:\/\/globalsystem.com.mx\/catalogo\/wp-content\/uploads\/2023\/05\/centor-ares-2023.pdf\" target=\"_blank\" rel=\"noopener\"><span style=\"color: #ff0000; font-size: 14pt;\"><strong>DESCARGAR PRESENTACION DE PRODUCTO<\/strong><\/span><\/a><\/p>\n","protected":false},"excerpt":{"rendered":"<p>Beneficios Administrativos y Operacionales Opera en tel\u00e9fonos Android. No requiere de tel\u00e9fonos costosos. Instalaci\u00f3n en menos de 10 minutos. Reduce los costos de supervisi\u00f3n, transmite los reportes de rondas al supervisor y a la oficina central, desde lugares remotos en segundos. Puntos de Control de Ronda por c\u00f3digo QR, GEO verificados por GPS. Permite reportar[&#8230;]<\/p>\n","protected":false},"featured_media":5019,"comment_status":"open","ping_status":"closed","template":"","meta":[],"product_cat":[32,27],"product_tag":[],"class_list":["post-5015","product","type-product","status-publish","has-post-thumbnail","hentry","product_cat-control-de-rondas-o-rondines-de-vigilancia","product_cat-software"],"_links":{"self":[{"href":"https:\/\/globalsystem.com.mx\/catalogo\/wp-json\/wp\/v2\/product\/5015","targetHints":{"allow":["GET"]}}],"collection":[{"href":"https:\/\/globalsystem.com.mx\/catalogo\/wp-json\/wp\/v2\/product"}],"about":[{"href":"https:\/\/globalsystem.com.mx\/catalogo\/wp-json\/wp\/v2\/types\/product"}],"replies":[{"embeddable":true,"href":"https:\/\/globalsystem.com.mx\/catalogo\/wp-json\/wp\/v2\/comments?post=5015"}],"version-history":[{"count":7,"href":"https:\/\/globalsystem.com.mx\/catalogo\/wp-json\/wp\/v2\/product\/5015\/revisions"}],"predecessor-version":[{"id":5021,"href":"https:\/\/globalsystem.com.mx\/catalogo\/wp-json\/wp\/v2\/product\/5015\/revisions\/5021"}],"wp:featuredmedia":[{"embeddable":true,"href":"https:\/\/globalsystem.com.mx\/catalogo\/wp-json\/wp\/v2\/media\/5019"}],"wp:attachment":[{"href":"https:\/\/globalsystem.com.mx\/catalogo\/wp-json\/wp\/v2\/media?parent=5015"}],"wp:term":[{"taxonomy":"product_cat","embeddable":true,"href":"https:\/\/globalsystem.com.mx\/catalogo\/wp-json\/wp\/v2\/product_cat?post=5015"},{"taxonomy":"product_tag","embeddable":true,"href":"https:\/\/globalsystem.com.mx\/catalogo\/wp-json\/wp\/v2\/product_tag?post=5015"}],"curies":[{"name":"wp","href":"https:\/\/api.w.org\/{rel}","templated":true}]}}