{"id":3791,"date":"2022-06-03T22:08:44","date_gmt":"2022-06-03T22:08:44","guid":{"rendered":"https:\/\/webs360apps.com\/ismafinal\/product\/pix-75-reloj-checador-de-asistencia\/"},"modified":"2022-11-14T19:07:05","modified_gmt":"2022-11-14T19:07:05","slug":"pix-75-reloj-checador-de-asistencia","status":"publish","type":"product","link":"https:\/\/globalsystem.com.mx\/catalogo\/pix-75-reloj-checador-de-asistencia","title":{"rendered":"PIX 75 RELOJ CHECADOR DE ASISTENCIA"},"content":{"rendered":"<p><span style=\"font-size: 12pt; font-family: 'Times New Roman', serif;\"> <span style=\"border: 1pt none windowtext; padding: 0cm;\">El PIX75 es un reloj checador de asistencia todo en uno, para cualquier tipo de oficina, con funciones de valor agregado que satisfacen el uso diario de las compa\u00f1\u00edas. Ideal para instituciones financieras, gubernamentales y peque\u00f1as empresas.<\/span><\/span><\/p>\n<p><strong><span style=\"font-size: 12pt; font-family: 'Times New Roman', serif; border: 1pt none windowtext; padding: 0cm;\">CARACTER\u00cdSTICAS:<\/span><\/strong><\/p>\n<ul>\n<li><span style=\"font-size: 12pt; font-family: 'Times New Roman', serif;\">Estilos de impresi\u00f3n programables, militares 24 hrs o regulares 12 hrs.<\/span><\/li>\n<li><span style=\"font-size: 12pt; font-family: 'Times New Roman', serif;\">Impresi\u00f3n en minutos, cent\u00e9simas y d\u00e9cimas.<\/span><\/li>\n<li><span style=\"font-size: 12pt; font-family: 'Times New Roman', serif;\">Avances de a\u00f1o, mes y fecha autom\u00e1ticamente.<\/span><\/li>\n<li><span style=\"font-size: 12pt; font-family: 'Times New Roman', serif;\">13 mensajes preestablecidos (recibidos, fax, enviados, archivos, usados, etc.)<\/span><\/li>\n<li><span style=\"font-size: 12pt; font-family: 'Times New Roman', serif;\">\u00c1rea de impresi\u00f3n iluminada<\/span><\/li>\n<li><span style=\"font-size: 12pt; font-family: 'Times New Roman', serif;\">Direcci\u00f3n de impresi\u00f3n configurable para impresi\u00f3n a la izquierda o a la derecha<\/span><\/li>\n<li><span style=\"font-size: 12pt; font-family: 'Times New Roman', serif;\">Imprime m\u00faltiples idiomas y mensajes pre-configurados.<\/span><\/li>\n<li><span style=\"font-size: 12pt; font-family: 'Times New Roman', serif;\">Impresi\u00f3n autom\u00e1tica o manual.<\/span><\/li>\n<li><span style=\"font-size: 12pt; font-family: 'Times New Roman', serif;\">Impresi\u00f3n clara en papel o en tarjetas de cart\u00f3n.<\/span><\/li>\n<li><span style=\"font-size: 12pt; font-family: 'Times New Roman', serif;\">Retiene la memoria interna<\/span><\/li>\n<li><span style=\"font-size: 12pt; font-family: 'Times New Roman', serif;\">Garant\u00eda de un a\u00f1o<\/span><\/li>\n<\/ul>\n<p><strong><span style=\"font-size: 12pt; font-family: 'Times New Roman', serif; border: 1pt none windowtext; padding: 0cm;\">ESPECIFICACIONES:<\/span><\/strong><\/p>\n<ul>\n<li><span style=\"font-size: 12pt; font-family: 'Times New Roman', serif;\">Fuente de alimentaci\u00f3n \u2013 CA 120V (+\/-) 10%, 60Hz<\/span><\/li>\n<li><span style=\"font-size: 12pt; font-family: 'Times New Roman', serif;\">Consumo de energ\u00eda \u2013 Normal 3W, Max. 6W<\/span><\/li>\n<li><span style=\"font-size: 12pt; font-family: 'Times New Roman', serif;\">Temperatura ambiente \u2013 14 \u00b0 F \u2013 113 \u00b0 F (-10 \u00b0 C \u2013 45 \u00b0 C)<\/span><\/li>\n<li><span style=\"font-size: 12pt; font-family: 'Times New Roman', serif;\">Temperatura de humedad \u2013 10% \u2013 90% (sin condensaci\u00f3n)<\/span><\/li>\n<li><span style=\"font-size: 12pt; font-family: 'Times New Roman', serif;\">Dimensiones -6 7\/16 \u201dAlt. X 6 11\/16\u201d An. X 6 10\/18 \u201dP 163 mm x 170 mm x 168 mm)<\/span><\/li>\n<li><span style=\"font-size: 12pt; font-family: 'Times New Roman', serif;\">Peso \u2013 3.6 lbs. (1.63kg)<\/span><\/li>\n<\/ul>\n<p><span style=\"font-family: 'times new roman', times;\"><strong><span style=\"font-size: 12pt;\">T\u00e9rminos de venta:<\/span><\/strong><\/span><\/p>\n<p>&nbsp;<\/p>\n<p><span style=\"font-family: 'times new roman', times;\"><strong><span style=\"font-size: 12pt; font-weight: normal;\">Precios expresados en pesos mexicanos.<\/span><\/strong><\/span><\/p>\n<p><span style=\"font-family: 'times new roman', times;\"><strong><span style=\"font-size: 12pt; font-weight: normal;\">Precios sujetos a cambio sin previo aviso.<\/span><\/strong><\/span><\/p>\n<p><span style=\"font-family: 'times new roman', times;\"><strong><span style=\"font-size: 12pt; font-weight: normal;\">Pago: Anticipado v\u00eda transferencia o dep\u00f3sito bancario.<\/span><\/strong><\/span><\/p>\n<p><span style=\"font-family: 'times new roman', times;\"><strong><span style=\"font-size: 12pt; font-weight: normal;\">Tiempo de entrega: Inmediata o dependiendo existencias.<\/span><\/strong><\/span><\/p>\n<p><span style=\"font-family: 'times new roman', times;\"><strong><span style=\"font-size: 12pt; font-weight: normal;\">Garant\u00eda de: 1 a\u00f1o (y\/o hasta 3) dependiendo del fabricante, por defectos de fabricaci\u00f3n.<\/span><\/strong><\/span><\/p>\n<p><span style=\"font-family: 'times new roman', times;\"><strong><span style=\"font-size: 12pt; font-weight: normal;\">No incluye instalaci\u00f3n, canalizaci\u00f3n, ni obra civil, en caso de requerir por favor contacte al depto. de ventas.<\/span><\/strong><\/span><\/p>\n<p><span style=\"font-family: 'times new roman', times;\"><strong><span style=\"font-size: 12pt; font-weight: normal;\">Para consultar existencias, precios sobre la transportaci\u00f3n y\/o los vi\u00e1ticos, por favor contacte con nosotros.<\/span><\/strong><\/span><\/p>\n<p><span style=\"font-family: 'times new roman', times;\"><strong><span style=\"font-size: 12pt; font-weight: normal;\">Cualquier duda adicional, consulte a su ejecutivo de ventas.<\/span><\/strong><\/span><\/p>\n<p><span style=\"font-family: 'times new roman', times;\"><strong><span style=\"font-size: 12pt; font-weight: normal;\">Contamos con laboratorio para la reparaci\u00f3n y mantenimiento de equipos: Access Pro, HID, INDALA, DORLET, ZK TECO, WEJOIN, CAME, ROSSLARE, DIGICON, SYSCOM, AMANO, ACROPRINT, SEIKO, LATHEM, TARGETMAX, DATACARD, KINGS POWER, SIASA, DAHUA, SUPREMA, INGERSOLL RAND, SCHLAGE.<\/span><\/strong><\/span><\/p>\n","protected":false},"excerpt":{"rendered":"<p>El PIX75 es un reloj checador de asistencia todo en uno, para cualquier tipo de oficina, con funciones de valor agregado que satisfacen el uso diario de las compa\u00f1\u00edas. Ideal para instituciones financieras, gubernamentales y peque\u00f1as empresas. CARACTER\u00cdSTICAS: Estilos de impresi\u00f3n programables, militares 24 hrs o regulares 12 hrs. Impresi\u00f3n en minutos, cent\u00e9simas y d\u00e9cimas.[&#8230;]<\/p>\n","protected":false},"featured_media":3832,"comment_status":"closed","ping_status":"closed","template":"","meta":[],"product_cat":[30,116],"product_tag":[],"class_list":["post-3791","product","type-product","status-publish","has-post-thumbnail","hentry","product_cat-relojes-checadores","product_cat-relojes-checadores-amano","pa_marca-amano"],"_links":{"self":[{"href":"https:\/\/globalsystem.com.mx\/catalogo\/wp-json\/wp\/v2\/product\/3791","targetHints":{"allow":["GET"]}}],"collection":[{"href":"https:\/\/globalsystem.com.mx\/catalogo\/wp-json\/wp\/v2\/product"}],"about":[{"href":"https:\/\/globalsystem.com.mx\/catalogo\/wp-json\/wp\/v2\/types\/product"}],"replies":[{"embeddable":true,"href":"https:\/\/globalsystem.com.mx\/catalogo\/wp-json\/wp\/v2\/comments?post=3791"}],"version-history":[{"count":4,"href":"https:\/\/globalsystem.com.mx\/catalogo\/wp-json\/wp\/v2\/product\/3791\/revisions"}],"predecessor-version":[{"id":4998,"href":"https:\/\/globalsystem.com.mx\/catalogo\/wp-json\/wp\/v2\/product\/3791\/revisions\/4998"}],"wp:featuredmedia":[{"embeddable":true,"href":"https:\/\/globalsystem.com.mx\/catalogo\/wp-json\/wp\/v2\/media\/3832"}],"wp:attachment":[{"href":"https:\/\/globalsystem.com.mx\/catalogo\/wp-json\/wp\/v2\/media?parent=3791"}],"wp:term":[{"taxonomy":"product_cat","embeddable":true,"href":"https:\/\/globalsystem.com.mx\/catalogo\/wp-json\/wp\/v2\/product_cat?post=3791"},{"taxonomy":"product_tag","embeddable":true,"href":"https:\/\/globalsystem.com.mx\/catalogo\/wp-json\/wp\/v2\/product_tag?post=3791"}],"curies":[{"name":"wp","href":"https:\/\/api.w.org\/{rel}","templated":true}]}}