{"id":3781,"date":"2022-06-03T22:08:44","date_gmt":"2022-06-03T22:08:44","guid":{"rendered":"https:\/\/webs360apps.com\/ismafinal\/product\/zkteco-vr10-radar-de-deteccion-de-barrera-vehicular-rango-de-deteccion-0-6m-rs485-ip67-dc-12v-dispositivo-de-seguridad-para-el-cierre-de-la-pluma\/"},"modified":"2022-06-08T21:32:19","modified_gmt":"2022-06-08T21:32:19","slug":"zkteco-vr10-radar-de-deteccion-de-barrera-vehicular-rango-de-deteccion-0-6m-rs485-ip67-dc-12v-dispositivo-de-seguridad-para-el-cierre-de-la-pluma","status":"publish","type":"product","link":"https:\/\/globalsystem.com.mx\/catalogo\/zkteco-vr10-radar-de-deteccion-de-barrera-vehicular-rango-de-deteccion-0-6m-rs485-ip67-dc-12v-dispositivo-de-seguridad-para-el-cierre-de-la-pluma","title":{"rendered":"ZKTECO VR10- RADAR DE DETECCI\u00d3N DE BARRERA VEHICULAR \/ RANGO DE DETECCI\u00d3N 0-6M \/ RS485 \/ IP67 \/ DC 12V DISPOSITIVO DE SEGURIDAD PARA EL CIERRE DE LA PLUMA."},"content":{"rendered":"<p style=\"text-align: center;\"><span style=\"font-family: times new roman, times;\"><strong><span style=\"font-size: 14pt; font-family: 'Times New Roman', serif;\">Informaci\u00f3n General<\/span><\/strong><\/span><\/p>\n<p><span style=\"font-family: times new roman, times;\"><strong><span style=\"font-size: 14pt;\">Sensor detector de obst\u00e1culos que funciona como dispositivo de seguridad para el cierre del brazo o pluma de la barrera, y con ello evita golpear a las personas, bicicletas, motocicletas, y veh\u00edculos. <\/span><\/strong><\/span><\/p>\n<p><span style=\"font-family: times new roman, times;\"><strong><span style=\"font-size: 14pt;\">La pluma cerrara despu\u00e9s de que el veh\u00edculo haya cruzado el \u00e1rea de detecci\u00f3n.<\/span><\/strong><\/span><\/p>\n<p>&nbsp;<\/p>\n<p><span style=\"font-family: times new roman, times;\"><strong><span style=\"font-size: 14pt;\">Descripci\u00f3n<\/span><\/strong><\/span><\/p>\n<p>&nbsp;<\/p>\n<p><span style=\"font-size: 14pt; font-family: 'Times New Roman', serif;\">El radar de detecci\u00f3n de barrera\u00a0<strong><span style=\"font-weight: normal;\">VR10<\/span><\/strong>\u00a0est\u00e1 desarrollado para satisfacer las necesidades de gesti\u00f3n de entrada y salida de estacionamientos. Con algoritmos precisos, puede detectar e identificar a los peatones y varios veh\u00edculos (motocicletas, autom\u00f3viles, camiones). Mediante el enlace con el tablero principal de la barrera, puede lograr funciones anti-impacto y de cierre autom\u00e1tico que podr\u00edan proteger bien a los veh\u00edculos y a las personas. En comparaci\u00f3n con el detector de bucle, tambi\u00e9n tiene una instalaci\u00f3n y puesta en servicio m\u00e1s f\u00e1ciles.<\/span><\/p>\n<p><span style=\"font-family: times new roman, times;\"><strong><span style=\"font-size: 14pt;\">Caracter\u00edsticas<\/span><\/strong><\/span><\/p>\n<ul>\n<li><span style=\"font-size: 14pt; font-family: 'Times New Roman', serif;\">Ayuda a detectar veh\u00edculos y personas al mismo tiempo.<\/span><\/li>\n<li><span style=\"font-size: 14pt; font-family: 'Times New Roman', serif;\">Un solo dispositivo permite la detecci\u00f3n segura de personas y veh\u00edculos.<\/span><\/li>\n<li><span style=\"font-size: 14pt; font-family: 'Times New Roman', serif;\">F\u00e1cil instalaci\u00f3n y depuraci\u00f3n, ahorrando mano de obra y costos de material.<\/span><\/li>\n<li><span style=\"font-size: 14pt; font-family: 'Times New Roman', serif;\">Rendimiento estable, el trabajo del radar no se ve afectado por el entorno externo, como la luz, el polvo, la lluvia y la nieve.<\/span><\/li>\n<li><span style=\"font-size: 14pt; font-family: 'Times New Roman', serif;\">La distancia de detecci\u00f3n se puede ajustar en el rango de 0-6 m.<\/span><\/li>\n<li><span style=\"font-size: 14pt; font-family: 'Times New Roman', serif;\">F\u00e1cil de configurar mediante una aplicaci\u00f3n para PC. <\/span><\/li>\n<li><span style=\"font-size: 14pt; font-family: 'Times New Roman', serif;\">El VR10 viene equipado con un puerto de comunicaciones RS485.\u00a0<\/span><\/li>\n<\/ul>\n<p>&nbsp;<\/p>\n<p><span style=\"font-family: times new roman, times;\"><strong><span style=\"font-size: 14pt; font-family: 'Times New Roman', serif;\">Especificaciones<\/span><\/strong><\/span><\/p>\n<ul>\n<li><span style=\"font-family: times new roman, times;\"><strong><span style=\"font-size: 14pt; font-weight: normal;\">Modelo:\u00a0<\/span><\/strong><span style=\"font-size: 14pt; font-family: 'Times New Roman', serif;\">VR10<\/span><\/span><\/li>\n<li><span style=\"font-family: times new roman, times;\"><strong><span style=\"font-size: 14pt; font-weight: normal;\">Distancia de detecci\u00f3n:\u00a0<\/span><\/strong><span style=\"font-size: 14pt; font-family: 'Times New Roman', serif;\">0-6 mts<\/span><\/span><\/li>\n<li><span style=\"font-family: times new roman, times;\"><strong><span style=\"font-size: 14pt; font-weight: normal;\">Frecuencia de trabajo:\u00a0<\/span><\/strong><span style=\"font-size: 14pt; font-family: 'Times New Roman', serif;\">79 GHz<\/span><\/span><\/li>\n<li><span style=\"font-family: times new roman, times;\"><strong><span style=\"font-size: 14pt; font-weight: normal;\">Voltaje de trabajo (V):\u00a0<\/span><\/strong><span style=\"font-size: 14pt; font-family: 'Times New Roman', serif;\">DC 10-16V<\/span><\/span><\/li>\n<li><span style=\"font-family: times new roman, times;\"><strong><span style=\"font-size: 14pt; font-weight: normal;\">Corriente de trabajo:\u00a0<\/span><\/strong><\/span><\/li>\n<li><span style=\"font-family: times new roman, times;\"><strong><span style=\"font-size: 14pt; font-weight: normal;\">Temperatura de trabajo (\u00b0 C):\u00a0<\/span><\/strong><span style=\"font-size: 14pt; font-family: 'Times New Roman', serif;\">-40\u00b0C~85\u00b0C<\/span><\/span><\/li>\n<li><span style=\"font-family: times new roman, times;\"><strong><span style=\"font-size: 14pt; font-weight: normal;\">Consumo de energ\u00eda (W):\u00a0<\/span><\/strong><span style=\"font-size: 14pt; font-family: 'Times New Roman', serif;\">&lt; 2.5<\/span><\/span><\/li>\n<li><span style=\"font-family: times new roman, times;\"><strong><span style=\"font-size: 14pt; font-weight: normal;\">Indice de Protecci\u00f3n:\u00a0<\/span><\/strong><span style=\"font-size: 14pt; font-family: 'Times New Roman', serif;\">IP67<\/span><\/span><\/li>\n<li><span style=\"font-family: times new roman, times;\"><strong><span style=\"font-size: 14pt; font-weight: normal;\">Interfaz:\u00a0<\/span><\/strong><\/span><\/li>\n<li><span style=\"font-family: times new roman, times;\"><strong><span style=\"font-size: 14pt; font-weight: normal;\">Tama\u00f1o de la carcasa (mm):\u00a0<\/span><\/strong><\/span><\/li>\n<li><span style=\"font-family: times new roman, times;\"><strong><span style=\"font-size: 14pt; font-weight: normal;\">Dimensiones del paquete (mm):\u00a0<\/span><\/strong><span style=\"font-size: 14pt; font-family: 'Times New Roman', serif;\">166 x 94 x 97<\/span><\/span><\/li>\n<li><span style=\"font-family: times new roman, times;\"><strong><span style=\"font-size: 14pt; font-weight: normal;\">Peso neto:\u00a0<\/span><\/strong><\/span><\/li>\n<\/ul>\n<p>&nbsp;<\/p>\n<p><span style=\"font-family: times new roman, times;\"><strong><span style=\"font-size: 14pt; font-family: 'Times New Roman', serif;\">TERMINOS DE VENTA:<\/span><\/strong><\/span><\/p>\n<p><span style=\"font-size: 14pt; font-family: 'Times New Roman', serif;\">Precios expresados en pesos mexicanos.<\/span><\/p>\n<p><span style=\"font-size: 14pt; font-family: 'Times New Roman', serif;\">Precios sujetos a cambio sin previo aviso<\/span><\/p>\n<p><span style=\"font-size: 14pt; font-family: 'Times New Roman', serif;\">Pago: Anticipado v\u00eda transferencia o dep\u00f3sito bancario.<\/span><\/p>\n<p><span style=\"font-size: 14pt; font-family: 'Times New Roman', serif;\">Tiempo de entrega: Inmediata o dependiendo existencias.<\/span><\/p>\n<p><span style=\"font-size: 14pt; font-family: 'Times New Roman', serif;\">Garant\u00eda de: 1 a\u00f1o (y\/o hasta 3) dependiendo del fabricante, por defectos de fabricaci\u00f3n.<\/span><\/p>\n<p><span style=\"font-size: 14pt; font-family: 'Times New Roman', serif;\">No incluye instalaci\u00f3n, canalizaci\u00f3n, ni obra civil, en caso de requerir por favor contacte al depto. de ventas.<\/span><\/p>\n<p><span style=\"font-size: 14pt; font-family: 'Times New Roman', serif;\">Para consultar existencias, precios sobre la transportaci\u00f3n y\/o los vi\u00e1ticos, por favor contacte con nosotros.<\/span><\/p>\n<p><span style=\"font-size: 14pt; font-family: 'Times New Roman', serif;\">Cualquier duda adicional, consulte a su ejecutivo de ventas.<\/span><\/p>\n<p><span style=\"font-size: 14pt; font-family: 'Times New Roman', serif;\">Contamos con laboratorio para la reparaci\u00f3n de equipos: Access Pro, HID, INDALA, DORLET, ZK TECO, WEJOIN, CAME, ROSSLARE, DIGICON, SYSCOM, AMANO, ACROPRINT, SEIKO, LATHEM, TARGETMAX, KINGS POWER, SIASA, DAHUA, SUPREMA, INGERSOLL RAND, SCHLAGE.<\/span><\/p>\n","protected":false},"excerpt":{"rendered":"<p>Informaci\u00f3n General Sensor detector de obst\u00e1culos que funciona como dispositivo de seguridad para el cierre del brazo o pluma de la barrera, y con ello evita golpear a las personas, bicicletas, motocicletas, y veh\u00edculos. La pluma cerrara despu\u00e9s de que el veh\u00edculo haya cruzado el \u00e1rea de detecci\u00f3n. &nbsp; Descripci\u00f3n &nbsp; El radar de detecci\u00f3n[&#8230;]<\/p>\n","protected":false},"featured_media":3941,"comment_status":"closed","ping_status":"closed","template":"","meta":[],"product_cat":[35],"product_tag":[64,63],"class_list":["post-3781","product","type-product","status-publish","has-post-thumbnail","hentry","product_cat-control-de-acceso-vehicular","product_tag-radar-de-deteccion-de-barrera-vehicular","product_tag-zkteco-vr10","pa_marca-zkteco"],"_links":{"self":[{"href":"https:\/\/globalsystem.com.mx\/catalogo\/wp-json\/wp\/v2\/product\/3781","targetHints":{"allow":["GET"]}}],"collection":[{"href":"https:\/\/globalsystem.com.mx\/catalogo\/wp-json\/wp\/v2\/product"}],"about":[{"href":"https:\/\/globalsystem.com.mx\/catalogo\/wp-json\/wp\/v2\/types\/product"}],"replies":[{"embeddable":true,"href":"https:\/\/globalsystem.com.mx\/catalogo\/wp-json\/wp\/v2\/comments?post=3781"}],"version-history":[{"count":3,"href":"https:\/\/globalsystem.com.mx\/catalogo\/wp-json\/wp\/v2\/product\/3781\/revisions"}],"predecessor-version":[{"id":4141,"href":"https:\/\/globalsystem.com.mx\/catalogo\/wp-json\/wp\/v2\/product\/3781\/revisions\/4141"}],"wp:featuredmedia":[{"embeddable":true,"href":"https:\/\/globalsystem.com.mx\/catalogo\/wp-json\/wp\/v2\/media\/3941"}],"wp:attachment":[{"href":"https:\/\/globalsystem.com.mx\/catalogo\/wp-json\/wp\/v2\/media?parent=3781"}],"wp:term":[{"taxonomy":"product_cat","embeddable":true,"href":"https:\/\/globalsystem.com.mx\/catalogo\/wp-json\/wp\/v2\/product_cat?post=3781"},{"taxonomy":"product_tag","embeddable":true,"href":"https:\/\/globalsystem.com.mx\/catalogo\/wp-json\/wp\/v2\/product_tag?post=3781"}],"curies":[{"name":"wp","href":"https:\/\/api.w.org\/{rel}","templated":true}]}}