{"id":3779,"date":"2022-06-03T22:08:44","date_gmt":"2022-06-03T22:08:44","guid":{"rendered":"https:\/\/webs360apps.com\/ismafinal\/product\/zkteco-cmp200-barrera-vehicular-de-doble-direccion-izq-o-der-brazo-telescopico-de-2-6-hasta-4-5-metros-3-seg-gabinete-con-luz-led-indicador-de-estado-sistema-inteligente-anti-impacto-incluye-2\/"},"modified":"2022-06-15T20:36:47","modified_gmt":"2022-06-15T20:36:47","slug":"zkteco-cmp200-barrera-vehicular-de-doble-direccion-izq-o-der-brazo-telescopico-de-2-6-hasta-4-5-metros-3-seg-gabinete-con-luz-led-indicador-de-estado-sistema-inteligente-anti-impacto-incluye-2","status":"publish","type":"product","link":"https:\/\/globalsystem.com.mx\/catalogo\/zkteco-cmp200-barrera-vehicular-de-doble-direccion-izq-o-der-brazo-telescopico-de-2-6-hasta-4-5-metros-3-seg-gabinete-con-luz-led-indicador-de-estado-sistema-inteligente-anti-impacto-incluye-2","title":{"rendered":"ZKTECO CMP200 &#8211; BARRERA VEHICULAR DE DOBLE DIRECCI\u00d3N IZQ O DER\/ BRAZO TELESC\u00d3PICO DE 2.6 HASTA 4.5 METROS \/ 3 SEG. \/ GABINETE CON LUZ LED INDICADOR DE ESTADO \/ SISTEMA INTELIGENTE"},"content":{"rendered":"<p>&nbsp;<\/p>\n<p><span style=\"font-size: 14pt; font-family: 'Times New Roman', serif;\">Pluma para control de acceso vehicular, ideal para estacionamientos fraccionamientos, cond\u00f3minos, residenciales, empresas, etc\u2026<\/span><\/p>\n<p style=\"text-align: center;\"><strong><span style=\"font-size: 14pt; font-family: 'Times New Roman', serif;\">Informaci\u00f3n General<\/span><\/strong><\/p>\n<p><span style=\"font-family: times new roman, times;\"><strong><span style=\"font-size: 14pt;\">Descripci\u00f3n<\/span><\/strong><\/span><\/p>\n<p><span style=\"font-family: times new roman, times;\"><strong><span style=\"font-size: 14pt; font-weight: normal;\">Barrera Vehicular autom\u00e1tica de alta precisi\u00f3n izquierda o derecha \/ brazo telesc\u00f3pico \/ 4.5mts \/ 3segundos.<\/span><\/strong><\/span><\/p>\n<p><span style=\"font-size: 14pt; font-family: 'Times New Roman', serif;\">La barrera vehicular autom\u00e1tica\u00a0CMP200\u00a0es un producto propio desarrollado por ZKTeco, complemento ideal para control de acceso en estacionamientos p\u00fablicos o privados. ZKTeco ha implementado un dise\u00f1o elegante con un robusto motor para brindar un servicio confiable de alta disponibilidad al precio m\u00e1s competitivo del mercado.<\/span><\/p>\n<p><span style=\"font-size: 14pt; font-family: 'Times New Roman', serif;\">Con la finalidad de facilitar el transporte e instalaci\u00f3n, la barrera se puede equipar con un brazo de aluminio de tipo telesc\u00f3pico que permite ajustar su longitud f\u00e1cilmente, de este modo se pueden reducir costes de env\u00edo y tiempos durante la instalaci\u00f3n.<\/span><\/p>\n<p><span style=\"font-family: times new roman, times;\"><strong><span style=\"font-size: 14pt; font-family: 'Times New Roman', serif;\">Caracter\u00edsticas<\/span><\/strong><\/span><\/p>\n<p><span style=\"font-family: times new roman, times;\"><strong><span style=\"font-size: 14pt; font-weight: normal;\">Elegancia y funcionalidad.<\/span><\/strong><span style=\"font-size: 14pt; font-family: 'Times New Roman', serif;\">\u00a0El gabinete incluye una elegante iluminaci\u00f3n que hace la funci\u00f3n de sem\u00e1foro para indicar el estado de apertura de la barrera<\/span><\/span><\/p>\n<p><span style=\"font-family: times new roman, times;\"><strong><span style=\"font-size: 14pt; font-weight: normal;\">Precisi\u00f3n en el dise\u00f1o.<\/span><\/strong><span style=\"font-size: 14pt; font-family: 'Times New Roman', serif;\">\u00a0El motor y mecanismo son fabricados en serie utilizando moldes de alta precisi\u00f3n para asegurar que cada equipo teng\u00e1 la m\u00e1s alta calidad<\/span><\/span><\/p>\n<p><span style=\"font-family: times new roman, times;\"><strong><span style=\"font-size: 14pt; font-weight: normal;\">Electr\u00f3nica Inteligente<\/span><\/strong><span style=\"font-size: 14pt; font-family: 'Times New Roman', serif;\">. Sabemos que los accidentes pasan, por eso, hemos preparado una electr\u00f3nica inteligente capaz de desactivar el motor en caso de que \u00e9ste impacte con algo para evitar da\u00f1os mayores al motor<\/span><\/span><\/p>\n<p><span style=\"font-family: times new roman, times;\"><strong><span style=\"font-size: 14pt; font-weight: normal;\">F\u00e1cil de instalar.<\/span><\/strong><span style=\"font-size: 14pt; font-family: 'Times New Roman', serif;\">\u00a0Desde el env\u00edo hasta los ajustes finales, el nuevo dise\u00f1o de ZKTeco se centra en resolver problemas de trasporte gracias a su brazo telesc\u00f3pico que permite ajustar manualmente su longitud sin necesidad de cortes. Por otro lado, durante la instalaci\u00f3n, ajuste manualmente su longitud para adaptar f\u00e1cilmente al lugar de instalaci\u00f3n<\/span><\/span><\/p>\n<p><span style=\"font-family: times new roman, times;\"><strong><span style=\"font-size: 14pt; font-weight: normal;\">Versatilidad y Flexibilidad.<\/span><\/strong><span style=\"font-size: 14pt; font-family: 'Times New Roman', serif;\">\u00a0\u00bfA\u00fan no decide donde instalar la barrera?, si a\u00fan no sabe si instalar la barrera del lado del conductor, o del lado del copiloto, no se preocupe. El motor de la barrera CMP200 ha sido dise\u00f1ado para cambiar la direcci\u00f3n del giro f\u00e1cilmente durante la instalaci\u00f3n.<\/span><\/span><\/p>\n<div>\n<hr style=\"color: #505050; text-align: left;\" noshade=\"noshade\" size=\"0\" width=\"100%\" \/>\n<\/div>\n<p><span style=\"font-family: times new roman, times;\"><strong><span style=\"font-size: 14pt; font-family: 'Times New Roman', serif;\">Principales Caracter\u00edsticas<\/span><\/strong><\/span><\/p>\n<p><span style=\"font-size: 14pt; font-family: 'Times New Roman', serif;\">Iluminaci\u00f3n inteligente que indica el estado de apertura de la barrera.<\/span><\/p>\n<p><span style=\"font-size: 14pt; font-family: 'Times New Roman', serif;\">Precisi\u00f3n en el dise\u00f1o, cada componente es fabricado con la m\u00e1s alta calidad<\/span><\/p>\n<p><span style=\"font-size: 14pt; font-family: 'Times New Roman', serif;\">Capacidad de desactivar el motor en caso de que \u00e9ste impacte con algo para evitar da\u00f1os.<\/span><\/p>\n<p><span style=\"font-size: 14pt; font-family: 'Times New Roman', serif;\">Brazo telesc\u00f3pico que permite ajustar manualmente su longitud sin necesidad de cortes.<\/span><\/p>\n<p><span style=\"font-size: 14pt; font-family: 'Times New Roman', serif;\">Capacidad de modificar la direcci\u00f3n de giro f\u00e1cilmente durante la instalaci\u00f3n.<\/span><\/p>\n<div>\n<hr style=\"color: #505050; text-align: left;\" noshade=\"noshade\" size=\"0\" width=\"100%\" \/>\n<\/div>\n<p><span style=\"font-family: times new roman, times;\"><strong><span style=\"font-size: 14pt; font-family: 'Times New Roman', serif;\">Especificaciones<\/span><\/strong><\/span><\/p>\n<p><span style=\"font-size: 14pt; font-family: 'Times New Roman', serif;\">Tipo de Brazo&#8230;&#8230;&#8230;&#8230;&#8230;&#8230;&#8230;&#8230;&#8230;&#8230;&#8230;&#8230;&#8230;&#8230;&#8230;&#8230;&#8230;&#8230;&#8230;&#8230;..Brazo telesc\u00f3pico recto<\/span><\/p>\n<p><span style=\"font-size: 14pt; font-family: 'Times New Roman', serif;\">Largo de Brazo&#8230;&#8230;&#8230;&#8230;&#8230;&#8230;&#8230;&#8230;&#8230;&#8230;&#8230;&#8230;&#8230;&#8230;&#8230;&#8230;&#8230;&#8230;&#8230;&#8230;\u22644.5m<\/span><\/p>\n<p><span style=\"font-size: 14pt; font-family: 'Times New Roman', serif;\">Tiempo de Apertura \/ Cierre&#8230;&#8230;&#8230;&#8230;&#8230;&#8230;&#8230;&#8230;&#8230;&#8230;&#8230;&#8230;&#8230;.3s<\/span><\/p>\n<p><span style=\"font-size: 14pt; font-family: 'Times New Roman', serif;\">Fuente de Alimentaci\u00f3n&#8230;&#8230;&#8230;&#8230;&#8230;&#8230;&#8230;&#8230;&#8230;&#8230;&#8230;&#8230;&#8230;&#8230;&#8230;..AC110V\/60Hz<\/span><\/p>\n<p><span style=\"font-size: 14pt; font-family: 'Times New Roman', serif;\">Consumo de Energ\u00eda&#8230;&#8230;&#8230;&#8230;&#8230;&#8230;&#8230;&#8230;&#8230;&#8230;&#8230;&#8230;&#8230;&#8230;&#8230;&#8230;..100W<\/span><\/p>\n<p><span style=\"font-size: 14pt; font-family: 'Times New Roman', serif;\">Distancia de Control Remoto&#8230;&#8230;&#8230;&#8230;&#8230;&#8230;&#8230;&#8230;&#8230;&#8230;&#8230;&#8230;..\u226430m<\/span><\/p>\n<p><span style=\"font-size: 14pt; font-family: 'Times New Roman', serif;\">Material del Brazo&#8230;&#8230;&#8230;&#8230;&#8230;&#8230;&#8230;&#8230;&#8230;&#8230;&#8230;&#8230;&#8230;&#8230;&#8230;&#8230;&#8230;&#8230;.Aleaci\u00f3n de aluminio<\/span><\/p>\n<p><span style=\"font-size: 14pt; font-family: 'Times New Roman', serif;\">Temperatura de Operaci\u00f3n&#8230;&#8230;&#8230;&#8230;&#8230;&#8230;&#8230;&#8230;&#8230;&#8230;&#8230;&#8230;&#8230;.-25\u00b0C ~ +75\u00b0C<\/span><\/p>\n<p><span style=\"font-size: 14pt; font-family: 'Times New Roman', serif;\">Humedad de Operaci\u00f3n&#8230;&#8230;&#8230;&#8230;&#8230;&#8230;&#8230;&#8230;&#8230;&#8230;&#8230;&#8230;&#8230;&#8230;&#8230;.\u226490%<\/span><\/p>\n<p><span style=\"font-size: 14pt; font-family: 'Times New Roman', serif;\">Dimensiones&#8230;&#8230;&#8230;&#8230;&#8230;&#8230;&#8230;&#8230;&#8230;&#8230;&#8230;&#8230;&#8230;&#8230;&#8230;&#8230;&#8230;&#8230;&#8230;&#8230;&#8230;350 (D)*280(W)*1010 (H) mm<\/span><\/p>\n<p><span style=\"font-size: 14pt; font-family: 'Times New Roman', serif;\">Dimensiones Empaque&#8230;&#8230;&#8230;&#8230;&#8230;&#8230;&#8230;&#8230;&#8230;&#8230;&#8230;&#8230;&#8230;&#8230;&#8230;..430 (D)*375(W)*1100 (H) mm<\/span><\/p>\n<p><span style=\"font-size: 14pt; font-family: 'Times New Roman', serif;\">Peso Neto&#8230;&#8230;&#8230;&#8230;&#8230;&#8230;&#8230;&#8230;&#8230;&#8230;&#8230;&#8230;&#8230;&#8230;&#8230;&#8230;&#8230;&#8230;&#8230;&#8230;&#8230;&#8230;.45KG<\/span><\/p>\n<p><span style=\"font-size: 14pt; font-family: 'Times New Roman', serif;\">Peso Bruto&#8230;&#8230;&#8230;&#8230;&#8230;&#8230;&#8230;&#8230;&#8230;&#8230;&#8230;&#8230;&#8230;&#8230;&#8230;&#8230;&#8230;&#8230;&#8230;&#8230;&#8230;&#8230;47KG<\/span><\/p>\n<p><span style=\"font-size: 14pt; font-family: 'Times New Roman', serif;\">Funciones B\u00e1sicas<\/span><\/p>\n<p><span style=\"font-size: 14pt; font-family: 'Times New Roman', serif;\">El \u00e1ngulo de apertura de la barrera es de 90\u00b0 +- 2\u00b0<\/span><\/p>\n<p><span style=\"font-size: 14pt; font-family: 'Times New Roman', serif;\">L\u00edmites de apertura y cierre electr\u00f3nicos, con salida de revelador incluida.<\/span><\/p>\n<p><span style=\"font-size: 14pt; font-family: 'Times New Roman', serif;\">Entradas para accesorios de seguridad como detector vehicular, sensor infrarrojo para detecci\u00f3n de obst\u00e1culos. Adem\u00e1s, la barrera incluye detector de obst\u00e1culos por impacto.<\/span><\/p>\n<p><span style=\"font-size: 14pt; font-family: 'Times New Roman', serif;\">Protecci\u00f3n del motor. La barrera incluye temporizadores que regulan el tiempo de funcionamiento del motor; \u00fatil en situaciones extraordinarias donde los sensores de l\u00edmite de apertura\/cierre no funcionen o est\u00e9n desconectados.<\/span><\/p>\n<p><span style=\"font-size: 14pt; font-family: 'Times New Roman', serif;\">La barrera incluye entradas para conexi\u00f3n de interfaces de control, tales como botones de salida, paneles de control de acceso, receptores inal\u00e1mbricos o cualquier interruptor de contacto seco. Adem\u00e1s, incluye en la caja 2 controles remotos con alcance de hasta 30 metros en l\u00ednea de vista.<\/span><\/p>\n<p><span style=\"font-family: times new roman, times;\"><strong><span style=\"font-size: 14pt; font-family: 'Times New Roman', serif;\">TERMINOS DE VENTA:<\/span><\/strong><\/span><\/p>\n<p><span style=\"font-size: 14pt; font-family: 'Times New Roman', serif;\">Precios expresados en pesos mexicanos.<\/span><\/p>\n<p><span style=\"font-size: 14pt; font-family: 'Times New Roman', serif;\">Precios sujetos a cambio sin previo aviso<\/span><\/p>\n<p><span style=\"font-size: 14pt; font-family: 'Times New Roman', serif;\">Pago: Anticipado v\u00eda transferencia o dep\u00f3sito bancario.<\/span><\/p>\n<p><span style=\"font-size: 14pt; font-family: 'Times New Roman', serif;\">Tiempo de entrega: Inmediata o dependiendo existencias.<\/span><\/p>\n<p><span style=\"font-size: 14pt; font-family: 'Times New Roman', serif;\">Garant\u00eda de: 1 a\u00f1o (y\/o hasta 3) dependiendo del fabricante, por defectos de fabricaci\u00f3n.<\/span><\/p>\n<p><span style=\"font-size: 14pt; font-family: 'Times New Roman', serif;\">No incluye instalaci\u00f3n, canalizaci\u00f3n, ni obra civil, en caso de requerir por favor contacte al depto. de ventas.<\/span><\/p>\n<p><span style=\"font-size: 14pt; font-family: 'Times New Roman', serif;\">Para consultar existencias, precios sobre la transportaci\u00f3n y\/o los vi\u00e1ticos, por favor contacte con nosotros.<\/span><\/p>\n<p><span style=\"font-size: 14pt; font-family: 'Times New Roman', serif;\">Cualquier duda adicional, consulte a su ejecutivo de ventas.<\/span><\/p>\n<p><span style=\"font-size: 14pt; font-family: 'Times New Roman', serif;\">Contamos con laboratorio para la reparaci\u00f3n de equipos: Access Pro, HID, INDALA, DORLET, ZK TECO, WEJOIN, CAME, ROSSLARE, DIGICON, SYSCOM, AMANO, ACROPRINT, SEIKO, LATHEM, TARGETMAX, KINGS POWER, SIASA, DAHUA, SUPREMA, INGERSOLL RAND, SCHLAGE.<\/span><\/p>\n","protected":false},"excerpt":{"rendered":"<p>&nbsp; Pluma para control de acceso vehicular, ideal para estacionamientos fraccionamientos, cond\u00f3minos, residenciales, empresas, etc\u2026 Informaci\u00f3n General Descripci\u00f3n Barrera Vehicular autom\u00e1tica de alta precisi\u00f3n izquierda o derecha \/ brazo telesc\u00f3pico \/ 4.5mts \/ 3segundos. La barrera vehicular autom\u00e1tica\u00a0CMP200\u00a0es un producto propio desarrollado por ZKTeco, complemento ideal para control de acceso en estacionamientos p\u00fablicos o privados.[&#8230;]<\/p>\n","protected":false},"featured_media":4640,"comment_status":"closed","ping_status":"closed","template":"","meta":[],"product_cat":[35,26],"product_tag":[89],"class_list":["post-3779","product","type-product","status-publish","has-post-thumbnail","hentry","product_cat-control-de-acceso-vehicular","product_cat-torniquetes","product_tag-zkteco-cmp200","pa_marca-zkteco"],"_links":{"self":[{"href":"https:\/\/globalsystem.com.mx\/catalogo\/wp-json\/wp\/v2\/product\/3779","targetHints":{"allow":["GET"]}}],"collection":[{"href":"https:\/\/globalsystem.com.mx\/catalogo\/wp-json\/wp\/v2\/product"}],"about":[{"href":"https:\/\/globalsystem.com.mx\/catalogo\/wp-json\/wp\/v2\/types\/product"}],"replies":[{"embeddable":true,"href":"https:\/\/globalsystem.com.mx\/catalogo\/wp-json\/wp\/v2\/comments?post=3779"}],"version-history":[{"count":3,"href":"https:\/\/globalsystem.com.mx\/catalogo\/wp-json\/wp\/v2\/product\/3779\/revisions"}],"predecessor-version":[{"id":4641,"href":"https:\/\/globalsystem.com.mx\/catalogo\/wp-json\/wp\/v2\/product\/3779\/revisions\/4641"}],"wp:featuredmedia":[{"embeddable":true,"href":"https:\/\/globalsystem.com.mx\/catalogo\/wp-json\/wp\/v2\/media\/4640"}],"wp:attachment":[{"href":"https:\/\/globalsystem.com.mx\/catalogo\/wp-json\/wp\/v2\/media?parent=3779"}],"wp:term":[{"taxonomy":"product_cat","embeddable":true,"href":"https:\/\/globalsystem.com.mx\/catalogo\/wp-json\/wp\/v2\/product_cat?post=3779"},{"taxonomy":"product_tag","embeddable":true,"href":"https:\/\/globalsystem.com.mx\/catalogo\/wp-json\/wp\/v2\/product_tag?post=3779"}],"curies":[{"name":"wp","href":"https:\/\/api.w.org\/{rel}","templated":true}]}}