{"id":3764,"date":"2022-06-03T22:08:42","date_gmt":"2022-06-03T22:08:42","guid":{"rendered":"https:\/\/webs360apps.com\/ismafinal\/product\/control-de-acceso-basico-zkteco-speedface-v5l-td-con-deteccion-de-temperatura-corporal-alta-para-prevenir-contagios\/"},"modified":"2022-06-09T01:21:45","modified_gmt":"2022-06-09T01:21:45","slug":"control-de-acceso-basico-zkteco-speedface-v5l-td-con-deteccion-de-temperatura-corporal-alta-para-prevenir-contagios","status":"publish","type":"product","link":"https:\/\/globalsystem.com.mx\/catalogo\/control-de-acceso-basico-zkteco-speedface-v5l-td-con-deteccion-de-temperatura-corporal-alta-para-prevenir-contagios","title":{"rendered":"CONTROL DE ACCESO B\u00c1SICO ZKTECO SPEEDFACE-V5L (TD), CON DETECCI\u00d3N DE TEMPERATURA CORPORAL ALTA PARA PREVENIR CONTAGIOS"},"content":{"rendered":"<p style=\"text-align: justify;\"><span style=\"font-size: 18pt;\"><strong>RELOJ MULTIBIOMETRICO CON RECONOCIMIENTO DE ROSTRO Y PALMA, SIN CONTACTO EQUIPADO CON DETECCION DE TEMPERATURA CORPORAL ALTA PARA PREVENIR CONTAGIOS ZKTECO SPEEDFACE-V5L(TD) ACCESO BASICO 6000ROSTROS 6000HUELLAS 3000 PALMAS Y 200000REGISTROS CAMARA 2MP PUEDE DETECTAR ENTRE UNA CARA REAL Y UNA FOTO, DISTANCIA DE RECONOCIMIENTO 0.3 A 3 METROS SENSOR DE HUELLA SILKID,COMUNICACI\u00d3N TCP\/IP COMPATIBLE CON ZKBIOSECURITY<\/strong><\/span><\/p>\n<p>&nbsp;<\/p>\n<p>&nbsp;<\/p>\n<p><span style=\"font-size: 18pt;\">PREOCUPADOS POR TU BIENESTAR<\/span><\/p>\n<p><span style=\"font-size: 18pt;\">Esta terminal de reconocimiento facial integra una c\u00e1mara t\u00e9rmica con la tecnolog\u00eda\u00a0Thermal Visi\u00f3n\u00a0que proporciona una t\u00e9cnica precisa, medible y sin contacto que puede capturar los\u00a0cambios en la temperatura de cualquier usuario, ayudando as\u00ed a una oportuna identificaci\u00f3n de problemas de salud.<\/span><\/p>\n<p><span style=\"font-size: 18pt;\">La tecnolog\u00eda\u00a0Visible Light\u00a0aparte del\u00a0reconocimiento facial\u00a0de gran alcance y precisi\u00f3n tambi\u00e9n nos ayuda en la identificaci\u00f3n del\u00a0uso correcto de cubrebocas\u00a0en caso de ser necesario, permitiendo o denegando el acceso al usuario.<\/span><\/p>\n<p><span style=\"font-size: 18pt;\">La serie SpeedFace-V5L es una versi\u00f3n completamente actualizada de la terminal de reconocimiento facial con luz visible SpeedFace. Combinando avanzados algoritmos de reconocimiento facial y la \u00faltima tecnolog\u00eda de visi\u00f3n por computadora, reconoce una gran cantidad de rostros y palmas de forma ultra-r\u00e1pida, sin contacto, aumentando la seguridad e higiene en todos los aspectos. El reconocimiento biom\u00e9trico sin contacto, junto con la nueva funci\u00f3n de detecci\u00f3n de fiebre y rostros con cubrebocas, elimina problemas severos de higiene y previene el contagio de virus e infecciones de manera efectiva.<\/span><\/p>\n<p><span style=\"font-size: 18pt;\">La serie incorpora tecnolog\u00eda de detecci\u00f3n de temperatura corporal, de reconocimiento facial anti-falsificaci\u00f3n y de reconocimiento ultra-r\u00e1pido de palmas 3-en-1 (forma, minucias y venas) compar\u00e1ndolo con hasta 3000 palmas. La versi\u00f3n TD es la elecci\u00f3n perfecta para reducir la propagaci\u00f3n de virus y prevenir contagios en lugares clave como hospitales, f\u00e1bricas, escuelas, corporativos, centros comerciales, estaciones de transporte y organizaciones con altos requisitos de seguridad e higiene.<\/span><\/p>\n<p><span style=\"font-size: 18pt;\">Caracter\u00edsticas:<\/span><\/p>\n<ul>\n<li><span style=\"font-size: 18pt;\">Mayor higiene con verificaci\u00f3n biom\u00e9trica sin-contacto, detecci\u00f3n de fiebre e identificaci\u00f3n de cubrebocas<\/span><\/li>\n<li><span style=\"font-size: 18pt;\">Algoritmo facial anti-falsificaci\u00f3n ultra-r\u00e1pido (Detecta rostros falsos en fotos, videos y m\u00e1scaras)<\/span><\/li>\n<li><span style=\"font-size: 18pt;\">M\u00f3dulo de tarjeta RFID\/MF opcional en SpeedFace-V5L\/ SpeedFaceV5L-P-TD<\/span><\/li>\n<li><span style=\"font-size: 18pt;\">Verificaci\u00f3n Multi-Biom\u00e9trica: Rostro \/ Palma \/ Huella \/ Tarjeta \/ Contrase\u00f1a<\/span><\/li>\n<\/ul>\n<p><span style=\"font-size: 18pt;\">Funciones Anti-Epidemia<\/span><\/p>\n<ul>\n<li><span style=\"font-size: 18pt;\">Detecci\u00f3n de cubrebocas<\/span><\/li>\n<li><span style=\"font-size: 18pt;\">Detecci\u00f3n de temperatura corporal (s\u00f3lo SpeedFaceV5L[TD])<\/span><\/li>\n<li><span style=\"font-size: 18pt;\">Distancia de Medici\u00f3n de Temperatura: 30 &#8211; 50cm<\/span><\/li>\n<li><span style=\"font-size: 18pt;\">Precisi\u00f3n de Medici\u00f3n de Temperatura: -0.3\u00b0C<\/span><\/li>\n<li><span style=\"font-size: 18pt;\">Rango de Medici\u00f3n de Temperatura: 34 &#8211; 45\u00b0C<\/span><\/li>\n<\/ul>\n<table style=\"width: 0px; background: #fefefe;\" border=\"0\" cellspacing=\"3\" cellpadding=\"0\">\n<tbody>\n<tr>\n<td style=\"width: 100.5pt; padding: 0.75pt;\" width=\"136\"><span style=\"font-size: 18pt;\">MODELO<\/span><\/td>\n<td style=\"width: 324.75pt; padding: 0.75pt;\" width=\"431\"><span style=\"font-size: 18pt;\">SPEEDFACE-V5L(TD)<\/span><\/td>\n<\/tr>\n<tr>\n<td style=\"width: 100.5pt; padding: 0.75pt;\" width=\"136\"><span style=\"font-size: 18pt;\">Display<\/span><\/td>\n<td style=\"width: 324.75pt; padding: 0.75pt;\" width=\"431\"><span style=\"font-size: 18pt;\">Pantalla t\u00e1ctil de 5 pulgadas<\/span><\/td>\n<\/tr>\n<tr>\n<td style=\"width: 100.5pt; padding: 0.75pt;\" width=\"136\"><span style=\"font-size: 18pt;\">Capacidad de Rostros<\/span><\/td>\n<td style=\"width: 324.75pt; padding: 0.75pt;\" width=\"431\"><span style=\"font-size: 18pt;\">6,000 (10,000 Opcional)**<\/span><\/td>\n<\/tr>\n<tr>\n<td style=\"width: 100.5pt; padding: 0.75pt;\" width=\"136\"><span style=\"font-size: 18pt;\">Capacidad de Palmas<\/span><\/td>\n<td style=\"width: 324.75pt; padding: 0.75pt;\" width=\"431\"><span style=\"font-size: 18pt;\">3,000<\/span><\/td>\n<\/tr>\n<tr>\n<td style=\"width: 100.5pt; padding: 0.75pt;\" width=\"136\"><span style=\"font-size: 18pt;\">Capacidad de Huellas<\/span><\/td>\n<td style=\"width: 324.75pt; padding: 0.75pt;\" width=\"431\"><span style=\"font-size: 18pt;\">10,000<\/span><\/td>\n<\/tr>\n<tr>\n<td style=\"width: 100.5pt; padding: 0.75pt;\" width=\"136\"><span style=\"font-size: 18pt;\">Memoria de Eventos<\/span><\/td>\n<td style=\"width: 324.75pt; padding: 0.75pt;\" width=\"431\"><span style=\"font-size: 18pt;\">200,000<\/span><\/td>\n<\/tr>\n<tr>\n<td style=\"width: 100.5pt; padding: 0.75pt;\" width=\"136\"><span style=\"font-size: 18pt;\">Sistema Operativo<\/span><\/td>\n<td style=\"width: 324.75pt; padding: 0.75pt;\" width=\"431\"><span style=\"font-size: 18pt;\">Linux<\/span><\/td>\n<\/tr>\n<tr>\n<td style=\"width: 100.5pt; padding: 0.75pt;\" width=\"136\"><span style=\"font-size: 18pt;\">Funciones Est\u00e1ndar<\/span><\/td>\n<td style=\"width: 324.75pt; padding: 0.75pt;\" width=\"431\"><span style=\"font-size: 18pt;\">ADMS, Teclado, DST, Camara, ID 9 Digitos, Niveles de Acceso, Grupos, D\u00edas Festivos, Anti-passback, B\u00fasqueda de Eventos, Alarma Tamper, M\u00faltiples M\u00e9todos de Verificaci\u00f3n<\/span><\/td>\n<\/tr>\n<tr>\n<td style=\"width: 100.5pt; padding: 0.75pt;\" width=\"136\"><span style=\"font-size: 18pt;\">Hardware<\/span><\/td>\n<td style=\"width: 324.75pt; padding: 0.75pt;\" width=\"431\"><span style=\"font-size: 18pt;\">900MHz Dual Core CPU, Memoria 512MB RAM \/ 8G Flash, C\u00e1mara 2MP WDR Low Light, L\u00e1mpara LED ajustable<\/span><\/td>\n<\/tr>\n<tr>\n<td style=\"width: 100.5pt; padding: 0.75pt;\" width=\"136\"><span style=\"font-size: 18pt;\">Comunicaci\u00f3n<\/span><\/td>\n<td style=\"width: 324.75pt; padding: 0.75pt;\" width=\"431\"><span style=\"font-size: 18pt;\">TCP\/IP, WiFi (Opcional), Entrada\/Salida Wiegand, RS485<\/span><\/td>\n<\/tr>\n<tr>\n<td style=\"width: 100.5pt; padding: 0.75pt;\" width=\"136\"><span style=\"font-size: 18pt;\">Interfaz de Control de Acceso<\/span><\/td>\n<td style=\"width: 324.75pt; padding: 0.75pt;\" width=\"431\"><span style=\"font-size: 18pt;\">Rel\u00e9 de puerta, Sensor de puerta, Bot\u00f3n de Salida, Salida de Alarma, Entrada Auxiliar<\/span><\/td>\n<\/tr>\n<tr>\n<td style=\"width: 100.5pt; padding: 0.75pt;\" width=\"136\"><span style=\"font-size: 18pt;\">Velocidad de Rec. Facial<\/span><\/td>\n<td style=\"width: 324.75pt; padding: 0.75pt;\" width=\"431\"><span style=\"font-size: 18pt;\">1s<\/span><\/td>\n<\/tr>\n<tr>\n<td style=\"width: 100.5pt; padding: 0.75pt;\" width=\"136\"><span style=\"font-size: 18pt;\">Algor\u00edtmos Biom\u00e9tricos<\/span><\/td>\n<td style=\"width: 324.75pt; padding: 0.75pt;\" width=\"431\"><span style=\"font-size: 18pt;\">ZKFace V5.8 &amp; ZKFinger V10.0 &amp; ZKPalm V12.0<\/span><\/td>\n<\/tr>\n<tr>\n<td style=\"width: 100.5pt; padding: 0.75pt;\" width=\"136\"><span style=\"font-size: 18pt;\">Fuente de Energ\u00eda<\/span><\/td>\n<td style=\"width: 324.75pt; padding: 0.75pt;\" width=\"431\"><span style=\"font-size: 18pt;\">12V 3A<\/span><\/td>\n<\/tr>\n<tr>\n<td style=\"width: 100.5pt; padding: 0.75pt;\" width=\"136\"><span style=\"font-size: 18pt;\">Humedad Operacional<\/span><\/td>\n<td style=\"width: 324.75pt; padding: 0.75pt;\" width=\"431\"><span style=\"font-size: 18pt;\">10% &#8211; 90%<\/span><\/td>\n<\/tr>\n<tr>\n<td style=\"width: 100.5pt; padding: 0.75pt;\" width=\"136\"><span style=\"font-size: 18pt;\">Temperatura Operacional<\/span><\/td>\n<td style=\"width: 324.75pt; padding: 0.75pt;\" width=\"431\"><span style=\"font-size: 18pt;\">-10 \u00b0C &#8211; 45 \u00b0C<\/span><\/td>\n<\/tr>\n<tr>\n<td style=\"width: 100.5pt; padding: 0.75pt;\" width=\"136\"><span style=\"font-size: 18pt;\">Dimensiones (AnxAlxProf)<\/span><\/td>\n<td style=\"width: 324.75pt; padding: 0.75pt;\" width=\"431\"><span style=\"font-size: 18pt;\">91.93*220*22.5mm<\/span><\/td>\n<\/tr>\n<tr>\n<td style=\"width: 100.5pt; padding: 0.75pt;\" width=\"136\"><span style=\"font-size: 18pt;\">Software Compatible<\/span><\/td>\n<td style=\"width: 324.75pt; padding: 0.75pt;\" width=\"431\"><span style=\"font-size: 18pt;\">ZKBioSecurity3.2 \/BioTimePro\/ZKBioAccess<\/span><\/td>\n<\/tr>\n<\/tbody>\n<\/table>\n<p><span style=\"font-size: 18pt;\">TERMINOS DE VENTA:<\/span><\/p>\n<ul>\n<li><span style=\"font-size: 18pt;\">Precios expresados en pesos mexicanos.<\/span><\/li>\n<li><span style=\"font-size: 18pt;\">Precios sujetos a cambio sin previo aviso<\/span><\/li>\n<li><span style=\"font-size: 18pt;\">Pago: Anticipado v\u00eda transferencia \u00f3 dep\u00f3sito bancario.<\/span><\/li>\n<li><span style=\"font-size: 18pt;\">Tiempo de entrega: Inmediata o dependiendo existencias.<\/span><\/li>\n<li><span style=\"font-size: 18pt;\">Garant\u00eda de: 1 a\u00f1o (y\/o hasta 3) dependiendo del fabricante, por defectos de fabricaci\u00f3n.<\/span><\/li>\n<li><span style=\"font-size: 18pt;\">No incluye instalaci\u00f3n, canalizaci\u00f3n, ni obra civil, en caso de requerir por favor contacte al depto. de ventas.<\/span><\/li>\n<li><span style=\"font-size: 18pt;\">Para consultar existencias, precios sobre la transportaci\u00f3n y\/o los vi\u00e1ticos, por favor contacte con nosotros.<\/span><\/li>\n<li><span style=\"font-size: 18pt;\">Cualquier duda adicional, consulte a su ejecutivo de ventas.<\/span><\/li>\n<li><span style=\"font-size: 18pt;\">Contamos con laboratorio para la reparaci\u00f3n de equipos DORLET, ZK TECO, WEJOIN, CAME, ROSSLARE, DIGICON, SYSCOM, AMANO, ACROPRINT, SEIKO, LATHEM, TARGETMAX, KING POWER, SIASA, DAHUA, SUPREMA, INGERSOLL RAND, SCHLAGE.<\/span><\/li>\n<\/ul>\n","protected":false},"excerpt":{"rendered":"<p>RELOJ MULTIBIOMETRICO CON RECONOCIMIENTO DE ROSTRO Y PALMA, SIN CONTACTO EQUIPADO CON DETECCION DE TEMPERATURA CORPORAL ALTA PARA PREVENIR CONTAGIOS ZKTECO SPEEDFACE-V5L(TD) ACCESO BASICO 6000ROSTROS 6000HUELLAS 3000 PALMAS Y 200000REGISTROS CAMARA 2MP PUEDE DETECTAR ENTRE UNA CARA REAL Y UNA FOTO, DISTANCIA DE RECONOCIMIENTO 0.3 A 3 METROS SENSOR DE HUELLA SILKID,COMUNICACI\u00d3N TCP\/IP COMPATIBLE CON[&#8230;]<\/p>\n","protected":false},"featured_media":4221,"comment_status":"closed","ping_status":"closed","template":"","meta":[],"product_cat":[110],"product_tag":[],"class_list":["post-3764","product","type-product","status-publish","has-post-thumbnail","hentry","product_cat-control-de-acceso","pa_marca-zkteco"],"_links":{"self":[{"href":"https:\/\/globalsystem.com.mx\/catalogo\/wp-json\/wp\/v2\/product\/3764","targetHints":{"allow":["GET"]}}],"collection":[{"href":"https:\/\/globalsystem.com.mx\/catalogo\/wp-json\/wp\/v2\/product"}],"about":[{"href":"https:\/\/globalsystem.com.mx\/catalogo\/wp-json\/wp\/v2\/types\/product"}],"replies":[{"embeddable":true,"href":"https:\/\/globalsystem.com.mx\/catalogo\/wp-json\/wp\/v2\/comments?post=3764"}],"version-history":[{"count":3,"href":"https:\/\/globalsystem.com.mx\/catalogo\/wp-json\/wp\/v2\/product\/3764\/revisions"}],"predecessor-version":[{"id":4225,"href":"https:\/\/globalsystem.com.mx\/catalogo\/wp-json\/wp\/v2\/product\/3764\/revisions\/4225"}],"wp:featuredmedia":[{"embeddable":true,"href":"https:\/\/globalsystem.com.mx\/catalogo\/wp-json\/wp\/v2\/media\/4221"}],"wp:attachment":[{"href":"https:\/\/globalsystem.com.mx\/catalogo\/wp-json\/wp\/v2\/media?parent=3764"}],"wp:term":[{"taxonomy":"product_cat","embeddable":true,"href":"https:\/\/globalsystem.com.mx\/catalogo\/wp-json\/wp\/v2\/product_cat?post=3764"},{"taxonomy":"product_tag","embeddable":true,"href":"https:\/\/globalsystem.com.mx\/catalogo\/wp-json\/wp\/v2\/product_tag?post=3764"}],"curies":[{"name":"wp","href":"https:\/\/api.w.org\/{rel}","templated":true}]}}