{"id":3762,"date":"2022-06-03T22:08:42","date_gmt":"2022-06-03T22:08:42","guid":{"rendered":"https:\/\/webs360apps.com\/ismafinal\/product\/tarjeta-electronica-zl37f-120v-came\/"},"modified":"2022-06-13T01:47:16","modified_gmt":"2022-06-13T01:47:16","slug":"tarjeta-electronica-zl37f-120v-came","status":"publish","type":"product","link":"https:\/\/globalsystem.com.mx\/catalogo\/tarjeta-electronica-zl37f-120v-came","title":{"rendered":"Tarjeta controladora para barrera vehicular  marca CAME modelo: ZL37F 120V"},"content":{"rendered":"<p style=\"line-height: normal;\"><span style=\"font-size: 14pt; font-family: 'Times New Roman', serif; color: black;\">TARJETA ELECTRONICA ZL37F 120V CAME<\/span><\/p>\n<p style=\"line-height: normal;\"><span style=\"font-size: 14pt; font-family: 'Times New Roman', serif; color: black;\">La placa de control ZL37F compatible con los modelos de barreras G4000, G6000, Gard12.<\/span><\/p>\n<p style=\"line-height: normal;\"><span style=\"font-size: 14pt; font-family: 'Times New Roman', serif; color: black;\">Voltaje de trabajo 24VCD<\/span><\/p>\n<p style=\"line-height: normal;\"><span style=\"font-size: 14pt; font-family: 'Times New Roman', serif; color: black;\">Controla<\/span><\/p>\n<ul>\n<li style=\"color: black; line-height: normal;\"><span style=\"font-size: 14pt; font-family: 'Times New Roman', serif;\">Alimentaci\u00f3n al motor<\/span><\/li>\n<li style=\"color: black; line-height: normal;\"><span style=\"font-size: 14pt; font-family: 'Times New Roman', serif;\">Alimentaci\u00f3n a los accesorios<\/span><\/li>\n<li style=\"color: black; line-height: normal;\"><span style=\"font-size: 14pt; font-family: 'Times New Roman', serif;\">Controles y configuraci\u00f3n de la barrera<\/span><\/li>\n<\/ul>\n<p style=\"line-height: normal;\"><span style=\"font-size: 14pt; font-family: 'Times New Roman', serif; color: black;\">Caracter\u00edsticas<\/span><\/p>\n<ul>\n<li style=\"color: black; line-height: normal;\"><span style=\"font-size: 14pt; font-family: 'Times New Roman', serif;\">Alimentaci\u00f3n (V &#8211; 50\/60 Hz): 120v AC.<\/span><\/li>\n<li style=\"color: black; line-height: normal;\"><span style=\"font-size: 14pt; font-family: 'Times New Roman', serif;\">Absorci\u00f3n en reposo (W): 25.<\/span><\/li>\n<li style=\"color: black; line-height: normal;\"><span style=\"font-size: 14pt; font-family: 'Times New Roman', serif;\">Potencia m\u00e1xima admitida (W): 400.<\/span><\/li>\n<li style=\"color: black; line-height: normal;\"><span style=\"font-size: 14pt; font-family: 'Times New Roman', serif;\">Potencia m\u00e1xima accesorios 24V: 20 W<\/span><\/li>\n<li style=\"color: black; line-height: normal;\"><span style=\"font-size: 14pt; font-family: 'Times New Roman', serif;\">Potencia m\u00e1xima accesorios 110V: 200 W<\/span><\/li>\n<li style=\"color: black; line-height: normal;\"><span style=\"font-size: 14pt; font-family: 'Times New Roman', serif;\">Material caja: ABS.<\/span><\/li>\n<li style=\"color: black; line-height: normal;\"><span style=\"font-size: 14pt; font-family: 'Times New Roman', serif;\">Temperatura de servicio: -20\u00b0C \u00f7 55.<\/span><\/li>\n<\/ul>\n<p style=\"line-height: normal;\"><span style=\"font-size: 14pt; font-family: 'Times New Roman', serif; color: black;\">TERMINOS DE VENTA:<\/span><\/p>\n<ul>\n<li style=\"color: black; line-height: normal;\"><span style=\"font-size: 14pt; font-family: 'Times New Roman', serif;\">Precios expresados en pesos mexicanos.<\/span><\/li>\n<li style=\"color: black; line-height: normal;\"><strong><span style=\"font-size: 14pt; font-family: 'Times New Roman', serif;\">Precios sujetos a cambio sin previo aviso<\/span><\/strong><\/li>\n<li style=\"color: black; line-height: normal;\"><span style=\"font-size: 14pt; font-family: 'Times New Roman', serif;\">Pago: Anticipado v\u00eda transferencia \u00f3 dep\u00f3sito bancario.<\/span><\/li>\n<li style=\"color: black; line-height: normal;\"><span style=\"font-size: 14pt; font-family: 'Times New Roman', serif;\">Tiempo de entrega: Inmediata o dependiendo existencias.<\/span><\/li>\n<li style=\"color: black; line-height: normal;\"><span style=\"font-size: 14pt; font-family: 'Times New Roman', serif;\">Garant\u00eda de: 1 a\u00f1o (y\/o hasta 3) dependiendo del fabricante, por defectos de fabricaci\u00f3n.<\/span><\/li>\n<li style=\"color: black; line-height: normal;\"><span style=\"font-size: 14pt; font-family: 'Times New Roman', serif;\">No incluye instalaci\u00f3n, canalizaci\u00f3n, ni obra civil, en caso de requerir por favor contacte al depto. de ventas.<\/span><\/li>\n<li style=\"color: black; line-height: normal;\"><span style=\"font-size: 14pt; font-family: 'Times New Roman', serif;\">Para consultar existencias, precios sobre la transportaci\u00f3n y\/o los vi\u00e1ticos, por favor contacte con nosotros.<\/span><\/li>\n<li style=\"color: black; line-height: normal;\"><span style=\"font-size: 14pt; font-family: 'Times New Roman', serif;\">Cualquier duda adicional, consulte a su ejecutivo de ventas.<\/span><\/li>\n<li style=\"color: black; line-height: normal;\"><span style=\"font-size: 14pt; font-family: 'Times New Roman', serif;\">Contamos con laboratorio para la reparaci\u00f3n de equipos DORLET, ZK TECO, WEJOIN, CAME, ROSSLARE, DIGICON, SYSCOM, AMANO, ACROPRINT, SEIKO, LATHEM, TARGETMAX, KING POWER, SIASA, DAHUA, SUPREMA, INGERSOLL RAND, SCHLAGE.<\/span><\/li>\n<\/ul>\n","protected":false},"excerpt":{"rendered":"<p>TARJETA ELECTRONICA ZL37F 120V CAME La placa de control ZL37F compatible con los modelos de barreras G4000, G6000, Gard12. Voltaje de trabajo 24VCD Controla Alimentaci\u00f3n al motor Alimentaci\u00f3n a los accesorios Controles y configuraci\u00f3n de la barrera Caracter\u00edsticas Alimentaci\u00f3n (V &#8211; 50\/60 Hz): 120v AC. Absorci\u00f3n en reposo (W): 25. Potencia m\u00e1xima admitida (W): 400.[&#8230;]<\/p>\n","protected":false},"featured_media":4048,"comment_status":"closed","ping_status":"closed","template":"","meta":[],"product_cat":[110,35],"product_tag":[],"class_list":["post-3762","product","type-product","status-publish","has-post-thumbnail","hentry","product_cat-control-de-acceso","product_cat-control-de-acceso-vehicular","pa_marca-came"],"_links":{"self":[{"href":"https:\/\/globalsystem.com.mx\/catalogo\/wp-json\/wp\/v2\/product\/3762","targetHints":{"allow":["GET"]}}],"collection":[{"href":"https:\/\/globalsystem.com.mx\/catalogo\/wp-json\/wp\/v2\/product"}],"about":[{"href":"https:\/\/globalsystem.com.mx\/catalogo\/wp-json\/wp\/v2\/types\/product"}],"replies":[{"embeddable":true,"href":"https:\/\/globalsystem.com.mx\/catalogo\/wp-json\/wp\/v2\/comments?post=3762"}],"version-history":[{"count":2,"href":"https:\/\/globalsystem.com.mx\/catalogo\/wp-json\/wp\/v2\/product\/3762\/revisions"}],"predecessor-version":[{"id":4049,"href":"https:\/\/globalsystem.com.mx\/catalogo\/wp-json\/wp\/v2\/product\/3762\/revisions\/4049"}],"wp:featuredmedia":[{"embeddable":true,"href":"https:\/\/globalsystem.com.mx\/catalogo\/wp-json\/wp\/v2\/media\/4048"}],"wp:attachment":[{"href":"https:\/\/globalsystem.com.mx\/catalogo\/wp-json\/wp\/v2\/media?parent=3762"}],"wp:term":[{"taxonomy":"product_cat","embeddable":true,"href":"https:\/\/globalsystem.com.mx\/catalogo\/wp-json\/wp\/v2\/product_cat?post=3762"},{"taxonomy":"product_tag","embeddable":true,"href":"https:\/\/globalsystem.com.mx\/catalogo\/wp-json\/wp\/v2\/product_tag?post=3762"}],"curies":[{"name":"wp","href":"https:\/\/api.w.org\/{rel}","templated":true}]}}