{"id":3758,"date":"2022-06-03T22:08:42","date_gmt":"2022-06-03T22:08:42","guid":{"rendered":"https:\/\/webs360apps.com\/ismafinal\/product\/reloj-checador-de-reconocimiento-facial-y-huella-digital-mb460id\/"},"modified":"2022-06-15T04:02:12","modified_gmt":"2022-06-15T04:02:12","slug":"reloj-checador-de-reconocimiento-facial-y-huella-digital-mb460id","status":"publish","type":"product","link":"https:\/\/globalsystem.com.mx\/catalogo\/reloj-checador-de-reconocimiento-facial-y-huella-digital-mb460id","title":{"rendered":"Reloj checador de reconocimiento facial y huella digital MB460ID"},"content":{"rendered":"<p><span style=\"font-size: 12pt;\">Reloj para control de acceso y asistencia sin contacto.<\/span><\/p>\n<p><span style=\"font-size: 12pt;\">CONTROL DE ASISTENCIA FACIAL CHECADOR Y ACCESO BASICO ADMS ZKTECO MB460ID ADMS BIOMETRICO 2000HUELLAS\/1500ROSTROS\/2000TARJETAS125KHZ\/100,000REGISTROS TCP\/IP\/USBHOST INTERIOR COMPATIBLE CON BIOTIME7.0<\/span><\/p>\n<p>&nbsp;<\/p>\n<p><span style=\"font-size: 12pt;\">ZKTECO MB460 ID<\/span><\/p>\n<p>&nbsp;<\/p>\n<p><span style=\"font-size: 12pt;\">El MB460ID es un innovador dispositivo para la gesti\u00f3n de tiempo y asistencia de los empleados, soporta m\u00e9todos de verificaci\u00f3n por medio de rostro, huella digital, tarjeta, contrase\u00f1a y combinaciones entre los anteriores adem\u00e1s de funciones b\u00e1sicas de Control de Acceso.<\/span><\/p>\n<p><span style=\"font-size: 12pt;\">La verificaci\u00f3n de usuarios es realizada en menos de 1 segundo, lo cual agiliza el proceso en las horas de entrada y salida.<\/span><\/p>\n<p><span style=\"font-size: 12pt;\">La comunicaci\u00f3n entre el MB460ID y la PC se realiza por medio de la interfaz TCP\/IP o mediante USB, para la transferencia manual de datos. Su dise\u00f1o elegante encaja perfectamente en cualquier tipo de ambiente.<\/span><\/p>\n<p><span style=\"font-size: 12pt;\"><strong><span style=\"line-height: 107%;\">Incluye: Software ZKTIME.NET LITE, b\u00e1sico para control de asistencias, instalaci\u00f3n (dentro del \u00e1rea metropolitana de la CDMX), configuraci\u00f3n y capacitaci\u00f3n del equipo y software, soporte telef\u00f3nico y\/o remoto ilimitado.<\/span><\/strong><\/span><\/p>\n<p><span style=\"font-size: 12pt;\"> Caracter\u00edsticas:<\/span><\/p>\n<ul>\n<li><span style=\"font-size: 12pt;\">1,500 rostros, 2,000 huellas, 2,000 tarjetas y 100,000 eventos.<\/span><\/li>\n<li><span style=\"font-size: 12pt;\">M\u00faltiples idiomas.<\/span><\/li>\n<li><span style=\"font-size: 12pt;\">Interfaz de comunicaci\u00f3n TCP\/IP, USB-Host.<\/span><\/li>\n<li><span style=\"font-size: 12pt;\">Verificaci\u00f3n de usuarios en menos de 1 segundo.<\/span><\/li>\n<li><span style=\"font-size: 12pt;\">Firmware profesional y plataforma m\u00e1s flexible.<\/span><\/li>\n<li><span style=\"font-size: 12pt;\">Interfaz de usuario sencilla e intuitiva con un dise\u00f1o atractivo.<\/span><\/li>\n<\/ul>\n<p><span style=\"font-size: 12pt;\"> Especificaciones:<\/span><\/p>\n<ul>\n<li><span style=\"font-size: 12pt;\">Capacidad de Rostros: 1,500.<\/span><\/li>\n<li><span style=\"font-size: 12pt;\">Capacidad de Huellas: 2,000.<\/span><\/li>\n<li><span style=\"font-size: 12pt;\">Capacidad de Tarjetas: 2,000.<\/span><\/li>\n<li><span style=\"font-size: 12pt;\">Capacidad de Eventos: 100,000.<\/span><\/li>\n<li><span style=\"font-size: 12pt;\">Pantalla: TFT de 2.8 Pulgadas.<\/span><\/li>\n<li><span style=\"font-size: 12pt;\">Comunicaci\u00f3n: TCP\/IP, USB-Host.<\/span><\/li>\n<li><span style=\"font-size: 12pt;\">Funciones Est\u00e1ndar: SMS, Horario de Verano, Timbre Programado, B\u00fasqueda Self-Service, Cambio Autom\u00e1tico de Estado, Entrada T9, Foto ID, C\u00e1mara, Multi-verificaci\u00f3n, Salida 12V.<\/span><\/li>\n<li><span style=\"font-size: 12pt;\">Interfaz de Control de Acceso: Cerradura El\u00e9ctrica, Bot\u00f3n de Salida, Alarma.<\/span><\/li>\n<li><span style=\"font-size: 12pt;\">Fuente de Alimentaci\u00f3n: DC 12V 1.5A<\/span><\/li>\n<li><span style=\"font-size: 12pt;\">Velocidad de Veri ficaci\u00f3n: =1 seg.<\/span><\/li>\n<li><span style=\"font-size: 12pt;\">Temperatura de Operaci\u00f3n: 0\u00b0C a 45\u00b0C.<\/span><\/li>\n<li><span style=\"font-size: 12pt;\">Humedad de Operaci\u00f3n: 20% &#8211; 80%.<\/span><\/li>\n<li><span style=\"font-size: 12pt;\">Dimensiones: 200.25 x 148 x 33.04 mm.<\/span><\/li>\n<li><span style=\"font-size: 12pt;\">Peso Total: 380 gr.<\/span><\/li>\n<\/ul>\n<p><span style=\"font-size: 12pt;\">TERMINOS DE VENTA:<\/span><\/p>\n<ul>\n<li><span style=\"font-size: 12pt;\">Precios expresados en pesos mexicanos.<\/span><\/li>\n<li><span style=\"font-size: 12pt;\">Precios sujetos a cambio sin previo aviso<\/span><\/li>\n<li><span style=\"font-size: 12pt;\">Pago: Anticipado v\u00eda transferencia \u00f3 dep\u00f3sito bancario.<\/span><\/li>\n<li><span style=\"font-size: 12pt;\">Tiempo de entrega: Inmediata o dependiendo existencias.<\/span><\/li>\n<li><span style=\"font-size: 12pt;\">Garant\u00eda de: 1 a\u00f1o por defectos de fabricaci\u00f3n.<\/span><\/li>\n<li><span style=\"font-size: 12pt;\">No incluye instalaci\u00f3n, canalizaci\u00f3n, ni obra civil, en caso de requerir por favor contacte al depto. de ventas.<\/span><\/li>\n<li><span style=\"font-size: 12pt;\">Para consultar existencias, precios sobre la transportaci\u00f3n y\/o los vi\u00e1ticos, por favor contacte con nosotros.<\/span><\/li>\n<li><span style=\"font-size: 12pt;\">Cualquier duda adicional, consulte a su ejecutivo de ventas.<\/span><\/li>\n<li><span style=\"font-size: 12pt;\">Contamos con laboratorio para la reparaci\u00f3n de equipos DORLET, ZK TECO, WEJOIN, CAME, ROSSLARE, DIGICON, SYSCOM, AMANO, ACROPRINT, SEIKO, LATHEM, TARGETMAX, KING POWER, SIASA, DAHUA, SUPREMA, INGERSOLL RAND, SCHLAGE <\/span><\/li>\n<\/ul>\n","protected":false},"excerpt":{"rendered":"<p>Reloj para control de acceso y asistencia sin contacto. CONTROL DE ASISTENCIA FACIAL CHECADOR Y ACCESO BASICO ADMS ZKTECO MB460ID ADMS BIOMETRICO 2000HUELLAS\/1500ROSTROS\/2000TARJETAS125KHZ\/100,000REGISTROS TCP\/IP\/USBHOST INTERIOR COMPATIBLE CON BIOTIME7.0 &nbsp; ZKTECO MB460 ID &nbsp; El MB460ID es un innovador dispositivo para la gesti\u00f3n de tiempo y asistencia de los empleados, soporta m\u00e9todos de verificaci\u00f3n por medio[&#8230;]<\/p>\n","protected":false},"featured_media":4342,"comment_status":"closed","ping_status":"closed","template":"","meta":[],"product_cat":[110,34,33,120],"product_tag":[],"class_list":["post-3758","product","type-product","status-publish","has-post-thumbnail","hentry","product_cat-control-de-acceso","product_cat-control-de-asistencia-biometricos","product_cat-control-de-asistencia-por-huella-digital","product_cat-relojes-de-huella-digital","pa_marca-zkteco"],"_links":{"self":[{"href":"https:\/\/globalsystem.com.mx\/catalogo\/wp-json\/wp\/v2\/product\/3758","targetHints":{"allow":["GET"]}}],"collection":[{"href":"https:\/\/globalsystem.com.mx\/catalogo\/wp-json\/wp\/v2\/product"}],"about":[{"href":"https:\/\/globalsystem.com.mx\/catalogo\/wp-json\/wp\/v2\/types\/product"}],"replies":[{"embeddable":true,"href":"https:\/\/globalsystem.com.mx\/catalogo\/wp-json\/wp\/v2\/comments?post=3758"}],"version-history":[{"count":5,"href":"https:\/\/globalsystem.com.mx\/catalogo\/wp-json\/wp\/v2\/product\/3758\/revisions"}],"predecessor-version":[{"id":4575,"href":"https:\/\/globalsystem.com.mx\/catalogo\/wp-json\/wp\/v2\/product\/3758\/revisions\/4575"}],"wp:featuredmedia":[{"embeddable":true,"href":"https:\/\/globalsystem.com.mx\/catalogo\/wp-json\/wp\/v2\/media\/4342"}],"wp:attachment":[{"href":"https:\/\/globalsystem.com.mx\/catalogo\/wp-json\/wp\/v2\/media?parent=3758"}],"wp:term":[{"taxonomy":"product_cat","embeddable":true,"href":"https:\/\/globalsystem.com.mx\/catalogo\/wp-json\/wp\/v2\/product_cat?post=3758"},{"taxonomy":"product_tag","embeddable":true,"href":"https:\/\/globalsystem.com.mx\/catalogo\/wp-json\/wp\/v2\/product_tag?post=3758"}],"curies":[{"name":"wp","href":"https:\/\/api.w.org\/{rel}","templated":true}]}}