{"id":3756,"date":"2022-06-03T22:08:42","date_gmt":"2022-06-03T22:08:42","guid":{"rendered":"https:\/\/webs360apps.com\/ismafinal\/product\/camara-para-deteccion-de-temperatura-a-distancia-flk-tis20-9hz\/"},"modified":"2022-06-09T01:12:41","modified_gmt":"2022-06-09T01:12:41","slug":"camara-para-deteccion-de-temperatura-a-distancia-flk-tis20-9hz","status":"publish","type":"product","link":"https:\/\/globalsystem.com.mx\/catalogo\/camara-para-deteccion-de-temperatura-a-distancia-flk-tis20-9hz","title":{"rendered":"C\u00e1mara para detecci\u00f3n de temperatura a distancia FLK-TIS20+ 9HZ"},"content":{"rendered":"<p><strong><span style=\"font-size: 14pt; font-family: 'Times New Roman', serif;\">FLK-TiS20 9 Hz FLUKE<\/span><\/strong><\/p>\n<p>&nbsp;<\/p>\n<p><strong><span style=\"font-size: 14pt; font-family: 'Times New Roman', serif; background: white;\">C\u00e1mara para Detecci\u00f3n de temperatura a distancia<\/span><\/strong><span style=\"font-size: 14pt; font-family: 'Times New Roman', serif;\"> <strong><span style=\"background: white;\">FLK-TIS20+ 9HZ<\/span><\/strong><\/span><\/p>\n<ul>\n<li><span style=\"font-size: 14pt; font-family: 'Times New Roman', serif;\">Detecta de forma oportuna a las personas con temperatura corporal elevada.<\/span><\/li>\n<li><span style=\"font-size: 14pt; font-family: 'Times New Roman', serif;\">Detecci\u00f3n de temperatura desde 3m de distancia de forma r\u00e1pida y fiable<\/span><\/li>\n<li><strong><span style=\"font-size: 14pt; font-family: 'Times New Roman', serif;\">Ideal para prevenci\u00f3n contra epidemias<\/span><\/strong><\/li>\n<\/ul>\n<p><span style=\"font-size: 14pt; font-family: 'Times New Roman', serif;\">C\u00e1mara termogr\u00e1fica Fluke TiS20 (9 Hz)<\/span><\/p>\n<ul>\n<li><span style=\"font-size: 14pt; font-family: 'Times New Roman', serif;\">Ahorre tiempo con el an\u00e1lisis termogr\u00e1fico adecuado<\/span><\/li>\n<li><span style=\"font-size: 14pt; font-family: 'Times New Roman', serif;\">Tanto si inspecciona un sistema de climatizaci\u00f3n en el tejado, revisa un motor en una planta de producci\u00f3n o trabaja en un cuadro el\u00e9ctrico, sus instrumentos deben ofrecerle toda la capacidad y las funciones necesarias para trabajar con rapidez.<\/span><\/li>\n<li><span style=\"font-size: 14pt; font-family: 'Times New Roman', serif;\">La c\u00e1mara termogr\u00e1fica port\u00e1til Fluke TiS20 pone toda la potencia de la termograf\u00eda a su alcance.<\/span><\/li>\n<\/ul>\n<p><span style=\"font-size: 14pt; font-family: 'Times New Roman', serif;\">Esta c\u00e1mara termogr\u00e1fica, dise\u00f1ada para facilitar y agilizar su trabajo, es el instrumento adecuado para:<\/span><\/p>\n<ul>\n<li><span style=\"font-size: 14pt; font-family: 'Times New Roman', serif;\">Electricistas<\/span><\/li>\n<li><span style=\"font-size: 14pt; font-family: 'Times New Roman', serif;\">T\u00e9cnicos de calefacci\u00f3n, ventilaci\u00f3n, aire acondicionado y refrigeraci\u00f3n<\/span><\/li>\n<li><span style=\"font-size: 14pt; font-family: 'Times New Roman', serif;\">T\u00e9cnicos de mantenimiento<\/span><\/li>\n<\/ul>\n<p><span style=\"font-size: 14pt; font-family: 'Times New Roman', serif;\"><br \/>\nSolo tiene que deslizar el dedo por la pantalla para ajustar el nivel de infrarrojos.<\/span><\/p>\n<p><span style=\"font-size: 14pt; font-family: 'Times New Roman', serif;\">Si trabaja mucho durante todo el d\u00eda, tambi\u00e9n deber\u00e1n hacerlo sus instrumentos<br \/>\nNo puede permitirse que la c\u00e1mara termogr\u00e1fica falle a causa del entorno.<\/span><\/p>\n<p><span style=\"font-size: 14pt; font-family: 'Times New Roman', serif;\">Puede dormir tranquilamente sabiendo que la c\u00e1mara podr\u00e1 afrontar cualquier situaci\u00f3n que se presente.<\/span><\/p>\n<ul>\n<li><span style=\"font-size: 14pt; font-family: 'Times New Roman', serif;\">Dise\u00f1ado para soportar ca\u00eddas desde 2 m<\/span><\/li>\n<li><span style=\"font-size: 14pt; font-family: 'Times New Roman', serif;\">Resistente al agua (IP54)<\/span><\/li>\n<li><span style=\"font-size: 14pt; font-family: 'Times New Roman', serif;\">Resistente al polvo (IP54)<\/span><\/li>\n<li><span style=\"font-size: 14pt; font-family: 'Times New Roman', serif; color: black;\">Tipo de medidor c\u00e1mara termogr\u00e1fica<\/span><\/li>\n<li><span style=\"font-size: 14pt; font-family: 'Times New Roman', serif; color: black;\">Clase de display empleado LCD 3,5&#8243; (320&#215;240)<\/span><\/li>\n<li><span style=\"font-size: 14pt; font-family: 'Times New Roman', serif; color: black;\">Campo de medici\u00f3n de temperatura: -20 \u00b0C to 150 \u00b0C (-4\u00b0F to 302\u00b0F)<\/span><\/li>\n<\/ul>\n<p><span style=\"font-size: 14pt; font-family: 'Times New Roman', serif;\">TERMINOS DE VENTA:<\/span><\/p>\n<ul>\n<li><span style=\"font-size: 14pt; font-family: 'Times New Roman', serif;\">Precios expresados en pesos mexicanos.<\/span><\/li>\n<li><span style=\"font-size: 14pt; font-family: 'Times New Roman', serif;\">Precios sujetos a cambio sin previo aviso<\/span><\/li>\n<li><span style=\"font-size: 14pt; font-family: 'Times New Roman', serif;\">Pago: Anticipado v\u00eda transferencia \u00f3 dep\u00f3sito bancario.<\/span><\/li>\n<li><span style=\"font-size: 14pt; font-family: 'Times New Roman', serif;\">Tiempo de entrega: Inmediata o dependiendo existencias.<\/span><\/li>\n<li><span style=\"font-size: 14pt; font-family: 'Times New Roman', serif;\">Garant\u00eda de: 1 a\u00f1o por defectos de fabricaci\u00f3n.<\/span><\/li>\n<li><span style=\"font-size: 14pt; font-family: 'Times New Roman', serif;\">No incluye instalaci\u00f3n, canalizaci\u00f3n, ni obra civil, en caso de requerir por favor contacte al depto. de ventas.<\/span><\/li>\n<li><span style=\"font-size: 14pt; font-family: 'Times New Roman', serif;\">Para consultar existencias, precios sobre la transportaci\u00f3n y\/o los vi\u00e1ticos, por favor contacte con nosotros.<\/span><\/li>\n<li><span style=\"font-size: 14pt; font-family: 'Times New Roman', serif;\">Cualquier duda adicional, consulte a su ejecutivo de ventas.<\/span><\/li>\n<li><span style=\"font-size: 14pt; font-family: 'Times New Roman', serif;\">Contamos con laboratorio para la reparaci\u00f3n de equipos DORLET, ZK TECO, WEJOIN, CAME, ROSSLARE, DIGICON, SYSCOM, AMANO, ACROPRINT, SEIKO, LATHEM, TARGETMAX, KING POWER, SIASA, DAHUA, SUPREMA, INGERSOLL RAND, SCHLAGE <\/span><\/li>\n<\/ul>\n<p>&nbsp;<\/p>\n","protected":false},"excerpt":{"rendered":"<p>FLK-TiS20 9 Hz FLUKE &nbsp; C\u00e1mara para Detecci\u00f3n de temperatura a distancia FLK-TIS20+ 9HZ Detecta de forma oportuna a las personas con temperatura corporal elevada. Detecci\u00f3n de temperatura desde 3m de distancia de forma r\u00e1pida y fiable Ideal para prevenci\u00f3n contra epidemias C\u00e1mara termogr\u00e1fica Fluke TiS20 (9 Hz) Ahorre tiempo con el an\u00e1lisis termogr\u00e1fico adecuado[&#8230;]<\/p>\n","protected":false},"featured_media":4219,"comment_status":"closed","ping_status":"closed","template":"","meta":[],"product_cat":[110],"product_tag":[],"class_list":["post-3756","product","type-product","status-publish","has-post-thumbnail","hentry","product_cat-control-de-acceso","pa_marca-fluke"],"_links":{"self":[{"href":"https:\/\/globalsystem.com.mx\/catalogo\/wp-json\/wp\/v2\/product\/3756","targetHints":{"allow":["GET"]}}],"collection":[{"href":"https:\/\/globalsystem.com.mx\/catalogo\/wp-json\/wp\/v2\/product"}],"about":[{"href":"https:\/\/globalsystem.com.mx\/catalogo\/wp-json\/wp\/v2\/types\/product"}],"replies":[{"embeddable":true,"href":"https:\/\/globalsystem.com.mx\/catalogo\/wp-json\/wp\/v2\/comments?post=3756"}],"version-history":[{"count":3,"href":"https:\/\/globalsystem.com.mx\/catalogo\/wp-json\/wp\/v2\/product\/3756\/revisions"}],"predecessor-version":[{"id":4220,"href":"https:\/\/globalsystem.com.mx\/catalogo\/wp-json\/wp\/v2\/product\/3756\/revisions\/4220"}],"wp:featuredmedia":[{"embeddable":true,"href":"https:\/\/globalsystem.com.mx\/catalogo\/wp-json\/wp\/v2\/media\/4219"}],"wp:attachment":[{"href":"https:\/\/globalsystem.com.mx\/catalogo\/wp-json\/wp\/v2\/media?parent=3756"}],"wp:term":[{"taxonomy":"product_cat","embeddable":true,"href":"https:\/\/globalsystem.com.mx\/catalogo\/wp-json\/wp\/v2\/product_cat?post=3756"},{"taxonomy":"product_tag","embeddable":true,"href":"https:\/\/globalsystem.com.mx\/catalogo\/wp-json\/wp\/v2\/product_tag?post=3756"}],"curies":[{"name":"wp","href":"https:\/\/api.w.org\/{rel}","templated":true}]}}