{"id":3752,"date":"2022-06-03T22:08:42","date_gmt":"2022-06-03T22:08:42","guid":{"rendered":"https:\/\/webs360apps.com\/ismafinal\/product\/controlador-de-acceso-inteligente-asd-4\/"},"modified":"2022-06-12T23:13:56","modified_gmt":"2022-06-12T23:13:56","slug":"controlador-de-acceso-inteligente-asd-4","status":"publish","type":"product","link":"https:\/\/globalsystem.com.mx\/catalogo\/controlador-de-acceso-inteligente-asd-4","title":{"rendered":"CONTROLADOR DE ACCESO INTELIGENTE ASD\/4"},"content":{"rendered":"<p><span style=\"font-size: 18pt;\"><strong><span style=\"font-family: 'Times New Roman', serif;\">unidad de control de acceso (<strong><span style=\"font-family: 'Times New Roman', serif;\">UCA)<\/span><\/strong>\u00a0ASD\/4<\/span><\/strong><\/span><\/p>\n<p><span style=\"font-size: 18pt; font-family: 'Times New Roman', serif;\">REF:\u00a0 D1241001<\/span><\/p>\n<p style=\"font-size: 1.7rem;\"><span style=\"font-size: 18pt;\"><strong><span style=\"font-family: 'Times New Roman', serif;\">El controlador inteligente ASD\/4<\/span><\/strong><span style=\"font-family: 'Times New Roman', serif;\"> esta dise\u00f1ado para interactuar entre los elementos de seguridad instalados en campo y el software de seguridad DASSnet\u2122. Este controlador permite la gesti\u00f3n del control de accesos, intrusi\u00f3n y control de horario &amp; asistencia a la vez.<\/span><\/span><\/p>\n<p>El controlador ASD\/4 es completamente TCP\/IP, permitiendo una comunicaci\u00f3n en tiempo real con el servidor, instalarlo distribuidamente sin limitaciones sobre redes IP dedicadas o existentes y operar de modo aut\u00f3nomo, gracias una base de datos interna capaz de almacenar, procesar y validar informaci\u00f3n cuando la comunicaci\u00f3n con el servidor no es posible.<\/p>\n<p>Todas las versiones del controlador ASD\/4 incluyen caja con tamper de tapa, adaptador de red TCP\/IP, opci\u00f3n de a\u00f1adir bater\u00eda UPS y fuente de alimentaci\u00f3n.<\/p>\n<p>Todos los controladores soportan lectores de terceros fabricantes mediante protocolos clock&amp;data, Wiegand 26, Wiegand 27, Wiegand 32, RS-232 (TTL), etc&#8230; cubriendo la pr\u00e1ctica totalidad del mercado.<\/p>\n<p><span style=\"font-size: 18pt;\"><strong><span style=\"font-family: 'Times New Roman', serif;\">Caracter\u00edsticas:<\/span><\/strong><\/span><\/p>\n<ul>\n<li><span style=\"font-size: 18pt; font-family: 'Times New Roman', serif;\">4 lectores completos de control de accesos y\/o fichaje y 1 entrada auxiliar RS232 para conexionado de lectores de matr\u00edculas, impresoras, displays&#8230;<\/span><\/li>\n<li><span style=\"font-size: 18pt; font-family: 'Times New Roman', serif;\">Alta capacidad: 100,000 tarjetas de empleado, 2,500 de visita, 10,000 matr\u00edculas, 10,000 mensajes de accesos, 1,000 mensajes de alarmas&#8230;<\/span><\/li>\n<li><span style=\"font-size: 18pt; font-family: 'Times New Roman', serif;\">4 salidas (configurables) para cerradura el\u00e9ctrica.<\/span><\/li>\n<li><span style=\"font-size: 18pt; font-family: 'Times New Roman', serif;\">4 entradas de contacto magn\u00e9tico para los lectores, 4 entradas de pulsador para la apertura de puertas, 4 entradas para la inhibici\u00f3n de lectores.<\/span><\/li>\n<li><span style=\"font-size: 18pt; font-family: 'Times New Roman', serif;\">8 entradas supervisadas de proposito general (con detecci\u00f3n de reposo, alarma, cortocircuito, circuito abierto, antimasking y fallo sensor), 2 de ellas configurables como anal\u00f3gicas.<\/span><\/li>\n<li><span style=\"font-size: 18pt; font-family: 'Times New Roman', serif;\">8 salidas digitales por rel\u00e9 de proposito general.<\/span><\/li>\n<li><span style=\"font-size: 18pt; font-family: 'Times New Roman', serif;\">Tamper caja: la caja dispone de tamper para la detecci\u00f3n de separaci\u00f3n de la caja a la pared.<\/span><\/li>\n<li><span style=\"font-size: 18pt; font-family: 'Times New Roman', serif;\">Tamper tapa: la caja dispone de tamper para detecci\u00f3n de la apertura de la misma.<\/span><\/li>\n<li><span style=\"font-size: 18pt; font-family: 'Times New Roman', serif;\">Fuente de alimentaci\u00f3n Grado 3: fuente con detecci\u00f3n de perdida 220 VAC, tensi\u00f3n bater\u00eda baja, fallo de bater\u00eda, tensi\u00f3n salida baja y fallo fuente alimentaci\u00f3n, homologada seg\u00fan norma UNE-EN 50131.<\/span><\/li>\n<\/ul>\n<p><span style=\"font-size: 18pt; font-family: 'Times New Roman', serif;\">Bater\u00eda 12VDC: el modelo G se suministra con bater\u00eda de seguridad de 12 VDC y 7,2 Ah, asegurando el funcionamiento de la UCA durante al menos 4 horas desde el corte de alimentaci\u00f3n.<\/span><\/p>\n<p style=\"margin: 1.5rem 1.5rem 1.5rem 1px; font-size: 1.7rem; width: calc(100% - 2rem); float: right;\"><span style=\"font-size: 18pt; font-family: 'Times New Roman', serif;\">La caja de la UCA dispone de espacio para alojar bater\u00eda de 12 VDC y 7,2 Ah (solo se suministra en la versi\u00f3n G3).<\/span><\/p>\n<p style=\"margin: 1.5rem 1.5rem 1.5rem 1px; font-size: 1.7rem; width: calc(100% - 2rem); float: right;\"><span style=\"font-size: 18pt; font-family: 'Times New Roman', serif;\">En versi\u00f3n G3 la fuente proporciona se\u00f1ales de bater\u00eda baja, fallo de bater\u00eda, tensi\u00f3n de salida baja y fallo de fuente.<\/span><\/p>\n<p style=\"margin: 1.5rem 1.5rem 1.5rem 1px; font-size: 1.7rem; width: calc(100% - 2rem); float: right;\"><span style=\"font-size: 18pt; font-family: 'Times New Roman', serif;\">La UCA permite la alimentaci\u00f3n tanto de lectores como cerraduras y sensores asociados (consultar consumos de cada elemento).<\/span><\/p>\n<p style=\"margin: 1.5rem 1.5rem 1.5rem 1px; font-size: 1.7rem; width: calc(100% - 2rem); float: right;\"><span style=\"font-size: 18pt; font-family: 'Times New Roman', serif;\">La UCA permite la reprogramaci\u00f3n de su memoria FLASH a trav\u00e9s de TCP-IP tanto para cambios de programa como para actualizaciones de firmware, con memoria RAM con bater\u00eda para cortes de alimentaci\u00f3n y retenci\u00f3n de datos.<\/span><\/p>\n<p style=\"margin: 1.5rem 1.5rem 1.5rem 1px; font-size: 1.7rem; width: calc(100% - 2rem); cursor: pointer; float: right;\" data-toggle=\"collapse\"><span style=\"font-size: 18pt; font-family: 'Times New Roman', serif;\">Las entradas y salidas pueden variar su uso en funci\u00f3n de la configuraci\u00f3n de la UCA (barrera, torno&#8230;) permitiendo as\u00ed la maniobra de sem\u00e1foros, contadores, lazos de inducci\u00f3n&#8230;<\/span><\/p>\n<p style=\"margin: 1.5rem 1.5rem 1.5rem 1px; font-size: 1.7rem; width: calc(100% - 2rem); float: right;\"><span style=\"font-size: 18pt; font-family: 'Times New Roman', serif;\">Las entradas supervisadas permiten la detecci\u00f3n de estados de cortocircuito, antimasking, fallo de sensor, corte de cable en los sensores conectados, reposo y alarma.<\/span><\/p>\n<p style=\"margin: 1.5rem 1.5rem 1.5rem 1px; font-size: 1.7rem; width: calc(100% - 2rem); float: right;\">\n<p><span style=\"font-size: 18pt;\"><strong><span style=\"font-family: 'Times New Roman', serif;\">Antipassback:<\/span><\/strong><\/span><\/p>\n<ul>\n<li><span style=\"font-size: 18pt; font-family: 'Times New Roman', serif;\">Intimidaci\u00f3n<\/span><\/li>\n<li><span style=\"font-size: 18pt; font-family: 'Times New Roman', serif;\">Detecci\u00f3n de caida de red<\/span><\/li>\n<li><span style=\"font-size: 18pt; font-family: 'Times New Roman', serif;\">Detecci\u00f3n puerta forzada<\/span><\/li>\n<li><span style=\"font-size: 18pt; font-family: 'Times New Roman', serif;\">Detecci\u00f3n puerta dejada abierta<\/span><\/li>\n<li><span style=\"font-size: 18pt; font-family: 'Times New Roman', serif;\">Tarjetas biestables<\/span><\/li>\n<li><span style=\"font-size: 18pt; font-family: 'Times New Roman', serif;\">Tarjetas especiales<\/span><\/li>\n<\/ul>\n<p>&nbsp;<\/p>\n<ul>\n<li><span style=\"font-size: 18pt; font-family: 'Times New Roman', serif;\">Precios expresados en pesos mexicanos.<\/span><\/li>\n<li><span style=\"font-size: 18pt; font-family: 'Times New Roman', serif;\">Precios sujetos a cambio sin previo aviso<\/span><\/li>\n<li><span style=\"font-size: 18pt; font-family: 'Times New Roman', serif;\">Pago: Anticipado v\u00eda transferencia \u00f3 dep\u00f3sito bancario.<\/span><\/li>\n<li><span style=\"font-size: 18pt; font-family: 'Times New Roman', serif;\">Tiempo de entrega: Inmediata o dependiendo existencias.<\/span><\/li>\n<li><span style=\"font-size: 18pt; font-family: 'Times New Roman', serif;\">Garant\u00eda de: 1 a\u00f1o por defectos de fabricaci\u00f3n.<\/span><\/li>\n<li><span style=\"font-size: 18pt; font-family: 'Times New Roman', serif;\">No incluye instalaci\u00f3n, canalizaci\u00f3n, ni obra civil, en caso de requerir por favor contacte al depto. de ventas.<\/span><\/li>\n<li><span style=\"font-size: 18pt; font-family: 'Times New Roman', serif;\">Para consultar existencias, precios sobre la transportaci\u00f3n y\/o los vi\u00e1ticos, por favor contacte con nosotros.<\/span><\/li>\n<li><span style=\"font-size: 18pt; font-family: 'Times New Roman', serif;\">Cualquier duda adicional, consulte a su ejecutivo de ventas.<\/span><\/li>\n<li><span style=\"font-size: 18pt; font-family: 'Times New Roman', serif;\">Contamos con laboratorio para la reparaci\u00f3n de equipos DORLET, ZK Teco, Wejoin, CAME, ROSSLARE, Digicon, SYSCOM.<\/span><\/li>\n<\/ul>\n","protected":false},"excerpt":{"rendered":"<p>unidad de control de acceso (UCA)\u00a0ASD\/4 REF:\u00a0 D1241001 El controlador inteligente ASD\/4 esta dise\u00f1ado para interactuar entre los elementos de seguridad instalados en campo y el software de seguridad DASSnet\u2122. Este controlador permite la gesti\u00f3n del control de accesos, intrusi\u00f3n y control de horario &amp; asistencia a la vez. El controlador ASD\/4 es completamente TCP\/IP,[&#8230;]<\/p>\n","protected":false},"featured_media":4303,"comment_status":"closed","ping_status":"closed","template":"","meta":[],"product_cat":[110,36],"product_tag":[],"class_list":["post-3752","product","type-product","status-publish","has-post-thumbnail","hentry","product_cat-control-de-acceso","product_cat-control-de-acceso-marca-dorlet","pa_marca-dorlet"],"_links":{"self":[{"href":"https:\/\/globalsystem.com.mx\/catalogo\/wp-json\/wp\/v2\/product\/3752","targetHints":{"allow":["GET"]}}],"collection":[{"href":"https:\/\/globalsystem.com.mx\/catalogo\/wp-json\/wp\/v2\/product"}],"about":[{"href":"https:\/\/globalsystem.com.mx\/catalogo\/wp-json\/wp\/v2\/types\/product"}],"replies":[{"embeddable":true,"href":"https:\/\/globalsystem.com.mx\/catalogo\/wp-json\/wp\/v2\/comments?post=3752"}],"version-history":[{"count":3,"href":"https:\/\/globalsystem.com.mx\/catalogo\/wp-json\/wp\/v2\/product\/3752\/revisions"}],"predecessor-version":[{"id":4305,"href":"https:\/\/globalsystem.com.mx\/catalogo\/wp-json\/wp\/v2\/product\/3752\/revisions\/4305"}],"wp:featuredmedia":[{"embeddable":true,"href":"https:\/\/globalsystem.com.mx\/catalogo\/wp-json\/wp\/v2\/media\/4303"}],"wp:attachment":[{"href":"https:\/\/globalsystem.com.mx\/catalogo\/wp-json\/wp\/v2\/media?parent=3752"}],"wp:term":[{"taxonomy":"product_cat","embeddable":true,"href":"https:\/\/globalsystem.com.mx\/catalogo\/wp-json\/wp\/v2\/product_cat?post=3752"},{"taxonomy":"product_tag","embeddable":true,"href":"https:\/\/globalsystem.com.mx\/catalogo\/wp-json\/wp\/v2\/product_tag?post=3752"}],"curies":[{"name":"wp","href":"https:\/\/api.w.org\/{rel}","templated":true}]}}