{"id":3750,"date":"2022-06-03T22:08:42","date_gmt":"2022-06-03T22:08:42","guid":{"rendered":"https:\/\/webs360apps.com\/ismafinal\/product\/evopass-40-lector-biometrico-de-huella-dactilar-con-lector-de-proximidad-mifare-desfire\/"},"modified":"2022-06-12T23:18:46","modified_gmt":"2022-06-12T23:18:46","slug":"evopass-40-lector-biometrico-de-huella-dactilar-con-lector-de-proximidad-mifare-desfire","status":"publish","type":"product","link":"https:\/\/globalsystem.com.mx\/catalogo\/evopass-40-lector-biometrico-de-huella-dactilar-con-lector-de-proximidad-mifare-desfire","title":{"rendered":"EVOpass\u00ae 40 Lector biom\u00e9trico de huella dactilar con lector de proximidad MIFARE\u00ae DESFIRE\u00ae"},"content":{"rendered":"<p><span style=\"font-size: 18pt; font-family: 'times new roman', times;\">EVOpass\u00ae 40<\/span><\/p>\n<p><span style=\"font-size: 18pt; font-family: 'times new roman', times;\">REF: PL40<\/span><\/p>\n<p><span style=\"font-size: 18pt; font-family: 'times new roman', times;\">Lector biom\u00e9trico de huella dactilar con lector de proximidad MIFARE\u00ae DESFIRE\u00ae, permitiendo en este caso el acceso con la combinaci\u00f3n de ambas tecnolog\u00edas:<\/span><\/p>\n<p><span style=\"font-size: 18pt; font-family: 'times new roman', times;\">&#8211; Solo huella<\/span><br \/>\n<span style=\"font-size: 18pt; font-family: 'times new roman', times;\">&#8211; Solo tarjeta<\/span><br \/>\n<span style=\"font-size: 18pt; font-family: 'times new roman', times;\">&#8211; Huella y tarjeta<\/span><br \/>\n<span style=\"font-size: 18pt; font-family: 'times new roman', times;\">&#8211; Huella en tarjeta<\/span><br \/>\n<span style=\"font-size: 18pt; font-family: 'times new roman', times;\">&#8211; BLE<\/span><\/p>\n<p><span style=\"font-size: 18pt; font-family: 'times new roman', times;\">Este lector permite realizar tanto la lectura del CSN (Chip Serial Number) de la tarjeta, como lectura-escritura de datos en la memoria de la misma. El acceso a dichos datos puede ser a trav\u00e9s de clave criptogr\u00e1fica para una transacci\u00f3n m\u00e1s segura de la informaci\u00f3n (Grado 4 de Accesos).<\/span><\/p>\n<p><span style=\"font-size: 18pt; font-family: 'times new roman', times;\">Puede incluir un teclado de 12 teclas que permite la identificaci\u00f3n factor doble con tarjeta y c\u00f3digo.<\/span><\/p>\n<p><span style=\"font-size: 18pt; font-family: 'times new roman', times;\">Este lector dispone de sensor biom\u00e9trico con microprocesador STM32L4. La lectura se realiza a trav\u00e9s de un sensor \u00f3ptico con resoluci\u00f3n de 500 dpi. La superficie de lectura es de 15x22mm.<\/span><\/p>\n<p><span style=\"font-size: 18pt; font-family: 'times new roman', times;\">El lector puede almacenar hasta 2 huellas por usuario y puede suministrarse (funcionamiento 1:n) con capacidad para 3.000 o 5.000 usuarios.<\/span><\/p>\n<p><span style=\"font-size: 18pt; font-family: 'times new roman', times;\">Caracter\u00edsticas<\/span><\/p>\n<p><span style=\"font-size: 18pt; font-family: 'times new roman', times;\">Fabricado en Policarbonato ABS de alta resistencia.<\/span><\/p>\n<p><span style=\"font-size: 18pt; font-family: 'times new roman', times;\">Interface altamente intuitivo a base de LEDS de diferentes colores: azul, rojo y verde; as\u00ed como a trav\u00e9s de zumbador.<\/span><\/p>\n<p><span style=\"font-size: 18pt; font-family: 'times new roman', times;\">Posibilidad de instalaci\u00f3n tanto en interiores como en exteriores.<\/span><\/p>\n<p><span style=\"font-size: 18pt; font-family: 'times new roman', times;\">La tecnolog\u00eda de proximidad disponible Mifare \u00ae Desfire \u00ae ISO14443A (13,56 MHz) con capacidad de lectura y escritura sobre la tarjeta.<\/span><\/p>\n<p><span style=\"font-size: 18pt; font-family: 'times new roman', times;\">Permite adem\u00e1s leer el CSN de tarjetas Mifare \u00ae Ultralight, Mifare \u00ae Desfire \u00ae , Mifare \u00ae Desfire \u00ae EV1.<\/span><\/p>\n<p><span style=\"font-size: 18pt; font-family: 'times new roman', times;\">Aconsejado tanto para instalaciones de control de accesos con funcionamiento centralizado como con funcionamiento DOC (Dorlet On card).<\/span><\/p>\n<p><span style=\"font-size: 18pt; font-family: 'times new roman', times;\">Montaje en superficie sobre caja de mecanismo el\u00e9ctrico universal, amarre con tornillos-tirafondos sobre chapa suministrada.<\/span><\/p>\n<p><span style=\"font-size: 18pt; font-family: 'times new roman', times;\">Conectable a cualquier UCA de control de acceso DORLET de las series AS, ASD, AHS.<\/span><\/p>\n<p><span style=\"font-size: 18pt; font-family: 'times new roman', times;\">Especificaciones t\u00e9cnicas:<\/span><\/p>\n<p><span style=\"font-size: 18pt; font-family: 'times new roman', times;\">\u00b7 Bluetooth: Bluetooth Low Energy (BLE) v5.0<\/span><\/p>\n<p><span style=\"font-size: 18pt; font-family: 'times new roman', times;\">\u00b7 Protecci\u00f3n: IP65, IK04<\/span><\/p>\n<p><span style=\"font-size: 18pt; font-family: 'times new roman', times;\">\u00b7 Posibilidad de escritura: S\u00ed<\/span><\/p>\n<p><span style=\"font-size: 18pt; font-family: 'times new roman', times;\">\u00b7 Modo de lectura: Proximidad MIFARE \u00ae \u00f3 DESFire \u00ae<\/span><\/p>\n<p><span style=\"font-size: 18pt; font-family: 'times new roman', times;\">\u00b7 Material: Policarbonato + ABS<\/span><\/p>\n<p><span style=\"font-size: 18pt; font-family: 'times new roman', times;\">\u00b7 Dimensiones: 148 x 84,82 x 53,62 mm<\/span><\/p>\n<p><span style=\"font-size: 18pt; font-family: 'times new roman', times;\">\u00b7 Consumo m\u00e1ximo: 300 mA<\/span><\/p>\n<p><span style=\"font-size: 18pt; font-family: 'times new roman', times;\">\u00b7 Conexionado: 4 hilos (consultar tipo cable en manual)<\/span><\/p>\n<p><span style=\"font-size: 18pt; font-family: 'times new roman', times;\">\u00b7 Capacidad biom\u00e9trico (1 \u00f3 2 huellas): 3.000, 5.000 \u00f3 sin limite (grabando huella en tarjeta)<\/span><\/p>\n<p><span style=\"font-size: 18pt; font-family: 'times new roman', times;\">\u00b7 Alimentaci\u00f3n: 12 Vdc<\/span><\/p>\n<p><span style=\"font-size: 18pt; font-family: 'times new roman', times;\">\u00b7 Rango funcionamiento: de -10\u00baC a 55\u00baC (hasta 93% humedad)<\/span><\/p>\n<p><span style=\"font-size: 18pt; font-family: 'times new roman', times;\">\u00b7 Acabado: Negro<\/span><\/p>\n<p><span style=\"font-size: 18pt; font-family: 'times new roman', times;\">\u00b7 Rango de lectura NFC (R\/W): Hasta 5 cm. (3 cm.)<\/span><\/p>\n<p><span style=\"font-size: 18pt; font-family: 'times new roman', times;\">\u00b7 Se\u00f1alizaci\u00f3n: Led azul-rojo-verde y zumbador<\/span><\/p>\n<p><span style=\"font-size: 18pt; font-family: 'times new roman', times;\">\u00b7 Sensor biom\u00e9trico: Tecnolog\u00eda \u00f3ptica (procesador STM32L4)<\/span><\/p>\n<p><span style=\"font-size: 18pt; font-family: 'times new roman', times;\">\u00b7 Teclado: Opcional<\/span><\/p>\n<p><span style=\"font-size: 18pt; font-family: 'times new roman', times;\">\u00b7 Tama\u00f1o sensor bio: 15 x 22 mm.<\/span><\/p>\n<p><span style=\"font-size: 18pt; font-family: 'times new roman', times;\">Precios expresados en pesos mexicanos.<\/span><\/p>\n<p><span style=\"font-size: 18pt; font-family: 'times new roman', times;\">Precios sujetos a cambio sin previo aviso<\/span><\/p>\n<p><span style=\"font-size: 18pt; font-family: 'times new roman', times;\">Pago: Anticipado v\u00eda transferencia \u00f3 dep\u00f3sito bancario.<\/span><\/p>\n<p><span style=\"font-size: 18pt; font-family: 'times new roman', times;\">Tiempo de entrega: Inmediata o dependiendo existencias.<\/span><\/p>\n<p><span style=\"font-size: 18pt; font-family: 'times new roman', times;\">Garant\u00eda de: 1 a\u00f1o por defectos de fabricaci\u00f3n.<\/span><\/p>\n<p><span style=\"font-size: 18pt; font-family: 'times new roman', times;\">No incluye instalaci\u00f3n, canalizaci\u00f3n, ni obra civil, en caso de requerir por favor contacte al depto. de ventas.<\/span><\/p>\n<p><span style=\"font-size: 18pt; font-family: 'times new roman', times;\">Para consultar existencias, precios sobre la transportaci\u00f3n y\/o los vi\u00e1ticos, por favor contacte con nosotros.<\/span><\/p>\n<p><span style=\"font-size: 18pt; font-family: 'times new roman', times;\">Cualquier duda adicional, consulte a su ejecutivo de ventas.<\/span><\/p>\n<p><span style=\"font-size: 18pt; font-family: 'times new roman', times;\">Contamos con laboratorio para la reparaci\u00f3n de equipos DORLET, ZKTeco, Wejoin, CAME, ROSSLARE, Digicon, SYSCOM.<\/span><\/p>\n","protected":false},"excerpt":{"rendered":"<p>EVOpass\u00ae 40 REF: PL40 Lector biom\u00e9trico de huella dactilar con lector de proximidad MIFARE\u00ae DESFIRE\u00ae, permitiendo en este caso el acceso con la combinaci\u00f3n de ambas tecnolog\u00edas: &#8211; Solo huella &#8211; Solo tarjeta &#8211; Huella y tarjeta &#8211; Huella en tarjeta &#8211; BLE Este lector permite realizar tanto la lectura del CSN (Chip Serial Number)[&#8230;]<\/p>\n","protected":false},"featured_media":4307,"comment_status":"closed","ping_status":"closed","template":"","meta":[],"product_cat":[110,36],"product_tag":[],"class_list":["post-3750","product","type-product","status-publish","has-post-thumbnail","hentry","product_cat-control-de-acceso","product_cat-control-de-acceso-marca-dorlet","pa_marca-dorlet"],"_links":{"self":[{"href":"https:\/\/globalsystem.com.mx\/catalogo\/wp-json\/wp\/v2\/product\/3750","targetHints":{"allow":["GET"]}}],"collection":[{"href":"https:\/\/globalsystem.com.mx\/catalogo\/wp-json\/wp\/v2\/product"}],"about":[{"href":"https:\/\/globalsystem.com.mx\/catalogo\/wp-json\/wp\/v2\/types\/product"}],"replies":[{"embeddable":true,"href":"https:\/\/globalsystem.com.mx\/catalogo\/wp-json\/wp\/v2\/comments?post=3750"}],"version-history":[{"count":3,"href":"https:\/\/globalsystem.com.mx\/catalogo\/wp-json\/wp\/v2\/product\/3750\/revisions"}],"predecessor-version":[{"id":4309,"href":"https:\/\/globalsystem.com.mx\/catalogo\/wp-json\/wp\/v2\/product\/3750\/revisions\/4309"}],"wp:featuredmedia":[{"embeddable":true,"href":"https:\/\/globalsystem.com.mx\/catalogo\/wp-json\/wp\/v2\/media\/4307"}],"wp:attachment":[{"href":"https:\/\/globalsystem.com.mx\/catalogo\/wp-json\/wp\/v2\/media?parent=3750"}],"wp:term":[{"taxonomy":"product_cat","embeddable":true,"href":"https:\/\/globalsystem.com.mx\/catalogo\/wp-json\/wp\/v2\/product_cat?post=3750"},{"taxonomy":"product_tag","embeddable":true,"href":"https:\/\/globalsystem.com.mx\/catalogo\/wp-json\/wp\/v2\/product_tag?post=3750"}],"curies":[{"name":"wp","href":"https:\/\/api.w.org\/{rel}","templated":true}]}}