{"id":3736,"date":"2022-06-03T22:08:39","date_gmt":"2022-06-03T22:08:39","guid":{"rendered":"https:\/\/webs360apps.com\/ismafinal\/product\/zk-pt100pak-sistema-de-rondines-para-patrullaje-ip65-hasta-500-huellas-digitales-incluye-10-tags-zkltid-puntos-de-ronda-soporta-hasta-1000-puntos-de-ronda-30000-eventos-usb\/"},"modified":"2022-06-13T03:05:58","modified_gmt":"2022-06-13T03:05:58","slug":"zk-pt100pak-sistema-de-rondines-para-patrullaje-ip65-hasta-500-huellas-digitales-incluye-10-tags-zkltid-puntos-de-ronda-soporta-hasta-1000-puntos-de-ronda-30000-eventos-usb","status":"publish","type":"product","link":"https:\/\/globalsystem.com.mx\/catalogo\/zk-pt100pak-sistema-de-rondines-para-patrullaje-ip65-hasta-500-huellas-digitales-incluye-10-tags-zkltid-puntos-de-ronda-soporta-hasta-1000-puntos-de-ronda-30000-eventos-usb","title":{"rendered":"ZK PT100PAK &#8211; SISTEMA DE RONDINES PARA PATRULLAJE\/ IP65\/HASTA 500 HUELLAS DIGITALES \/ INCLUYE 10 TAGS ZKLTID (PUNTOS DE RONDA)\/SOPORTA HASTA 1000 PUNTOS DE RONDA\/ 30,000 EVENTOS\/ U"},"content":{"rendered":"<p style=\"text-align: justify;\"><strong><span style=\"font-size: 14pt; color: black; background: white;\">Reloj para rondas de vigilancia, con lector de proximidad y huella digital <\/span><\/strong><\/p>\n<p style=\"text-align: justify;\"><strong><span style=\"font-size: 14pt; font-family: 'Times New Roman', serif; color: black;\">PT100<\/span><\/strong><span style=\"font-size: 14pt; font-family: 'Times New Roman', serif; color: black;\"> es un dispositivo de patrullaje de huella digital con pantalla LCD de 1.44 pulgadas. Ayuda a asegurar que el empleado realice sus rondas apropiadamente en los intervalos correctos. Puede ofrecer un registro virtualmente indiscutible para asuntos legales o inquietudes de seguro.<\/span><\/p>\n<p style=\"text-align: justify;\"><span style=\"font-size: 14pt; font-family: 'Times New Roman', serif; color: black;\">Este dispositivo port\u00e1til puede ser utilizado para el Guardia de Seguridad, Mantenimiento de Equipos, Control de Flota, Ruta de Servicios de Jardiner\u00eda, Rutas de Entrega, Rutas del Personal de Ventas, Rutas de Respuesta de Alarmas, Rutas de Extintores de Incendios, Rutas de Servicio de Limpieza y Rutas de Mantenimiento.<\/span><\/p>\n<p style=\"text-align: justify;\"><strong><span style=\"font-size: 14pt; font-family: 'Times New Roman', serif;\">Caracter\u00edsticas principales<\/span><\/strong><\/p>\n<p style=\"text-align: justify;\"><span style=\"font-size: 14pt; font-family: 'Times New Roman', serif; color: black;\">\u2022 Pantalla LCD a Color de 1.44 Pulgadas.<\/span><\/p>\n<p style=\"text-align: justify;\"><span style=\"font-size: 14pt; font-family: 'Times New Roman', serif; color: black;\">\u2022 Autentificaci\u00f3n de Huella Digital, Precisa y Conveniente<\/span><\/p>\n<p style=\"text-align: justify;\"><span style=\"font-size: 14pt; font-family: 'Times New Roman', serif; color: black;\">\u2022 Lector de Tarjetas y Etiquetas de Proximidad EM125 KHz.<\/span><\/p>\n<p style=\"text-align: justify;\"><span style=\"font-size: 14pt; font-family: 'Times New Roman', serif; color: black;\">\u2022 Dise\u00f1o Robusto a Prueba de Golpes, Anti Ca\u00eddas (soporta hasta 1 metro)<\/span><\/p>\n<p style=\"text-align: justify;\"><span style=\"font-size: 14pt; font-family: 'Times New Roman', serif; color: black;\">\u2022 IP65 Resistente al Agua y al Polvo.<\/span><\/p>\n<p style=\"text-align: justify;\"><span style=\"font-size: 14pt; font-family: 'Times New Roman', serif; color: black;\">\u2022 Poco Consumo de Energ\u00eda, 7 D\u00edas en Espera y de Trabajo hasta 12 Horas.<\/span><\/p>\n<p style=\"text-align: justify;\"><span style=\"font-size: 14pt; font-family: 'Times New Roman', serif; color: black;\">\u2022Software Dedicado a la Configuraci\u00f3n del Sistema, Recopilaci\u00f3n de Datos y Elaboraci\u00f3n de Reportes<\/span><\/p>\n<p style=\"text-align: justify;\"><span style=\"font-size: 14pt; font-family: 'Times New Roman', serif; color: black;\">\u2022 SDK Disponible para Desarrollo.<\/span><\/p>\n<p style=\"text-align: justify;\"><span style=\"font-size: 14pt; font-family: 'Times New Roman', serif; color: red;\">\u00a0 \u00a0 \u00a0 \u00a0 \u00a0 \u00a0 \u00a0<\/span><\/p>\n<p style=\"text-align: justify;\"><span style=\"font-size: 14pt; font-family: 'Times New Roman', serif; color: red;\">ESTE EQUIPO NO FUNCIONA COMO ENRLOlADOR DE HUELLA \u00a0AL AGREGAR USUARIOS EN EL SOFTWARE<\/span><\/p>\n<p style=\"text-align: justify;\"><span style=\"font-size: 14pt; font-family: 'Times New Roman', serif; color: black;\">Equipos a utilizar para enrolar huella:\u00a0<span style=\"border: 1pt none windowtext; padding: 0cm;\">zk7500<\/span><\/span><\/p>\n<p style=\"text-align: justify;\"><span style=\"font-size: 14pt; font-family: 'Times New Roman', serif; color: black;\">Sistema operativo recomendado para el uso del equipo:\u00a0<\/span><\/p>\n<p style=\"text-align: justify;\"><strong><span style=\"font-size: 14pt; color: black;\">Windows 7\u00a0Profesional<\/span><\/strong><\/p>\n<p style=\"text-align: justify;\"><span style=\"font-size: 14pt; font-family: 'Times New Roman', serif;\">Especificaciones<\/span><\/p>\n<table style=\"background: white;\" border=\"1\" cellspacing=\"0\" cellpadding=\"0\">\n<tbody>\n<tr>\n<td style=\"padding: 0.75pt;\"><strong><span style=\"font-size: 14pt; font-family: 'Times New Roman', serif; color: #333f50;\">Sensor de Huella Digital<\/span><\/strong><\/td>\n<td style=\"padding: 0.75pt;\" valign=\"top\"><\/td>\n<td style=\"padding: 0.75pt;\"><span style=\"font-size: 14pt; font-family: 'Times New Roman', serif; color: #333f50;\">Infrarrojo, Auto Hibernaci\u00f3n, Sensor \u00d3ptico<\/span><\/td>\n<\/tr>\n<tr>\n<td style=\"padding: 0.75pt;\"><strong><span style=\"font-size: 14pt; font-family: 'Times New Roman', serif; color: #333f50;\">Capacidad de Huellas<\/span><\/strong><\/td>\n<td style=\"padding: 0.75pt;\" valign=\"top\"><\/td>\n<td style=\"padding: 0.75pt;\"><span style=\"font-size: 14pt; font-family: 'Times New Roman', serif; color: #333f50;\">500<\/span><\/td>\n<\/tr>\n<tr>\n<td style=\"padding: 0.75pt;\"><strong><span style=\"font-size: 14pt; font-family: 'Times New Roman', serif; color: #333f50;\">Capacidad de Tarjetas o Tags<\/span><\/strong><\/td>\n<td style=\"padding: 0.75pt;\" valign=\"top\"><\/td>\n<td style=\"padding: 0.75pt;\"><span style=\"font-size: 14pt; font-family: 'Times New Roman', serif; color: #333f50;\">1000<\/span><\/td>\n<\/tr>\n<tr>\n<td style=\"padding: 0.75pt;\"><strong><span style=\"font-size: 14pt; font-family: 'Times New Roman', serif; color: #333f50;\">Capacidad de Eventos<\/span><\/strong><\/td>\n<td style=\"padding: 0.75pt;\" valign=\"top\"><\/td>\n<td style=\"padding: 0.75pt;\"><span style=\"font-size: 14pt; font-family: 'Times New Roman', serif; color: #333f50;\">30000<\/span><\/td>\n<\/tr>\n<tr>\n<td style=\"padding: 0.75pt;\"><strong><span style=\"font-size: 14pt; font-family: 'Times New Roman', serif; color: #333f50;\">Comunicaci\u00f3n<\/span><\/strong><\/td>\n<td style=\"padding: 0.75pt;\" valign=\"top\"><\/td>\n<td style=\"padding: 0.75pt;\"><span style=\"font-size: 14pt; font-family: 'Times New Roman', serif; color: #333f50;\">USB-Cliente<\/span><\/td>\n<\/tr>\n<tr>\n<td style=\"padding: 0.75pt;\"><strong><span style=\"font-size: 14pt; font-family: 'Times New Roman', serif; color: #333f50;\">Fuente de Alimentaci\u00f3n<\/span><\/strong><\/td>\n<td style=\"padding: 0.75pt;\" valign=\"top\"><\/td>\n<td style=\"padding: 0.75pt;\"><span style=\"font-size: 14pt; font-family: 'Times New Roman', serif; color: #333f50;\">5V, 800 mA<\/span><\/td>\n<\/tr>\n<tr>\n<td style=\"padding: 0.75pt;\"><strong><span style=\"font-size: 14pt; font-family: 'Times New Roman', serif; color: #333f50;\">Bater\u00eda<\/span><\/strong><\/td>\n<td style=\"padding: 0.75pt;\" valign=\"top\"><\/td>\n<td style=\"padding: 0.75pt;\"><span style=\"font-size: 14pt; font-family: 'Times New Roman', serif; color: #333f50;\">2000mA Bater\u00eda de Litio<\/span><\/td>\n<\/tr>\n<tr>\n<td style=\"padding: 0.75pt;\"><strong><span style=\"font-size: 14pt; font-family: 'Times New Roman', serif; color: #333f50;\">Temperatura de Operaci\u00f3n<\/span><\/strong><\/td>\n<td style=\"padding: 0.75pt;\" valign=\"top\"><\/td>\n<td style=\"padding: 0.75pt;\"><span style=\"font-size: 14pt; font-family: 'Times New Roman', serif; color: #333f50;\">-10\u00b0C a 40\u00b0C<\/span><\/td>\n<\/tr>\n<tr>\n<td style=\"padding: 0.75pt;\"><strong><span style=\"font-size: 14pt; font-family: 'Times New Roman', serif; color: #333f50;\">Dimensiones<\/span><\/strong><\/td>\n<td style=\"padding: 0.75pt;\" valign=\"top\"><\/td>\n<td style=\"padding: 0.75pt;\"><span style=\"font-size: 14pt; font-family: 'Times New Roman', serif; color: #333f50;\">162 x \u00a052 x 46 (mm)<\/span><\/td>\n<\/tr>\n<tr>\n<td style=\"padding: 0.75pt;\"><strong><span style=\"font-size: 14pt; font-family: 'Times New Roman', serif; color: #333f50;\">Peso Total<\/span><\/strong><\/td>\n<td style=\"padding: 0.75pt;\" valign=\"top\"><\/td>\n<td style=\"padding: 0.75pt;\"><span style=\"font-size: 14pt; font-family: 'Times New Roman', serif; color: #333f50;\">0.22 Kg<\/span><\/td>\n<\/tr>\n<tr>\n<td style=\"padding: 0.75pt;\"><strong><span style=\"font-size: 14pt; font-family: 'Times New Roman', serif; color: #333f50;\">Grado de Protecci\u00f3n<\/span><\/strong><\/td>\n<td style=\"padding: 0.75pt;\" valign=\"top\"><\/td>\n<td style=\"padding: 0.75pt;\"><span style=\"font-size: 14pt; font-family: 'Times New Roman', serif; color: #333f50;\">IP65<\/span><\/td>\n<\/tr>\n<\/tbody>\n<\/table>\n<p style=\"text-align: justify;\"><span style=\"font-size: 14pt; font-family: 'Times New Roman', serif;\">Pago: Anticipado v\u00eda transferencia o dep\u00f3sito bancario. <\/span><\/p>\n<p style=\"text-align: justify;\"><span style=\"font-size: 14pt; font-family: 'Times New Roman', serif;\">Tiempo de entrega: Inmediata o dependiendo existencias. <\/span><\/p>\n<p style=\"text-align: justify;\"><span style=\"font-size: 14pt; font-family: 'Times New Roman', serif;\">Incluye: Instalaci\u00f3n del equipo dentro del areametropolitana CDMX y software para control de asistencias, soporte telef\u00f3nico y\/o remoto ilimitado.<\/span><\/p>\n<p style=\"text-align: justify;\"><span style=\"font-size: 14pt; font-family: 'Times New Roman', serif;\">Garant\u00eda de: 1 a\u00f1o por defectos de fabricaci\u00f3n. <\/span><\/p>\n<p style=\"text-align: justify;\"><span style=\"font-size: 14pt; font-family: 'Times New Roman', serif;\">No incluye canalizaci\u00f3n, ni obra civil, en caso de requerir por favor contacte al depto. de ventas.<\/span><\/p>\n<p style=\"text-align: justify;\"><span style=\"font-size: 14pt; font-family: 'Times New Roman', serif;\">No incluye Instalaci\u00f3n de los tags (puntos de rondas), en caso de requerir por favor contacte al depto. de ventas. <\/span><\/p>\n<p style=\"text-align: justify;\"><span style=\"font-size: 14pt; font-family: 'Times New Roman', serif;\">Contamos con talleres propios, para el mantenimiento y\/o reparaci\u00f3n de los equipos, refacciones y consumibles. <\/span><\/p>\n<p style=\"text-align: justify;\"><span style=\"font-size: 14pt; font-family: 'Times New Roman', serif;\">Tambi\u00e9n contamos con servicio de mantenimiento preventivo o correctivo, reparaci\u00f3n, capacitaci\u00f3n para la administraci\u00f3n del software de control de asistencia, acceso o videovigilancia, a domicilio. <\/span><\/p>\n<p style=\"text-align: justify;\"><span style=\"font-size: 14pt; font-family: 'Times New Roman', serif;\">Cualquier duda adicional por favor, consulte a su ejecutivo de ventas. <\/span><\/p>\n","protected":false},"excerpt":{"rendered":"<p>Reloj para rondas de vigilancia, con lector de proximidad y huella digital PT100 es un dispositivo de patrullaje de huella digital con pantalla LCD de 1.44 pulgadas. Ayuda a asegurar que el empleado realice sus rondas apropiadamente en los intervalos correctos. Puede ofrecer un registro virtualmente indiscutible para asuntos legales o inquietudes de seguro. Este[&#8230;]<\/p>\n","protected":false},"featured_media":4447,"comment_status":"closed","ping_status":"closed","template":"","meta":[],"product_cat":[32],"product_tag":[],"class_list":["post-3736","product","type-product","status-publish","has-post-thumbnail","hentry","product_cat-control-de-rondas-o-rondines-de-vigilancia","pa_marca-zkteco"],"_links":{"self":[{"href":"https:\/\/globalsystem.com.mx\/catalogo\/wp-json\/wp\/v2\/product\/3736","targetHints":{"allow":["GET"]}}],"collection":[{"href":"https:\/\/globalsystem.com.mx\/catalogo\/wp-json\/wp\/v2\/product"}],"about":[{"href":"https:\/\/globalsystem.com.mx\/catalogo\/wp-json\/wp\/v2\/types\/product"}],"replies":[{"embeddable":true,"href":"https:\/\/globalsystem.com.mx\/catalogo\/wp-json\/wp\/v2\/comments?post=3736"}],"version-history":[{"count":3,"href":"https:\/\/globalsystem.com.mx\/catalogo\/wp-json\/wp\/v2\/product\/3736\/revisions"}],"predecessor-version":[{"id":4451,"href":"https:\/\/globalsystem.com.mx\/catalogo\/wp-json\/wp\/v2\/product\/3736\/revisions\/4451"}],"wp:featuredmedia":[{"embeddable":true,"href":"https:\/\/globalsystem.com.mx\/catalogo\/wp-json\/wp\/v2\/media\/4447"}],"wp:attachment":[{"href":"https:\/\/globalsystem.com.mx\/catalogo\/wp-json\/wp\/v2\/media?parent=3736"}],"wp:term":[{"taxonomy":"product_cat","embeddable":true,"href":"https:\/\/globalsystem.com.mx\/catalogo\/wp-json\/wp\/v2\/product_cat?post=3736"},{"taxonomy":"product_tag","embeddable":true,"href":"https:\/\/globalsystem.com.mx\/catalogo\/wp-json\/wp\/v2\/product_tag?post=3736"}],"curies":[{"name":"wp","href":"https:\/\/api.w.org\/{rel}","templated":true}]}}