{"id":3730,"date":"2022-06-03T22:08:39","date_gmt":"2022-06-03T22:08:39","guid":{"rendered":"https:\/\/webs360apps.com\/ismafinal\/product\/zk-inbio260-control-de-acceso-para-2-puertas-peatonales-o-entrada-y-salida-vehicular\/"},"modified":"2022-06-08T21:29:53","modified_gmt":"2022-06-08T21:29:53","slug":"zk-inbio260-control-de-acceso-para-2-puertas-peatonales-o-entrada-y-salida-vehicular","status":"publish","type":"product","link":"https:\/\/globalsystem.com.mx\/catalogo\/zk-inbio260-control-de-acceso-para-2-puertas-peatonales-o-entrada-y-salida-vehicular","title":{"rendered":"ZK INBIO260 CONTROL DE ACCESO PARA 2 PUERTAS PEATONALES, O ENTRADA Y SALIDA VEHICULAR"},"content":{"rendered":"<p><strong><span style=\"font-size: 14pt; font-family: 'Times New Roman', serif;\">ZK INBIO260 &#8211; CONTROL DE ACCESO PARA 2 PUERTAS PEATONALES, O ENTRADA Y SALIDA VEHICULAR \/ SOPORTE DE HASTA 4 LECTORAS FR1X00\/ SOPORTA 20,000 HUELLAS DIGITALES, SOPORTA 30,000 TARJETAS DE PROXIMIDAD\/ CON VERSION PULLSDK <\/span><\/strong><\/p>\n<p><strong><span style=\"font-size: 14pt; font-family: 'Times New Roman', serif;\">Datos t\u00e9cnicos: <\/span><\/strong><\/p>\n<p><span style=\"font-size: 14pt; font-family: 'Times New Roman', serif;\"> ZKTeco con su panel para Control acceso para puertas de madera, puertas de cristal, puertas de aluminio, se basa en la tecnolog\u00eda flexible y abierta para proporcionar una gesti\u00f3n y monitoreo en tiempo real del sistema de control de acceso. Todo desde un navegador sin necesidad de software adicional para instalar. <\/span><\/p>\n<p><span style=\"font-size: 14pt; font-family: 'Times New Roman', serif;\">Ideal para el control de acceso vehicular en fraccionamientos. <\/span><\/p>\n<p><span style=\"font-size: 14pt; font-family: 'Times New Roman', serif;\">control de acceso vehicular residencial. <\/span><\/p>\n<p><span style=\"font-size: 14pt; font-family: 'Times New Roman', serif;\">control de el acceso vehicular con tarjeta.<\/span><\/p>\n<p><span style=\"font-family: 'Times New Roman', serif; font-size: 18.6667px;\">control de acceso vehicular para condominios.<\/span><\/p>\n<p><span style=\"font-family: 'Times New Roman', serif; font-size: 14pt;\">control de acceso vehicular con tag.<\/span><\/p>\n<p><span style=\"font-size: 14pt; font-family: 'Times New Roman', serif;\">control de acceso vehicular y peatonal. <\/span><\/p>\n<p><strong><span style=\"font-size: 14pt; font-family: 'Times New Roman', serif;\">Funciones principales: <\/span><\/strong><\/p>\n<p><span style=\"font-size: 14pt; font-family: 'Times New Roman', serif;\">Para controlar 2 puertas o accesos vehiculares <\/span><\/p>\n<p><span style=\"font-size: 14pt; font-family: 'Times New Roman', serif;\">Soporta 20,000 huellas digitales (solo modelos TVC) <\/span><\/p>\n<p><span style=\"font-size: 14pt; font-family: 'Times New Roman', serif;\">Capacidad para 4 lectoras Wiegand <\/span><\/p>\n<p><span style=\"font-size: 14pt; font-family: 'Times New Roman', serif;\">2 salidas auxiliares <\/span><\/p>\n<p><span style=\"font-size: 14pt; font-family: 'Times New Roman', serif;\">2 entradas auxiliares <\/span><\/p>\n<p><span style=\"font-size: 14pt; font-family: 'Times New Roman', serif;\">Funci\u00f3n para lectoras RS485 <\/span><\/p>\n<p><span style=\"font-size: 14pt; font-family: 'Times New Roman', serif;\">Capacidad para lectora SD para guardar registros <\/span><\/p>\n<p><span style=\"font-size: 14pt; font-family: 'Times New Roman', serif;\">Funci\u00f3n ethernet <\/span><\/p>\n<p><span style=\"font-size: 14pt; font-family: 'Times New Roman', serif;\">NO INCLUYE FUENTE DE PODER <\/span><\/p>\n<p><span style=\"font-size: 14pt; font-family: 'Times New Roman', serif;\">Pago: Anticipado v\u00eda transferencia \u00f3 dep\u00f3sito bancario. <\/span><\/p>\n<p><span style=\"font-size: 14pt; font-family: 'Times New Roman', serif;\">Tiempo de entrega: Inmediata o dependiendo existencias. <\/span><\/p>\n<p><span style=\"font-size: 14pt; font-family: 'Times New Roman', serif;\">Incluye: Instalaci\u00f3n del equipo dentro del areametropolitana CDMX y software para control de asistencias, soporte telef\u00f3nico y\/o remoto ilimitado.<\/span><\/p>\n<p><span style=\"font-size: 14pt; font-family: 'Times New Roman', serif;\">Garant\u00eda de: 1 a\u00f1o por defectos de fabricaci\u00f3n. <\/span><\/p>\n<p><span style=\"font-size: 14pt; font-family: 'Times New Roman', serif;\">No incluye canalizaci\u00f3n, ni obra civil, en caso de requerir por favor contacte al depto. de ventas. <\/span><\/p>\n<p><span style=\"font-size: 14pt; font-family: 'Times New Roman', serif;\">Contamos con talleres propios, para el mantenimiento y\/o reparaci\u00f3n de los equipos, refacciones y consumibles. <\/span><\/p>\n<p><span style=\"font-size: 14pt; font-family: 'Times New Roman', serif;\">Tambi\u00e9n contamos con servicio de mantenimiento preventivo o correctivo, reparaci\u00f3n, capacitaci\u00f3n para la administraci\u00f3n del software de control de asistencia, acceso o videovigilancia, a domicilio. <\/span><\/p>\n<p><span style=\"font-size: 14pt; font-family: 'Times New Roman', serif;\">Cualquier duda adicional por favor, consulte a su ejecutivo de ventas. <\/span><\/p>\n","protected":false},"excerpt":{"rendered":"<p>ZK INBIO260 &#8211; CONTROL DE ACCESO PARA 2 PUERTAS PEATONALES, O ENTRADA Y SALIDA VEHICULAR \/ SOPORTE DE HASTA 4 LECTORAS FR1X00\/ SOPORTA 20,000 HUELLAS DIGITALES, SOPORTA 30,000 TARJETAS DE PROXIMIDAD\/ CON VERSION PULLSDK Datos t\u00e9cnicos: ZKTeco con su panel para Control acceso para puertas de madera, puertas de cristal, puertas de aluminio, se basa[&#8230;]<\/p>\n","protected":false},"featured_media":4143,"comment_status":"closed","ping_status":"closed","template":"","meta":[],"product_cat":[35],"product_tag":[],"class_list":["post-3730","product","type-product","status-publish","has-post-thumbnail","hentry","product_cat-control-de-acceso-vehicular","pa_marca-zkteco"],"_links":{"self":[{"href":"https:\/\/globalsystem.com.mx\/catalogo\/wp-json\/wp\/v2\/product\/3730","targetHints":{"allow":["GET"]}}],"collection":[{"href":"https:\/\/globalsystem.com.mx\/catalogo\/wp-json\/wp\/v2\/product"}],"about":[{"href":"https:\/\/globalsystem.com.mx\/catalogo\/wp-json\/wp\/v2\/types\/product"}],"replies":[{"embeddable":true,"href":"https:\/\/globalsystem.com.mx\/catalogo\/wp-json\/wp\/v2\/comments?post=3730"}],"version-history":[{"count":2,"href":"https:\/\/globalsystem.com.mx\/catalogo\/wp-json\/wp\/v2\/product\/3730\/revisions"}],"predecessor-version":[{"id":4145,"href":"https:\/\/globalsystem.com.mx\/catalogo\/wp-json\/wp\/v2\/product\/3730\/revisions\/4145"}],"wp:featuredmedia":[{"embeddable":true,"href":"https:\/\/globalsystem.com.mx\/catalogo\/wp-json\/wp\/v2\/media\/4143"}],"wp:attachment":[{"href":"https:\/\/globalsystem.com.mx\/catalogo\/wp-json\/wp\/v2\/media?parent=3730"}],"wp:term":[{"taxonomy":"product_cat","embeddable":true,"href":"https:\/\/globalsystem.com.mx\/catalogo\/wp-json\/wp\/v2\/product_cat?post=3730"},{"taxonomy":"product_tag","embeddable":true,"href":"https:\/\/globalsystem.com.mx\/catalogo\/wp-json\/wp\/v2\/product_tag?post=3730"}],"curies":[{"name":"wp","href":"https:\/\/api.w.org\/{rel}","templated":true}]}}