{"id":3726,"date":"2022-06-03T22:08:39","date_gmt":"2022-06-03T22:08:39","guid":{"rendered":"https:\/\/webs360apps.com\/ismafinal\/product\/control-de-acceso-peatonal-con-huella-digital-por-wifi-zk-f22id\/"},"modified":"2022-06-15T03:11:32","modified_gmt":"2022-06-15T03:11:32","slug":"control-de-acceso-peatonal-con-huella-digital-por-wifi-zk-f22id","status":"publish","type":"product","link":"https:\/\/globalsystem.com.mx\/catalogo\/control-de-acceso-peatonal-con-huella-digital-por-wifi-zk-f22id","title":{"rendered":"Control de acceso peatonal con huella digital por WIFI ZK F22ID"},"content":{"rendered":"<p><strong><span style=\"font-size: 14pt; font-family: 'Times New Roman', serif;\">ZK F22ID &#8211; CONTROL DE ACCESO CON WIFI\/ CUENTA CON CAPACIDAD DE\u00a03000\u00a0HUELLAS\/ CUENTA CON CAPACIDAD DE\u00a0 5000 TARJETAS DE PROXIMIDAD ID\/ TECLADO TACTIL\/ CON SENSOR SILKID APROBADO POR FBI\/ RED\/ USB\/ PEQUE\u00d1O Y DELGADO<\/span><\/strong><\/p>\n<p>&nbsp;<\/p>\n<p><strong><span style=\"font-size: 14pt; font-family: 'Times New Roman', serif;\">F22<\/span><\/strong><span style=\"font-size: 14pt; font-family: 'Times New Roman', serif;\"> Es un sistema para control de acceso biom\u00e9trico ultradelgado para puertas. Puede controlar accesos y asistencia de empleados, integrado con sensor BioID y comunicaci\u00f3n Wi-Fi, lo que en conjunto con su avanzado y veloz algoritmo, ofrece un gran, con\ufb01able y preciso rendimiento.<\/span><\/p>\n<p><span style=\"font-size: 14pt; font-family: 'Times New Roman', serif;\">El F22 brinda una mejor experiencia con su teclado t\u00e1ctil y ofrece una gran \ufb02exibilidad para su instalaci\u00f3n como dispositivo independiente o conectado a cualquier panel de control de acceso que soporte se\u00f1al Wiegand est\u00e1ndar.<\/span><\/p>\n<p><span style=\"font-size: 14pt; font-family: 'Times New Roman', serif;\">Cuenta con comunicaciones TCP\/IP, RS485 y Wi-Fi para que el dispositivo pueda ser utilizado de acuerdo a diferentes necesidades.<\/span><\/p>\n<p><span style=\"font-size: 14pt; font-family: 'Times New Roman', serif;\">Incluye: Software ZKTIME.NET LITE, b\u00e1sico para control de asistencias, instalaci\u00f3n (dentro del \u00e1rea metropolitana de la CDMX), configuraci\u00f3n y capacitaci\u00f3n del equipo y software, soporte telef\u00f3nico y\/o remoto ilimitado.<\/span><\/p>\n<p><strong><span style=\"font-size: 14pt; font-family: 'Times New Roman', serif;\">Caracter\u00edsticas:<\/span><\/strong><\/p>\n<p><span style=\"font-size: 14pt; font-family: 'Times New Roman', serif;\">\u2022Pantalla TFT a color de 2.4 pulgadas y teclado t\u00e1ctil.\u00a0<\/span><\/p>\n<p><span style=\"font-size: 14pt; font-family: 'Times New Roman', serif;\">\u2022Dise\u00f1o ultradelgado y elegante.\u00a0<\/span><\/p>\n<p><span style=\"font-size: 14pt; font-family: 'Times New Roman', serif;\">\u2022Funciones avanzadas de control de acceso.\u00a0<\/span><\/p>\n<p><span style=\"font-size: 14pt; font-family: 'Times New Roman', serif;\">\u2022Wi-Fi est\u00e1ndar.<\/span><\/p>\n<p><span style=\"font-size: 14pt; font-family: 'Times New Roman', serif;\">\u2022Comunicaci\u00f3n por TCP\/IP, RS485, USB-Host.\u00a0<\/span><\/p>\n<p><span style=\"font-size: 14pt; font-family: 'Times New Roman', serif;\">\u2022Entrada y salida Wiegand.\u00a0<\/span><\/p>\n<p><span style=\"font-size: 14pt; font-family: 'Times New Roman', serif;\">\u2022Entrada auxiliar con mayor \ufb02exibilidad para conectar con alg\u00fan detector o interruptor de emergencia.<\/span><\/p>\n<p><strong><span style=\"font-size: 14pt; font-family: 'Times New Roman', serif;\">NOTA:<\/span><\/strong><span style=\"font-size: 14pt; font-family: 'Times New Roman', serif;\"> Se requiere un nodo de red y contacto de energ\u00eda el\u00e9ctrica a un metro de distancia de donde quedara instalado el reloj checador.<\/span><\/p>\n<p><strong><span style=\"font-size: 14pt; font-family: 'Times New Roman', serif;\">TERMINOS DE VENTA:<\/span><\/strong><\/p>\n<ul>\n<li><span style=\"font-size: 14pt; font-family: 'Times New Roman', serif;\">Precios expresados en pesos mexicanos.<\/span><\/li>\n<li><span style=\"font-size: 14pt; font-family: 'Times New Roman', serif;\">Precios sujetos a cambio sin previo aviso.<\/span><\/li>\n<li><span style=\"font-size: 14pt; font-family: 'Times New Roman', serif;\">Pago: Anticipado v\u00eda transferencia o dep\u00f3sito bancario.<\/span><\/li>\n<li><span style=\"font-size: 14pt; font-family: 'Times New Roman', serif;\">Tiempo de entrega: Inmediata o dependiendo existencias.<\/span><\/li>\n<li><span style=\"font-size: 14pt; font-family: 'Times New Roman', serif;\">Garant\u00eda de: 1 a\u00f1o (y\/o hasta 3) dependiendo del fabricante, por defectos de fabricaci\u00f3n.<\/span><\/li>\n<li><span style=\"font-size: 14pt; font-family: 'Times New Roman', serif;\">No incluye instalaci\u00f3n, canalizaci\u00f3n, ni obra civil, en caso de requerir por favor contacte al depto. de ventas.<\/span><\/li>\n<li><span style=\"font-size: 14pt; font-family: 'Times New Roman', serif;\">Para consultar existencias, precios sobre la transportaci\u00f3n y\/o los vi\u00e1ticos, por favor contacte con nosotros.<\/span><\/li>\n<li><span style=\"font-size: 14pt; font-family: 'Times New Roman', serif;\">Cualquier duda adicional, consulte a su ejecutivo de ventas.<\/span><\/li>\n<li><span style=\"font-size: 14pt; font-family: 'Times New Roman', serif;\">Contamos con laboratorio para la reparaci\u00f3n de equipos: Access Pro, HID, INDALA, DORLET, ZK TECO, WEJOIN, CAME, ROSSLARE, DIGICON, SYSCOM, AMANO, ACROPRINT, SEIKO, LATHEM, TARGETMAX, KINGS POWER, SIASA, DAHUA, SUPREMA, INGERSOLL RAND, SCHLAGE.<\/span><\/li>\n<\/ul>\n","protected":false},"excerpt":{"rendered":"<p>ZK F22ID &#8211; CONTROL DE ACCESO CON WIFI\/ CUENTA CON CAPACIDAD DE\u00a03000\u00a0HUELLAS\/ CUENTA CON CAPACIDAD DE\u00a0 5000 TARJETAS DE PROXIMIDAD ID\/ TECLADO TACTIL\/ CON SENSOR SILKID APROBADO POR FBI\/ RED\/ USB\/ PEQUE\u00d1O Y DELGADO &nbsp; F22 Es un sistema para control de acceso biom\u00e9trico ultradelgado para puertas. Puede controlar accesos y asistencia de empleados, integrado[&#8230;]<\/p>\n","protected":false},"featured_media":4226,"comment_status":"closed","ping_status":"closed","template":"","meta":[],"product_cat":[110,34,33,120],"product_tag":[],"class_list":["post-3726","product","type-product","status-publish","has-post-thumbnail","hentry","product_cat-control-de-acceso","product_cat-control-de-asistencia-biometricos","product_cat-control-de-asistencia-por-huella-digital","product_cat-relojes-de-huella-digital","pa_marca-zkteco"],"_links":{"self":[{"href":"https:\/\/globalsystem.com.mx\/catalogo\/wp-json\/wp\/v2\/product\/3726","targetHints":{"allow":["GET"]}}],"collection":[{"href":"https:\/\/globalsystem.com.mx\/catalogo\/wp-json\/wp\/v2\/product"}],"about":[{"href":"https:\/\/globalsystem.com.mx\/catalogo\/wp-json\/wp\/v2\/types\/product"}],"replies":[{"embeddable":true,"href":"https:\/\/globalsystem.com.mx\/catalogo\/wp-json\/wp\/v2\/comments?post=3726"}],"version-history":[{"count":3,"href":"https:\/\/globalsystem.com.mx\/catalogo\/wp-json\/wp\/v2\/product\/3726\/revisions"}],"predecessor-version":[{"id":4540,"href":"https:\/\/globalsystem.com.mx\/catalogo\/wp-json\/wp\/v2\/product\/3726\/revisions\/4540"}],"wp:featuredmedia":[{"embeddable":true,"href":"https:\/\/globalsystem.com.mx\/catalogo\/wp-json\/wp\/v2\/media\/4226"}],"wp:attachment":[{"href":"https:\/\/globalsystem.com.mx\/catalogo\/wp-json\/wp\/v2\/media?parent=3726"}],"wp:term":[{"taxonomy":"product_cat","embeddable":true,"href":"https:\/\/globalsystem.com.mx\/catalogo\/wp-json\/wp\/v2\/product_cat?post=3726"},{"taxonomy":"product_tag","embeddable":true,"href":"https:\/\/globalsystem.com.mx\/catalogo\/wp-json\/wp\/v2\/product_tag?post=3726"}],"curies":[{"name":"wp","href":"https:\/\/api.w.org\/{rel}","templated":true}]}}