{"id":3720,"date":"2022-06-03T22:08:39","date_gmt":"2022-06-03T22:08:39","guid":{"rendered":"https:\/\/webs360apps.com\/ismafinal\/product\/zk-uface800-reloj-checador-de-asistencia-y-control-de-acceso-simple-con-reconocimiento-facial-wdms-1200-rostros-2000-huellas-red-usb-host\/"},"modified":"2022-06-15T04:22:22","modified_gmt":"2022-06-15T04:22:22","slug":"zk-uface800-reloj-checador-de-asistencia-y-control-de-acceso-simple-con-reconocimiento-facial-wdms-1200-rostros-2000-huellas-red-usb-host","status":"publish","type":"product","link":"https:\/\/globalsystem.com.mx\/catalogo\/zk-uface800-reloj-checador-de-asistencia-y-control-de-acceso-simple-con-reconocimiento-facial-wdms-1200-rostros-2000-huellas-red-usb-host","title":{"rendered":"ZK UFACE800 &#8211; RELOJ CHECADOR DE ASISTENCIA Y CONTROL DE ACCESO SIMPLE CON RECONOCIMIENTO FACIAL\/ WDMS\/ 1200 ROSTROS \/ 2000 HUELLAS DIGITALES"},"content":{"rendered":"<p><span style=\"font-family: Verdana, sans-serif; font-size: 13.3333px;\"><span style=\"font-family: 'times new roman', times;\">ZK UFACE800\u00a0<\/span>reloj de huella digital y reconocimiento facial, facil de usar y economico<\/span>.<\/p>\n<p>&nbsp;<\/p>\n<p><span style=\"font-family: times new roman,times;\">ZK UFACE800 &#8211; CONTROL DE ACCESO SIMPLE CON RECONOCIMIENTO FACIAL Y HUELLA DIGITAL\/ WDMS\/ 1200 ROSTROS \/ 2000 HUELLAS\/ COMUNICACION POR RED\/ USB HOST<\/span><\/p>\n<p>&nbsp;<\/p>\n<p style=\"text-align: justify;\"><span style=\"font-family: arial,helvetica,sans-serif; font-size: small;\"><strong>INFORMACI\u00d3N GENERAL:<\/strong><br \/>\n<\/span><\/p>\n<p style=\"text-align: justify;\"><span style=\"font-family: arial,helvetica,sans-serif; font-size: small;\">ZKTeco ha lanzado la terminal M\u00falti-Biom\u00e9trica uFace800 para gesti\u00f3n de tiempo y asistencia adem\u00e1s de aplicaciones para control de acceso, la cual soporta hasta 1,200 plantillas de rostros, 2,000\u00a0 huellas digitales y 10,000 tarjetas (Esta \u00faltima opci\u00f3n es con costo adicional y sobre pedido).<\/span><\/p>\n<p style=\"text-align: justify;\"><span style=\"font-family: arial,helvetica,sans-serif; font-size: small;\">Est\u00e1 equipada con la \u00faltima plataforma de hardware y algoritmo de ZKTeco, que proporciona a los clientes, una interfaz de usuario m\u00e1s intuitiva y f\u00e1cil de utilizar. Con el avanzado algoritmo para rostro y la tecnolog\u00eda m\u00falti-biom\u00e9trica, el nivel de seguridad de las verificaciones es mucho mayor.<\/span><\/p>\n<p>&nbsp;<\/p>\n<p>&nbsp;<\/p>\n<p style=\"text-align: justify;\"><span style=\"font-family: arial,helvetica,sans-serif; font-size: small;\"><strong>ESPECIFICACIONES T\u00c9CNICAS:<\/strong><\/span><\/p>\n<p><span style=\"font-family: arial,helvetica,sans-serif; font-size: small;\">Pantalla:&#8230;&#8230;&#8230;&#8230;&#8230;&#8230;&#8230;&#8230;&#8230;&#8230;&#8230;&#8230;&#8230;&#8230;&#8230;. Touch de 4.3 Pulgadas<\/span><\/p>\n<p><span style=\"font-family: arial,helvetica,sans-serif; font-size: small;\">Capacidad de Rostros:&#8230;&#8230;&#8230;&#8230;&#8230;&#8230;&#8230;&#8230;&#8230; 1,200 (1:N)<\/span><\/p>\n<p><span style=\"font-family: arial,helvetica,sans-serif; font-size: small;\">Capacidad de Huellas Digitales:&#8230;&#8230;&#8230;&#8230;..\u00a0 2,000<\/span><\/p>\n<p><span style=\"font-family: arial,helvetica,sans-serif; font-size: small;\">Capacidad de Registros:<span style=\"font-family: arial,helvetica,sans-serif; font-size: small;\">&#8230;&#8230;&#8230;&#8230;&#8230;&#8230;&#8230;&#8230;<\/span> 100,000<\/span><\/p>\n<p><span style=\"font-family: arial,helvetica,sans-serif; font-size: small;\">Comunicaci\u00f3n:<span style=\"font-family: arial,helvetica,sans-serif; font-size: small;\">&#8230;&#8230;&#8230;&#8230;&#8230;&#8230;&#8230;&#8230;&#8230;<\/span>&#8230;&#8230;&#8230;.. TCP\/IP, USB-Host, <\/span><\/p>\n<p><span style=\"font-family: arial,helvetica,sans-serif; font-size: small;\">Funciones Est\u00e1ndar:<span style=\"font-family: arial,helvetica,sans-serif; font-size: small;\">&#8230;&#8230;&#8230;&#8230;&#8230;&#8230;&#8230;&#8230;&#8230;<\/span>&#8230; Cambio Autom\u00e1tico de Estado, B\u00fasqueda Self-Service, C\u00f3digo de Trabajo, SMS, Horario de Verano, Entrada T9, ID de 9 D\u00edgitos, Timbre Programado, Foto ID.<\/span><\/p>\n<p><span style=\"font-family: arial,helvetica,sans-serif; font-size: small;\">Funciones Opcionales:<span style=\"font-family: arial,helvetica,sans-serif; font-size: small;\">&#8230;&#8230;&#8230;&#8230;&#8230;&#8230;&#8230;&#8230;&#8230;<\/span> Tarjeta MIFARE, 3G, ADMS, Bater\u00eda de reserva de 2.000 mAh.<\/span><\/p>\n<p><span style=\"font-family: arial,helvetica,sans-serif; font-size: small;\">Fuente de Alimentaci\u00f3n:<span style=\"font-family: arial,helvetica,sans-serif; font-size: small;\">&#8230;&#8230;&#8230;&#8230;&#8230;&#8230;&#8230;&#8230; <\/span>12V 3A<\/span><\/p>\n<p><span style=\"font-family: arial,helvetica,sans-serif; font-size: small;\">Temperatura de Operaci\u00f3n:<span style=\"font-family: arial,helvetica,sans-serif; font-size: small;\">&#8230;&#8230;&#8230;&#8230;&#8230;&#8230;.. <\/span>0 a 45 grados Celsius<br \/>\n<\/span><\/p>\n<p><span style=\"font-family: arial,helvetica,sans-serif; font-size: small;\">Humedad de Operaci\u00f3n:<span style=\"font-family: arial,helvetica,sans-serif; font-size: small;\">&#8230;&#8230;&#8230;&#8230;&#8230;&#8230;&#8230;&#8230; <\/span>20% &#8211; 80%<\/span><\/p>\n<p><span style=\"font-family: arial,helvetica,sans-serif; font-size: small;\">Dimensiones:<span style=\"font-family: arial,helvetica,sans-serif; font-size: small;\">&#8230;&#8230;&#8230;&#8230;&#8230;&#8230;&#8230;&#8230;&#8230;<\/span>&#8230;&#8230;&#8230;&#8230; 193.6 x 165 x 111 mm<\/span><\/p>\n<p><span style=\"font-family: arial,helvetica,sans-serif; font-size: small;\">Peso del Paquete:<span style=\"font-family: arial,helvetica,sans-serif; font-size: small;\">&#8230;&#8230;&#8230;&#8230;&#8230;&#8230;&#8230;&#8230;&#8230;<\/span>&#8230;.. 1.87 Kg<\/span><\/p>\n<p style=\"text-align: justify;\"><span style=\"font-family: times new roman,times;\"><strong><span style=\"font-family: arial,helvetica,sans-serif; font-size: small;\">Capacidad de Tarjetas:&#8230;&#8230;&#8230;&#8230;&#8230;&#8230;&#8230;&#8230;..\u00a0 10.000 (Esta Opcion es sobre pedido y tiene costo adicional)<\/span><\/strong><\/span><\/p>\n<p style=\"text-align: justify;\"><span style=\"font-family: arial,helvetica,sans-serif; font-size: small;\"><strong>Comunicaci\u00f3n:&#8230;&#8230;&#8230;&#8230;&#8230;&#8230;&#8230;&#8230;&#8230;&#8230;&#8230;&#8230;\u00a0<\/strong> <strong>Wi-Fi\u00a0<span style=\"font-family: arial,helvetica,sans-serif; font-size: small;\">(Esta Opcion es sobre pedido y tiene costo adicional)<\/span><\/strong><\/span><\/p>\n<p>&nbsp;<\/p>\n<div><span style=\"font-family: 'times new roman',times; font-size: 14pt;\">Pago: Anticipado v\u00eda transferencia \u00f3 dep\u00f3sito bancario.<\/span><br \/>\n<span style=\"font-family: 'times new roman',times; font-size: 14pt;\">Tiempo de entrega: Inmediata o dependiendo existencias.<\/span><\/div>\n<div><span style=\"font-family: 'times new roman',times; font-size: 14pt;\"><strong>Incluye software para control\u00a0de asistencias<\/strong>, soporte telefonico y\/o remoto ilimitado<\/span><\/div>\n<div><span style=\"font-family: 'times new roman',times; font-size: 14pt;\">Garant\u00eda de: 1 a\u00f1o por defectos de fabricaci\u00f3n.<\/span><br \/>\n<span style=\"font-family: 'times new roman',times; font-size: 14pt;\">No incluye instalaci\u00f3n, canalizaci\u00f3n, ni obra civil, en caso de requerir por favor contacte al depto. de ventas.<\/span><br \/>\n<span style=\"font-family: 'times new roman',times; font-size: 14pt;\">Contamos con talleres propios, para el mantenimiento y\/o reparaci\u00f3n de los equipos, refacciones y consumibles.<\/span><br \/>\n<span style=\"font-family: 'times new roman',times; font-size: 14pt;\">Tambi\u00e9n contamos con servicio de mantenimiento preventivo o correctivo, reparaci\u00f3n, capacitaci\u00f3n para la administraci\u00f3n del software de control de asistencia, acceso o videovigilancia, a domicilio.<\/span><br \/>\n<span style=\"font-family: 'times new roman',times; font-size: 14pt;\">Cualquier duda adicional por favor, consulte a su ejecutivo de ventas.<\/span><\/div>\n<p>&nbsp;<\/p>\n","protected":false},"excerpt":{"rendered":"<p>ZK UFACE800\u00a0reloj de huella digital y reconocimiento facial, facil de usar y economico. &nbsp; ZK UFACE800 &#8211; CONTROL DE ACCESO SIMPLE CON RECONOCIMIENTO FACIAL Y HUELLA DIGITAL\/ WDMS\/ 1200 ROSTROS \/ 2000 HUELLAS\/ COMUNICACION POR RED\/ USB HOST &nbsp; INFORMACI\u00d3N GENERAL: ZKTeco ha lanzado la terminal M\u00falti-Biom\u00e9trica uFace800 para gesti\u00f3n de tiempo y asistencia adem\u00e1s[&#8230;]<\/p>\n","protected":false},"featured_media":4296,"comment_status":"closed","ping_status":"closed","template":"","meta":[],"product_cat":[110,34,33,120,29],"product_tag":[],"class_list":["post-3720","product","type-product","status-publish","has-post-thumbnail","hentry","product_cat-control-de-acceso","product_cat-control-de-asistencia-biometricos","product_cat-control-de-asistencia-por-huella-digital","product_cat-relojes-de-huella-digital","product_cat-relojes-de-huella-digital-y-reconocimiento-facial","pa_marca-zkteco"],"_links":{"self":[{"href":"https:\/\/globalsystem.com.mx\/catalogo\/wp-json\/wp\/v2\/product\/3720","targetHints":{"allow":["GET"]}}],"collection":[{"href":"https:\/\/globalsystem.com.mx\/catalogo\/wp-json\/wp\/v2\/product"}],"about":[{"href":"https:\/\/globalsystem.com.mx\/catalogo\/wp-json\/wp\/v2\/types\/product"}],"replies":[{"embeddable":true,"href":"https:\/\/globalsystem.com.mx\/catalogo\/wp-json\/wp\/v2\/comments?post=3720"}],"version-history":[{"count":3,"href":"https:\/\/globalsystem.com.mx\/catalogo\/wp-json\/wp\/v2\/product\/3720\/revisions"}],"predecessor-version":[{"id":4593,"href":"https:\/\/globalsystem.com.mx\/catalogo\/wp-json\/wp\/v2\/product\/3720\/revisions\/4593"}],"wp:featuredmedia":[{"embeddable":true,"href":"https:\/\/globalsystem.com.mx\/catalogo\/wp-json\/wp\/v2\/media\/4296"}],"wp:attachment":[{"href":"https:\/\/globalsystem.com.mx\/catalogo\/wp-json\/wp\/v2\/media?parent=3720"}],"wp:term":[{"taxonomy":"product_cat","embeddable":true,"href":"https:\/\/globalsystem.com.mx\/catalogo\/wp-json\/wp\/v2\/product_cat?post=3720"},{"taxonomy":"product_tag","embeddable":true,"href":"https:\/\/globalsystem.com.mx\/catalogo\/wp-json\/wp\/v2\/product_tag?post=3720"}],"curies":[{"name":"wp","href":"https:\/\/api.w.org\/{rel}","templated":true}]}}