{"id":3716,"date":"2022-06-03T22:08:39","date_gmt":"2022-06-03T22:08:39","guid":{"rendered":"https:\/\/webs360apps.com\/ismafinal\/product\/dahua-dvr0404mesc-dvr-movil-4-canales-video-38-audio-960h-h264-gps-grabacion-en-tarjeta-sd-2-usb\/"},"modified":"2022-06-16T01:59:57","modified_gmt":"2022-06-16T01:59:57","slug":"dahua-dvr0404mesc-dvr-movil-4-canales-video-38-audio-960h-h264-gps-grabacion-en-tarjeta-sd-2-usb","status":"publish","type":"product","link":"https:\/\/globalsystem.com.mx\/catalogo\/dahua-dvr0404mesc-dvr-movil-4-canales-video-38-audio-960h-h264-gps-grabacion-en-tarjeta-sd-2-usb","title":{"rendered":"DAHUA DVR0404MESC- DVR MOVIL 4 CANALES VIDEO&#038;AUDIO\/ 960H\/ H264\/ GPS\/ GRABACI\u00d3N EN TARJETA SD\/ 2 USB\/"},"content":{"rendered":"<p><span style=\"color: #000000; font-family: arial, helvetica, sans-serif; font-size: small; line-height: normal; text-align: justify;\">El modelo\u00a0<\/span><strong style=\"color: #000000; font-family: arial, helvetica, sans-serif; font-size: small; line-height: normal; text-align: justify;\">DVR0404MESC <\/strong>de la marca DAHUA<span style=\"color: #000000; font-family: arial, helvetica, sans-serif; font-size: small; line-height: normal; text-align: justify;\">\u00a0es un videograbador m\u00f3vil de 4 canales simult\u00e1neos en tiempo real. La velocidad de grabaci\u00f3n es ajustable en cada canal hasta 30 FPS con resoluci\u00f3n 960H en todos sus canales.<\/span><\/p>\n<p><span style=\"color: #000000; font-family: arial, helvetica, sans-serif; font-size: small; line-height: normal; text-align: justify;\">El modelo\u00a0<\/span><strong style=\"color: #000000; font-family: arial, helvetica, sans-serif; font-size: small; line-height: normal; text-align: justify;\">DVR0404MESC<\/strong><span style=\"color: #000000; font-family: arial, helvetica, sans-serif; font-size: small; line-height: normal; text-align: justify;\">\u00a0es un equipo a prueba de movimientos bruscos gracias a su sistema anti vibraci\u00f3n con la que cuenta el DVR, y nos permite realizar almacenamiento de grabaci\u00f3n en memoria SD Card (no incluida).<\/span><\/p>\n<p style=\"color: #000000; font-family: Arial, Helvetica, sans-serif; font-size: 12px; line-height: normal; text-align: justify;\"><span style=\"font-size: small; font-family: arial, helvetica, sans-serif;\"><strong>Principales Caracter\u00edsticas:<\/strong><\/span><\/p>\n<ul style=\"color: #000000; font-family: Arial, Helvetica, sans-serif; font-size: 12px; line-height: normal;\">\n<li style=\"text-align: justify;\"><span style=\"font-size: small; font-family: arial, helvetica, sans-serif;\">DVR M\u00f3vil 4 canales resoluci\u00f3n 960H.<\/span><\/li>\n<li style=\"text-align: justify;\"><span style=\"font-size: small; font-family: arial, helvetica, sans-serif;\">Compresi\u00f3n de video Dual stream H.264.<\/span><\/li>\n<li style=\"text-align: justify;\"><span style=\"font-size: small; font-family: arial, helvetica, sans-serif;\">7 entradas de alarma y 2 salidas de alarma.<\/span><\/li>\n<li style=\"text-align: justify;\"><span style=\"font-size: small; font-family: arial, helvetica, sans-serif;\">Ranura SD Card.<\/span><\/li>\n<li style=\"text-align: justify;\"><span style=\"font-size: small; font-family: arial, helvetica, sans-serif;\">2 puertos USB (1 panel frontal y 1 trasera).<\/span><\/li>\n<li style=\"text-align: justify;\"><span style=\"font-size: small; font-family: arial, helvetica, sans-serif;\">Alimentaci\u00f3n +6~+36V (no incluida).<\/span><\/li>\n<li style=\"text-align: justify;\"><span style=\"font-size: small; font-family: arial, helvetica, sans-serif;\">Audio bidireccional.<\/span><\/li>\n<li style=\"text-align: justify;\"><span style=\"font-family: arial, helvetica, sans-serif; font-size: small;\">Comunicaci\u00f3n RS485<\/span><span style=\"font-size: small; font-family: arial, helvetica, sans-serif;\"><br \/>\n<\/span><\/li>\n<li style=\"text-align: justify;\"><span style=\"font-size: small; font-family: arial, helvetica, sans-serif;\">Puerto RJ45 (10\/100M).<\/span><\/li>\n<\/ul>\n<p class=\"MsoListParagraphCxSpFirst\"><strong><span style=\"font-size: 8.0pt; line-height: 107%; font-family: 'Arial',sans-serif;\">Pago: Anticipado v\u00eda transferencia \u00f3 dep\u00f3sito bancario.<\/span><\/strong><\/p>\n<p class=\"MsoListParagraphCxSpMiddle\"><strong><span style=\"font-size: 8.0pt; line-height: 107%; font-family: 'Arial',sans-serif;\">Tiempo de entrega: Inmediata o dependiendo existencias.<\/span><\/strong><\/p>\n<p class=\"MsoListParagraphCxSpMiddle\"><strong><span style=\"font-size: 8.0pt; line-height: 107%; font-family: 'Arial',sans-serif;\">Garant\u00eda de: 1 a\u00f1o por defectos de fabricaci\u00f3n.<\/span><\/strong><\/p>\n<p class=\"MsoListParagraphCxSpMiddle\"><strong><span style=\"font-size: 8.0pt; line-height: 107%; font-family: 'Arial',sans-serif;\">No incluye instalaci\u00f3n, canalizaci\u00f3n, ni obra civil, en caso de requerir por favor contacte al depto. de ventas.<\/span><\/strong><\/p>\n<p class=\"MsoListParagraphCxSpMiddle\"><strong><span style=\"font-size: 8.0pt; line-height: 107%; font-family: 'Arial',sans-serif;\">Para consultar existencias, precios sobre la transportaci\u00f3n y\/o\u00a0 los vi\u00e1ticos,\u00a0por favor contacte con nosotros.<\/span><\/strong><\/p>\n<p class=\"MsoListParagraphCxSpMiddle\"><strong><span style=\"font-size: 8.0pt; line-height: 107%; font-family: 'Arial',sans-serif;\">Precios sujetos a cambio sin previo aviso.<\/span><\/strong><\/p>\n<p class=\"MsoListParagraphCxSpMiddle\"><strong><span style=\"font-size: 8.0pt; line-height: 107%; font-family: 'Arial',sans-serif;\">Contamos con talleres propios, para\u00a0el mantenimiento y\/o\u00a0reparaci\u00f3n de los equipos, refacciones y consumibles.<\/span><\/strong><\/p>\n<p class=\"MsoListParagraphCxSpMiddle\"><strong><span style=\"font-size: 8.0pt; line-height: 107%; font-family: 'Arial',sans-serif;\">Tambi\u00e9n contamos con servicio de mantenimiento preventivo o correctivo, reparaci\u00f3n, capacitaci\u00f3n para la administraci\u00f3n del software de control de asistencia, acceso o videovigilancia, a domicilio.<\/span><\/strong><\/p>\n<p class=\"MsoListParagraphCxSpLast\"><strong><span style=\"font-size: 8.0pt; line-height: 107%; font-family: 'Arial',sans-serif;\">Cualquier duda adicional por favor, consulte a su ejecutivo de ventas.<\/span><\/strong><\/p>\n","protected":false},"excerpt":{"rendered":"<p>El modelo\u00a0DVR0404MESC de la marca DAHUA\u00a0es un videograbador m\u00f3vil de 4 canales simult\u00e1neos en tiempo real. La velocidad de grabaci\u00f3n es ajustable en cada canal hasta 30 FPS con resoluci\u00f3n 960H en todos sus canales. El modelo\u00a0DVR0404MESC\u00a0es un equipo a prueba de movimientos bruscos gracias a su sistema anti vibraci\u00f3n con la que cuenta el[&#8230;]<\/p>\n","protected":false},"featured_media":4695,"comment_status":"closed","ping_status":"closed","template":"","meta":[],"product_cat":[25],"product_tag":[],"class_list":["post-3716","product","type-product","status-publish","has-post-thumbnail","hentry","product_cat-video-grabadores","pa_marca-dahua"],"_links":{"self":[{"href":"https:\/\/globalsystem.com.mx\/catalogo\/wp-json\/wp\/v2\/product\/3716","targetHints":{"allow":["GET"]}}],"collection":[{"href":"https:\/\/globalsystem.com.mx\/catalogo\/wp-json\/wp\/v2\/product"}],"about":[{"href":"https:\/\/globalsystem.com.mx\/catalogo\/wp-json\/wp\/v2\/types\/product"}],"replies":[{"embeddable":true,"href":"https:\/\/globalsystem.com.mx\/catalogo\/wp-json\/wp\/v2\/comments?post=3716"}],"version-history":[{"count":3,"href":"https:\/\/globalsystem.com.mx\/catalogo\/wp-json\/wp\/v2\/product\/3716\/revisions"}],"predecessor-version":[{"id":4699,"href":"https:\/\/globalsystem.com.mx\/catalogo\/wp-json\/wp\/v2\/product\/3716\/revisions\/4699"}],"wp:featuredmedia":[{"embeddable":true,"href":"https:\/\/globalsystem.com.mx\/catalogo\/wp-json\/wp\/v2\/media\/4695"}],"wp:attachment":[{"href":"https:\/\/globalsystem.com.mx\/catalogo\/wp-json\/wp\/v2\/media?parent=3716"}],"wp:term":[{"taxonomy":"product_cat","embeddable":true,"href":"https:\/\/globalsystem.com.mx\/catalogo\/wp-json\/wp\/v2\/product_cat?post=3716"},{"taxonomy":"product_tag","embeddable":true,"href":"https:\/\/globalsystem.com.mx\/catalogo\/wp-json\/wp\/v2\/product_tag?post=3716"}],"curies":[{"name":"wp","href":"https:\/\/api.w.org\/{rel}","templated":true}]}}