{"id":3712,"date":"2022-06-03T22:08:39","date_gmt":"2022-06-03T22:08:39","guid":{"rendered":"https:\/\/webs360apps.com\/ismafinal\/product\/digifort-professional-dgfpr1008v7-software-de-administracion-central-sistema-base-para-8-camaras-hasta-64-canales\/"},"modified":"2022-06-15T18:50:19","modified_gmt":"2022-06-15T18:50:19","slug":"digifort-professional-dgfpr1008v7-software-de-administracion-central-sistema-base-para-8-camaras-hasta-64-canales","status":"publish","type":"product","link":"https:\/\/globalsystem.com.mx\/catalogo\/digifort-professional-dgfpr1008v7-software-de-administracion-central-sistema-base-para-8-camaras-hasta-64-canales","title":{"rendered":"DIGIFORT PROFESSIONAL DGFPR1008V7 &#8211; SOFTWARE DE ADMINISTRACION CENTRAL\/ SISTEMA BASE PARA 8 CAMARAS\/ HASTA 64 CANALES"},"content":{"rendered":"<h1 class=\"product-name\" style=\"border-bottom-width: 1px; border-bottom-style: solid; border-bottom-color: #dddddd; font-weight: normal; font-stretch: normal; font-size: 24px; line-height: 28px; font-family: Arial, 'Helvetica Neue', Helvetica, sans-serif; margin: 0px; padding: 15px 70px 10px 0px; position: relative; color: #000000;\">DIGIFORT SOFTWARE PROFESSIONAL PARA VIDEOVIGILANCIA DGFPR1008V7 &#8211; \u00a0SISTEMA BASE PARA 8 CAMARAS\/ HASTA 64 CANALES<\/h1>\n<p class=\"estilo1\" style=\"background-image: initial; background-attachment: initial; background-size: initial; background-origin: initial; background-clip: initial; background-position: initial; background-repeat: initial;\"><span style=\"font-size: 8.0pt; font-family: 'Arial',sans-serif; color: black;\">Para satisfacer la creciente demanda de sistemas integrados y automatizados espec\u00edficamente dise\u00f1ado para la vigilancia, almacenamiento y administraci\u00f3n de c\u00e1maras digitales y anal\u00f3gicas, el Sistema de Digifort presenta el nuevo concepto de gobierno digital que cambia completamente la forma en que las empresas y las peque\u00f1as empresas se desempe\u00f1an en el \u00e1rea de seguridad.<\/span><\/p>\n<p class=\"estilo1\" style=\"background-image: initial; background-attachment: initial; background-size: initial; background-origin: initial; background-clip: initial; background-position: initial; background-repeat: initial;\"><span style=\"font-size: 8.0pt; font-family: 'Arial',sans-serif; color: black;\">Haciendo uso de los conceptos m\u00e1s avanzados de la inteligencia digital en el \u00e1mbito de la vigilancia y la seguridad, el sistema Digifort \u00a0se embarca en una nueva era en la vigilancia activa y pasiva de las c\u00e1maras de seguridad, la integraci\u00f3n de soluciones y ofrecer la m\u00e1s moderna en t\u00e9rminos de vigilancia, el acceso control y automatizaci\u00f3n, en forma distribuida y accesible con los medios m\u00e1s variados de comunicaci\u00f3n utilizados en la organizaci\u00f3n.<\/span><\/p>\n<p class=\"estilo1\" style=\"background-image: initial; background-attachment: initial; background-size: initial; background-origin: initial; background-clip: initial; background-position: initial; background-repeat: initial;\"><strong><span style=\"font-size: 8.0pt; font-family: 'Arial',sans-serif; color: black;\">Sistema de Vigilancia de C\u00e1maras IP<\/span><\/strong><\/p>\n<p class=\"estilo1\" style=\"background-image: initial; background-attachment: initial; background-size: initial; background-origin: initial; background-clip: initial; background-position: initial; background-repeat: initial;\"><span style=\"font-size: 8.0pt; font-family: 'Arial',sans-serif; color: black;\">La vigilancia y el software de grabaci\u00f3n de circuito cerrado de televisi\u00f3n basada en redes TCP \/ IP con \u00a0la capacidad de controlar y ver im\u00e1genes de las c\u00e1maras IP o anal\u00f3gicas conectadas por los servidores de v\u00eddeo o codificadores, as\u00ed como registrar las im\u00e1genes para su recuperaci\u00f3n posterior o hacer una \u00a0b\u00fasqueda m\u00e1s selectiva.<\/span><\/p>\n<p class=\"estilo1\" style=\"background-image: initial; background-attachment: initial; background-size: initial; background-origin: initial; background-clip: initial; background-position: initial; background-repeat: initial;\"><span style=\"font-size: 8.0pt; font-family: 'Arial',sans-serif; color: black;\">El software tiene una interfaz gr\u00e1fica amigable basada en Windows, muestra las pantallas, funciones, men\u00fas, ventanas de ayuda y manuales en el idioma elegido y tambi\u00e9n est\u00e1 disponible en 4 versiones para satisfacer las necesidades del mercado.<\/span><\/p>\n<p class=\"estilo2\" style=\"background-image: initial; background-attachment: initial; background-size: initial; background-origin: initial; background-clip: initial; background-position: initial; background-repeat: initial;\"><strong><span style=\"font-size: 8.0pt; font-family: 'Arial',sans-serif; color: black;\">Digifort Professional<\/span><\/strong><\/p>\n<p class=\"estilo1\" style=\"background-image: initial; background-attachment: initial; background-size: initial; background-origin: initial; background-clip: initial; background-position: initial; background-repeat: initial;\"><span style=\"font-size: 8.0pt; font-family: 'Arial',sans-serif; color: black;\">La versi\u00f3n Professional provee las caracter\u00edsticas ideales para la vigilancia local y remota de hasta 64 c\u00e1maras por servidor, lo que es ideal para instalaciones peque\u00f1as, medianas y grandes empresas, lo que garantiza una instalaci\u00f3n robusta, con una alta fiabilidad y un excelente rendimiento a un costo compatible.<\/span><\/p>\n<p>Digifort Professional permite el uso de varios modelos de c\u00e1maras IP y servidores de v\u00eddeo de distintos fabricantes, lo que hace posible la elecci\u00f3n de hardware que mejor se adapte a las necesidades del cliente.<\/p>\n<p>La versi\u00f3n Professional incorpora las mejores caracter\u00edsticas y herramientas para su proyecto de seguridad, que ofrece administraci\u00f3n centralizada para la operaci\u00f3n y vigilancia de las c\u00e1maras y las alarmas.<\/p>\n<p>Digifort Professional se recomienda para los usuarios de mediana y gran escala-que necesitan algunas caracter\u00edsticas tales como PTZ por joystick, mapas sin\u00f3pticos, hasta 16 cuentas de usuarios, \u00a0servidor Web, \u00a0visualizaci\u00f3n de las c\u00e1maras en tel\u00e9fono celular, integraci\u00f3n con los m\u00f3dulos opcionales Digifort, etc.<\/p>\n<p>Con Digifort Professional tendr\u00e1 la posibilidad de controlar c\u00e1maras PTZ\u00a0 con el mouse o un joystick USB, as\u00ed como una herramienta para PTZ por prioridad y funciones avanzadas.<\/p>\n<p>Adem\u00e1s de las diversas funciones de Digifort profesional, usted puede contar con la integraci\u00f3n con los m\u00f3dulos de alarma y de automatizaci\u00f3n y \u00a0Digifort Evidence, proporcionando al cliente una soluci\u00f3n completa de vigilancia, alarmas y automatizaci\u00f3n.<\/p>\n<p class=\"estilo1\" style=\"background-image: initial; background-attachment: initial; background-size: initial; background-origin: initial; background-clip: initial; background-position: initial; background-repeat: initial;\"><span style=\"font-size: 8.0pt; font-family: 'Arial',sans-serif; color: black;\">Una de las herramientas m\u00e1s esperadas y usadas de Digifort Professional es el mapa sin\u00f3ptico. Con esto, usted puede incluir el plano del sitio y con s\u00f3lo arrastrar, incluir todos los dispositivos de vigilancia y su lugar de origen, por ejemplo: c\u00e1maras, un conjunto de alarmas y m\u00f3dulos de automatizaci\u00f3n o de E \/ S las c\u00e1maras, tambi\u00e9n puede incluir: detectores de movimiento, botones de activaci\u00f3n de puertas, luces, sirenas, etc. Todo ello vigilado por el operador y visualmente expuesto en el caso de la activaci\u00f3n de uno de estos dispositivos. Adem\u00e1s se puede configurar para activar varias acciones de alarma diferentes.<\/span><\/p>\n<p>Con Digifort Professional tendr\u00e1s una s\u00f3lida soluci\u00f3n de vigilancia digital (IP) de las c\u00e1maras con una amplia variedad de herramientas operativas<\/p>\n<p class=\"MsoNoSpacing\"><b><span style=\"font-size: 8.0pt; font-family: 'Arial',sans-serif; mso-fareast-language: ES-MX;\">Principales Caracter\u00edsticas:<\/span><\/b><\/p>\n<p class=\"MsoNoSpacing\" style=\"margin-left: 36.0pt; text-indent: -18.0pt; mso-list: l0 level1 lfo1;\"><!-- [if !supportLists]--><span style=\"font-size: 8.0pt; font-family: Wingdings; mso-fareast-font-family: Wingdings; mso-bidi-font-family: Wingdings; mso-font-kerning: 18.0pt; mso-fareast-language: ES-MX; mso-bidi-font-weight: bold;\">\u00d8<span style=\"font-stretch: normal; font-size: 7pt; line-height: normal; font-family: 'Times New Roman';\">\u00a0 <\/span><\/span><!--[endif]--><span style=\"font-size: 8.0pt; font-family: 'Arial',sans-serif; mso-fareast-language: ES-MX;\">Basado en Tecnolog\u00eda IP, permite el uso de c\u00e1maras IP, videoservidores y dispositivos de alarmas de diferentes fabricantes.<\/span><\/p>\n<p class=\"MsoNoSpacing\" style=\"margin-left: 36.0pt; text-indent: -18.0pt; mso-list: l0 level1 lfo1;\"><!-- [if !supportLists]--><span style=\"font-size: 8.0pt; font-family: Wingdings; mso-fareast-font-family: Wingdings; mso-bidi-font-family: Wingdings; mso-font-kerning: 18.0pt; mso-fareast-language: ES-MX; mso-bidi-font-weight: bold;\">\u00d8<span style=\"font-stretch: normal; font-size: 7pt; line-height: normal; font-family: 'Times New Roman';\">\u00a0 <\/span><\/span><!--[endif]--><span style=\"font-size: 8.0pt; font-family: 'Arial',sans-serif; mso-fareast-language: ES-MX;\">Arquitectura Cliente\/ Servidor.<\/span><\/p>\n<p class=\"MsoNoSpacing\" style=\"margin-left: 36.0pt; text-indent: -18.0pt; mso-list: l0 level1 lfo1;\"><!-- [if !supportLists]--><span style=\"font-size: 8.0pt; font-family: Wingdings; mso-fareast-font-family: Wingdings; mso-bidi-font-family: Wingdings; mso-font-kerning: 18.0pt; mso-fareast-language: ES-MX; mso-bidi-font-weight: bold;\">\u00d8<span style=\"font-stretch: normal; font-size: 7pt; line-height: normal; font-family: 'Times New Roman';\">\u00a0 <\/span><\/span><!--[endif]--><span style=\"font-size: 8.0pt; font-family: 'Arial',sans-serif; mso-fareast-language: ES-MX;\">Completa Administraci\u00f3n de Usuarios.<\/span><\/p>\n<p class=\"MsoNoSpacing\" style=\"margin-left: 36.0pt; text-indent: -18.0pt; mso-list: l0 level1 lfo1;\"><!-- [if !supportLists]--><span style=\"font-size: 8.0pt; font-family: Wingdings; mso-fareast-font-family: Wingdings; mso-bidi-font-family: Wingdings; mso-font-kerning: 18.0pt; mso-fareast-language: ES-MX; mso-bidi-font-weight: bold;\">\u00d8<span style=\"font-stretch: normal; font-size: 7pt; line-height: normal; font-family: 'Times New Roman';\">\u00a0 <\/span><\/span><!--[endif]--><span style=\"font-size: 8.0pt; font-family: 'Arial',sans-serif; mso-fareast-language: ES-MX;\">Servidor WEB Integrado.<\/span><\/p>\n<p class=\"MsoNoSpacing\" style=\"margin-left: 36.0pt; text-indent: -18.0pt; mso-list: l0 level1 lfo1;\"><!-- [if !supportLists]--><span style=\"font-size: 8.0pt; font-family: Wingdings; mso-fareast-font-family: Wingdings; mso-bidi-font-family: Wingdings; mso-fareast-language: ES-MX;\">\u00d8<span style=\"font-stretch: normal; font-size: 7pt; line-height: normal; font-family: 'Times New Roman';\">\u00a0 <\/span><\/span><!--[endif]--><span style=\"font-size: 8.0pt; font-family: 'Arial',sans-serif; mso-fareast-language: ES-MX;\">Operaciones Simultaneas como grabaci\u00f3n, reproducci\u00f3n, configuraci\u00f3n del sistema, monitoreo en vivo, b\u00fasqueda de eventos, etc.<\/span><\/p>\n<p class=\"MsoNoSpacing\" style=\"margin-left: 36.0pt; text-indent: -18.0pt; mso-list: l0 level1 lfo1;\"><!-- [if !supportLists]--><span style=\"font-size: 8.0pt; font-family: Wingdings; mso-fareast-font-family: Wingdings; mso-bidi-font-family: Wingdings; mso-fareast-language: ES-MX;\">\u00d8<span style=\"font-stretch: normal; font-size: 7pt; line-height: normal; font-family: 'Times New Roman';\">\u00a0 <\/span><\/span><!--[endif]--><span style=\"font-size: 8.0pt; font-family: 'Arial',sans-serif; mso-fareast-language: ES-MX;\">Soporta monitoreo y grabaci\u00f3n en formatos MJPEG, MPEG-4 y H.264.<\/span><\/p>\n<p class=\"MsoNoSpacing\" style=\"margin-left: 36.0pt; text-indent: -18.0pt; mso-list: l0 level1 lfo1;\"><!-- [if !supportLists]--><span style=\"font-size: 8.0pt; font-family: Wingdings; mso-fareast-font-family: Wingdings; mso-bidi-font-family: Wingdings; mso-fareast-language: ES-MX;\">\u00d8<span style=\"font-stretch: normal; font-size: 7pt; line-height: normal; font-family: 'Times New Roman';\">\u00a0 <\/span><\/span><!--[endif]--><span style=\"font-size: 8.0pt; font-family: 'Arial',sans-serif; mso-fareast-language: ES-MX;\">Sistema Multi- Procesador, Multi- Streaming.<\/span><\/p>\n<p class=\"MsoNoSpacing\" style=\"margin-left: 36.0pt; text-indent: -18.0pt; mso-list: l0 level1 lfo1;\"><!-- [if !supportLists]--><span style=\"font-size: 8.0pt; font-family: Wingdings; mso-fareast-font-family: Wingdings; mso-bidi-font-family: Wingdings; mso-fareast-language: ES-MX;\">\u00d8<span style=\"font-stretch: normal; font-size: 7pt; line-height: normal; font-family: 'Times New Roman';\">\u00a0 <\/span><\/span><!--[endif]--><span style=\"font-size: 8.0pt; font-family: 'Arial',sans-serif; mso-fareast-language: ES-MX;\">Permite el uso de cualquier resoluci\u00f3n de imagen.<\/span><\/p>\n<p class=\"MsoNoSpacing\" style=\"margin-left: 36.0pt; text-indent: -18.0pt; mso-list: l0 level1 lfo1;\"><!-- [if !supportLists]--><span style=\"font-size: 8.0pt; font-family: Wingdings; mso-fareast-font-family: Wingdings; mso-bidi-font-family: Wingdings; mso-fareast-language: ES-MX;\">\u00d8<span style=\"font-stretch: normal; font-size: 7pt; line-height: normal; font-family: 'Times New Roman';\">\u00a0 <\/span><\/span><!--[endif]--><span style=\"font-size: 8.0pt; font-family: 'Arial',sans-serif; mso-fareast-language: ES-MX;\">Caracter\u00edsticas de filtrado de IP.<\/span><\/p>\n<p class=\"MsoNoSpacing\" style=\"margin-left: 36.0pt; text-indent: -18.0pt; mso-list: l0 level1 lfo1;\"><!-- [if !supportLists]--><span style=\"font-size: 8.0pt; font-family: Wingdings; mso-fareast-font-family: Wingdings; mso-bidi-font-family: Wingdings; mso-fareast-language: ES-MX;\">\u00d8<span style=\"font-stretch: normal; font-size: 7pt; line-height: normal; font-family: 'Times New Roman';\">\u00a0 <\/span><\/span><!--[endif]--><span style=\"font-size: 8.0pt; font-family: 'Arial',sans-serif; mso-fareast-language: ES-MX;\">Configuraci\u00f3n de permisos y privilegios por grupos de usuarios.<\/span><\/p>\n<p class=\"MsoNoSpacing\" style=\"margin-left: 36.0pt; text-indent: -18.0pt; mso-list: l0 level1 lfo1;\"><!-- [if !supportLists]--><span style=\"font-size: 8.0pt; font-family: Wingdings; mso-fareast-font-family: Wingdings; mso-bidi-font-family: Wingdings; mso-fareast-language: ES-MX;\">\u00d8<span style=\"font-stretch: normal; font-size: 7pt; line-height: normal; font-family: 'Times New Roman';\">\u00a0 <\/span><\/span><!--[endif]--><span style=\"font-size: 8.0pt; font-family: 'Arial',sans-serif; mso-fareast-language: ES-MX;\">Herramienta de configuraci\u00f3n global de c\u00e1mara para aplicar la misma configuraci\u00f3n a un grupo de c\u00e1maras al mismo tiempo.<\/span><\/p>\n<p class=\"MsoNoSpacing\"><span style=\"font-size: 8.0pt; font-family: 'Arial',sans-serif;\">\u00a0<\/span><strong style=\"font-size: 12.16px; line-height: 1.3em;\"><span style=\"font-size: 8.0pt; line-height: 107%; font-family: 'Arial',sans-serif; font-weight: normal; mso-bidi-font-weight: bold;\">Pago: Anticipado v\u00eda transferencia \u00f3 dep\u00f3sito bancario.<\/span><\/strong><\/p>\n<p class=\"MsoListParagraphCxSpMiddle\"><strong><span style=\"font-size: 8.0pt; line-height: 107%; font-family: 'Arial',sans-serif; font-weight: normal; mso-bidi-font-weight: bold;\">Tiempo de entrega: Inmediata o dependiendo existencias.<\/span><\/strong><\/p>\n<p class=\"MsoListParagraphCxSpMiddle\"><strong><span style=\"font-size: 8.0pt; line-height: 107%; font-family: 'Arial',sans-serif; font-weight: normal; mso-bidi-font-weight: bold;\">Garant\u00eda de: 1 a\u00f1o por defectos de fabricaci\u00f3n.<\/span><\/strong><\/p>\n<p class=\"MsoListParagraphCxSpMiddle\"><strong><span style=\"font-size: 8.0pt; line-height: 107%; font-family: 'Arial',sans-serif; font-weight: normal; mso-bidi-font-weight: bold;\">No incluye instalaci\u00f3n, canalizaci\u00f3n, ni obra civil, en caso de requerir por favor contacte al depto. de ventas.<\/span><\/strong><\/p>\n<p class=\"MsoListParagraphCxSpMiddle\"><strong><span style=\"font-size: 8.0pt; line-height: 107%; font-family: 'Arial',sans-serif; font-weight: normal; mso-bidi-font-weight: bold;\">Para consultar existencias, precios sobre la transportaci\u00f3n y\/o\u00a0 los vi\u00e1ticos,\u00a0por favor contacte con nosotros.<\/span><\/strong><\/p>\n<p class=\"MsoListParagraphCxSpMiddle\"><strong><span style=\"font-size: 8.0pt; line-height: 107%; font-family: 'Arial',sans-serif; font-weight: normal; mso-bidi-font-weight: bold;\">Precios sujetos a cambio sin previo aviso.<\/span><\/strong><\/p>\n<p class=\"MsoListParagraphCxSpMiddle\"><strong><span style=\"font-size: 8.0pt; line-height: 107%; font-family: 'Arial',sans-serif; font-weight: normal; mso-bidi-font-weight: bold;\">Contamos con talleres propios, para\u00a0el mantenimiento y\/o\u00a0reparaci\u00f3n de los equipos, refacciones y consumibles.<\/span><\/strong><\/p>\n<p class=\"MsoListParagraphCxSpMiddle\"><strong><span style=\"font-size: 8.0pt; line-height: 107%; font-family: 'Arial',sans-serif; font-weight: normal; mso-bidi-font-weight: bold;\">Tambi\u00e9n contamos con servicio de mantenimiento preventivo o correctivo, reparaci\u00f3n, capacitaci\u00f3n para la administraci\u00f3n del software de control de asistencia, acceso o videovigilancia, a domicilio.<\/span><\/strong><\/p>\n<p class=\"MsoListParagraphCxSpLast\"><strong><span style=\"font-size: 8.0pt; line-height: 107%; font-family: 'Arial',sans-serif; font-weight: normal; mso-bidi-font-weight: bold;\">Cualquier duda adicional por favor, consulte a su ejecutivo de ventas.<\/span><\/strong><\/p>\n","protected":false},"excerpt":{"rendered":"<p>DIGIFORT SOFTWARE PROFESSIONAL PARA VIDEOVIGILANCIA DGFPR1008V7 &#8211; \u00a0SISTEMA BASE PARA 8 CAMARAS\/ HASTA 64 CANALES Para satisfacer la creciente demanda de sistemas integrados y automatizados espec\u00edficamente dise\u00f1ado para la vigilancia, almacenamiento y administraci\u00f3n de c\u00e1maras digitales y anal\u00f3gicas, el Sistema de Digifort presenta el nuevo concepto de gobierno digital que cambia completamente la forma en[&#8230;]<\/p>\n","protected":false},"featured_media":4611,"comment_status":"closed","ping_status":"closed","template":"","meta":[],"product_cat":[27,123],"product_tag":[],"class_list":["post-3712","product","type-product","status-publish","has-post-thumbnail","hentry","product_cat-software","product_cat-software-para-camaras-ip","pa_marca-digifort"],"_links":{"self":[{"href":"https:\/\/globalsystem.com.mx\/catalogo\/wp-json\/wp\/v2\/product\/3712","targetHints":{"allow":["GET"]}}],"collection":[{"href":"https:\/\/globalsystem.com.mx\/catalogo\/wp-json\/wp\/v2\/product"}],"about":[{"href":"https:\/\/globalsystem.com.mx\/catalogo\/wp-json\/wp\/v2\/types\/product"}],"replies":[{"embeddable":true,"href":"https:\/\/globalsystem.com.mx\/catalogo\/wp-json\/wp\/v2\/comments?post=3712"}],"version-history":[{"count":3,"href":"https:\/\/globalsystem.com.mx\/catalogo\/wp-json\/wp\/v2\/product\/3712\/revisions"}],"predecessor-version":[{"id":4613,"href":"https:\/\/globalsystem.com.mx\/catalogo\/wp-json\/wp\/v2\/product\/3712\/revisions\/4613"}],"wp:featuredmedia":[{"embeddable":true,"href":"https:\/\/globalsystem.com.mx\/catalogo\/wp-json\/wp\/v2\/media\/4611"}],"wp:attachment":[{"href":"https:\/\/globalsystem.com.mx\/catalogo\/wp-json\/wp\/v2\/media?parent=3712"}],"wp:term":[{"taxonomy":"product_cat","embeddable":true,"href":"https:\/\/globalsystem.com.mx\/catalogo\/wp-json\/wp\/v2\/product_cat?post=3712"},{"taxonomy":"product_tag","embeddable":true,"href":"https:\/\/globalsystem.com.mx\/catalogo\/wp-json\/wp\/v2\/product_tag?post=3712"}],"curies":[{"name":"wp","href":"https:\/\/api.w.org\/{rel}","templated":true}]}}