{"id":3710,"date":"2022-06-03T22:08:39","date_gmt":"2022-06-03T22:08:39","guid":{"rendered":"https:\/\/webs360apps.com\/ismafinal\/product\/digifort-standard-dgfst1004v7-software-de-administracion-central-sistema-base-para-4-camaras-hasta-32-canales-monit\/"},"modified":"2022-06-15T18:52:51","modified_gmt":"2022-06-15T18:52:51","slug":"digifort-standard-dgfst1004v7-software-de-administracion-central-sistema-base-para-4-camaras-hasta-32-canales-monit","status":"publish","type":"product","link":"https:\/\/globalsystem.com.mx\/catalogo\/digifort-standard-dgfst1004v7-software-de-administracion-central-sistema-base-para-4-camaras-hasta-32-canales-monit","title":{"rendered":"DIGIFORT STANDARD DGFST1004V7 &#8211; SOFTWARE DE ADMINISTRACION CENTRAL\/ SISTEMA BASE PARA 4 CAMARAS\/ HASTA 32 CANALES\/ MONIT"},"content":{"rendered":"<p class=\"Estilo1\" style=\"color: #000000; font-family: Arial, Helvetica, sans-serif; font-size: 12px; line-height: normal;\" align=\"justify\">Para satisfacer la creciente demanda de sistemas integrados y automatizados espec\u00edficamente dise\u00f1ado para la vigilancia, almacenamiento y administraci\u00f3n de c\u00e1maras digitales y anal\u00f3gicas, el Sistema de Digifort presenta el nuevo concepto de gobierno digital que cambia completamente la forma en que las empresas y las peque\u00f1as empresas se desempe\u00f1an en el area de seguridad.<\/p>\n<p class=\"Estilo1\" style=\"color: #000000; font-family: Arial, Helvetica, sans-serif; font-size: 12px; line-height: normal;\" align=\"justify\">Haciendo uso de los conceptos mas avanzados de la inteligencia digital en el \u00e1mbito de la vigilancia y la seguridad, el sistema Digifort \u00a0se embarca en una nueva era en la vigilancia activa y pasiva de las c\u00e1maras de seguridad, la integraci\u00f3n de soluciones y ofrecer la mas moderna en t\u00e9rminos de vigilancia, el acceso control y automatizaci\u00f3n, en forma distribuida y accesible con los medios mas variados de comunicaci\u00f3n utilizados en la organizaci\u00f3n.<\/p>\n<p class=\"Estilo1\" style=\"color: #000000; font-family: Arial, Helvetica, sans-serif; font-size: 12px; line-height: normal;\" align=\"justify\"><strong>Sistema de Vigilancia de Camaras<\/strong><\/p>\n<p class=\"Estilo1\" style=\"color: #000000; font-family: Arial, Helvetica, sans-serif; font-size: 12px; line-height: normal;\" align=\"justify\">La vigilancia y el software de grabaci\u00f3n de circuito cerrado de televisi\u00f3n basada en redes TCP \/ IP con \u00a0la capacidad de controlar y ver im\u00e1genes de las c\u00e1maras IP o anal\u00f3gicas conectadas por los servidores de v\u00eddeo o codificadores, as\u00ed como registrar las im\u00e1genes para su recuperaci\u00f3n posterior o hacer una \u00a0b\u00fasqueda m\u00ef\u00bf\u00bds selectiva.<\/p>\n<p class=\"Estilo1\" style=\"color: #000000; font-family: Arial, Helvetica, sans-serif; font-size: 12px; line-height: normal;\" align=\"justify\">El software tiene una interfaz gr\u00e1fica amigable basada en Windows, muestra las pantallas, funciones, men\u00fas, ventanas de ayuda y manuales en el idioma elegido y tambi\u00e9n esta disponible en 4 versiones para satisfacer las necesidades del mercado.<\/p>\n<p class=\"Estilo1\" style=\"color: #000000; font-family: Arial, Helvetica, sans-serif; font-size: 12px; line-height: normal;\" align=\"justify\"><strong>Digifort Standard<\/strong><\/p>\n<p class=\"Estilo1\" style=\"color: #000000; font-family: Arial, Helvetica, sans-serif; font-size: 12px; line-height: normal;\" align=\"justify\">La versi\u00f3n Standard ofrece caracter\u00edsticas ideales para la vigilancia local y remota de hasta 32 c\u00e1maras por servidor y por ser la versi\u00f3n intermedia del Sistema Digifort, es ideal para instalaciones peque\u00f1as y medianas empresas, ya que re\u00fane a una soluci\u00f3n de alta fiabilidad , un excelente rendimiento y bajo costo.<\/p>\n<p>Digifort Standard permite el uso de numerosos modelos \u00a0de c\u00e1maras IP y servidores de v\u00eddeo de distintos fabricantes, lo que hace posible la elecci\u00f3n de hardware que mejor se adapte a las necesidades del cliente.<\/p>\n<p class=\"Estilo1\" style=\"color: #000000; font-family: Arial, Helvetica, sans-serif; font-size: 12px; line-height: normal;\" align=\"justify\">La versi\u00f3n Standard tambi\u00e9n ofrece una amplia gama de herramientas para la vigilancia, la reproducci\u00f3n, b\u00fasqueda y grabaci\u00f3n de video, ofreciendo una mayor administraci\u00f3n de los recursos de hardware, seguridad, administrativas e instalaciones operativas.<\/p>\n<p>Con Digifort Standard \u00a0tendra una soluci\u00f3n robusta de vigilancia digital (IP) de las c\u00e1maras con una amplia variedad de herramientas operativas.<\/p>\n<p class=\"Estilo2\" align=\"left\">Grabaci\u00f3n de im\u00e1genes<\/p>\n<p class=\"Estilo1\" align=\"left\">Soporta velocidades de grabaci\u00f3n y visualizaci\u00f3n en vivo de hasta 30 FPS por c\u00e1mara, grabaci\u00f3n por eventos manuales o externos y\/o detecci\u00f3n de movimiento.<\/p>\n<p class=\"Estilo1\" align=\"left\">Soporta grabaci\u00f3n por horarios, por tiempo y d\u00eda de la semana.<\/p>\n<p class=\"Estilo1\" align=\"left\">Permite la grabaci\u00f3n o transmisi\u00f3n del v\u00eddeo s\u00f3lo en caso de un evento, ahorrando ancho de banda y espacio en disco.<\/p>\n<p class=\"Estilo1\" align=\"left\">Caracter\u00edstica de incremento de la velocidad de cuadros en caso de detecci\u00f3n de movimiento.<\/p>\n<p class=\"Estilo1\" align=\"left\">Certificaci\u00f3n digital de im\u00e1genes, lo cual garantiza su autenticidad.<\/p>\n<p class=\"Estilo1\" align=\"left\">Sistema inteligente de Administraci\u00f3n de Discos.<\/p>\n<p class=\"Estilo2\" align=\"justify\">Monitoreo de im\u00e1genes<\/p>\n<p align=\"justify\"><span class=\"Estilo1\">Herramientas de monitoreo como captura de pantalla, zoom digital, iconos de c\u00e1mara, pantalla completa y men\u00fas interactivos.<\/span><\/p>\n<p class=\"Estilo1\" align=\"justify\">Incremento de la velocidad de cuadros por c\u00e1mara espec\u00edfica.<\/p>\n<p class=\"Estilo1\" align=\"justify\">Detecci\u00f3n de movimiento en tiempo real<\/p>\n<p class=\"Estilo1\" align=\"justify\">Zoom digital simultaneo en diferentes partes de la pantalla<\/p>\n<p class=\"Estilo1\" align=\"justify\">Visualizaci\u00f3n de c\u00e1maras de diferentes servidores en la misma pantalla.<\/p>\n<p class=\"Estilo2\" style=\"color: #000000; font-family: Arial, Helvetica, sans-serif; font-size: 12px; line-height: normal;\">Reproducci\u00f3n, Exportaci\u00f3n y B\u00fasqueda de Grabaciones<\/p>\n<p class=\"Estilo1\" style=\"color: #000000; font-family: Arial, Helvetica, sans-serif; font-size: 12px; line-height: normal;\">Permite la reproducci\u00f3n sincronizada y exportaci\u00f3n del video de varias c\u00ef\u00bf\u00bdmaras simult\u00ef\u00bf\u00bdneamente<\/p>\n<p class=\"Estilo1\" style=\"color: #000000; font-family: Arial, Helvetica, sans-serif; font-size: 12px; line-height: normal;\">L\u00ednea de tiempo que muestra los puntos donde existen grabaciones o movimiento.<\/p>\n<p class=\"Estilo1\" style=\"color: #000000; font-family: Arial, Helvetica, sans-serif; font-size: 12px; line-height: normal;\">B\u00fasqueda por movimiento en grabaciones.<\/p>\n<p class=\"Estilo1\" style=\"color: #000000; font-family: Arial, Helvetica, sans-serif; font-size: 12px; line-height: normal;\">Impresi\u00f3n de fotos del video con descripci\u00f3n, fecha y hora del evento.<\/p>\n<h1 class=\"Estilo1\" style=\"color: #000000; font-family: Arial, Helvetica, sans-serif; line-height: normal;\">Principales Caracter\u00edsticas:<\/h1>\n<ul style=\"color: #000000; font-family: Arial, Helvetica, sans-serif; font-size: 12px; line-height: normal;\">\n<li class=\"Estilo1\">Basado en Tecnolog\u00eda IP, permite el uso de c\u00e1maras IP, videoservidores y dispositivos de alarmas de diferentes fabricantes.<\/li>\n<li class=\"Estilo1\">Arquitectura Cliente\/ Servidor.<\/li>\n<li class=\"Estilo1\">Completa Administraci\u00f3n de Usuarios.<\/li>\n<li class=\"Estilo1\">\u00a0Servidor WEB Integrado.<\/li>\n<li class=\"Estilo1\">Operaciones Simultaneas como grabaci\u00f3n, reproducci\u00f3n, configuraci\u00f3n del sistema, monitoreo en vivo, b\u00fasqueda de eventos, etc.<\/li>\n<li class=\"Estilo1\">Soporta monitoreo y grabaci\u00f3n en formatos MJPEG, MPEG-4 y H.264.<\/li>\n<li class=\"Estilo1\">Sistema Multi- Procesador, Multi- Streaming.<\/li>\n<li class=\"Estilo1\">Permite el uso de cualquier resoluci\u00f3n de imagen.<\/li>\n<li class=\"Estilo1\">Caracter\u00edsticas de filtrado de IP.<\/li>\n<li class=\"Estilo1\">Configuraci\u00f3n de permisos y privilegios por grupos de usuarios.<\/li>\n<li class=\"Estilo1\">Herramienta de configuraci\u00f3n global de c\u00ef\u00bf\u00bdmara para aplicar la misma configuraci\u00f3n a un grupo de c\u00e1maras al mismo tiempo.<\/li>\n<\/ul>\n<address class=\"MsoNormal\"><span style=\"font-size: 10.0pt; line-height: 107%; font-family: 'Verdana','sans-serif'; mso-bidi-font-family: Arial;\">Pago: Anticipado v\u00eda transferencia \u00f3 dep\u00f3sito bancario.<\/span><\/address>\n<address class=\"MsoNormal\"><span style=\"font-size: 10.0pt; line-height: 107%; font-family: 'Verdana','sans-serif'; mso-bidi-font-family: Arial;\">Tiempo de entrega: Inmediata o dependiendo existencias.<\/span><\/address>\n<address class=\"MsoNormal\"><span style=\"font-size: 10.0pt; line-height: 107%; font-family: 'Verdana','sans-serif'; mso-bidi-font-family: Arial;\">Garant\u00eda de: 1 a\u00f1o por defectos de fabricaci\u00f3n.<\/span><\/address>\n<address class=\"MsoNormal\"><span style=\"font-size: 10.0pt; line-height: 107%; font-family: 'Verdana','sans-serif'; mso-bidi-font-family: Arial;\">No incluye instalaci\u00f3n, canalizaci\u00f3n, ni obra civil, en caso de requerir por favor contacte al depto. de ventas.<\/span><\/address>\n<address class=\"MsoNormal\"><span style=\"font-size: 10.0pt; line-height: 107%; font-family: 'Verdana','sans-serif'; mso-bidi-font-family: Arial;\">Para consultar existencias, precios sobre la transportaci\u00f3n y\/o\u00a0 los vi\u00e1ticos,\u00a0por favor contacte con nosotros.<\/span><\/address>\n<address class=\"MsoNormal\"><span style=\"font-size: 10.0pt; line-height: 107%; font-family: 'Verdana','sans-serif'; mso-bidi-font-family: Arial;\">Precios sujetos a cambio sin previo aviso.<\/span><\/address>\n<address class=\"MsoNormal\"><span style=\"font-size: 10.0pt; line-height: 107%; font-family: 'Verdana','sans-serif'; mso-bidi-font-family: Arial;\">Contamos con talleres propios, para\u00a0el mantenimiento y\/o\u00a0reparaci\u00f3n de los equipos, refacciones y consumibles.<\/span><\/address>\n<address class=\"MsoNormal\"><span style=\"font-size: 10.0pt; line-height: 107%; font-family: 'Verdana','sans-serif'; mso-bidi-font-family: Arial;\">Tambi\u00e9n contamos con servicio de mantenimiento, reparaci\u00f3n, capacitaci\u00f3n para la administraci\u00f3n del software de control de asistencia o acceso, a domicilio.<\/span><\/address>\n<address class=\"MsoNormal\"><span style=\"font-size: 10.0pt; line-height: 107%; font-family: 'Verdana','sans-serif'; mso-bidi-font-family: Arial;\">Cualquier duda adicional, consulte a su ejecutivo de ventas.<\/span><\/address>\n<p class=\"Estilo1\" align=\"left\">\n","protected":false},"excerpt":{"rendered":"<p>Para satisfacer la creciente demanda de sistemas integrados y automatizados espec\u00edficamente dise\u00f1ado para la vigilancia, almacenamiento y administraci\u00f3n de c\u00e1maras digitales y anal\u00f3gicas, el Sistema de Digifort presenta el nuevo concepto de gobierno digital que cambia completamente la forma en que las empresas y las peque\u00f1as empresas se desempe\u00f1an en el area de seguridad. Haciendo[&#8230;]<\/p>\n","protected":false},"featured_media":4612,"comment_status":"closed","ping_status":"closed","template":"","meta":[],"product_cat":[27,123],"product_tag":[],"class_list":["post-3710","product","type-product","status-publish","has-post-thumbnail","hentry","product_cat-software","product_cat-software-para-camaras-ip","pa_marca-digifort"],"_links":{"self":[{"href":"https:\/\/globalsystem.com.mx\/catalogo\/wp-json\/wp\/v2\/product\/3710","targetHints":{"allow":["GET"]}}],"collection":[{"href":"https:\/\/globalsystem.com.mx\/catalogo\/wp-json\/wp\/v2\/product"}],"about":[{"href":"https:\/\/globalsystem.com.mx\/catalogo\/wp-json\/wp\/v2\/types\/product"}],"replies":[{"embeddable":true,"href":"https:\/\/globalsystem.com.mx\/catalogo\/wp-json\/wp\/v2\/comments?post=3710"}],"version-history":[{"count":3,"href":"https:\/\/globalsystem.com.mx\/catalogo\/wp-json\/wp\/v2\/product\/3710\/revisions"}],"predecessor-version":[{"id":4615,"href":"https:\/\/globalsystem.com.mx\/catalogo\/wp-json\/wp\/v2\/product\/3710\/revisions\/4615"}],"wp:featuredmedia":[{"embeddable":true,"href":"https:\/\/globalsystem.com.mx\/catalogo\/wp-json\/wp\/v2\/media\/4612"}],"wp:attachment":[{"href":"https:\/\/globalsystem.com.mx\/catalogo\/wp-json\/wp\/v2\/media?parent=3710"}],"wp:term":[{"taxonomy":"product_cat","embeddable":true,"href":"https:\/\/globalsystem.com.mx\/catalogo\/wp-json\/wp\/v2\/product_cat?post=3710"},{"taxonomy":"product_tag","embeddable":true,"href":"https:\/\/globalsystem.com.mx\/catalogo\/wp-json\/wp\/v2\/product_tag?post=3710"}],"curies":[{"name":"wp","href":"https:\/\/api.w.org\/{rel}","templated":true}]}}