{"id":3706,"date":"2022-06-03T22:08:39","date_gmt":"2022-06-03T22:08:39","guid":{"rendered":"https:\/\/webs360apps.com\/ismafinal\/product\/tarjeta-checadora-para-control-de-asistencia-modelo-t-6\/"},"modified":"2022-06-08T23:08:16","modified_gmt":"2022-06-08T23:08:16","slug":"tarjeta-checadora-para-control-de-asistencia-modelo-t-6","status":"publish","type":"product","link":"https:\/\/globalsystem.com.mx\/catalogo\/tarjeta-checadora-para-control-de-asistencia-modelo-t-6","title":{"rendered":"TARJETA T-5 CHECADORA PARA CONTROL DE ASISTENCIA"},"content":{"rendered":"<p style=\"margin: 0cm 0cm 7.5pt; line-height: 13.5pt; background-image: initial; background-attachment: initial; background-size: initial; background-origin: initial; background-clip: initial; background-position: initial; background-repeat: initial;\">T5 Tarjetas checadoras para control de asistencia semanal o quincenal<\/p>\n<p>Tarjeta semanal T5<\/p>\n<p style=\"margin: 0cm 0cm 7.5pt; line-height: 13.5pt; background-image: initial; background-attachment: initial; background-size: initial; background-origin: initial; background-clip: initial; background-position: initial; background-repeat: initial;\">Importadas de Estados Unidos, nuestras tarjetas\u00a0para reloj checador\u00a0son de la mejor calidad disponible en el mercado, cortadas con precisi\u00f3n para un registro claro y preciso de las checadas de los empleados. El contenido de la\u00a0caja es de 1000 piezas (tarjetas).<\/p>\n<p style=\"margin: 0cm 0cm 7.5pt; line-height: 13.5pt; background-image: initial; background-attachment: initial; background-size: initial; background-origin: initial; background-clip: initial; background-position: initial; background-repeat: initial;\">La tarjeta para asistencia modelo T-5 es utilizada en\u00a0relojes\u00a0checadores\u00a0con impresi\u00f3n horizontal:<\/p>\n<p style=\"margin: 0cm 0cm 7.5pt; line-height: 13.5pt; box-sizing: border-box; background-image: initial; background-attachment: initial; background-size: initial; background-origin: initial; background-clip: initial; background-position: initial; background-repeat: initial;\">Marca \u00a0ACROPRINT modelos: 125QR4, 125QL4, BP125-6QL4, BP125-R6QL4, 150QR4, 150QL4, ES700, ES900.<\/p>\n<p style=\"margin: 0cm 0cm 7.5pt; line-height: 13.5pt; box-sizing: border-box; background-image: initial; background-attachment: initial; background-size: initial; background-origin: initial; background-clip: initial; background-position: initial; background-repeat: initial;\">Marca SEIKO modelos: TP-20.<\/p>\n<p style=\"margin: 0cm 0cm 7.5pt; line-height: 13.5pt; background-image: initial; background-attachment: initial; background-size: initial; background-origin: initial; background-clip: initial; background-position: initial; background-repeat: initial;\">Marca AMANO modelo:\u00a0PIX10,PIX15, PIX21, PIX28, PIX200, PIX3000x, TCX11, TCX21, TCX45, TCX77 TCX-85, TCX88, TCX90.<\/p>\n<p class=\"MsoNormal\" style=\"margin-bottom: 0.0001pt; box-sizing: border-box; background-image: initial; background-attachment: initial; background-size: initial; background-origin: initial; background-clip: initial; background-position: initial; background-repeat: initial;\">\n<p>Pago: Contra entrega, v\u00eda transferencia \u00f3 dep\u00f3sito bancario.<br \/>\nTiempo de entrega: Inmediata o dependiendo existencias.<br \/>\nGarant\u00eda de: 1 a\u00f1o por defectos de fabricaci\u00f3n.<br \/>\nPara consultar existencias, precios sobre la transportaci\u00f3n y\/o los vi\u00e1ticos, por favor contacte con nosotros.<br \/>\nContamos con talleres propios, para el mantenimiento y\/o reparaci\u00f3n de los equipos, refacciones y consumibles.<br \/>\nTambi\u00e9n contamos con servicio de mantenimiento preventivo o correctivo, reparaci\u00f3n, capacitaci\u00f3n para la administraci\u00f3n del software de control de asistencia, acceso o videovigilancia, a domicilio.<br \/>\nCualquier duda adicional por favor, consulte a su ejecutivo de ventas.<\/p>\n","protected":false},"excerpt":{"rendered":"<p>T5 Tarjetas checadoras para control de asistencia semanal o quincenal Tarjeta semanal T5 Importadas de Estados Unidos, nuestras tarjetas\u00a0para reloj checador\u00a0son de la mejor calidad disponible en el mercado, cortadas con precisi\u00f3n para un registro claro y preciso de las checadas de los empleados. El contenido de la\u00a0caja es de 1000 piezas (tarjetas). La tarjeta[&#8230;]<\/p>\n","protected":false},"featured_media":4200,"comment_status":"closed","ping_status":"closed","template":"","meta":[],"product_cat":[39],"product_tag":[],"class_list":["post-3706","product","type-product","status-publish","has-post-thumbnail","hentry","product_cat-accesorios-y-consumibles"],"_links":{"self":[{"href":"https:\/\/globalsystem.com.mx\/catalogo\/wp-json\/wp\/v2\/product\/3706","targetHints":{"allow":["GET"]}}],"collection":[{"href":"https:\/\/globalsystem.com.mx\/catalogo\/wp-json\/wp\/v2\/product"}],"about":[{"href":"https:\/\/globalsystem.com.mx\/catalogo\/wp-json\/wp\/v2\/types\/product"}],"replies":[{"embeddable":true,"href":"https:\/\/globalsystem.com.mx\/catalogo\/wp-json\/wp\/v2\/comments?post=3706"}],"version-history":[{"count":3,"href":"https:\/\/globalsystem.com.mx\/catalogo\/wp-json\/wp\/v2\/product\/3706\/revisions"}],"predecessor-version":[{"id":4202,"href":"https:\/\/globalsystem.com.mx\/catalogo\/wp-json\/wp\/v2\/product\/3706\/revisions\/4202"}],"wp:featuredmedia":[{"embeddable":true,"href":"https:\/\/globalsystem.com.mx\/catalogo\/wp-json\/wp\/v2\/media\/4200"}],"wp:attachment":[{"href":"https:\/\/globalsystem.com.mx\/catalogo\/wp-json\/wp\/v2\/media?parent=3706"}],"wp:term":[{"taxonomy":"product_cat","embeddable":true,"href":"https:\/\/globalsystem.com.mx\/catalogo\/wp-json\/wp\/v2\/product_cat?post=3706"},{"taxonomy":"product_tag","embeddable":true,"href":"https:\/\/globalsystem.com.mx\/catalogo\/wp-json\/wp\/v2\/product_tag?post=3706"}],"curies":[{"name":"wp","href":"https:\/\/api.w.org\/{rel}","templated":true}]}}