{"id":3702,"date":"2022-06-03T22:08:39","date_gmt":"2022-06-03T22:08:39","guid":{"rendered":"https:\/\/webs360apps.com\/ismafinal\/product\/pr-600-reloj-para-rondin-de-vigilancia-marca-amano\/"},"modified":"2022-06-15T00:23:41","modified_gmt":"2022-06-15T00:23:41","slug":"pr-600-reloj-para-rondin-de-vigilancia-marca-amano","status":"publish","type":"product","link":"https:\/\/globalsystem.com.mx\/catalogo\/pr-600-reloj-para-rondin-de-vigilancia-marca-amano","title":{"rendered":"PR600 RELOJ PARA RONDIN DE VIGILANCIA MARCA AMANO"},"content":{"rendered":"<p><span style=\"font-family: 'times new roman', times; font-size: 12pt;\">Reloj para rond\u00edn de vigilancia marca AMANO modelo: PR-600<\/span><\/p>\n<p><span style=\"font-family: 'times new roman', times; font-size: 12pt;\"> Ideal para que los guardias \u00f3 veladores realicen recorridos en sus instalaciones. Su empresa no quedara desprotegida. Caracter\u00edsticas:<\/span><\/p>\n<p><span style=\"font-family: 'times new roman', times; font-size: 12pt;\"> \u2022 El m\u00e1s econ\u00f3mico sistema de control de rondas de calidad <\/span><\/p>\n<p><span style=\"font-family: 'times new roman', times; font-size: 12pt;\">\u2022 Dise\u00f1ado para realizar recorridos en horarios programados consecutivos u\/o alternativos <\/span><\/p>\n<p><span style=\"font-family: 'times new roman', times; font-size: 12pt;\">\u2022 Controla las rondas de sus vigilantes por medio de la impresi\u00f3n de la fecha, hora, minutos y numero de estaci\u00f3n <\/span><\/p>\n<p><span style=\"font-family: 'times new roman', times; font-size: 12pt;\">\u2022 Aproximadamente 2000 marcaciones por rollo qu\u00edmico <\/span><\/p>\n<p><span style=\"font-family: 'times new roman', times; font-size: 12pt;\">\u2022 Operado por una bater\u00eda alcalina de 1.5 v (DC) con duraci\u00f3n aproximada de 6 a 10 meses <\/span><\/p>\n<p><span style=\"font-family: 'times new roman', times; font-size: 12pt;\">\u2022 Liviano y compacto con, maquinaria de cuarzo encapsulada para evitar que entre agua <\/span><\/p>\n<p><span style=\"font-family: 'times new roman', times; font-size: 12pt;\">\u2022 Car\u00e1tula con manecillas \u2022 Impresi\u00f3n sobre rollo de papel autocopiable <\/span><\/p>\n<p><span style=\"font-family: 'times new roman', times; font-size: 12pt;\">\u2022 Cuenta con una llave maestra para la apertura del equipo, por lo que ninguna otra llave puede abrir el equipo. <\/span><\/p>\n<p><span style=\"font-family: 'times new roman', times; font-size: 12pt;\">\u2022 Indica la hora y fecha de cuando se instala \u00f2 se cambia un rollo de papel autocopiable, de esta forma usted llevara el control exacto de las rondas, y no podr\u00e1n ser alteradas. <\/span><\/p>\n<p><span style=\"font-family: 'times new roman', times; font-size: 12pt;\">\u2022 Bater\u00eda incluida, con duraci\u00f3n aproximando de 10 a 12 meses <\/span><\/p>\n<p><span style=\"font-family: 'times new roman', times; font-size: 12pt;\">Pago: Anticipado v\u00eda transferencia \u00f3 dep\u00f3sito bancario. <\/span><\/p>\n<p><span style=\"font-family: 'times new roman', times; font-size: 12pt;\">Tiempo de entrega: Inmediata o dependiendo existencias. <\/span><\/p>\n<p><span style=\"font-family: 'times new roman', times; font-size: 12pt;\">Garant\u00eda de: 1 a\u00f1o por defectos de fabricaci\u00f3n. <\/span><\/p>\n<p><span style=\"font-family: 'times new roman', times; font-size: 12pt;\">No incluye instalaci\u00f3n, canalizaci\u00f3n, ni obra civil, en caso de requerir por favor contacte al depto. de ventas. <\/span><\/p>\n<p><span style=\"font-family: 'times new roman', times; font-size: 12pt;\">Para consultar existencias, precios sobre la transportaci\u00f3n y\/o los vi\u00e1ticos, por favor contacte con nosotros. <\/span><\/p>\n<p><span style=\"font-family: 'times new roman', times; font-size: 12pt;\">Precios sujetos a cambio sin previo aviso. <\/span><\/p>\n<p><span style=\"font-family: 'times new roman', times; font-size: 12pt;\">Contamos con talleres propios, para el mantenimiento y\/o reparaci\u00f3n de los equipos, refacciones y consumibles.<\/span><\/p>\n<p><span style=\"font-family: 'times new roman', times; font-size: 12pt;\">Tambi\u00e9n contamos con servicio de mantenimiento, reparaci\u00f3n, capacitaci\u00f3n para la administraci\u00f3n del software de control de asistencia o acceso, a domicilio.<\/span><\/p>\n<p><span style=\"color: #333333; font-family: 'Times New Roman', serif; font-size: 16px;\">Contamos con la reparaci\u00f3n del reloj modelo pr600<\/span><\/p>\n<p>&nbsp;<\/p>\n<p><span style=\"font-family: 'times new roman', times; font-size: 12pt;\">Cualquier duda adicional, consulte a su ejecutivo de ventas. <\/span><\/p>\n<p><span style=\"font-family: 'times new roman', times; font-size: 12pt;\">Precios sujetos a cambio sin previo aviso.<\/span><\/p>\n","protected":false},"excerpt":{"rendered":"<p>Reloj para rond\u00edn de vigilancia marca AMANO modelo: PR-600 Ideal para que los guardias \u00f3 veladores realicen recorridos en sus instalaciones. Su empresa no quedara desprotegida. Caracter\u00edsticas: \u2022 El m\u00e1s econ\u00f3mico sistema de control de rondas de calidad \u2022 Dise\u00f1ado para realizar recorridos en horarios programados consecutivos u\/o alternativos \u2022 Controla las rondas de sus[&#8230;]<\/p>\n","protected":false},"featured_media":4437,"comment_status":"closed","ping_status":"closed","template":"","meta":[],"product_cat":[32,30,116],"product_tag":[],"class_list":["post-3702","product","type-product","status-publish","has-post-thumbnail","hentry","product_cat-control-de-rondas-o-rondines-de-vigilancia","product_cat-relojes-checadores","product_cat-relojes-checadores-amano","pa_marca-amano"],"_links":{"self":[{"href":"https:\/\/globalsystem.com.mx\/catalogo\/wp-json\/wp\/v2\/product\/3702","targetHints":{"allow":["GET"]}}],"collection":[{"href":"https:\/\/globalsystem.com.mx\/catalogo\/wp-json\/wp\/v2\/product"}],"about":[{"href":"https:\/\/globalsystem.com.mx\/catalogo\/wp-json\/wp\/v2\/types\/product"}],"replies":[{"embeddable":true,"href":"https:\/\/globalsystem.com.mx\/catalogo\/wp-json\/wp\/v2\/comments?post=3702"}],"version-history":[{"count":3,"href":"https:\/\/globalsystem.com.mx\/catalogo\/wp-json\/wp\/v2\/product\/3702\/revisions"}],"predecessor-version":[{"id":4488,"href":"https:\/\/globalsystem.com.mx\/catalogo\/wp-json\/wp\/v2\/product\/3702\/revisions\/4488"}],"wp:featuredmedia":[{"embeddable":true,"href":"https:\/\/globalsystem.com.mx\/catalogo\/wp-json\/wp\/v2\/media\/4437"}],"wp:attachment":[{"href":"https:\/\/globalsystem.com.mx\/catalogo\/wp-json\/wp\/v2\/media?parent=3702"}],"wp:term":[{"taxonomy":"product_cat","embeddable":true,"href":"https:\/\/globalsystem.com.mx\/catalogo\/wp-json\/wp\/v2\/product_cat?post=3702"},{"taxonomy":"product_tag","embeddable":true,"href":"https:\/\/globalsystem.com.mx\/catalogo\/wp-json\/wp\/v2\/product_tag?post=3702"}],"curies":[{"name":"wp","href":"https:\/\/api.w.org\/{rel}","templated":true}]}}