{"id":3698,"date":"2022-06-03T22:08:39","date_gmt":"2022-06-03T22:08:39","guid":{"rendered":"https:\/\/webs360apps.com\/ismafinal\/product\/gc-01-sistema-para-control-de-rondas\/"},"modified":"2022-06-13T02:24:05","modified_gmt":"2022-06-13T02:24:05","slug":"gc-01-sistema-para-control-de-rondas","status":"publish","type":"product","link":"https:\/\/globalsystem.com.mx\/catalogo\/gc-01-sistema-para-control-de-rondas","title":{"rendered":"GC-01 SISTEMA PARA CONTROL DE RONDAS"},"content":{"rendered":"<p>GC-01 SISTEMA PARA CONTROL DE RONDAS DE VIGILANCIA MARCA ROSSLARE<\/p>\n<p>La terminal port\u00e1til est\u00e1 dise\u00f1ada para los ambientes m\u00e1s dif\u00edciles. Trabajando en exteriores, inclusive bajo la lluvia, su cubierta met\u00e1lica cil\u00edndrica se encuentra sellada contra suciedad y polvo del medio ambiente.<\/p>\n<p>Cuando trabaja en \u00e1reas donde existe mucho ruido, tendr\u00e1 una lectura exitosa a trav\u00e9s de un pulso que genera el lector. De esta manera el usuario recibe una retroalimentaci\u00f3n inmediata de una lectura exitosa. Perfecto para usarse en una f\u00e1brica o en las salas silenciosas de un hospital.<\/p>\n<p>La terminal port\u00e1til lee iButtons (de Dallas Semiconductors). Los iButtons son botones de metal durables que contienen un n\u00famero de identificaci\u00f3n \u00fanico el cual no puede ser duplicado. Se puede asignar el bot\u00f3n para representar a una persona, una ubicaci\u00f3n, un art\u00edculo, o m\u00e1s a\u00fan una acci\u00f3n.<\/p>\n<p>Cuando la terminal toca el bot\u00f3n, el n\u00famero de identificaci\u00f3n \u00fanico del bot\u00f3n es almacenado en la memoria del lector junto con la fecha y la hora.<\/p>\n<p>Especificaciones<br \/>\nF\u00edsico: Policarbonato con cubierta de acero inoxidable<br \/>\nPeso: 225 gramos<br \/>\nDimensiones: 175 mm de largo por 33 mm de di\u00e1metro<br \/>\nMemoria: No vol\u00e1til<br \/>\nCapacidad de Almacenamiento: Capacidad de Almacenamiento: 8000 eventos<br \/>\nBater\u00eda: Interna de litio de 1800 mAh<br \/>\nTiempo de Descarga de la Bater\u00eda: Aprox. 300,000 lecturas conuna bater\u00eda con carga completa<br \/>\nTiempo de Carga de la Bater\u00eda: 3 horas<br \/>\nReloj: Tiempo real sincronizado con la PC<br \/>\nTasa de Transferencia: 9600 baudios para env\u00edo y descarga de datos.<br \/>\nIbutton: Lectura de todos los botones de Dallas Semiconductor<br \/>\nVelocidad de Lectura: 0.001 segundos por lectura<br \/>\nTemperatura de Operaci\u00f3n: -32\u00ba &#8211; 90\u00ba C<\/p>\n<p>Pago: Anticipado v\u00eda transferencia \u00f3 dep\u00f3sito bancario.<br \/>\nTiempo de entrega: Inmediata o dependiendo existencias.<br \/>\nGarant\u00eda de: 1 a\u00f1o por defectos de fabricaci\u00f3n.<br \/>\nNo incluye instalaci\u00f3n, canalizaci\u00f3n, ni obra civil, en caso de requerir por favor contacte al depto. de ventas.<br \/>\nPara consultar existencias, precios sobre la transportaci\u00f3n y\/o los vi\u00e1ticos, por favor contacte con nosotros. Precios sujetos a cambio sin previo aviso.<br \/>\nContamos con talleres propios, para el mantenimiento y\/o reparaci\u00f3n de los equipos, refacciones y consumibles. Tambi\u00e9n contamos con servicio de mantenimiento, reparaci\u00f3n, capacitaci\u00f3n para la administraci\u00f3n del software de control de asistencia o acceso, a domicilio.<br \/>\nCualquier duda adicional, consulte a su ejecutivo de ventas.<br \/>\nPrecios sujetos a cambio sin previo aviso.<\/p>\n","protected":false},"excerpt":{"rendered":"<p>GC-01 SISTEMA PARA CONTROL DE RONDAS DE VIGILANCIA MARCA ROSSLARE La terminal port\u00e1til est\u00e1 dise\u00f1ada para los ambientes m\u00e1s dif\u00edciles. Trabajando en exteriores, inclusive bajo la lluvia, su cubierta met\u00e1lica cil\u00edndrica se encuentra sellada contra suciedad y polvo del medio ambiente. Cuando trabaja en \u00e1reas donde existe mucho ruido, tendr\u00e1 una lectura exitosa a trav\u00e9s[&#8230;]<\/p>\n","protected":false},"featured_media":4428,"comment_status":"closed","ping_status":"closed","template":"","meta":[],"product_cat":[32],"product_tag":[],"class_list":["post-3698","product","type-product","status-publish","has-post-thumbnail","hentry","product_cat-control-de-rondas-o-rondines-de-vigilancia","pa_marca-rosslare"],"_links":{"self":[{"href":"https:\/\/globalsystem.com.mx\/catalogo\/wp-json\/wp\/v2\/product\/3698","targetHints":{"allow":["GET"]}}],"collection":[{"href":"https:\/\/globalsystem.com.mx\/catalogo\/wp-json\/wp\/v2\/product"}],"about":[{"href":"https:\/\/globalsystem.com.mx\/catalogo\/wp-json\/wp\/v2\/types\/product"}],"replies":[{"embeddable":true,"href":"https:\/\/globalsystem.com.mx\/catalogo\/wp-json\/wp\/v2\/comments?post=3698"}],"version-history":[{"count":3,"href":"https:\/\/globalsystem.com.mx\/catalogo\/wp-json\/wp\/v2\/product\/3698\/revisions"}],"predecessor-version":[{"id":4430,"href":"https:\/\/globalsystem.com.mx\/catalogo\/wp-json\/wp\/v2\/product\/3698\/revisions\/4430"}],"wp:featuredmedia":[{"embeddable":true,"href":"https:\/\/globalsystem.com.mx\/catalogo\/wp-json\/wp\/v2\/media\/4428"}],"wp:attachment":[{"href":"https:\/\/globalsystem.com.mx\/catalogo\/wp-json\/wp\/v2\/media?parent=3698"}],"wp:term":[{"taxonomy":"product_cat","embeddable":true,"href":"https:\/\/globalsystem.com.mx\/catalogo\/wp-json\/wp\/v2\/product_cat?post=3698"},{"taxonomy":"product_tag","embeddable":true,"href":"https:\/\/globalsystem.com.mx\/catalogo\/wp-json\/wp\/v2\/product_tag?post=3698"}],"curies":[{"name":"wp","href":"https:\/\/api.w.org\/{rel}","templated":true}]}}