{"id":3696,"date":"2022-06-03T22:08:37","date_gmt":"2022-06-03T22:08:37","guid":{"rendered":"https:\/\/webs360apps.com\/ismafinal\/product\/gts-1000-lector-de-proximidad-para-rondas-de-vigilancia\/"},"modified":"2022-06-13T02:34:07","modified_gmt":"2022-06-13T02:34:07","slug":"gts-1000-lector-de-proximidad-para-rondas-de-vigilancia","status":"publish","type":"product","link":"https:\/\/globalsystem.com.mx\/catalogo\/gts-1000-lector-de-proximidad-para-rondas-de-vigilancia","title":{"rendered":"GTS-1000 LECTOR DE PROXIMIDAD PARA RONDAS DE VIGILANCIA"},"content":{"rendered":"<p>GTS-1000<br \/>\nLector port\u00e1til y de f\u00e1cil uso para control de rondines de vigilancia que incorpora tecnolog\u00eda de proximidad sin contacto 125 Khz.<\/p>\n<p>Disponible en kit listo para usarse<br \/>\nCaracter\u00edsticas:<br \/>\n\uf0d8 Estructura robusta fabricada con aleaci\u00f3n de metal durable y de alta calidad<br \/>\n\uf0d8 Dise\u00f1o compacto y ligero<br \/>\n\uf0d8 Retroalimentaci\u00f3n visual y auditiva<br \/>\n\uf0d8 Bajo consumo de energ\u00eda<br \/>\n\uf0d8 Bater\u00eda de larga duraci\u00f3n<br \/>\n\uf0d8 Resistente a golpes, protegido contra vandalismo<br \/>\n\uf0d8 Resistente a gotasde agua y polvo, apropiado para uso en condiciones ambientales moderadas<br \/>\n\uf0d8 Requiere tags de 125 kHz<br \/>\n\uf0d8 Incluye funda de nylon con broche para colocar en el cintur\u00f3n<br \/>\n\uf0d8 Incluye cable USB de 1 m para transferencia de transacciones a la PC<br \/>\n\uf0d8 Compatible con el software GuardNet<br \/>\nEspecificaciones:<br \/>\nDimensiones: 14.8 x 0.40 x 0.20 cm (largo x ancho x grosor)<br \/>\nPeso: 200 grs<br \/>\nTemperatura de almacenamiento: -20 a 70\u00baC<br \/>\nTemperatura de operaci\u00f3n: -40 a 80\u00baC<br \/>\nMemoria: Flash 2M<br \/>\nCapacidad de almacenamiento: Hasta 10,000 registros<br \/>\nComunicaciones: USB 1200-19.2 kbps<br \/>\nBater\u00eda: Lithium 3V para hasta 700,000 lecturas<\/p>\n<p>Pago: Anticipado v\u00eda transferencia \u00f3 dep\u00f3sito bancario.<br \/>\nTiempo de entrega: Inmediata o dependiendo existencias.<br \/>\nGarant\u00eda de: 1 a\u00f1o por defectos de fabricaci\u00f3n.<br \/>\nNo incluye instalaci\u00f3n, canalizaci\u00f3n, ni obra civil, en caso de requerir por favor contacte al depto. de ventas.<br \/>\nPara consultar existencias, precios sobre la transportaci\u00f3n y\/o los vi\u00e1ticos, por favor contacte con nosotros. Precios sujetos a cambio sin previo aviso.<br \/>\nContamos con talleres propios, para el mantenimiento y\/o reparaci\u00f3n de los equipos, refacciones y consumibles. Tambi\u00e9n contamos con servicio de mantenimiento, reparaci\u00f3n, capacitaci\u00f3n para la administraci\u00f3n del software de control de asistencia o acceso, a domicilio.<br \/>\nCualquier duda adicional, consulte a su ejecutivo de ventas.<br \/>\nPrecios sujetos a cambio sin previo aviso.<\/p>\n","protected":false},"excerpt":{"rendered":"<p>GTS-1000 Lector port\u00e1til y de f\u00e1cil uso para control de rondines de vigilancia que incorpora tecnolog\u00eda de proximidad sin contacto 125 Khz. Disponible en kit listo para usarse Caracter\u00edsticas: \uf0d8 Estructura robusta fabricada con aleaci\u00f3n de metal durable y de alta calidad \uf0d8 Dise\u00f1o compacto y ligero \uf0d8 Retroalimentaci\u00f3n visual y auditiva \uf0d8 Bajo consumo[&#8230;]<\/p>\n","protected":false},"featured_media":4434,"comment_status":"closed","ping_status":"closed","template":"","meta":[],"product_cat":[32],"product_tag":[],"class_list":["post-3696","product","type-product","status-publish","has-post-thumbnail","hentry","product_cat-control-de-rondas-o-rondines-de-vigilancia","pa_marca-guardnet"],"_links":{"self":[{"href":"https:\/\/globalsystem.com.mx\/catalogo\/wp-json\/wp\/v2\/product\/3696","targetHints":{"allow":["GET"]}}],"collection":[{"href":"https:\/\/globalsystem.com.mx\/catalogo\/wp-json\/wp\/v2\/product"}],"about":[{"href":"https:\/\/globalsystem.com.mx\/catalogo\/wp-json\/wp\/v2\/types\/product"}],"replies":[{"embeddable":true,"href":"https:\/\/globalsystem.com.mx\/catalogo\/wp-json\/wp\/v2\/comments?post=3696"}],"version-history":[{"count":3,"href":"https:\/\/globalsystem.com.mx\/catalogo\/wp-json\/wp\/v2\/product\/3696\/revisions"}],"predecessor-version":[{"id":4436,"href":"https:\/\/globalsystem.com.mx\/catalogo\/wp-json\/wp\/v2\/product\/3696\/revisions\/4436"}],"wp:featuredmedia":[{"embeddable":true,"href":"https:\/\/globalsystem.com.mx\/catalogo\/wp-json\/wp\/v2\/media\/4434"}],"wp:attachment":[{"href":"https:\/\/globalsystem.com.mx\/catalogo\/wp-json\/wp\/v2\/media?parent=3696"}],"wp:term":[{"taxonomy":"product_cat","embeddable":true,"href":"https:\/\/globalsystem.com.mx\/catalogo\/wp-json\/wp\/v2\/product_cat?post=3696"},{"taxonomy":"product_tag","embeddable":true,"href":"https:\/\/globalsystem.com.mx\/catalogo\/wp-json\/wp\/v2\/product_tag?post=3696"}],"curies":[{"name":"wp","href":"https:\/\/api.w.org\/{rel}","templated":true}]}}