{"id":3692,"date":"2022-06-03T22:08:37","date_gmt":"2022-06-03T22:08:37","guid":{"rendered":"https:\/\/webs360apps.com\/ismafinal\/product\/zktime-net-lite-innovador-software-de-tiempo-y-asistencia\/"},"modified":"2022-06-15T20:14:56","modified_gmt":"2022-06-15T20:14:56","slug":"zktime-net-lite-innovador-software-de-tiempo-y-asistencia","status":"publish","type":"product","link":"https:\/\/globalsystem.com.mx\/catalogo\/zktime-net-lite-innovador-software-de-tiempo-y-asistencia","title":{"rendered":"ZKTime.Net Lite Innovador software de tiempo y asistencia"},"content":{"rendered":"<p><strong><span style=\"font-size: 14pt; font-family: 'Times New Roman', serif;\">ZKTime.Net Lite<\/span><\/strong><\/p>\n<p><span style=\"font-size: 14pt; font-family: 'Times New Roman', serif;\">Innovador software de tiempo y asistencia<\/span><\/p>\n<ul>\n<li><span style=\"font-size: 14pt; font-family: 'Times New Roman', serif;\">Navegaci\u00f3n Sencilla<\/span><\/li>\n<li><span style=\"font-size: 14pt; font-family: 'Times New Roman', serif;\">C\u00e1lculo de asistencia de empleados<\/span><\/li>\n<li><span style=\"font-size: 14pt; font-family: 'Times New Roman', serif;\">Creaci\u00f3n de turnos, entradas, salidas, retardos y mucho m\u00e1s<\/span><\/li>\n<li><span style=\"font-size: 14pt; font-family: 'Times New Roman', serif;\">Creaci\u00f3n de horarios definidos o temporales<\/span><\/li>\n<\/ul>\n<p><span style=\"font-size: 14pt; font-family: 'Times New Roman', serif;\">El software para control de asistencia ZKTime.Net Lite es la soluci\u00f3n completa y gratuita de gesti\u00f3n para empresas peque\u00f1as que le permitir\u00e1 llevar el control exacto de asistencia y puntualidad de sus empleados de una forma simple y eficiente. ZKTime.Net Lite tambi\u00e9n le permitir\u00e1 llevar un perfecto registro de entradas y salidas de todos sus empleados sin complicaciones, olv\u00eddese para siempre del complejo y tardado c\u00e1lculo o revisi\u00f3n de tarjetas o archivos de un reloj checador convencional y permita que ZKTime.Net Lite haga todo por usted.<\/span><\/p>\n<p><strong><span style=\"font-size: 14pt; font-family: 'Times New Roman', serif;\">Especificaciones T\u00e9cnicas:<\/span><\/strong><\/p>\n<div style=\"text-align: center;\">\n<table style=\"width: 0px; background: white; border-collapse: collapse; border-spacing: 0px; max-width: 100%; orphans: 2; text-align: start; widows: 2; word-spacing: 0px;\" border=\"0\" cellspacing=\"0\" cellpadding=\"0\">\n<tbody>\n<tr style=\"height: 9.2pt;\">\n<td style=\"width: 326.95pt; border-right: none; border-bottom: none; border-left: none; border-top: 1pt solid #dddddd; background: #f9f9f9; padding: 6pt; height: 9.2pt;\" valign=\"top\" width=\"436\"><span style=\"font-size: 8pt; font-family: 'Times New Roman', serif;\">Licencia<\/span><\/td>\n<td style=\"width: 112.55pt; border-right: none; border-bottom: none; border-left: none; border-top: 1pt solid #dddddd; background: #f9f9f9; padding: 6pt; height: 9.2pt;\" valign=\"top\" width=\"150\"><span style=\"font-size: 8pt; font-family: 'Times New Roman', serif;\">Gratis<\/span><\/td>\n<\/tr>\n<tr style=\"height: 9.2pt;\">\n<td style=\"width: 326.95pt; border-right: none; border-bottom: none; border-left: none; border-top: 1pt solid #dddddd; padding: 6pt; height: 9.2pt;\" valign=\"top\" width=\"436\"><span style=\"font-size: 8pt; font-family: 'Times New Roman', serif;\">Arquitectura del Sistema<\/span><\/td>\n<td style=\"width: 112.55pt; border-right: none; border-bottom: none; border-left: none; border-top: 1pt solid #dddddd; padding: 6pt; height: 9.2pt;\" valign=\"top\" width=\"150\"><span style=\"font-size: 8pt; font-family: 'Times New Roman', serif;\">Cliente<\/span><\/td>\n<\/tr>\n<tr style=\"height: 9.2pt;\">\n<td style=\"width: 326.95pt; border-right: none; border-bottom: none; border-left: none; border-top: 1pt solid #dddddd; background: #f9f9f9; padding: 6pt; height: 9.2pt;\" valign=\"top\" width=\"436\"><span style=\"font-size: 8pt; font-family: 'Times New Roman', serif;\">Base de Datos<\/span><\/td>\n<td style=\"width: 112.55pt; border-right: none; border-bottom: none; border-left: none; border-top: 1pt solid #dddddd; background: #f9f9f9; padding: 6pt; height: 9.2pt;\" valign=\"top\" width=\"150\"><span style=\"font-size: 8pt; font-family: 'Times New Roman', serif;\">Access &#8211; MS SQL<\/span><\/td>\n<\/tr>\n<tr style=\"height: 9.2pt;\">\n<td style=\"width: 326.95pt; border-right: none; border-bottom: none; border-left: none; border-top: 1pt solid #dddddd; padding: 6pt; height: 9.2pt;\" valign=\"top\" width=\"436\"><span style=\"font-size: 8pt; font-family: 'Times New Roman', serif;\">M\u00e1ximo de dispositivos<\/span><\/td>\n<td style=\"width: 112.55pt; border-right: none; border-bottom: none; border-left: none; border-top: 1pt solid #dddddd; padding: 6pt; height: 9.2pt;\" valign=\"top\" width=\"150\"><span style=\"font-size: 8pt; font-family: 'Times New Roman', serif;\">50<\/span><\/td>\n<\/tr>\n<tr style=\"height: 9.2pt;\">\n<td style=\"width: 326.95pt; border-right: none; border-bottom: none; border-left: none; border-top: 1pt solid #dddddd; background: #f9f9f9; padding: 6pt; height: 9.2pt;\" valign=\"top\" width=\"436\"><span style=\"font-size: 8pt; font-family: 'Times New Roman', serif;\">M\u00e1ximo de usuarios<\/span><\/td>\n<td style=\"width: 112.55pt; border-right: none; border-bottom: none; border-left: none; border-top: 1pt solid #dddddd; background: #f9f9f9; padding: 6pt; height: 9.2pt;\" valign=\"top\" width=\"150\"><span style=\"font-size: 8pt; font-family: 'Times New Roman', serif;\">1000<\/span><\/td>\n<\/tr>\n<tr style=\"height: 9.2pt;\">\n<td style=\"width: 326.95pt; border-right: none; border-bottom: none; border-left: none; border-top: 1pt solid #dddddd; padding: 6pt; height: 9.2pt;\" valign=\"top\" width=\"436\"><span style=\"font-size: 8pt; font-family: 'Times New Roman', serif;\">Comunicaci\u00f3n de Descarga<\/span><\/td>\n<td style=\"width: 112.55pt; border-right: none; border-bottom: none; border-left: none; border-top: 1pt solid #dddddd; padding: 6pt; height: 9.2pt;\" valign=\"top\" width=\"150\"><span style=\"font-size: 8pt; font-family: 'Times New Roman', serif;\">TCP\/IP &#8211; USB Host<\/span><\/td>\n<\/tr>\n<tr style=\"height: 9.2pt;\">\n<td style=\"width: 326.95pt; border-right: none; border-bottom: none; border-left: none; border-top: 1pt solid #dddddd; background: #f9f9f9; padding: 6pt; height: 9.2pt;\" valign=\"top\" width=\"436\"><span style=\"font-size: 8pt; font-family: 'Times New Roman', serif;\">Administraci\u00f3n de D\u00edas Festivos<\/span><\/td>\n<td style=\"width: 112.55pt; border-right: none; border-bottom: none; border-left: none; border-top: 1pt solid #dddddd; background: #f9f9f9; padding: 6pt; height: 9.2pt;\" valign=\"top\" width=\"150\"><span style=\"font-size: 8pt; font-family: 'Times New Roman', serif;\">S\u00ed<\/span><\/td>\n<\/tr>\n<tr style=\"height: 9.2pt;\">\n<td style=\"width: 326.95pt; border-right: none; border-bottom: none; border-left: none; border-top: 1pt solid #dddddd; padding: 6pt; height: 9.2pt;\" valign=\"top\" width=\"436\"><span style=\"font-size: 8pt; font-family: 'Times New Roman', serif;\">Administraci\u00f3n de Turnos<\/span><\/td>\n<td style=\"width: 112.55pt; border-right: none; border-bottom: none; border-left: none; border-top: 1pt solid #dddddd; padding: 6pt; height: 9.2pt;\" valign=\"top\" width=\"150\"><span style=\"font-size: 8pt; font-family: 'Times New Roman', serif;\">S\u00ed<\/span><\/td>\n<\/tr>\n<tr style=\"height: 9.2pt;\">\n<td style=\"width: 326.95pt; border-right: none; border-bottom: none; border-left: none; border-top: 1pt solid #dddddd; background: #f9f9f9; padding: 6pt; height: 9.2pt;\" valign=\"top\" width=\"436\"><span style=\"font-size: 8pt; font-family: 'Times New Roman', serif;\">Horarios entre Turnos<\/span><\/td>\n<td style=\"width: 112.55pt; border-right: none; border-bottom: none; border-left: none; border-top: 1pt solid #dddddd; background: #f9f9f9; padding: 6pt; height: 9.2pt;\" valign=\"top\" width=\"150\"><span style=\"font-size: 8pt; font-family: 'Times New Roman', serif;\">S\u00ed<\/span><\/td>\n<\/tr>\n<tr style=\"height: 9.2pt;\">\n<td style=\"width: 326.95pt; border-right: none; border-bottom: none; border-left: none; border-top: 1pt solid #dddddd; padding: 6pt; height: 9.2pt;\" valign=\"top\" width=\"436\"><span style=\"font-size: 8pt; font-family: 'Times New Roman', serif;\">C\u00e1lculo de Tiempo de Trabajo<\/span><\/td>\n<td style=\"width: 112.55pt; border-right: none; border-bottom: none; border-left: none; border-top: 1pt solid #dddddd; padding: 6pt; height: 9.2pt;\" valign=\"top\" width=\"150\"><span style=\"font-size: 8pt; font-family: 'Times New Roman', serif;\">S\u00ed<\/span><\/td>\n<\/tr>\n<tr style=\"height: 9.2pt;\">\n<td style=\"width: 326.95pt; border-right: none; border-bottom: none; border-left: none; border-top: 1pt solid #dddddd; background: #f9f9f9; padding: 6pt; height: 9.2pt;\" valign=\"top\" width=\"436\"><span style=\"font-size: 8pt; font-family: 'Times New Roman', serif;\">Administraci\u00f3n de Vacaciones<\/span><\/td>\n<td style=\"width: 112.55pt; border-right: none; border-bottom: none; border-left: none; border-top: 1pt solid #dddddd; background: #f9f9f9; padding: 6pt; height: 9.2pt;\" valign=\"top\" width=\"150\"><span style=\"font-size: 8pt; font-family: 'Times New Roman', serif;\">S\u00ed<\/span><\/td>\n<\/tr>\n<tr style=\"height: 9.2pt;\">\n<td style=\"width: 326.95pt; border-right: none; border-bottom: none; border-left: none; border-top: 1pt solid #dddddd; padding: 6pt; height: 9.2pt;\" valign=\"top\" width=\"436\"><span style=\"font-size: 8pt; font-family: 'Times New Roman', serif;\">Administraci\u00f3n de Tiempo Extra<\/span><\/td>\n<td style=\"width: 112.55pt; border-right: none; border-bottom: none; border-left: none; border-top: 1pt solid #dddddd; padding: 6pt; height: 9.2pt;\" valign=\"top\" width=\"150\"><span style=\"font-size: 8pt; font-family: 'Times New Roman', serif;\">3 Niveles<\/span><\/td>\n<\/tr>\n<tr style=\"height: 9.2pt;\">\n<td style=\"width: 326.95pt; border-right: none; border-bottom: none; border-left: none; border-top: 1pt solid #dddddd; background: #f9f9f9; padding: 6pt; height: 9.2pt;\" valign=\"top\" width=\"436\"><span style=\"font-size: 8pt; font-family: 'Times New Roman', serif;\">Adici\u00f3n Manual de registros<\/span><\/td>\n<td style=\"width: 112.55pt; border-right: none; border-bottom: none; border-left: none; border-top: 1pt solid #dddddd; background: #f9f9f9; padding: 6pt; height: 9.2pt;\" valign=\"top\" width=\"150\"><span style=\"font-size: 8pt; font-family: 'Times New Roman', serif;\">S\u00ed<\/span><\/td>\n<\/tr>\n<tr style=\"height: 9.2pt;\">\n<td style=\"width: 326.95pt; border-right: none; border-bottom: none; border-left: none; border-top: 1pt solid #dddddd; padding: 6pt; height: 9.2pt;\" valign=\"top\" width=\"436\"><span style=\"font-size: 8pt; font-family: 'Times New Roman', serif;\">Definici\u00f3n de L\u00edmites de Tolerancia (Retardos\/Salidas Tempranas)<\/span><\/td>\n<td style=\"width: 112.55pt; border-right: none; border-bottom: none; border-left: none; border-top: 1pt solid #dddddd; padding: 6pt; height: 9.2pt;\" valign=\"top\" width=\"150\"><span style=\"font-size: 8pt; font-family: 'Times New Roman', serif;\">S\u00ed<\/span><\/td>\n<\/tr>\n<tr style=\"height: 9.2pt;\">\n<td style=\"width: 326.95pt; border-right: none; border-bottom: none; border-left: none; border-top: 1pt solid #dddddd; background: #f9f9f9; padding: 6pt; height: 9.2pt;\" valign=\"top\" width=\"436\"><span style=\"font-size: 8pt; font-family: 'Times New Roman', serif;\">Reporte de Informaci\u00f3n de Empleado con Fotograf\u00eda<\/span><\/td>\n<td style=\"width: 112.55pt; border-right: none; border-bottom: none; border-left: none; border-top: 1pt solid #dddddd; background: #f9f9f9; padding: 6pt; height: 9.2pt;\" valign=\"top\" width=\"150\"><span style=\"font-size: 8pt; font-family: 'Times New Roman', serif;\">S\u00ed<\/span><\/td>\n<\/tr>\n<tr style=\"height: 9.2pt;\">\n<td style=\"width: 326.95pt; border-right: none; border-bottom: none; border-left: none; border-top: 1pt solid #dddddd; padding: 6pt; height: 9.2pt;\" valign=\"top\" width=\"436\"><span style=\"font-size: 8pt; font-family: 'Times New Roman', serif;\">Creaci\u00f3n de Horarios temporales o definidos<\/span><\/td>\n<td style=\"width: 112.55pt; border-right: none; border-bottom: none; border-left: none; border-top: 1pt solid #dddddd; padding: 6pt; height: 9.2pt;\" valign=\"top\" width=\"150\"><span style=\"font-size: 8pt; font-family: 'Times New Roman', serif;\">S\u00ed<\/span><\/td>\n<\/tr>\n<tr style=\"height: 9.2pt;\">\n<td style=\"width: 326.95pt; border-right: none; border-bottom: none; border-left: none; border-top: 1pt solid #dddddd; background: #f9f9f9; padding: 6pt; height: 9.2pt;\" valign=\"top\" width=\"436\"><span style=\"font-size: 8pt; font-family: 'Times New Roman', serif;\">Formatos de Reportes<\/span><\/td>\n<td style=\"width: 112.55pt; border-right: none; border-bottom: none; border-left: none; border-top: 1pt solid #dddddd; background: #f9f9f9; padding: 6pt; height: 9.2pt;\" valign=\"top\" width=\"150\"><span style=\"font-size: 8pt; font-family: 'Times New Roman', serif;\">PDF, HTML, MHT, RTF, XLS, XLSX, CVS, TXT, JPG<\/span><\/td>\n<\/tr>\n<tr style=\"height: 9.2pt;\">\n<td style=\"width: 326.95pt; border-right: none; border-bottom: none; border-left: none; border-top: 1pt solid #dddddd; padding: 6pt; height: 9.2pt;\" valign=\"top\" width=\"436\"><span style=\"font-size: 8pt; font-family: 'Times New Roman', serif;\">Gesti\u00f3n de Redondeo de Tiempo<\/span><\/td>\n<td style=\"width: 112.55pt; border-right: none; border-bottom: none; border-left: none; border-top: 1pt solid #dddddd; padding: 6pt; height: 9.2pt;\" valign=\"top\" width=\"150\"><span style=\"font-size: 8pt; font-family: 'Times New Roman', serif;\">S\u00ed<\/span><\/td>\n<\/tr>\n<tr style=\"height: 9.2pt;\">\n<td style=\"width: 326.95pt; border-right: none; border-bottom: none; border-left: none; border-top: 1pt solid #dddddd; background: #f9f9f9; padding: 6pt; height: 9.2pt;\" valign=\"top\" width=\"436\"><span style=\"font-size: 8pt; font-family: 'Times New Roman', serif;\">Creaci\u00f3n de C\u00f3digos para Horas y D\u00edas de Excepci\u00f3n<\/span><\/td>\n<td style=\"width: 112.55pt; border-right: none; border-bottom: none; border-left: none; border-top: 1pt solid #dddddd; background: #f9f9f9; padding: 6pt; height: 9.2pt;\" valign=\"top\" width=\"150\"><span style=\"font-size: 8pt; font-family: 'Times New Roman', serif;\">S\u00ed<\/span><\/td>\n<\/tr>\n<tr style=\"height: 9.2pt;\">\n<td style=\"width: 326.95pt; border-right: none; border-bottom: none; border-left: none; border-top: 1pt solid #dddddd; padding: 6pt; height: 9.2pt;\" valign=\"top\" width=\"436\"><span style=\"font-size: 8pt; font-family: 'Times New Roman', serif;\">Interactividad de Registro Directo del Dispositivo o Enrolador<\/span><\/td>\n<td style=\"width: 112.55pt; border-right: none; border-bottom: none; border-left: none; border-top: 1pt solid #dddddd; padding: 6pt; height: 9.2pt;\" valign=\"top\" width=\"150\"><span style=\"font-size: 8pt; font-family: 'Times New Roman', serif;\">S\u00ed<\/span><\/td>\n<\/tr>\n<\/tbody>\n<\/table>\n<\/div>\n<p><span style=\"font-size: 14pt; font-family: 'Times New Roman', serif;\">TERMINOS DE VENTA:<\/span><\/p>\n<ul>\n<li><span style=\"font-size: 14pt; font-family: 'Times New Roman', serif; color: #333333;\">Precios expresados en pesos mexicanos.<\/span><\/li>\n<li><span style=\"font-size: 14pt; font-family: 'Times New Roman', serif; color: #333333;\">Precios sujetos a cambio sin previo aviso<\/span><\/li>\n<li><span style=\"font-size: 14pt; font-family: 'Times New Roman', serif; color: #333333;\">Pago: Anticipado v\u00eda transferencia \u00f3 dep\u00f3sito bancario.<\/span><\/li>\n<li><span style=\"font-size: 14pt; font-family: 'Times New Roman', serif; color: #333333;\">Tiempo de entrega: Inmediata o dependiendo existencias.<\/span><\/li>\n<li><span style=\"font-size: 14pt; font-family: 'Times New Roman', serif; color: #333333;\">Garant\u00eda de: 1 a\u00f1o (y\/o hasta 3) dependiendo del fabricante, por defectos de fabricaci\u00f3n.<\/span><\/li>\n<li><span style=\"font-size: 14pt; font-family: 'Times New Roman', serif; color: #333333;\">No incluye instalaci\u00f3n, canalizaci\u00f3n, ni obra civil, en caso de requerir por favor contacte al depto. de ventas.<\/span><\/li>\n<li><span style=\"font-size: 14pt; font-family: 'Times New Roman', serif; color: #333333;\">Para consultar existencias, precios sobre la transportaci\u00f3n y\/o los vi\u00e1ticos, por favor contacte con nosotros.<\/span><\/li>\n<li><span style=\"font-size: 14pt; font-family: 'Times New Roman', serif; color: #333333;\">Cualquier duda adicional, consulte a su ejecutivo de ventas.<\/span><\/li>\n<\/ul>\n<p><span style=\"font-size: 14pt; font-family: 'Times New Roman', serif; color: #333333;\">Contamos con laboratorio para la reparaci\u00f3n de equipos: DORLET, ZK TECO, WEJOIN, CAME, ROSSLARE, DIGICON, SYSCOM, AMANO, ACROPRINT, SEIKO, LATHEM, TARGETMAX, KING POWER, SIASA, DAHUA, SUPREMA, INGERSOLL RAND, SCHLAGE.<\/span><\/p>\n","protected":false},"excerpt":{"rendered":"<p>ZKTime.Net Lite Innovador software de tiempo y asistencia Navegaci\u00f3n Sencilla C\u00e1lculo de asistencia de empleados Creaci\u00f3n de turnos, entradas, salidas, retardos y mucho m\u00e1s Creaci\u00f3n de horarios definidos o temporales El software para control de asistencia ZKTime.Net Lite es la soluci\u00f3n completa y gratuita de gesti\u00f3n para empresas peque\u00f1as que le permitir\u00e1 llevar el control[&#8230;]<\/p>\n","protected":false},"featured_media":4623,"comment_status":"closed","ping_status":"closed","template":"","meta":[],"product_cat":[27,124],"product_tag":[],"class_list":["post-3692","product","type-product","status-publish","has-post-thumbnail","hentry","product_cat-software","product_cat-software-para-control-de-asistencia","pa_marca-zkteco"],"_links":{"self":[{"href":"https:\/\/globalsystem.com.mx\/catalogo\/wp-json\/wp\/v2\/product\/3692","targetHints":{"allow":["GET"]}}],"collection":[{"href":"https:\/\/globalsystem.com.mx\/catalogo\/wp-json\/wp\/v2\/product"}],"about":[{"href":"https:\/\/globalsystem.com.mx\/catalogo\/wp-json\/wp\/v2\/types\/product"}],"replies":[{"embeddable":true,"href":"https:\/\/globalsystem.com.mx\/catalogo\/wp-json\/wp\/v2\/comments?post=3692"}],"version-history":[{"count":3,"href":"https:\/\/globalsystem.com.mx\/catalogo\/wp-json\/wp\/v2\/product\/3692\/revisions"}],"predecessor-version":[{"id":4624,"href":"https:\/\/globalsystem.com.mx\/catalogo\/wp-json\/wp\/v2\/product\/3692\/revisions\/4624"}],"wp:featuredmedia":[{"embeddable":true,"href":"https:\/\/globalsystem.com.mx\/catalogo\/wp-json\/wp\/v2\/media\/4623"}],"wp:attachment":[{"href":"https:\/\/globalsystem.com.mx\/catalogo\/wp-json\/wp\/v2\/media?parent=3692"}],"wp:term":[{"taxonomy":"product_cat","embeddable":true,"href":"https:\/\/globalsystem.com.mx\/catalogo\/wp-json\/wp\/v2\/product_cat?post=3692"},{"taxonomy":"product_tag","embeddable":true,"href":"https:\/\/globalsystem.com.mx\/catalogo\/wp-json\/wp\/v2\/product_tag?post=3692"}],"curies":[{"name":"wp","href":"https:\/\/api.w.org\/{rel}","templated":true}]}}