{"id":3690,"date":"2022-06-03T22:08:37","date_gmt":"2022-06-03T22:08:37","guid":{"rendered":"https:\/\/webs360apps.com\/ismafinal\/product\/nomiplus-t-38-a-net-software-para-control-de-asistencia\/"},"modified":"2022-06-15T20:07:38","modified_gmt":"2022-06-15T20:07:38","slug":"nomiplus-t-38-a-net-software-para-control-de-asistencia","status":"publish","type":"product","link":"https:\/\/globalsystem.com.mx\/catalogo\/nomiplus-t-38-a-net-software-para-control-de-asistencia","title":{"rendered":"NOMIPLUS T&#038;A.NET SOFTWARE PARA CONTROL DE ASISTENCIA"},"content":{"rendered":"<p>&nbsp;<\/p>\n<p><strong><span style=\"font-size: 14pt; font-family: 'Times New Roman', serif;\">Nomiplus TA.NET<\/span><\/strong><\/p>\n<p><span style=\"font-size: 14pt; font-family: 'Times New Roman', serif;\">Nomiplus T&amp;A.NET es el Sistema Integral de Control de Asistencias m\u00e1s avanzado del mercado, que permite la efectiva administraci\u00f3n del tiempo laborado de su personal, no importando la complejidad y variedad de turnos que su empresa pueda o no tener.<\/span><\/p>\n<p><strong><span style=\"font-size: 14pt; font-family: 'Times New Roman', serif;\">Caracter\u00edsticas:<\/span><\/strong><\/p>\n<ul>\n<li><span style=\"font-size: 14pt; font-family: 'Times New Roman', serif;\">Permite procesar r\u00e1pidamente la informaci\u00f3n de asistencias generada en las terminales, facilitando el trabajo de elaboraci\u00f3n de la n\u00f3mina.<\/span><\/li>\n<li><span style=\"font-size: 14pt; font-family: 'Times New Roman', serif;\">Elimina errores de captura de informaci\u00f3n y errores al realizar sus c\u00e1lculos de las horas a pagar.<\/span><\/li>\n<li><span style=\"font-size: 14pt; font-family: 'Times New Roman', serif;\">Tarjeta de tiempo altamente configurable que permite modificar y agregar transacciones (marcas de tiempo) e incidencias (vacaciones, incapacidades, entre otros, en la misma ventana.<\/span><\/li>\n<li><span style=\"font-size: 14pt; font-family: 'Times New Roman', serif;\">Definici\u00f3n y configuraci\u00f3n de terminales de manera \u00e1gil y sencilla.<\/span><\/li>\n<li><span style=\"font-size: 14pt; font-family: 'Times New Roman', serif;\">Permite exportar las horas a pagar, ausentismo, incidencias, tiempo extra y dem\u00e1s conceptos de asistencias.<\/span><\/li>\n<\/ul>\n<p><span style=\"font-size: 14pt; font-family: 'Times New Roman', serif;\">Ventajas<\/span><\/p>\n<ul>\n<li><strong><span style=\"font-size: 14pt; font-family: 'Times New Roman', serif;\">Seguridad:<\/span><\/strong><span style=\"font-size: 14pt; font-family: 'Times New Roman', serif;\">\u00a0Permite al usuario personalizar la aplicaci\u00f3n para tener acceso r\u00e1pido a las tareas m\u00e1s frecuentes que realiza en el sistema.<\/span><\/li>\n<li><strong><span style=\"font-size: 14pt; font-family: 'Times New Roman', serif;\">Importaci\u00f3n:<\/span><\/strong><span style=\"font-size: 14pt; font-family: 'Times New Roman', serif;\">\u00a0Utiler\u00eda de importaci\u00f3n\/exportaci\u00f3n de datos de la informaci\u00f3n de los empleados y sus clasificaciones. Permite guardar cualquier informaci\u00f3n adicional del empleado que sea necesaria para recursos humanos.<\/span><\/li>\n<li><strong><span style=\"font-size: 14pt; font-family: 'Times New Roman', serif;\">Exportaci\u00f3n:<\/span><\/strong><span style=\"font-size: 14pt; font-family: 'Times New Roman', serif;\">\u00a0Exportaci\u00f3n de horas a los sistemas de n\u00f3mina comerciales, Nomipaq, Aspel NOI, MacroPro, Microsip y otros. Adem\u00e1s una exportaci\u00f3n gen\u00e9rica para sistemas propietarios de las empresas.<\/span><\/li>\n<li><span style=\"font-size: 14pt; font-family: 'Times New Roman', serif;\">Control de asistencia de su personal de manera r\u00e1pida y sencilla. F\u00e1cil y r\u00e1pido de configurar gracias al uso de asistentes electr\u00f3nicos en pantalla.<\/span><\/li>\n<li><span style=\"font-size: 14pt; font-family: 'Times New Roman', serif;\">Facilita el trabajo de la elaboraci\u00f3n de la n\u00f3mina.<\/span><\/li>\n<li><span style=\"font-size: 14pt; font-family: 'Times New Roman', serif;\">Permite procesar r\u00e1pidamente la informaci\u00f3n de asistencia generada en las terminales, facilitando el trabajo de la elaboraci\u00f3n de la n\u00f3mina.<\/span><\/li>\n<li><span style=\"font-size: 14pt; font-family: 'Times New Roman', serif;\">Elimina errores de captura de informaci\u00f3n y al realizar c\u00e1lculos de las horas a pagar.<\/span><\/li>\n<li><span style=\"font-size: 14pt; font-family: 'Times New Roman', serif;\">Generaci\u00f3n de m\u00faltiples opciones de turnos y pol\u00edticas de c\u00e1lculo de horas, de manera ilimitada.<\/span><\/li>\n<li><span style=\"font-size: 14pt; font-family: 'Times New Roman', serif;\">Manejo de multiempresa y grupos de empleados.<\/span><\/li>\n<li><span style=\"font-size: 14pt; font-family: 'Times New Roman', serif;\">Nomiplus T&amp;A.NET cuenta con sistema cliente servidor con enlace de datos SQL SERVER<\/span><\/li>\n<li><span style=\"font-size: 14pt; font-family: 'Times New Roman', serif;\">Soporte a bases de datos OLEDB como Oracle, Sybase, etc.<\/span><\/li>\n<li><span style=\"font-size: 14pt; font-family: 'Times New Roman', serif;\">Personalizaci\u00f3n de campos de bases de datos y conceptos en los cat\u00e1logos.<\/span><\/li>\n<li><span style=\"font-size: 14pt; font-family: 'Times New Roman', serif;\">M\u00f3dulo opcional para control de cafeter\u00eda<\/span><\/li>\n<li><span style=\"font-size: 14pt; font-family: 'Times New Roman', serif;\">M\u00f3dulo opcional de transacciones en l\u00ednea<\/span><\/li>\n<li><span style=\"font-size: 14pt; font-family: 'Times New Roman', serif;\">M\u00f3dulo opcional de Job Costing<\/span><\/li>\n<li><span style=\"font-size: 14pt; font-family: 'Times New Roman', serif;\">M\u00f3dulo opcional de Consultas Web (TA Web)<\/span><\/li>\n<li><span style=\"font-size: 14pt; font-family: 'Times New Roman', serif;\">M\u00f3dulo opcional de Asistencia Remota para checar en PC (PC Punch), compatible con BioMini<\/span><\/li>\n<li><span style=\"font-size: 14pt; font-family: 'Times New Roman', serif;\">Dos versiones disponibles: Standard y Enterprise<\/span><\/li>\n<\/ul>\n<p><span style=\"font-size: 14pt; font-family: 'Times New Roman', serif;\">TERMINOS DE VENTA:<\/span><\/p>\n<ul>\n<li><span style=\"font-size: 14pt; font-family: 'Times New Roman', serif; color: #333333;\">Precios expresados en pesos mexicanos.<\/span><\/li>\n<li><strong><span style=\"font-size: 14pt; font-family: 'Times New Roman', serif; color: #333333;\">Precios sujetos a cambio sin previo aviso<\/span><\/strong><\/li>\n<li><span style=\"font-size: 14pt; font-family: 'Times New Roman', serif; color: #333333;\">Pago: Anticipado v\u00eda transferencia \u00f3 dep\u00f3sito bancario.<\/span><\/li>\n<li><span style=\"font-size: 14pt; font-family: 'Times New Roman', serif; color: #333333;\">Tiempo de entrega: Inmediata o dependiendo existencias.<\/span><\/li>\n<li><span style=\"font-size: 14pt; font-family: 'Times New Roman', serif; color: #333333;\">Garant\u00eda de: 1 a\u00f1o (y\/o hasta 3) dependiendo del fabricante, por defectos de fabricaci\u00f3n.<\/span><\/li>\n<li><span style=\"font-size: 14pt; font-family: 'Times New Roman', serif; color: #333333;\">No incluye instalaci\u00f3n, canalizaci\u00f3n, ni obra civil, en caso de requerir por favor contacte al depto. de ventas.<\/span><\/li>\n<li><span style=\"font-size: 14pt; font-family: 'Times New Roman', serif; color: #333333;\">Para consultar existencias, precios sobre la transportaci\u00f3n y\/o los vi\u00e1ticos, por favor contacte con nosotros.<\/span><\/li>\n<li><span style=\"font-size: 14pt; font-family: 'Times New Roman', serif; color: #333333;\">Cualquier duda adicional, consulte a su ejecutivo de ventas.<\/span><\/li>\n<li><span style=\"font-size: 14pt; font-family: 'Times New Roman', serif; color: #333333;\">Contamos con laboratorio para la reparaci\u00f3n de equipos DORLET, ZK TECO, WEJOIN, CAME, ROSSLARE, DIGICON, SYSCOM, AMANO, ACROPRINT, SEIKO, LATHEM, TARGETMAX, KING POWER, SIASA, DAHUA, SUPREMA, INGERSOLL RAND, SCHLAGE.<\/span><\/li>\n<\/ul>\n","protected":false},"excerpt":{"rendered":"<p>&nbsp; Nomiplus TA.NET Nomiplus T&amp;A.NET es el Sistema Integral de Control de Asistencias m\u00e1s avanzado del mercado, que permite la efectiva administraci\u00f3n del tiempo laborado de su personal, no importando la complejidad y variedad de turnos que su empresa pueda o no tener. Caracter\u00edsticas: Permite procesar r\u00e1pidamente la informaci\u00f3n de asistencias generada en las terminales,[&#8230;]<\/p>\n","protected":false},"featured_media":4621,"comment_status":"closed","ping_status":"closed","template":"","meta":[],"product_cat":[27,124],"product_tag":[],"class_list":["post-3690","product","type-product","status-publish","has-post-thumbnail","hentry","product_cat-software","product_cat-software-para-control-de-asistencia","pa_marca-nomiplus"],"_links":{"self":[{"href":"https:\/\/globalsystem.com.mx\/catalogo\/wp-json\/wp\/v2\/product\/3690","targetHints":{"allow":["GET"]}}],"collection":[{"href":"https:\/\/globalsystem.com.mx\/catalogo\/wp-json\/wp\/v2\/product"}],"about":[{"href":"https:\/\/globalsystem.com.mx\/catalogo\/wp-json\/wp\/v2\/types\/product"}],"replies":[{"embeddable":true,"href":"https:\/\/globalsystem.com.mx\/catalogo\/wp-json\/wp\/v2\/comments?post=3690"}],"version-history":[{"count":3,"href":"https:\/\/globalsystem.com.mx\/catalogo\/wp-json\/wp\/v2\/product\/3690\/revisions"}],"predecessor-version":[{"id":4620,"href":"https:\/\/globalsystem.com.mx\/catalogo\/wp-json\/wp\/v2\/product\/3690\/revisions\/4620"}],"wp:featuredmedia":[{"embeddable":true,"href":"https:\/\/globalsystem.com.mx\/catalogo\/wp-json\/wp\/v2\/media\/4621"}],"wp:attachment":[{"href":"https:\/\/globalsystem.com.mx\/catalogo\/wp-json\/wp\/v2\/media?parent=3690"}],"wp:term":[{"taxonomy":"product_cat","embeddable":true,"href":"https:\/\/globalsystem.com.mx\/catalogo\/wp-json\/wp\/v2\/product_cat?post=3690"},{"taxonomy":"product_tag","embeddable":true,"href":"https:\/\/globalsystem.com.mx\/catalogo\/wp-json\/wp\/v2\/product_tag?post=3690"}],"curies":[{"name":"wp","href":"https:\/\/api.w.org\/{rel}","templated":true}]}}