{"id":3688,"date":"2022-06-03T22:08:37","date_gmt":"2022-06-03T22:08:37","guid":{"rendered":"https:\/\/webs360apps.com\/ismafinal\/product\/handpunch-4000\/"},"modified":"2022-06-13T00:22:17","modified_gmt":"2022-06-13T00:22:17","slug":"handpunch-4000","status":"publish","type":"product","link":"https:\/\/globalsystem.com.mx\/catalogo\/handpunch-4000","title":{"rendered":"HandPunch 4000 control de acceso y asistencia"},"content":{"rendered":"<p><span style=\"font-size: 14pt; font-family: 'Times New Roman', serif;\">El HandPunch 4000 aporta la flexibilidad de una terminal de funci\u00f3n total para el horario y la asistencia junto con la perfecci\u00f3n de la tecnolog\u00eda de identificaci\u00f3n m\u00e1s exacta disponible. Por medio de la tecnolog\u00eda biom\u00e9trica de geometr\u00eda de la mano de RSI, ya probada en el terreno, el HandPunch 4000 utiliza el tama\u00f1o y la forma de las manos de los empleados para verificar la identidad de \u00e9stos cada vez que marcan la entrada o la salida. No se utilizan las huellas digitales ni las huellas de las palmas.<\/span><\/p>\n<p>&nbsp;<\/p>\n<p><strong><span style=\"font-size: 14pt; font-family: 'Times New Roman', serif; color: #000099;\">Una soluci\u00f3n econ\u00f3mica y f\u00e1cil de utilizar<\/span><\/strong><\/p>\n<p><span style=\"font-size: 14pt; font-family: 'Times New Roman', serif;\">Con el HandPunch 4000, la mano es su distintivo de identificaci\u00f3n. El costo de crear y repartir distintivos de identificaci\u00f3n se elimina, y los empleados no pueden marcar por sus amigos. El sistema garantiza la exactitud en el pago de salarios, ya que s\u00f3lo se requiere que los empleados marquen la tarjeta. La terminal es r\u00e1pida y f\u00e1cil de utilizar. La identidad de un empleado se verifica en menos de un segundo.<\/span><\/p>\n<p>&nbsp;<\/p>\n<p><strong><span style=\"font-size: 14pt; font-family: 'Times New Roman', serif; color: #000099;\">Comunicaciones y conexi\u00f3n en redes<\/span><\/strong><span style=\"font-size: 14pt; font-family: 'Times New Roman', serif; color: #000099;\"><br \/>\n<\/span><span style=\"font-size: 14pt; font-family: 'Times New Roman', serif;\">Ya sea que necesite conectar en red dos terminales o miles de ellas, el HandPunch 4000 puede configurarse para satisfacer sus necesidades. Las comunicaciones RS-485 est\u00e1ndar permiten conectar en red las terminales con facilidad y fiabilidad. Entre las opciones se encuentran un m\u00f3dulo de comunicaciones de Ethernet y un m\u00f3dem interno de alta velocidad para emplazamientos remotos. Cada unidad tambi\u00e9n ofrece soporte de impresoras en serie RS-232.<\/span><\/p>\n<p>&nbsp;<\/p>\n<p><strong><span style=\"font-size: 14pt; font-family: 'Times New Roman', serif; color: #000099;\">Control de puertas<\/span><\/strong><span style=\"font-size: 14pt; font-family: 'Times New Roman', serif; color: #000099;\"><br \/>\n<\/span><span style=\"font-size: 14pt; font-family: 'Times New Roman', serif;\">El HandPunch 4000 permite quitar el seguro de una puerta y vigilarla. Se puede utilizar el horario de un empleado en particular para restringir el acceso.<\/span><\/p>\n<p><strong><span style=\"color: #000099;\">Nota:<\/span><\/strong>\u00a0algunos paquetes de software para el horario y la asistencia pueden no tener todas estas funciones en el software de su sistema. Le rogamos que consulte informarse de los detalles.<\/p>\n<p><strong><span style=\"font-size: 14pt; font-family: 'Times New Roman', serif; color: #000099;\">Especificaciones:<\/span><\/strong><\/p>\n<ul>\n<li><span style=\"font-size: 14pt; font-family: 'Times New Roman', serif;\">Tama\u00f1o: 8.85 pulgadas (22.3 cm) de ancho 11.65 pulgadas (29.6 cm) de altura 8.55 pulgadas (21.7 cm) de profundidad<\/span><\/li>\n<li><span style=\"font-size: 14pt; font-family: 'Times New Roman', serif;\">Peso: 6 libras (2.7 kg)<\/span><\/li>\n<li><span style=\"font-size: 14pt; font-family: 'Times New Roman', serif;\">Poder: 12-24 voltios de CC o 12-24 voltios de CA 50 \/ 60 Hz<\/span><\/li>\n<li><span style=\"font-size: 14pt; font-family: 'Times New Roman', serif;\">Tiempo de verificaci\u00f3n: Menos de 1 segundo<\/span><\/li>\n<li><span style=\"font-size: 14pt; font-family: 'Times New Roman', serif;\">Capacidad de usuarios Est\u00e1ndar: 530 usuarios. Se puede expandir de modo interno a 3498<\/span><\/li>\n<li><span style=\"font-size: 14pt; font-family: 'Times New Roman', serif;\">Retenci\u00f3n de memoria: Un m\u00e1ximo de 5 a\u00f1os con la ayuda de la bater\u00eda de litio interna est\u00e1ndar<\/span><\/li>\n<li><span style=\"font-size: 14pt; font-family: 'Times New Roman', serif;\">Almacenamiento de transacciones: 7, 680 transacciones<\/span><\/li>\n<li><span style=\"font-size: 14pt; font-family: 'Times New Roman', serif;\">Longitud de los n\u00fameros de identificaci\u00f3n: De 1 a 10 d\u00edgitos<\/span><\/li>\n<li><span style=\"font-size: 14pt; font-family: 'Times New Roman', serif;\">Comunicaciones: RS-485 soporta conexi\u00f3n en red de terminales m\u00faltiples (cuatro cables) RS-232 soporte de impresoras en serie<\/span><\/li>\n<li><span style=\"font-size: 14pt; font-family: 'Times New Roman', serif;\">Teclas de administraci\u00f3n de datos: 10 teclas, definibles por el usuario<\/span><\/li>\n<li><span style=\"font-size: 14pt; font-family: 'Times New Roman', serif;\">Mensajes para empleados: 32 caracteres por mensaje por cada empleado<\/span><\/li>\n<li><span style=\"font-size: 14pt; font-family: 'Times New Roman', serif;\">Nombre del empleado: 16 caracteres<\/span><\/li>\n<li><span style=\"font-size: 14pt; font-family: 'Times New Roman', serif;\">Horarios de empleados: Se puede definir el horario para cada empleado<\/span><\/li>\n<li><span style=\"font-size: 14pt; font-family: 'Times New Roman', serif;\">Lector de c\u00f3digo de barras: C\u00f3digo 39, Intercalado 2 de 5<\/span><\/li>\n<li><span style=\"font-size: 14pt; font-family: 'Times New Roman', serif;\">Controles de puertas<\/span><\/li>\n<li><span style=\"font-size: 14pt; font-family: 'Times New Roman', serif;\">Control de interruptor de puerta<\/span><\/li>\n<li><span style=\"font-size: 14pt; font-family: 'Times New Roman', serif;\">Potencia de cierre de puerta<\/span><\/li>\n<li><span style=\"font-size: 14pt; font-family: 'Times New Roman', serif;\">Receptor 0-24 voltios de CC, 100 mA m\u00e1ximo<\/span><\/li>\n<\/ul>\n<p style=\"line-height: normal;\"><span style=\"font-size: 14pt; font-family: 'Times New Roman', serif; color: black;\">TERMINOS DE VENTA:<\/span><\/p>\n<ul>\n<li style=\"color: black; line-height: normal;\"><span style=\"font-size: 14pt; font-family: 'Times New Roman', serif;\">Precios expresados en pesos mexicanos.<\/span><\/li>\n<li style=\"color: black; line-height: normal;\"><span style=\"font-size: 14pt; font-family: 'Times New Roman', serif;\">Precios sujetos a cambio sin previo aviso<\/span><\/li>\n<li style=\"color: black; line-height: normal;\"><span style=\"font-size: 14pt; font-family: 'Times New Roman', serif;\">Pago: Anticipado v\u00eda transferencia \u00f3 dep\u00f3sito bancario.<\/span><\/li>\n<li style=\"color: black; line-height: normal;\"><span style=\"font-size: 14pt; font-family: 'Times New Roman', serif;\">Tiempo de entrega: Inmediata o dependiendo existencias.<\/span><\/li>\n<li style=\"color: black; line-height: normal;\"><span style=\"font-size: 14pt; font-family: 'Times New Roman', serif;\">Garant\u00eda de: 1 a\u00f1o (y\/o hasta 3) dependiendo del fabricante, por defectos de fabricaci\u00f3n.<\/span><\/li>\n<li style=\"color: black; line-height: normal;\"><span style=\"font-size: 14pt; font-family: 'Times New Roman', serif;\">No incluye instalaci\u00f3n, canalizaci\u00f3n, ni obra civil, en caso de requerir por favor contacte al depto. de ventas.<\/span><\/li>\n<li style=\"color: black; line-height: normal;\"><span style=\"font-size: 14pt; font-family: 'Times New Roman', serif;\">Para consultar existencias, precios sobre la transportaci\u00f3n y\/o los vi\u00e1ticos, por favor contacte con nosotros.<\/span><\/li>\n<li style=\"color: black; line-height: normal;\"><span style=\"font-size: 14pt; font-family: 'Times New Roman', serif;\">Cualquier duda adicional, consulte a su ejecutivo de ventas.<\/span><\/li>\n<li style=\"color: black; line-height: normal;\"><span style=\"font-size: 14pt; font-family: 'Times New Roman', serif;\">Contamos con laboratorio para la reparaci\u00f3n de equipos: DORLET, ZK TECO, WEJOIN, CAME, ROSSLARE, DIGICON, SYSCOM, AMANO, ACROPRINT, SEIKO, LATHEM, TARGETMAX, KING POWER, SIASA, DAHUA, SUPREMA, INGERSOLL RAND, SCHLAGE.<\/span><\/li>\n<\/ul>\n","protected":false},"excerpt":{"rendered":"<p>El HandPunch 4000 aporta la flexibilidad de una terminal de funci\u00f3n total para el horario y la asistencia junto con la perfecci\u00f3n de la tecnolog\u00eda de identificaci\u00f3n m\u00e1s exacta disponible. Por medio de la tecnolog\u00eda biom\u00e9trica de geometr\u00eda de la mano de RSI, ya probada en el terreno, el HandPunch 4000 utiliza el tama\u00f1o y[&#8230;]<\/p>\n","protected":false},"featured_media":4235,"comment_status":"closed","ping_status":"closed","template":"","meta":[],"product_cat":[110,34],"product_tag":[],"class_list":["post-3688","product","type-product","status-publish","has-post-thumbnail","hentry","product_cat-control-de-acceso","product_cat-control-de-asistencia-biometricos","pa_marca-handpunch"],"_links":{"self":[{"href":"https:\/\/globalsystem.com.mx\/catalogo\/wp-json\/wp\/v2\/product\/3688","targetHints":{"allow":["GET"]}}],"collection":[{"href":"https:\/\/globalsystem.com.mx\/catalogo\/wp-json\/wp\/v2\/product"}],"about":[{"href":"https:\/\/globalsystem.com.mx\/catalogo\/wp-json\/wp\/v2\/types\/product"}],"replies":[{"embeddable":true,"href":"https:\/\/globalsystem.com.mx\/catalogo\/wp-json\/wp\/v2\/comments?post=3688"}],"version-history":[{"count":3,"href":"https:\/\/globalsystem.com.mx\/catalogo\/wp-json\/wp\/v2\/product\/3688\/revisions"}],"predecessor-version":[{"id":4340,"href":"https:\/\/globalsystem.com.mx\/catalogo\/wp-json\/wp\/v2\/product\/3688\/revisions\/4340"}],"wp:featuredmedia":[{"embeddable":true,"href":"https:\/\/globalsystem.com.mx\/catalogo\/wp-json\/wp\/v2\/media\/4235"}],"wp:attachment":[{"href":"https:\/\/globalsystem.com.mx\/catalogo\/wp-json\/wp\/v2\/media?parent=3688"}],"wp:term":[{"taxonomy":"product_cat","embeddable":true,"href":"https:\/\/globalsystem.com.mx\/catalogo\/wp-json\/wp\/v2\/product_cat?post=3688"},{"taxonomy":"product_tag","embeddable":true,"href":"https:\/\/globalsystem.com.mx\/catalogo\/wp-json\/wp\/v2\/product_tag?post=3688"}],"curies":[{"name":"wp","href":"https:\/\/api.w.org\/{rel}","templated":true}]}}