{"id":3686,"date":"2022-06-03T22:08:37","date_gmt":"2022-06-03T22:08:37","guid":{"rendered":"https:\/\/webs360apps.com\/ismafinal\/product\/handpunch-3000\/"},"modified":"2022-06-13T00:21:21","modified_gmt":"2022-06-13T00:21:21","slug":"handpunch-3000","status":"publish","type":"product","link":"https:\/\/globalsystem.com.mx\/catalogo\/handpunch-3000","title":{"rendered":"Handpunch 3000"},"content":{"rendered":"<p class=\"MsoNoSpacing\"><a name=\"OLE_LINK10\"><\/a><a name=\"OLE_LINK4\"><\/a><a name=\"OLE_LINK3\"><\/a><b><span style=\"font-size: 10.0pt; font-family: 'Arial',sans-serif; mso-fareast-language: ES-MX;\">Recognition Systems<\/span><\/b><span style=\"font-size: 10.0pt; font-family: 'Arial',sans-serif; mso-fareast-language: ES-MX;\">, Inc. ofrece la precisi\u00f3n y conveniencia de la tecnolog\u00eda biom\u00e9trica a las aplicaciones de control de asistencia. Utilizados en operaciones desde minas de carb\u00f3n a limpias oficinas, los sitemas de RSI han demostrado ser una soluci\u00f3n pr\u00e1ctica y exacta. Las terminales son tan econ\u00f3micas que no tiene sentido considerar otra tecnolog\u00eda.<\/span><\/p>\n<p class=\"MsoNoSpacing\"><b>M\u00e1s inteligentes que las terminales de tarjetas<\/b><\/p>\n<p class=\"MsoNoSpacing\"><span style=\"font-size: 10.0pt; font-family: 'Arial',sans-serif; mso-fareast-language: ES-MX;\">No hay tarjetas de confeccionar, administrar, llevar o perder. Las terminales HandPunch verifican la identidad de los empleados en menos de un segundo, bas\u00e1ndose en la forma y tama\u00f1o de sus manos \u00fanicas. HandPunch notifica claramente la verificaci\u00f3n a cada usuario, usando indicadores de luces rojas y verdes. Ya que nadie puede marcar entradas y salidas por sus empleados, el sistema reduce los robos de tiempo y perfecciona la exactitud de la planilla.<\/span><\/p>\n<p><b>Vers\u00e1til y programable<br \/>\n<\/b>M\u00e1s all\u00e1 que un simple reloj de marcaci\u00f3n, el HandPunch 3000 dispone de teclas configurables para la recolecci\u00f3n de datos cuando los empleados marcan. El sistema transmite los datos a la PC de control de asistencia por medio de una variedad de opciones.<\/p>\n<p><b>Tecnolog\u00eda de Geometr\u00eda de Mano<span style=\"color: #000099;\"><br \/>\n<\/span><\/b>El HandPunch 3000 utiliza la tecnolog\u00eda de medici\u00f3n de manos de RSI, ampliamente probada. La terminal captura una imagen tridimensional de la mano cada vez que el empleado marca. El tama\u00f1o y forma de la mano son usados para verificar la identidad con inigualable exactitud. No son utilizadas las huellas digitales ni las l\u00edneas de la palma de la mano. Indicadores rojos y verdes le notifican al empleado el estado de marcaci\u00f3n. No hay m\u00e1s duda al respecto, los empleados deben estar presentes para poder marcar.<\/p>\n<p><b>Teclas de Datos Programables<br \/>\n<\/b>El HandPunch 3000 tiene dos teclas configurables de datos que le permiten recolectar datos cuando los empleados marcan. Algunos usos comunes son transferencias interdepartamentales, c\u00f3digos de tareas, c\u00f3digos de pagos. Varios niveles de entradas de datos pueden ser definidos. Tambi\u00e9n puede configurar las teclas para que sus empleados puedan revisar sus \u00faltimas marcaciones. Para reducir ingreso de datos, las teclas tambi\u00e9n pueden ser configuradas para que autom\u00e1ticamente introduzcan datos como n\u00fameros de departamentos utilizados frecuentemente o entradas\/ salidas.<\/p>\n<p><b>Opciones de Comunicaci\u00f3n<span style=\"color: #000099;\"><br \/>\n<\/span><\/b>Si su aplicaci\u00f3n se conecta a una o mil terminales, el HandPunch 3000 satisface su necesidad. M\u00faltiples terminales pueden ser conectadas en red en un sitio por medio de un alambrado serial RS-485. Un m\u00f3dulo opcional Ethernet o MODEM est\u00e1 disponible. Ambos m\u00f3dulos se instalan dentro de la terminal, haciendo la instalaci\u00f3n f\u00e1cil y simple.<\/p>\n<p><b>Funciones de Edici\u00f3n<br \/>\n<\/b>HandPunch 3000 le permite a los supervisores cambiar las restricciones de los usuarios e introducir datos, como marcaciones p\u00e9rdidas, vacaciones y ausencia por enfermedad. El modo protegido por contrase\u00f1a brinda m\u00e1s facilidades al supervisor, disminuyendo los ediciones en computadora. Registros de historiales son generados para reafirmar la seguridad de estas funciones.<\/p>\n<p>&nbsp;<\/p>\n<p class=\"MsoNoSpacing\"><span style=\"font-size: 10.0pt; font-family: 'Arial',sans-serif; mso-fareast-language: ES-MX;\"><b><span style=\"font-size: 10.0pt; font-family: 'Arial',sans-serif; mso-fareast-language: ES-MX;\">Control de Puerta<\/span><\/b><\/span><\/p>\n<p class=\"MsoNoSpacing\"><span style=\"font-family: Arial, sans-serif; font-size: 10pt; line-height: 1.3em;\">El HandPunch 3000 brinda la capacidad de abrir y monitorear una puerta. Se puede restringir el horario de acceso de los empleados.<\/span><\/p>\n<p class=\"MsoNoSpacing\"><span style=\"font-size: 10.0pt; font-family: 'Arial',sans-serif; mso-fareast-language: ES-MX;\">\u00a0<\/span><b><span style=\"font-size: 10.0pt; font-family: 'Arial',sans-serif; mso-fareast-language: ES-MX;\">Caracter\u00edsticas:<\/span><\/b><\/p>\n<p class=\"MsoNoSpacing\" style=\"margin-left: 36.0pt; text-indent: -18.0pt; mso-list: l1 level1 lfo1;\"><!-- [if !supportLists]--><span style=\"font-size: 10.0pt; font-family: Symbol; mso-fareast-font-family: Symbol; mso-bidi-font-family: Symbol; mso-fareast-language: ES-MX;\">\u00b7<span style=\"font-stretch: normal; font-size: 7pt; line-height: normal; font-family: 'Times New Roman';\">\u00a0\u00a0\u00a0\u00a0\u00a0\u00a0\u00a0\u00a0 <\/span><\/span><!--[endif]--><span style=\"font-size: 10.0pt; font-family: 'Arial',sans-serif; mso-fareast-language: ES-MX;\">N\u00famero de Parte: HP-3000.<\/span><\/p>\n<p class=\"MsoNoSpacing\" style=\"margin-left: 36.0pt; text-indent: -18.0pt; mso-list: l1 level1 lfo1;\"><!-- [if !supportLists]--><span style=\"font-size: 10.0pt; font-family: Symbol; mso-fareast-font-family: Symbol; mso-bidi-font-family: Symbol; mso-fareast-language: ES-MX;\">\u00b7<span style=\"font-stretch: normal; font-size: 7pt; line-height: normal; font-family: 'Times New Roman';\">\u00a0\u00a0\u00a0\u00a0\u00a0\u00a0\u00a0\u00a0 <\/span><\/span><!--[endif]--><span style=\"font-size: 10.0pt; font-family: 'Arial',sans-serif; mso-fareast-language: ES-MX;\">Tama\u00f1o: 8.85 pulgadas (22.3 cm.) ancho 11.65 pulgadas (29.6 cm.) alto 8.55 pulgadas (21.7 cm.) grosor.<\/span><\/p>\n<p class=\"MsoNoSpacing\" style=\"margin-left: 36.0pt; text-indent: -18.0pt; mso-list: l1 level1 lfo1;\"><!-- [if !supportLists]--><span style=\"font-size: 10.0pt; font-family: Symbol; mso-fareast-font-family: Symbol; mso-bidi-font-family: Symbol; mso-fareast-language: ES-MX;\">\u00b7<span style=\"font-stretch: normal; font-size: 7pt; line-height: normal; font-family: 'Times New Roman';\">\u00a0\u00a0\u00a0\u00a0\u00a0\u00a0\u00a0\u00a0 <\/span><\/span><!--[endif]--><span style=\"font-size: 10.0pt; font-family: 'Arial',sans-serif; mso-fareast-language: ES-MX;\">Peso: 6 lbs. (2.7 kg).<\/span><\/p>\n<p class=\"MsoNoSpacing\" style=\"margin-left: 36.0pt; text-indent: -18.0pt; mso-list: l1 level1 lfo1;\"><!-- [if !supportLists]--><span style=\"font-size: 10.0pt; font-family: Symbol; mso-fareast-font-family: Symbol; mso-bidi-font-family: Symbol; mso-fareast-language: ES-MX;\">\u00b7<span style=\"font-stretch: normal; font-size: 7pt; line-height: normal; font-family: 'Times New Roman';\">\u00a0\u00a0\u00a0\u00a0\u00a0\u00a0\u00a0\u00a0 <\/span><\/span><!--[endif]--><span style=\"font-size: 10.0pt; font-family: 'Arial',sans-serif; mso-fareast-language: ES-MX;\">Alimentaci\u00f3n: 12-24 voltios de CC o 12-24 voltios de CA 50\/ 60 Hz.<\/span><\/p>\n<p class=\"MsoNoSpacing\" style=\"margin-left: 36.0pt; text-indent: -18.0pt; mso-list: l1 level1 lfo1;\"><!-- [if !supportLists]--><span style=\"font-size: 10.0pt; font-family: Symbol; mso-fareast-font-family: Symbol; mso-bidi-font-family: Symbol; mso-fareast-language: ES-MX;\">\u00b7<span style=\"font-stretch: normal; font-size: 7pt; line-height: normal; font-family: 'Times New Roman';\">\u00a0\u00a0\u00a0\u00a0\u00a0\u00a0\u00a0\u00a0 <\/span><\/span><!--[endif]--><span style=\"font-size: 10.0pt; font-family: 'Arial',sans-serif; mso-fareast-language: ES-MX;\">Tiempo de Verificaci\u00f3n: Menos de 1 segundo.<\/span><\/p>\n<p class=\"MsoNoSpacing\" style=\"margin-left: 36.0pt; text-indent: -18.0pt; mso-list: l1 level1 lfo1;\"><!-- [if !supportLists]--><span style=\"font-size: 10.0pt; font-family: Symbol; mso-fareast-font-family: Symbol; mso-bidi-font-family: Symbol; mso-fareast-language: ES-MX;\">\u00b7<span style=\"font-stretch: normal; font-size: 7pt; line-height: normal; font-family: 'Times New Roman';\">\u00a0\u00a0\u00a0\u00a0\u00a0\u00a0\u00a0\u00a0 <\/span><\/span><!--[endif]--><span style=\"font-size: 10.0pt; font-family: 'Arial',sans-serif; mso-fareast-language: ES-MX;\">Retenci\u00f3n de Memoria: Un m\u00e1ximo de 5 a\u00f1os con la ayuda de la bater\u00eda de litio interna.<\/span><\/p>\n<p class=\"MsoNoSpacing\" style=\"margin-left: 36.0pt; text-indent: -18.0pt; mso-list: l1 level1 lfo1;\"><!-- [if !supportLists]--><span style=\"font-size: 10.0pt; font-family: Symbol; mso-fareast-font-family: Symbol; mso-bidi-font-family: Symbol; mso-fareast-language: ES-MX;\">\u00b7<span style=\"font-stretch: normal; font-size: 7pt; line-height: normal; font-family: 'Times New Roman';\">\u00a0\u00a0\u00a0\u00a0\u00a0\u00a0\u00a0\u00a0 <\/span><\/span><!--[endif]--><span style=\"font-size: 10.0pt; font-family: 'Arial',sans-serif; mso-fareast-language: ES-MX;\">Almacenamiento de Transacciones: 5, 120 transacciones.<\/span><\/p>\n<p class=\"MsoNoSpacing\" style=\"margin-left: 36.0pt; text-indent: -18.0pt; mso-list: l1 level1 lfo1;\"><!-- [if !supportLists]--><span style=\"font-size: 10.0pt; font-family: Symbol; mso-fareast-font-family: Symbol; mso-bidi-font-family: Symbol; mso-fareast-language: ES-MX;\">\u00b7<span style=\"font-stretch: normal; font-size: 7pt; line-height: normal; font-family: 'Times New Roman';\">\u00a0\u00a0\u00a0\u00a0\u00a0\u00a0\u00a0\u00a0 <\/span><\/span><!--[endif]--><span style=\"font-size: 10.0pt; font-family: 'Arial',sans-serif; mso-fareast-language: ES-MX;\">Longitud de los N\u00fameros: ID 1 a 10 d\u00edgitos.<\/span><\/p>\n<p class=\"MsoNoSpacing\" style=\"margin-left: 36.0pt; text-indent: -18.0pt; mso-list: l1 level1 lfo1;\"><!-- [if !supportLists]--><span style=\"font-size: 10.0pt; font-family: Symbol; mso-fareast-font-family: Symbol; mso-bidi-font-family: Symbol; mso-fareast-language: ES-MX;\">\u00b7<span style=\"font-stretch: normal; font-size: 7pt; line-height: normal; font-family: 'Times New Roman';\">\u00a0\u00a0\u00a0\u00a0\u00a0\u00a0\u00a0\u00a0 <\/span><\/span><!--[endif]--><span style=\"font-size: 10.0pt; font-family: 'Arial',sans-serif; mso-fareast-language: ES-MX;\">Velocidad en Baudios: 300 &#8211; 28.8K bps.<\/span><\/p>\n<p class=\"MsoNoSpacing\" style=\"margin-left: 36.0pt; text-indent: -18.0pt; mso-list: l1 level1 lfo1;\"><!-- [if !supportLists]--><span style=\"font-size: 10.0pt; font-family: Symbol; mso-fareast-font-family: Symbol; mso-bidi-font-family: Symbol; mso-fareast-language: ES-MX;\">\u00b7<span style=\"font-stretch: normal; font-size: 7pt; line-height: normal; font-family: 'Times New Roman';\">\u00a0\u00a0\u00a0\u00a0\u00a0\u00a0\u00a0\u00a0 <\/span><\/span><!--[endif]--><span style=\"font-size: 10.0pt; font-family: 'Arial',sans-serif; mso-fareast-language: ES-MX;\">Comunicaciones: RS-485 (cuatro hilos) red de terminales RS-232 serial, RS-232 Serial Printer Support.<\/span><\/p>\n<p class=\"MsoNoSpacing\" style=\"margin-left: 36.0pt; text-indent: -18.0pt; mso-list: l1 level1 lfo1;\"><!-- [if !supportLists]--><span style=\"font-size: 10.0pt; font-family: Symbol; mso-fareast-font-family: Symbol; mso-bidi-font-family: Symbol; mso-fareast-language: ES-MX;\">\u00b7<span style=\"font-stretch: normal; font-size: 7pt; line-height: normal; font-family: 'Times New Roman';\">\u00a0\u00a0\u00a0\u00a0\u00a0\u00a0\u00a0\u00a0 <\/span><\/span><!--[endif]--><span style=\"font-size: 10.0pt; font-family: 'Arial',sans-serif; mso-fareast-language: ES-MX;\">Capacidad de Usuarios: 512 usuarios expandible a 32,512.<\/span><\/p>\n<p class=\"MsoNoSpacing\"><b><span style=\"font-size: 10.0pt; font-family: 'Arial',sans-serif; mso-fareast-language: ES-MX;\">Ventajas:<\/span><\/b><\/p>\n<p class=\"MsoNoSpacing\" style=\"margin-left: 36.0pt; text-indent: -18.0pt; mso-list: l0 level1 lfo2;\"><!-- [if !supportLists]--><span style=\"font-size: 10.0pt; font-family: Symbol; mso-fareast-font-family: Symbol; mso-bidi-font-family: Symbol; mso-fareast-language: ES-MX;\">\u00b7<span style=\"font-stretch: normal; font-size: 7pt; line-height: normal; font-family: 'Times New Roman';\">\u00a0\u00a0\u00a0\u00a0\u00a0\u00a0\u00a0\u00a0 <\/span><\/span><!--[endif]--><span style=\"font-size: 10.0pt; font-family: 'Arial',sans-serif; mso-fareast-language: ES-MX;\">Ahorre dinero<\/span><\/p>\n<p class=\"MsoNoSpacing\" style=\"margin-left: 36.0pt; text-indent: -18.0pt; mso-list: l0 level1 lfo2;\"><!-- [if !supportLists]--><span style=\"font-size: 10.0pt; font-family: Symbol; mso-fareast-font-family: Symbol; mso-bidi-font-family: Symbol; mso-fareast-language: ES-MX;\">\u00b7<span style=\"font-stretch: normal; font-size: 7pt; line-height: normal; font-family: 'Times New Roman';\">\u00a0\u00a0\u00a0\u00a0\u00a0\u00a0\u00a0\u00a0 <\/span><\/span><!--[endif]--><span style=\"font-size: 10.0pt; font-family: 'Arial',sans-serif; mso-fareast-language: ES-MX;\">Elimine los carn\u00e9s<\/span><\/p>\n<p class=\"MsoNoSpacing\" style=\"margin-left: 36.0pt; text-indent: -18.0pt; mso-list: l0 level1 lfo2;\"><!-- [if !supportLists]--><span style=\"font-size: 10.0pt; font-family: Symbol; mso-fareast-font-family: Symbol; mso-bidi-font-family: Symbol; mso-fareast-language: ES-MX;\">\u00b7<span style=\"font-stretch: normal; font-size: 7pt; line-height: normal; font-family: 'Times New Roman';\">\u00a0\u00a0\u00a0\u00a0\u00a0\u00a0\u00a0\u00a0 <\/span><\/span><!--[endif]--><span style=\"font-size: 10.0pt; font-family: 'Arial',sans-serif; mso-fareast-language: ES-MX;\">Proporciona la soluci\u00f3n m\u00e1s precisa de control de asistencia disponible<\/span><\/p>\n<p class=\"MsoNoSpacing\" style=\"margin-left: 36.0pt; text-indent: -18.0pt; mso-list: l0 level1 lfo2;\"><!-- [if !supportLists]--><span style=\"font-size: 10.0pt; font-family: Symbol; mso-fareast-font-family: Symbol; mso-bidi-font-family: Symbol; mso-fareast-language: ES-MX;\">\u00b7<span style=\"font-stretch: normal; font-size: 7pt; line-height: normal; font-family: 'Times New Roman';\">\u00a0\u00a0\u00a0\u00a0\u00a0\u00a0\u00a0\u00a0 <\/span><\/span><!--[endif]--><span style=\"font-size: 10.0pt; font-family: 'Arial',sans-serif; mso-fareast-language: ES-MX;\">R\u00e1pido y f\u00e1cil de usar<\/span><\/p>\n<p class=\"MsoNoSpacing\" style=\"margin-left: 36.0pt; text-indent: -18.0pt; mso-list: l0 level1 lfo2;\"><!-- [if !supportLists]--><span style=\"font-size: 10.0pt; font-family: Symbol; mso-fareast-font-family: Symbol; mso-bidi-font-family: Symbol; mso-fareast-language: ES-MX;\">\u00b7<span style=\"font-stretch: normal; font-size: 7pt; line-height: normal; font-family: 'Times New Roman';\">\u00a0\u00a0\u00a0\u00a0\u00a0\u00a0\u00a0\u00a0 <\/span><\/span><!--[endif]--><span style=\"font-size: 10.0pt; font-family: 'Arial',sans-serif; mso-fareast-language: ES-MX;\">Los empleados no pueden marcar por sus amigos<\/span><\/p>\n<p class=\"MsoNoSpacing\"><b><span style=\"font-size: 10.0pt; font-family: 'Arial',sans-serif; mso-fareast-language: ES-MX;\">Opciones:<\/span><\/b><\/p>\n<p class=\"MsoNoSpacing\" style=\"margin-left: 36.0pt; text-indent: -18.0pt; mso-list: l2 level1 lfo3;\"><!-- [if !supportLists]--><span style=\"font-size: 10.0pt; font-family: Symbol; mso-fareast-font-family: Symbol; mso-bidi-font-family: Symbol; mso-fareast-language: ES-MX;\">\u00b7<span style=\"font-stretch: normal; font-size: 7pt; line-height: normal; font-family: 'Times New Roman';\">\u00a0\u00a0\u00a0\u00a0\u00a0\u00a0\u00a0\u00a0 <\/span><\/span><!--[endif]--><span style=\"font-size: 10.0pt; font-family: 'Arial',sans-serif; mso-fareast-language: ES-MX;\">BB-200 Bater\u00eda Operacional de Respaldo<\/span><\/p>\n<p class=\"MsoNoSpacing\" style=\"margin-left: 36.0pt; text-indent: -18.0pt; mso-list: l2 level1 lfo3;\"><!-- [if !supportLists]--><span style=\"font-size: 10.0pt; font-family: Symbol; mso-fareast-font-family: Symbol; mso-bidi-font-family: Symbol; mso-fareast-language: ES-MX;\">\u00b7<span style=\"font-stretch: normal; font-size: 7pt; line-height: normal; font-family: 'Times New Roman';\">\u00a0\u00a0\u00a0\u00a0\u00a0\u00a0\u00a0\u00a0 <\/span><\/span><!--[endif]--><span style=\"font-size: 10.0pt; font-family: 'Arial',sans-serif; mso-fareast-language: ES-MX;\">MD-500 Modem Interno<\/span><\/p>\n<p class=\"MsoNoSpacing\" style=\"margin-left: 36.0pt; text-indent: -18.0pt; mso-list: l2 level1 lfo3;\"><!-- [if !supportLists]--><span style=\"font-size: 10.0pt; font-family: Symbol; mso-fareast-font-family: Symbol; mso-bidi-font-family: Symbol; mso-fareast-language: ES-MX;\">\u00b7<span style=\"font-stretch: normal; font-size: 7pt; line-height: normal; font-family: 'Times New Roman';\">\u00a0\u00a0\u00a0\u00a0\u00a0\u00a0\u00a0\u00a0 <\/span><\/span><!--[endif]--><span style=\"font-size: 10.0pt; font-family: 'Arial',sans-serif; mso-fareast-language: ES-MX;\">EN-200 M\u00f3dulo Ethernet<\/span><\/p>\n<p class=\"MsoNoSpacing\" style=\"margin-left: 36.0pt; text-indent: -18.0pt; mso-list: l2 level1 lfo3;\"><!-- [if !supportLists]--><span style=\"font-size: 10.0pt; font-family: Symbol; mso-fareast-font-family: Symbol; mso-bidi-font-family: Symbol; mso-fareast-language: ES-MX;\">\u00b7<span style=\"font-stretch: normal; font-size: 7pt; line-height: normal; font-family: 'Times New Roman';\">\u00a0\u00a0\u00a0\u00a0\u00a0\u00a0\u00a0\u00a0 <\/span><\/span><!--[endif]--><span style=\"font-size: 10.0pt; font-family: 'Arial',sans-serif; mso-fareast-language: ES-MX;\">BC-100 Lector de C\u00f3digo de Barras<\/span><\/p>\n<p class=\"MsoNoSpacing\" style=\"margin-left: 36.0pt; text-indent: -18.0pt; mso-list: l2 level1 lfo3;\"><!-- [if !supportLists]--><span style=\"font-size: 10.0pt; font-family: Symbol; mso-fareast-font-family: Symbol; mso-bidi-font-family: Symbol; mso-fareast-language: ES-MX;\">\u00b7<span style=\"font-stretch: normal; font-size: 7pt; line-height: normal; font-family: 'Times New Roman';\">\u00a0\u00a0\u00a0\u00a0\u00a0\u00a0\u00a0\u00a0 <\/span><\/span><!--[endif]--><span style=\"font-size: 10.0pt; font-family: 'Arial',sans-serif; mso-fareast-language: ES-MX;\">EM-801 Expansi\u00f3n a 9,728 Usuarios<\/span><\/p>\n<p class=\"MsoNoSpacing\" style=\"margin-left: 36.0pt; text-indent: -18.0pt; mso-list: l2 level1 lfo3;\"><!-- [if !supportLists]--><span style=\"font-size: 10.0pt; font-family: Symbol; mso-fareast-font-family: Symbol; mso-bidi-font-family: Symbol; mso-fareast-language: ES-MX;\">\u00b7<span style=\"font-stretch: normal; font-size: 7pt; line-height: normal; font-family: 'Times New Roman';\">\u00a0\u00a0\u00a0\u00a0\u00a0\u00a0\u00a0\u00a0 <\/span><\/span><!--[endif]--><span style=\"font-size: 10.0pt; font-family: 'Arial',sans-serif; mso-fareast-language: ES-MX;\">EM-803 Expansi\u00f3n a 32,512 Usuarios DC-102 Convertidor (RS232 a RS485)<\/span><\/p>\n<p class=\"MsoNoSpacing\"><b><span style=\"font-size: 10.0pt; font-family: 'Arial',sans-serif; mso-fareast-language: ES-MX;\">Precios expresados en d\u00f3lares americanos pagaderos al tipo de cambio del d\u00eda de la compra y facturaci\u00f3n.<\/span><\/b><\/p>\n<p class=\"MsoNoSpacing\"><span style=\"font-size: 10.0pt; font-family: 'Arial',sans-serif; mso-fareast-language: ES-MX;\">Pago: Anticipado v\u00eda transferencia \u00f3 dep\u00f3sito bancario.<\/span><\/p>\n<p class=\"MsoNoSpacing\"><span style=\"font-size: 10.0pt; font-family: 'Arial',sans-serif; mso-fareast-language: ES-MX;\">Tiempo de entrega: Inmediata o dependiendo existencias.<\/span><\/p>\n<p class=\"MsoNoSpacing\"><span style=\"font-size: 10.0pt; font-family: 'Arial',sans-serif; mso-fareast-language: ES-MX;\">Garant\u00eda de: 1 a\u00f1o por defectos de fabricaci\u00f3n.<\/span><\/p>\n<p class=\"MsoNoSpacing\"><span style=\"font-size: 10.0pt; font-family: 'Arial',sans-serif; mso-fareast-language: ES-MX;\">No incluye instalaci\u00f3n, canalizaci\u00f3n, ni obra civil, en caso de requerir por favor contacte al depto. de ventas.<\/span><\/p>\n<p>&lt;p class=\u00bbM<\/p>\n","protected":false},"excerpt":{"rendered":"<p>Recognition Systems, Inc. ofrece la precisi\u00f3n y conveniencia de la tecnolog\u00eda biom\u00e9trica a las aplicaciones de control de asistencia. Utilizados en operaciones desde minas de carb\u00f3n a limpias oficinas, los sitemas de RSI han demostrado ser una soluci\u00f3n pr\u00e1ctica y exacta. Las terminales son tan econ\u00f3micas que no tiene sentido considerar otra tecnolog\u00eda. M\u00e1s inteligentes[&#8230;]<\/p>\n","protected":false},"featured_media":4338,"comment_status":"closed","ping_status":"closed","template":"","meta":[],"product_cat":[110,34],"product_tag":[],"class_list":["post-3686","product","type-product","status-publish","has-post-thumbnail","hentry","product_cat-control-de-acceso","product_cat-control-de-asistencia-biometricos","pa_marca-handpunch"],"_links":{"self":[{"href":"https:\/\/globalsystem.com.mx\/catalogo\/wp-json\/wp\/v2\/product\/3686","targetHints":{"allow":["GET"]}}],"collection":[{"href":"https:\/\/globalsystem.com.mx\/catalogo\/wp-json\/wp\/v2\/product"}],"about":[{"href":"https:\/\/globalsystem.com.mx\/catalogo\/wp-json\/wp\/v2\/types\/product"}],"replies":[{"embeddable":true,"href":"https:\/\/globalsystem.com.mx\/catalogo\/wp-json\/wp\/v2\/comments?post=3686"}],"version-history":[{"count":3,"href":"https:\/\/globalsystem.com.mx\/catalogo\/wp-json\/wp\/v2\/product\/3686\/revisions"}],"predecessor-version":[{"id":4339,"href":"https:\/\/globalsystem.com.mx\/catalogo\/wp-json\/wp\/v2\/product\/3686\/revisions\/4339"}],"wp:featuredmedia":[{"embeddable":true,"href":"https:\/\/globalsystem.com.mx\/catalogo\/wp-json\/wp\/v2\/media\/4338"}],"wp:attachment":[{"href":"https:\/\/globalsystem.com.mx\/catalogo\/wp-json\/wp\/v2\/media?parent=3686"}],"wp:term":[{"taxonomy":"product_cat","embeddable":true,"href":"https:\/\/globalsystem.com.mx\/catalogo\/wp-json\/wp\/v2\/product_cat?post=3686"},{"taxonomy":"product_tag","embeddable":true,"href":"https:\/\/globalsystem.com.mx\/catalogo\/wp-json\/wp\/v2\/product_tag?post=3686"}],"curies":[{"name":"wp","href":"https:\/\/api.w.org\/{rel}","templated":true}]}}