{"id":3684,"date":"2022-06-03T22:08:37","date_gmt":"2022-06-03T22:08:37","guid":{"rendered":"https:\/\/webs360apps.com\/ismafinal\/product\/handpunch-2000\/"},"modified":"2022-06-13T00:16:19","modified_gmt":"2022-06-13T00:16:19","slug":"handpunch-2000","status":"publish","type":"product","link":"https:\/\/globalsystem.com.mx\/catalogo\/handpunch-2000","title":{"rendered":"Handpunch 2000"},"content":{"rendered":"<p class=\"MsoNormal\"><span class=\"MsoSubtleEmphasis\"><span style=\"font-size: 8pt; line-height: 107%; font-family: Verdana, sans-serif;\">Recognition Systems, Inc. ofrece la precisi\u00f3n y conveniencia de la tecnolog\u00eda biom\u00e9trica a las aplicaciones de control de asistencia. Utilizados en operaciones desde minas de carb\u00f3n a limpias oficinas, los sistemas de RSI han demostrado ser una soluci\u00f3n pr\u00e1ctica y exacta. Las terminales son tan econ\u00f3micas, que no tiene sentido considerar otra tecnolog\u00eda.<\/span><\/span><\/p>\n<p class=\"MsoNoSpacing\"><b><span style=\"font-size: 8.0pt; font-family: 'Verdana','sans-serif'; mso-fareast-font-family: 'Times New Roman'; color: #000099; mso-fareast-language: ES-MX;\">Supera las terminales de tarjetas<\/span><\/b><span style=\"font-size: 8.0pt; font-family: 'Verdana','sans-serif'; mso-fareast-font-family: 'Times New Roman'; mso-fareast-language: ES-MX;\"><br \/>\nNo hay tarjetas que confeccionar, administrar, llevar o perder. Las terminales HandPunch verifican la identidad de los empleados en menos de un segundo, bas\u00e1ndose en la forma y tama\u00f1o de sus manos \u00fanicamente. HandPunch notifica claramente la verificaci\u00f3n a cada usuario, usando indicadores de luces rojas y verdes. El sistema reduce los robos de tiempo y perfecciona la exactitud de la planilla.<\/span><\/p>\n<p><b><span style=\"color: #000099;\">Vers\u00e1til y Programable<\/span><\/b><br \/>\nM\u00e1s all\u00e1 que un simple reloj de marcaci\u00f3n el HandPunch 2000 dispone de teclas configurables para la recolecci\u00f3n de datos cuando los empleados marcan. El sistema transmite los datos a la PC de control de asistencia por medio de una variedad de opciones.<\/p>\n<p><b><span style=\"color: #000099;\">Tecnolog\u00eda de Geometr\u00eda de Mano<\/span><\/b><br \/>\nEl HandPunch 2000 utiliza la tecnolog\u00eda de medici\u00f3n de manos de RSI, ampliamente probada. La terminal captura una imagen tridimensional de la mano cada vez que el empleado marca. El tama\u00f1o y forma de la mano son usados para verificar la identidad con inigualable exactitud. No son utilizadas las huellas digitales ni las l\u00edneas de la palma de la mano. Indicadores rojos y verdes le notifican al empleado el estado de su marcaci\u00f3n. No hay m\u00e1s duda al respecto, los empleados deben estar presentes para marcar.<\/p>\n<p><b><span style=\"color: #000099;\">Teclas de Datos Programables<\/span><\/b><br \/>\nEl HandPunch 2000 tiene dos teclas configurables que le permiten recolectar datos cuando los empleados marcan. Algunos usos comunes son transferencias inter-departamentales, c\u00f3digos de tareas, c\u00f3digos de pagos. Varios niveles de entradas de datos pueden ser definidos. Tambi\u00e9n puede configurar las teclas para que sus empleados puedan revisar sus \u00faltimas marcaciones. Para reducir el ingreso de datos, las teclas tambi\u00e9n pueden ser configuradas para que autom\u00e1ticamente introduzcan datos como n\u00fameros de departamentos utilizados frecuentemente o entradas\/ salidas.<\/p>\n<p><b><span style=\"color: #000099;\">Opciones de Comunicaci\u00f3n<\/span><\/b><br \/>\nEl HandPunch 2000 se conecta r\u00e1pidamente a la PC de control de asistencia por medio de cables seriales de comunicaci\u00f3n. Un MODEM opcional est\u00e1 disponible para la conexi\u00f3n de sitios remotos.<\/p>\n<p class=\"MsoNoSpacing\"><b><span style=\"font-size: 8.0pt; font-family: 'Verdana','sans-serif'; color: #000099;\">Especificaciones:<\/span><\/b><\/p>\n<p class=\"MsoNoSpacing\" style=\"margin-left: 36.0pt; text-indent: -18.0pt; mso-list: l0 level1 lfo1;\"><!-- [if !supportLists]--><span style=\"font-size: 8.0pt; font-family: Wingdings; mso-fareast-font-family: Wingdings; mso-bidi-font-family: Wingdings; mso-fareast-language: ES-MX;\">\u00d8<span style=\"font-stretch: normal; font-size: 7pt; line-height: normal; font-family: 'Times New Roman';\">\u00a0 <\/span><\/span><!--[endif]--><span style=\"font-size: 8.0pt; font-family: 'Verdana','sans-serif'; mso-fareast-font-family: 'Times New Roman'; mso-bidi-font-family: 'Times New Roman'; mso-fareast-language: ES-MX;\">Part Number: HP-2000<\/span><span style=\"font-size: 8.0pt; font-family: 'Verdana','sans-serif'; mso-fareast-font-family: 'Times New Roman'; mso-fareast-language: ES-MX;\"><br \/>\n<!--[endif]--><\/span><\/p>\n<p class=\"MsoNoSpacing\" style=\"margin-left: 36.0pt; text-indent: -18.0pt; mso-list: l0 level1 lfo1;\"><!-- [if !supportLists]--><span style=\"font-size: 8.0pt; font-family: Wingdings; mso-fareast-font-family: Wingdings; mso-bidi-font-family: Wingdings; mso-fareast-language: ES-MX;\">\u00d8<span style=\"font-stretch: normal; font-size: 7pt; line-height: normal; font-family: 'Times New Roman';\">\u00a0 <\/span><\/span><!--[endif]--><span style=\"font-size: 8.0pt; font-family: 'Verdana','sans-serif'; mso-fareast-font-family: 'Times New Roman'; mso-bidi-font-family: 'Times New Roman'; mso-fareast-language: ES-MX;\">Tama\u00f1o: 22.3 cm (8.5 pulgadas) de ancho, 29.6 cm (11.65 pulgadas) de alto y 21.7 cm (8.55 pulgadas) de profundidad.<\/span><span style=\"font-size: 8.0pt; font-family: 'Verdana','sans-serif'; mso-fareast-font-family: 'Times New Roman'; mso-fareast-language: ES-MX;\"><br \/>\n<!--[endif]--><\/span><\/p>\n<p class=\"MsoNoSpacing\" style=\"margin-left: 36.0pt; text-indent: -18.0pt; mso-list: l0 level1 lfo1;\"><!-- [if !supportLists]--><span style=\"font-size: 8.0pt; font-family: Wingdings; mso-fareast-font-family: Wingdings; mso-bidi-font-family: Wingdings; mso-fareast-language: ES-MX;\">\u00d8<span style=\"font-stretch: normal; font-size: 7pt; line-height: normal; font-family: 'Times New Roman';\">\u00a0 <\/span><\/span><!--[endif]--><span style=\"font-size: 8.0pt; font-family: 'Verdana','sans-serif'; mso-fareast-font-family: 'Times New Roman'; mso-bidi-font-family: 'Times New Roman'; mso-fareast-language: ES-MX;\">Alimentaci\u00f3n: 12-24 VDC o 12-24 VAC 50\/ 60 Hz<\/span><span style=\"font-size: 8.0pt; font-family: 'Verdana','sans-serif'; mso-fareast-font-family: 'Times New Roman'; mso-fareast-language: ES-MX;\"><br \/>\n<!--[endif]--><\/span><\/p>\n<p class=\"MsoNoSpacing\" style=\"margin-left: 36.0pt; text-indent: -18.0pt; mso-list: l0 level1 lfo1;\"><!-- [if !supportLists]--><span style=\"font-size: 8.0pt; font-family: Wingdings; mso-fareast-font-family: Wingdings; mso-bidi-font-family: Wingdings; mso-fareast-language: ES-MX;\">\u00d8<span style=\"font-stretch: normal; font-size: 7pt; line-height: normal; font-family: 'Times New Roman';\">\u00a0 <\/span><\/span><!--[endif]--><span style=\"font-size: 8.0pt; font-family: 'Verdana','sans-serif'; mso-fareast-font-family: 'Times New Roman'; mso-bidi-font-family: 'Times New Roman'; mso-fareast-language: ES-MX;\">Peso 6 libras (2.7 kg)<\/span><span style=\"font-size: 8.0pt; font-family: 'Verdana','sans-serif'; mso-fareast-font-family: 'Times New Roman'; mso-fareast-language: ES-MX;\"><br \/>\n<!--[endif]--><\/span><\/p>\n<p class=\"MsoNoSpacing\" style=\"margin-left: 36.0pt; text-indent: -18.0pt; mso-list: l0 level1 lfo1;\"><!-- [if !supportLists]--><span style=\"font-size: 8.0pt; font-family: Wingdings; mso-fareast-font-family: Wingdings; mso-bidi-font-family: Wingdings; mso-fareast-language: ES-MX;\">\u00d8<span style=\"font-stretch: normal; font-size: 7pt; line-height: normal; font-family: 'Times New Roman';\">\u00a0 <\/span><\/span><!--[endif]--><span style=\"font-size: 8.0pt; font-family: 'Verdana','sans-serif'; mso-fareast-font-family: 'Times New Roman'; mso-bidi-font-family: 'Times New Roman'; mso-fareast-language: ES-MX;\">Retenci\u00f3n de Memoria: un m\u00e1ximo de 5 a\u00f1os con la bateria litio interna est\u00e1ndar<\/span><span style=\"font-size: 8.0pt; font-family: 'Verdana','sans-serif'; mso-fareast-font-family: 'Times New Roman'; mso-fareast-language: ES-MX;\"><br \/>\n<!--[endif]--><\/span><\/p>\n<p class=\"MsoNoSpacing\" style=\"margin-left: 36.0pt; text-indent: -18.0pt; mso-list: l0 level1 lfo1;\"><!-- [if !supportLists]--><span style=\"font-size: 8.0pt; font-family: Wingdings; mso-fareast-font-family: Wingdings; mso-bidi-font-family: Wingdings; mso-fareast-language: ES-MX;\">\u00d8<span style=\"font-stretch: normal; font-size: 7pt; line-height: normal; font-family: 'Times New Roman';\">\u00a0 <\/span><\/span><!--[endif]--><span style=\"font-size: 8.0pt; font-family: 'Verdana','sans-serif'; mso-fareast-font-family: 'Times New Roman'; mso-bidi-font-family: 'Times New Roman'; mso-fareast-language: ES-MX;\">Almacenamiento de transacciones: 5187 transacciones<\/span><span style=\"font-size: 8.0pt; font-family: 'Verdana','sans-serif'; mso-fareast-font-family: 'Times New Roman'; mso-fareast-language: ES-MX;\"><br \/>\n<!--[endif]--><\/span><\/p>\n<p class=\"MsoNoSpacing\" style=\"margin-left: 36.0pt; text-indent: -18.0pt; mso-list: l0 level1 lfo1;\"><!-- [if !supportLists]--><span style=\"font-size: 8.0pt; font-family: Wingdings; mso-fareast-font-family: Wingdings; mso-bidi-font-family: Wingdings; mso-fareast-language: ES-MX;\">\u00d8<span style=\"font-stretch: normal; font-size: 7pt; line-height: normal; font-family: 'Times New Roman';\">\u00a0 <\/span><\/span><!--[endif]--><span style=\"font-size: 8.0pt; font-family: 'Verdana','sans-serif'; mso-fareast-font-family: 'Times New Roman'; mso-bidi-font-family: 'Times New Roman'; mso-fareast-language: ES-MX;\">Longitud de los n\u00fameros: ID 1 a 10 d\u00edgitos<\/span><span style=\"font-size: 8.0pt; font-family: 'Verdana','sans-serif'; mso-fareast-font-family: 'Times New Roman'; mso-fareast-language: ES-MX;\"><br \/>\n<!--[endif]--><\/span><\/p>\n<p class=\"MsoNoSpacing\" style=\"margin-left: 36.0pt; text-indent: -18.0pt; mso-list: l0 level1 lfo1;\"><!-- [if !supportLists]--><span style=\"font-size: 8.0pt; font-family: Wingdings; mso-fareast-font-family: Wingdings; mso-bidi-font-family: Wingdings; mso-fareast-language: ES-MX;\">\u00d8<span style=\"font-stretch: normal; font-size: 7pt; line-height: normal; font-family: 'Times New Roman';\">\u00a0 <\/span><\/span><!--[endif]--><span style=\"font-size: 8.0pt; font-family: 'Verdana','sans-serif'; mso-fareast-font-family: 'Times New Roman'; mso-bidi-font-family: 'Times New Roman'; mso-fareast-language: ES-MX;\">Velocidad en baudios: 300 &#8211; 28.8K bps<\/span><span style=\"font-size: 8.0pt; font-family: 'Verdana','sans-serif'; mso-fareast-font-family: 'Times New Roman'; mso-fareast-language: ES-MX;\"><br \/>\n<!--[endif]--><\/span><\/p>\n<p class=\"MsoNoSpacing\" style=\"margin-left: 36.0pt; text-indent: -18.0pt; mso-list: l0 level1 lfo1;\"><!-- [if !supportLists]--><span style=\"font-size: 8.0pt; font-family: Wingdings; mso-fareast-font-family: Wingdings; mso-bidi-font-family: Wingdings; mso-fareast-language: ES-MX;\">\u00d8<span style=\"font-stretch: normal; font-size: 7pt; line-height: normal; font-family: 'Times New Roman';\">\u00a0 <\/span><\/span><!--[endif]--><span style=\"font-size: 8.0pt; font-family: 'Verdana','sans-serif'; mso-fareast-font-family: 'Times New Roman'; mso-bidi-font-family: 'Times New Roman'; mso-fareast-language: ES-MX;\">Comunicaciones: RS-232<\/span><span style=\"font-size: 8.0pt; font-family: 'Verdana','sans-serif'; mso-fareast-font-family: 'Times New Roman'; mso-fareast-language: ES-MX;\"><br \/>\n<!--[endif]--><\/span><\/p>\n<p class=\"MsoNoSpacing\" style=\"margin-left: 36.0pt; text-indent: -18.0pt; mso-list: l0 level1 lfo1;\"><!-- [if !supportLists]--><span style=\"font-size: 8.0pt; font-family: Wingdings; mso-fareast-font-family: Wingdings; mso-bidi-font-family: Wingdings; mso-fareast-language: ES-MX;\">\u00d8<span style=\"font-stretch: normal; font-size: 7pt; line-height: normal; font-family: 'Times New Roman';\">\u00a0 <\/span><\/span><!--[endif]--><span style=\"font-size: 8.0pt; font-family: 'Verdana','sans-serif'; mso-fareast-font-family: 'Times New Roman'; mso-bidi-font-family: 'Times New Roman'; mso-fareast-language: ES-MX;\">Capacidad de usuarios: 512 usuarios<\/span><\/p>\n<p class=\"MsoNoSpacing\"><span style=\"font-size: 8.0pt; font-family: 'Verdana','sans-serif'; mso-fareast-font-family: 'Times New Roman'; mso-bidi-font-family: 'Times New Roman'; mso-fareast-language: ES-MX;\">\u00a0<\/span><\/p>\n<p class=\"MsoNoSpacing\"><b><span style=\"font-size: 8.0pt; font-family: 'Verdana','sans-serif'; mso-fareast-font-family: 'Times New Roman'; mso-bidi-font-family: 'Times New Roman'; color: #000099; mso-fareast-language: ES-MX;\">Ventajas:<\/span><\/b><\/p>\n<p class=\"MsoNoSpacing\"><b><span style=\"font-size: 8.0pt; font-family: 'Verdana','sans-serif'; mso-fareast-font-family: 'Times New Roman'; color: #000099; mso-fareast-language: ES-MX;\">Ahorre dinero:<\/span><\/b> <span style=\"font-size: 8.0pt; font-family: 'Verdana','sans-serif'; mso-fareast-font-family: 'Times New Roman'; mso-fareast-language: ES-MX;\">Elimine las tarjetas de identificaci\u00f3n<\/span><\/p>\n<p class=\"MsoNoSpacing\"><span style=\"font-size: 8.0pt; font-family: 'Verdana','sans-serif'; mso-fareast-font-family: 'Times New Roman'; mso-fareast-language: ES-MX;\">Los empleados no pueden marcar por otros empleados<\/span><\/p>\n<p class=\"MsoNoSpacing\"><span style=\"font-size: 8.0pt; font-family: 'Verdana','sans-serif'; mso-fareast-font-family: 'Times New Roman'; mso-fareast-language: ES-MX;\">R\u00e1pido y f\u00e1cil de usar<\/span><\/p>\n<p class=\"MsoNoSpacing\"><span style=\"font-size: 8.0pt; font-family: 'Verdana','sans-serif'; mso-fareast-font-family: 'Times New Roman'; mso-fareast-language: ES-MX;\">Proporciona la soluci\u00f3n m\u00e1s precisa de control de asistencia disponible<\/span><\/p>\n<p class=\"MsoNoSpacing\"><span style=\"font-size: 8.0pt; font-family: 'Verdana','sans-serif'; mso-fareast-font-family: 'Times New Roman'; mso-fareast-language: ES-MX;\">\u00a0<\/span><\/p>\n<p class=\"MsoNoSpacing\"><b><span style=\"font-size: 8.0pt; font-family: 'Verdana','sans-serif'; mso-fareast-font-family: 'Times New Roman'; mso-bidi-font-family: 'Times New Roman'; color: #000099; mso-fareast-language: ES-MX;\">Opcional:<br \/>\n<\/span><\/b><span style=\"font-size: 8.0pt; font-family: 'Verdana','sans-serif'; mso-fareast-font-family: 'Times New Roman'; mso-bidi-font-family: 'Times New Roman'; mso-fareast-language: ES-MX;\">BB-200 Bateria operacional de respaldo<\/span><\/p>\n<p class=\"MsoNoSpacing\"><span style=\"font-size: 8pt; font-family: Verdana, sans-serif; background-image: initial; background-attachment: initial; background-size: initial; background-origin: initial; background-clip: initial; background-position: initial; background-repeat: initial;\">Se encuentra disponible un convertidor de comunicaci\u00f3n RS232 a TCP\/IP (con costo adicional), para incorporarlo el reloj a la red de datos de su empresa.<\/span><\/p>\n<p class=\"MsoNoSpacing\"><span style=\"font-size: 8.0pt; font-family: 'Verdana','sans-serif'; mso-fareast-font-family: 'Times New Roman'; mso-bidi-font-family: 'Times New Roman'; mso-fareast-language: ES-MX;\">MD-500 MODEM Interno.<\/span><\/p>\n<p class=\"MsoNoSpacing\"><span style=\"font-size: 8.0pt; font-family: 'Verdana','sans-serif'; mso-fareast-font-family: 'Times New Roman'; mso-bidi-font-family: 'Times New Roman'; mso-fareast-language: ES-MX;\">\u00a0<\/span><\/p>\n<p class=\"MsoNoSpacing\"><b><span style=\"font-size: 8pt; font-family: Verdana, sans-serif;\">Precios expresados en d\u00f3lares americanos pagaderos al tipo de cambio del d\u00eda de la compra y facturaci\u00f3n.<\/span><\/b><\/p>\n<p class=\"MsoNoSpacing\"><span style=\"font-size: 8pt; font-family: Verdana, sans-serif;\">Pago: Anticipado v\u00eda transferencia \u00f3 dep\u00f3sito bancario.<\/span><\/p>\n<p class=\"MsoNoSpacing\"><span style=\"font-size: 8pt; font-family: Verdana, sans-serif;\">Tiempo de entrega: Inmediata o dependiendo existencias.<\/span><\/p>\n<p class=\"MsoNoSpacing\"><span style=\"font-size: 8pt; font-family: Verdana, sans-serif;\">Garant\u00eda de: 1 a\u00f1o por defectos de fabricaci\u00f3n.<\/span><\/p>\n<p class=\"MsoNoSpacing\"><span style=\"font-size: 8pt; font-family: Verdana, sans-serif;\">No incluye instalaci\u00f3n, canalizaci\u00f3n, ni obra civil, en caso de requerir por favor contacte al depto. de ventas.<\/span><\/p>\n<p class=\"MsoNoSpacing\"><span style=\"font-size: 8pt; font-family: Verdana, sans-serif;\">Para consultar existencias, precios sobre la transportaci\u00f3n y\/o\u00a0 los vi\u00e1ticos,\u00a0por favor contacte con nosotros.\u00a0Precios sujetos a cambio sin previo aviso.<\/span><\/p>\n<p class=\"MsoNoSpacing\"><span style=\"font-size: 8pt; font-family: Verdana, sans-serif; background-image: initial; background-attachment: initial; background-size: initial; background-origin: initial; background-clip: initial; background-position: initial; background-repeat: initial;\">Contamos con talleres propios, para\u00a0el mantenimiento y\/o\u00a0reparaci\u00f3n de los equipos, refacciones y consumibles. Tambi\u00e9n contamos con servicio de mantenimiento, reparaci\u00f3n, capacitaci\u00f3n para la administraci\u00f3n del software de control de asistencia o acceso, a domicilio.<\/span><\/p>\n<p class=\"MsoNoSpacing\"><span style=\"font-size: 8pt; font-family: Verdana, sans-serif;\">Cualquier duda adicional, consulte a su ejecutivo de ventas.<\/span><\/p>\n<p class=\"MsoNoSpacing\"><span style=\"font-size: 8pt; font-family: Verdana, sans-serif;\">Precios sujetos a cambio sin previo aviso.<\/span><\/p>\n<p class=\"MsoNoSpacing\"><span style=\"font-size: 8.0pt; font-family: 'Verdana','sans-serif'; mso-fareast-font-family: 'Times New Roman'; mso-fareast-language: ES-MX;\">\u00a0<\/span><\/p>\n<p class=\"MsoNoSpacing\"><span style=\"font-size: 8.0pt; font-family: 'Verdana','sans-serif';\">\u00a0<\/span><\/p>\n","protected":false},"excerpt":{"rendered":"<p>Recognition Systems, Inc. ofrece la precisi\u00f3n y conveniencia de la tecnolog\u00eda biom\u00e9trica a las aplicaciones de control de asistencia. Utilizados en operaciones desde minas de carb\u00f3n a limpias oficinas, los sistemas de RSI han demostrado ser una soluci\u00f3n pr\u00e1ctica y exacta. Las terminales son tan econ\u00f3micas, que no tiene sentido considerar otra tecnolog\u00eda. Supera las[&#8230;]<\/p>\n","protected":false},"featured_media":4334,"comment_status":"closed","ping_status":"closed","template":"","meta":[],"product_cat":[34],"product_tag":[],"class_list":["post-3684","product","type-product","status-publish","has-post-thumbnail","hentry","product_cat-control-de-asistencia-biometricos","pa_marca-handpunch"],"_links":{"self":[{"href":"https:\/\/globalsystem.com.mx\/catalogo\/wp-json\/wp\/v2\/product\/3684","targetHints":{"allow":["GET"]}}],"collection":[{"href":"https:\/\/globalsystem.com.mx\/catalogo\/wp-json\/wp\/v2\/product"}],"about":[{"href":"https:\/\/globalsystem.com.mx\/catalogo\/wp-json\/wp\/v2\/types\/product"}],"replies":[{"embeddable":true,"href":"https:\/\/globalsystem.com.mx\/catalogo\/wp-json\/wp\/v2\/comments?post=3684"}],"version-history":[{"count":3,"href":"https:\/\/globalsystem.com.mx\/catalogo\/wp-json\/wp\/v2\/product\/3684\/revisions"}],"predecessor-version":[{"id":4336,"href":"https:\/\/globalsystem.com.mx\/catalogo\/wp-json\/wp\/v2\/product\/3684\/revisions\/4336"}],"wp:featuredmedia":[{"embeddable":true,"href":"https:\/\/globalsystem.com.mx\/catalogo\/wp-json\/wp\/v2\/media\/4334"}],"wp:attachment":[{"href":"https:\/\/globalsystem.com.mx\/catalogo\/wp-json\/wp\/v2\/media?parent=3684"}],"wp:term":[{"taxonomy":"product_cat","embeddable":true,"href":"https:\/\/globalsystem.com.mx\/catalogo\/wp-json\/wp\/v2\/product_cat?post=3684"},{"taxonomy":"product_tag","embeddable":true,"href":"https:\/\/globalsystem.com.mx\/catalogo\/wp-json\/wp\/v2\/product_tag?post=3684"}],"curies":[{"name":"wp","href":"https:\/\/api.w.org\/{rel}","templated":true}]}}