{"id":3682,"date":"2022-06-03T22:08:37","date_gmt":"2022-06-03T22:08:37","guid":{"rendered":"https:\/\/webs360apps.com\/ismafinal\/product\/handpunch-1000\/"},"modified":"2022-06-13T00:09:51","modified_gmt":"2022-06-13T00:09:51","slug":"handpunch-1000","status":"publish","type":"product","link":"https:\/\/globalsystem.com.mx\/catalogo\/handpunch-1000","title":{"rendered":"Handpunch 1000 control de asistencia"},"content":{"rendered":"<p class=\"MsoNormal\"><b><span lang=\"ES\" style=\"font-size: 8.0pt; font-family: 'Verdana',sans-serif; mso-bidi-font-family: Arial; color: #000099;\">VENTAJAS<\/span><\/b><\/p>\n<p class=\"MsoNormal\"><span lang=\"ES\" style=\"font-size: 8.0pt; font-family: 'Verdana',sans-serif; mso-bidi-font-family: Arial; color: black;\">Ahorre dinero: Elimine las tarjetas de identificaci\u00f3n<\/span><\/p>\n<p class=\"MsoNormal\"><span lang=\"ES\" style=\"font-size: 8.0pt; font-family: 'Verdana',sans-serif; mso-bidi-font-family: Arial; color: black;\">Los empleados no pueden marcar por sus amigos<\/span><\/p>\n<p class=\"MsoNormal\"><span lang=\"ES\" style=\"font-size: 8.0pt; font-family: 'Verdana',sans-serif; mso-bidi-font-family: Arial; color: black;\">R\u00e1pido y f\u00e1cil de usar<\/span><\/p>\n<p class=\"MsoNormal\"><span lang=\"ES\" style=\"font-size: 8.0pt; font-family: 'Verdana',sans-serif; mso-bidi-font-family: Arial; color: black;\">Proporciona la soluci\u00f3n m\u00e1s precisa de control de asistencia disponible<\/span><\/p>\n<p class=\"MsoNormal\" style=\"text-align: center;\" align=\"center\"><b><span lang=\"ES\" style=\"font-size: 10.0pt; font-family: 'Verdana',sans-serif; color: navy;\">\u00a0<\/span><\/b><\/p>\n<p class=\"MsoNormal\" style=\"text-align: justify;\"><b><span lang=\"ES\" style=\"font-size: 8.0pt; font-family: 'Verdana',sans-serif; color: #000099;\">CARACTER\u00cdSTICAS<\/span><\/b><\/p>\n<p class=\"MsoNormal\" style=\"margin-left: 36.0pt; text-align: justify; text-indent: -18.0pt; mso-list: l0 level1 lfo1;\"><!-- [if !supportLists]--><span lang=\"ES\" style=\"font-size: 8.0pt; font-family: Wingdings; mso-fareast-font-family: Wingdings; mso-bidi-font-family: Wingdings;\">\u00d8<span style=\"font-stretch: normal; font-size: 7pt; line-height: normal; font-family: 'Times New Roman';\">\u00a0 <\/span><\/span><!--[endif]--><span lang=\"ES\" style=\"font-size: 8.0pt; font-family: 'Verdana',sans-serif;\">Con este sistema se eliminan las tarjetas convencionales. <\/span><\/p>\n<p class=\"MsoNormal\" style=\"margin-left: 36.0pt; text-align: justify; text-indent: -18.0pt; mso-list: l0 level1 lfo1;\"><!-- [if !supportLists]--><span lang=\"ES\" style=\"font-size: 8.0pt; font-family: Wingdings; mso-fareast-font-family: Wingdings; mso-bidi-font-family: Wingdings;\">\u00d8<span style=\"font-stretch: normal; font-size: 7pt; line-height: normal; font-family: 'Times New Roman';\">\u00a0 <\/span><\/span><!--[endif]--><span lang=\"ES\" style=\"font-size: 8.0pt; font-family: 'Verdana',sans-serif;\">El Hand Punch 1000 verifica la identidad de los empleados en menos de un segundo, bas\u00e1ndose en la forma y tama\u00f1o de sus manos \u00fanicamente. <\/span><\/p>\n<p class=\"MsoNormal\" style=\"margin-left: 36.0pt; text-align: justify; text-indent: -18.0pt; mso-list: l0 level1 lfo1;\"><!-- [if !supportLists]--><span lang=\"ES\" style=\"font-size: 8.0pt; font-family: Wingdings; mso-fareast-font-family: Wingdings; mso-bidi-font-family: Wingdings;\">\u00d8<span style=\"font-stretch: normal; font-size: 7pt; line-height: normal; font-family: 'Times New Roman';\">\u00a0 <\/span><\/span><!--[endif]--><span lang=\"ES\" style=\"font-size: 8.0pt; font-family: 'Verdana',sans-serif;\">El HandPunch 1000 facilita un r\u00e1pido retorno sobre la inversi\u00f3n eliminando el costo asociado a la administraci\u00f3n y gesti\u00f3n de las tarjetas. <\/span><\/p>\n<p class=\"MsoNormal\" style=\"margin-left: 36.0pt; text-align: justify; text-indent: -18.0pt; mso-list: l0 level1 lfo1;\"><!-- [if !supportLists]--><span lang=\"ES\" style=\"font-size: 8.0pt; font-family: Wingdings; mso-fareast-font-family: Wingdings; mso-bidi-font-family: Wingdings;\">\u00d8<span style=\"font-stretch: normal; font-size: 7pt; line-height: normal; font-family: 'Times New Roman';\">\u00a0 <\/span><\/span><!--[endif]--><span lang=\"ES\" style=\"font-size: 8.0pt; font-family: 'Verdana',sans-serif;\">La marcaci\u00f3n fraudulenta es un problema frecuente en las sucursales peque\u00f1as que tienen poca supervisi\u00f3n. <\/span><\/p>\n<p class=\"MsoNormal\" style=\"margin-left: 36.0pt; text-align: justify; text-indent: -18.0pt; mso-list: l0 level1 lfo1;\"><!-- [if !supportLists]--><span lang=\"ES\" style=\"font-size: 8.0pt; font-family: Wingdings; mso-fareast-font-family: Wingdings; mso-bidi-font-family: Wingdings;\">\u00d8<span style=\"font-stretch: normal; font-size: 7pt; line-height: normal; font-family: 'Times New Roman';\">\u00a0 <\/span><\/span><!--[endif]--><span lang=\"ES\" style=\"font-size: 8.0pt; font-family: 'Verdana',sans-serif;\">El HandPunch 1000 no permite las marcaciones de un empleado por otro. Consecuentemente el robo de tiempo es eliminado, reduciendo as\u00ed los costos de planilla e incrementando la productividad. <\/span><\/p>\n<p class=\"MsoNormal\" style=\"margin-left: 36.0pt; text-align: justify; text-indent: -18.0pt; mso-list: l0 level1 lfo1;\"><!-- [if !supportLists]--><span lang=\"ES\" style=\"font-size: 8.0pt; font-family: Wingdings; mso-fareast-font-family: Wingdings; mso-bidi-font-family: Wingdings;\">\u00d8<span style=\"font-stretch: normal; font-size: 7pt; line-height: normal; font-family: 'Times New Roman';\">\u00a0 <\/span><\/span><!--[endif]--><span lang=\"ES\" style=\"font-size: 8.0pt; font-family: 'Verdana',sans-serif;\">Pague a medida que crece HandPunch 1000 ha sido dise\u00f1ado para crecer con su negocio, facilitando la actualizaci\u00f3n en sitio. <\/span><\/p>\n<p class=\"MsoNormal\" style=\"margin-left: 36.0pt; text-align: justify; text-indent: -18.0pt; mso-list: l0 level1 lfo1;\"><!-- [if !supportLists]--><span lang=\"ES\" style=\"font-size: 8.0pt; font-family: Wingdings; mso-fareast-font-family: Wingdings; mso-bidi-font-family: Wingdings;\">\u00d8<span style=\"font-stretch: normal; font-size: 7pt; line-height: normal; font-family: 'Times New Roman';\">\u00a0 <\/span><\/span><!--[endif]--><span lang=\"ES\" style=\"font-size: 8.0pt; font-family: 'Verdana',sans-serif;\">Tiene una memoria est\u00e1ndar con capacidad de 50 usuarios, expandible a 512. Tecnolog\u00eda de Geometr\u00eda de Mano.<\/span><\/p>\n<p class=\"MsoNormal\" style=\"margin-left: 36.0pt; text-align: justify; text-indent: -18.0pt; mso-list: l0 level1 lfo1;\"><!-- [if !supportLists]--><span lang=\"ES\" style=\"font-size: 8.0pt; font-family: Wingdings; mso-fareast-font-family: Wingdings; mso-bidi-font-family: Wingdings;\">\u00d8<span style=\"font-stretch: normal; font-size: 7pt; line-height: normal; font-family: 'Times New Roman';\">\u00a0 <\/span><\/span><!--[endif]--><span lang=\"ES\" style=\"font-size: 8.0pt; font-family: 'Verdana',sans-serif;\">El HandPunch 1000 utiliza la tecnolog\u00eda de medici\u00f3n de manos de RSI, ampliamente probada. <\/span><\/p>\n<p class=\"MsoNormal\" style=\"margin-left: 36.0pt; text-align: justify; text-indent: -18.0pt; mso-list: l0 level1 lfo1;\"><!-- [if !supportLists]--><span lang=\"ES\" style=\"font-size: 8.0pt; font-family: Wingdings; mso-fareast-font-family: Wingdings; mso-bidi-font-family: Wingdings;\">\u00d8<span style=\"font-stretch: normal; font-size: 7pt; line-height: normal; font-family: 'Times New Roman';\">\u00a0 <\/span><\/span><!--[endif]--><span lang=\"ES\" style=\"font-size: 8.0pt; font-family: 'Verdana',sans-serif;\">La terminal captura una imagen tridimensional de la mano cada vez que el empleado marca. <\/span><\/p>\n<p class=\"MsoNormal\" style=\"margin-left: 36.0pt; text-align: justify; text-indent: -18.0pt; mso-list: l0 level1 lfo1;\"><!-- [if !supportLists]--><span lang=\"ES\" style=\"font-size: 8.0pt; font-family: Wingdings; mso-fareast-font-family: Wingdings; mso-bidi-font-family: Wingdings;\">\u00d8<span style=\"font-stretch: normal; font-size: 7pt; line-height: normal; font-family: 'Times New Roman';\">\u00a0 <\/span><\/span><!--[endif]--><span lang=\"ES\" style=\"font-size: 8.0pt; font-family: 'Verdana',sans-serif;\">El tama\u00f1o y forma de la mano son usados para verificar la identidad con inigualable exactitud. <\/span><\/p>\n<p class=\"MsoNormal\" style=\"margin-left: 36.0pt; text-align: justify; text-indent: -18.0pt; mso-list: l0 level1 lfo1;\"><!-- [if !supportLists]--><span lang=\"ES\" style=\"font-size: 8.0pt; font-family: Wingdings; mso-fareast-font-family: Wingdings; mso-bidi-font-family: Wingdings;\">\u00d8<span style=\"font-stretch: normal; font-size: 7pt; line-height: normal; font-family: 'Times New Roman';\">\u00a0 <\/span><\/span><!--[endif]--><span lang=\"ES\" style=\"font-size: 8.0pt; font-family: 'Verdana',sans-serif;\">HandPunch 1000 tambi\u00e9n cuenta con una memoria de transacciones para guardar m\u00e1s de 5,000 marcaciones, con la cual su base de datos est\u00e1 asegurada.<\/span><\/p>\n<p class=\"MsoNormal\"><span lang=\"ES\">\u00a0<\/span><\/p>\n<p class=\"MsoNormal\" style=\"text-align: justify;\"><b><span style=\"font-size: 8.0pt; font-family: 'Verdana',sans-serif; mso-bidi-font-family: Arial; color: #000099; mso-ansi-language: ES-MX; mso-fareast-language: KO;\">Su mano es su identificaci\u00f3n.<\/span><\/b><span style=\"font-size: 8.0pt; font-family: 'Verdana',sans-serif; mso-bidi-font-family: Arial; color: #000099; mso-ansi-language: ES-MX; mso-fareast-language: KO;\"><br \/>\n<\/span><span style=\"font-size: 8.0pt; font-family: 'Verdana',sans-serif; mso-bidi-font-family: Arial; color: black; mso-ansi-language: ES-MX; mso-fareast-language: KO;\"><br \/>\nNo hay tarjetas que confeccionar, administrar, llevar o perder. El HandPunch 1000 verifica la identidad de los empleados en menos de un segundo, bas\u00e1ndose en la forma y tama\u00f1o de sus manos \u00fanicamente. Para peque\u00f1as empresas, el HandPunch 1000 facilita un r\u00e1pido retorno sobre la inversi\u00f3n eliminando el costo asociado a la administraci\u00f3n y gesti\u00f3n de las tarjetas. La marcaci\u00f3n fraudulenta es un problema frecuente en las sucursales peque\u00f1as que tienen poca supervisi\u00f3n. El HandPunch 1000 no permite las marcaciones de un empleado por otro. Consecuentemente el robo de tiempo es eliminado, reduciendo as\u00ed los costos de planilla e incrementando la productividad.<\/span><\/p>\n<p><b><span style=\"font-size: 8.0pt; font-family: 'Verdana',sans-serif; mso-bidi-font-family: Arial; color: #000099; mso-ansi-language: ES-MX; mso-fareast-language: KO;\">Pague a medida que crece<\/span><\/b><span style=\"font-size: 8.0pt; font-family: 'Verdana',sans-serif; mso-bidi-font-family: Arial; color: #000099; mso-ansi-language: ES-MX; mso-fareast-language: KO;\"><br \/>\n<\/span><span style=\"font-size: 8.0pt; font-family: 'Verdana',sans-serif; mso-bidi-font-family: Arial; color: black; mso-ansi-language: ES-MX; mso-fareast-language: KO;\"><br \/>\nHandPunch 1000 ha sido dise\u00f1ado para crecer con su negocio, facilitando la actualizaci\u00f3n en sitio. Tiene una memoria est\u00e1ndar con capacidad de 50 usuarios, expandible a 512.<\/span><\/p>\n<p><b><span style=\"font-size: 8.0pt; font-family: 'Verdana',sans-serif; mso-bidi-font-family: Arial; color: #000099; mso-ansi-language: ES-MX; mso-fareast-language: KO;\">Tecnolog\u00eda de Geometr\u00eda de Mano<\/span><\/b><span style=\"font-size: 8.0pt; font-family: 'Verdana',sans-serif; mso-bidi-font-family: Arial; color: #000099; mso-ansi-language: ES-MX; mso-fareast-language: KO;\"><br \/>\n<\/span><span style=\"font-size: 8.0pt; font-family: 'Verdana',sans-serif; mso-bidi-font-family: Arial; color: black; mso-ansi-language: ES-MX; mso-fareast-language: KO;\"><br \/>\nEl HandPunch 1000 utiliza la tecnolog\u00eda de medici\u00f3n de manos de RSI, ampliamente probada. La terminal captura una imagen tridimensional de la mano cada vez que el empleado marca. El tama\u00f1o y forma de la mano son usados para verificar la identidad con inigualable exactitud. No son utilizadas las huellas digitales ni las l\u00edneas de la palma de la mano. Indicadores rojos y verdes le notifican al empleado el estado de su marcaci\u00f3n. No hay m\u00e1s duda al respecto, los empleados deben estar presentes para marcar.<\/span><\/p>\n<p><span style=\"font-size: 8.0pt; font-family: 'Verdana',sans-serif; mso-bidi-font-family: Arial; color: black; mso-ansi-language: ES-MX; mso-fareast-language: KO;\"><br \/>\n<\/span><b><span style=\"font-size: 8.0pt; font-family: 'Verdana',sans-serif; mso-bidi-font-family: Arial; color: #000099; mso-ansi-language: ES-MX; mso-fareast-language: KO;\">Pague solamente lo que necesite<\/span><\/b><span style=\"font-size: 8.0pt; font-family: 'Verdana',sans-serif; mso-bidi-font-family: Arial; color: #000099; mso-ansi-language: ES-MX; mso-fareast-language: KO;\"><br \/>\n<\/span><span style=\"font-size: 8.0pt; font-family: 'Verdana',sans-serif; mso-bidi-font-family: Arial; color: black; mso-ansi-language: ES-MX; mso-fareast-language: KO;\"><br \/>\nEl HandPunch 1000 tiene una capacidad est\u00e1ndar de 50 usuarios. Puede expandir la capacidad del HandPunch 1000 a medida que su negocio crece. Tenemos m\u00f3dulos de expansi\u00f3n de memoria para 100 y 512 usuarios. La actualizaci\u00f3n puede realizarse f\u00e1cilmente en sitio sin remover la unidad. HandPunch 1000 tambi\u00e9n cuenta con una memoria de transacciones para guardar m\u00e1s de 5,000 marcaciones, con la cual su data est\u00e1 asegurada.<\/span><\/p>\n<p><b><span style=\"font-size: 8.0pt; font-family: 'Verdana',sans-serif; mso-bidi-font-family: Arial; color: #000099; mso-ansi-language: ES-MX; mso-fareast-language: KO;\">Opciones de Comunicaci\u00f3n<\/span><\/b><span style=\"font-size: 8.0pt; font-family: 'Verdana',sans-serif; mso-bidi-font-family: Arial; color: #000099; mso-ansi-language: ES-MX; mso-fareast-language: KO;\"><br \/>\n<\/span><span style=\"font-size: 8.0pt; font-family: 'Verdana',sans-serif; mso-bidi-font-family: Arial; color: black; mso-ansi-language: ES-MX; mso-fareast-language: KO;\"><br \/>\nEl HandPunch 1000 se conecta r\u00e1pidamente a la PC de control de asistencia por medio de un cable serial de comunicaci\u00f3n. Un MODEM opcional est\u00e1 disponible para la conexi\u00f3n a sitios remotos.<\/span><\/p>\n<p class=\"MsoNormal\"><b><span style=\"font-size: 8.0pt; font-family: 'Verdana',sans-serif; mso-bidi-font-family: Arial; color: black; mso-ansi-language: ES-MX; mso-fareast-language: KO;\">Nota:<\/span><\/b><span style=\"font-size: 8.0pt; font-family: 'Verdana',sans-serif; mso-bidi-font-family: Arial; color: black; mso-ansi-language: ES-MX; mso-fareast-language: KO;\"> Se encuentra disponible un convertidor de comunicaci\u00f3n RS232 a TCP\/IP (con costo adicional), para incorporarlo el reloj a la red de datos de su empresa.<\/span><\/p>\n<address class=\"MsoNormal\">\n<p class=\"MsoNormal\"><b><span lang=\"ES\" style=\"font-size: 8.0pt; font-family: 'Verdana',sans-serif; color: #000099;\">Especificaciones <\/span><\/b><\/p>\n<p class=\"MsoNormal\"><b><span lang=\"ES\" style=\"font-size: 8.0pt; font-family: 'Verdana',sans-serif;\">\u00a0<\/span><\/b><\/p>\n<p class=\"MsoNormal\"><span lang=\"ES\" style=\"font-size: 8.0pt; font-family: 'Verdana',sans-serif;\">Alimentaci\u00f3n: 12-24 VDC o 12-24 VAC 50\/ 60 Hz. <\/span><\/p>\n<p class=\"MsoNormal\"><span lang=\"ES\" style=\"font-size: 8.0pt; font-family: 'Verdana',sans-serif;\">Retenci\u00f3n de Memoria: un m\u00e1ximo de 5 a\u00f1os con la bater\u00eda litio interna est\u00e1ndar. <\/span><\/p>\n<p class=\"MsoNormal\"><span lang=\"ES\" style=\"font-size: 8.0pt; font-family: 'Verdana',sans-serif;\">Almacenamiento de transacciones: 5187 transacciones. <\/span><\/p>\n<p class=\"MsoNormal\"><span lang=\"ES\" style=\"font-size: 8.0pt; font-family: 'Verdana',sans-serif;\">Longitud de los n\u00fameros: ID 1 a 10 d\u00edgitos. <\/span><\/p>\n<p class=\"MsoNormal\"><span lang=\"ES\" style=\"font-size: 8.0pt; font-family: 'Verdana',sans-serif;\">Comunicaciones: RS-232, modem. <\/span><\/p>\n<p class=\"MsoNormal\"><span lang=\"ES\" style=\"font-size: 8.0pt; font-family: 'Verdana',sans-serif;\">MD-500 Bater\u00eda operacional de respaldo opcional. <\/span><\/p>\n<p class=\"MsoNormal\"><span lang=\"ES\" style=\"font-size: 8.0pt; font-family: 'Verdana',sans-serif;\">\u00a0<\/span><\/p>\n<p class=\"MsoNormal\"><span lang=\"ES\" style=\"font-size: 8.0pt; font-family: 'Verdana',sans-serif;\">\u00a0<\/span><\/p>\n<p class=\"MsoNormal\"><b><span style=\"font-size: 8pt; font-family: Verdana, sans-serif;\">Precios expresados en d\u00f3lares americanos pagaderos al tipo de cambio del d\u00eda de la compra y facturaci\u00f3n.<\/span><\/b><\/p>\n<p class=\"MsoNormal\"><span style=\"font-size: 8pt; font-family: Verdana, sans-serif;\">Pago: Anticipado v\u00eda transferencia \u00f3 dep\u00f3sito bancario.<\/span><\/p>\n<p class=\"MsoNormal\"><span style=\"font-size: 8pt; font-family: Verdana, sans-serif;\">Tiempo de entrega: Inmediata o dependiendo existencias.<\/span><\/p>\n<p class=\"MsoNormal\"><span style=\"font-size: 8pt; font-family: Verdana, sans-serif;\">Garant\u00eda de: 1 a\u00f1o por defectos de fabricaci\u00f3n.<\/span><\/p>\n<p class=\"MsoNormal\"><span style=\"font-size: 8pt; font-family: Verdana, sans-serif;\">No incluye instalaci\u00f3n, canalizaci\u00f3n, ni obra civil, en caso de requerir por favor contacte al depto. de ventas.<\/span><\/p>\n<p class=\"MsoNormal\"><span style=\"font-size: 8pt; font-family: Verdana, sans-serif;\">Para consultar existencias, precios sobre la transportaci\u00f3n y\/o\u00a0 los vi\u00e1ticos,\u00a0por favor contacte con nosotros.\u00a0Precios sujetos a cambio sin previo aviso.<\/span><\/p>\n<p class=\"MsoNoSpacing\"><span lang=\"ES\" style=\"font-size: 8.0pt; font-family: 'Verdana','sans-serif'; mso-fareast-font-family: 'Times New Roman'; mso-bidi-font-family: 'Segoe UI'; mso-ansi-language: ES; mso-fareast-language: ES-MX;\">Contamos con talleres propios, para\u00a0el mantenimiento y\/o\u00a0reparaci\u00f3n de los equipos, refacciones y consumibles. Tambi\u00e9n contamos con servicio de mantenimiento, reparaci\u00f3n, capacitaci\u00f3n para la administraci\u00f3n del software de control de asistencia o acceso, a domicilio.<\/span><\/p>\n<p class=\"MsoNormal\"><span style=\"font-size: 8pt; font-family: Verdana, sans-serif;\">Cualquier duda adicional, consulte a su ejecutivo de ventas.<\/span><\/p>\n<p class=\"MsoNormal\"><span style=\"font-size: 8pt; font-family: Verdana, sans-serif;\">Precios sujetos a cambio sin previo aviso.<\/span><\/p>\n<\/address>\n","protected":false},"excerpt":{"rendered":"<p>VENTAJAS Ahorre dinero: Elimine las tarjetas de identificaci\u00f3n Los empleados no pueden marcar por sus amigos R\u00e1pido y f\u00e1cil de usar Proporciona la soluci\u00f3n m\u00e1s precisa de control de asistencia disponible \u00a0 CARACTER\u00cdSTICAS \u00d8\u00a0 Con este sistema se eliminan las tarjetas convencionales. \u00d8\u00a0 El Hand Punch 1000 verifica la identidad de los empleados en menos[&#8230;]<\/p>\n","protected":false},"featured_media":4331,"comment_status":"closed","ping_status":"closed","template":"","meta":[],"product_cat":[34],"product_tag":[],"class_list":["post-3682","product","type-product","status-publish","has-post-thumbnail","hentry","product_cat-control-de-asistencia-biometricos","pa_marca-handpunch"],"_links":{"self":[{"href":"https:\/\/globalsystem.com.mx\/catalogo\/wp-json\/wp\/v2\/product\/3682","targetHints":{"allow":["GET"]}}],"collection":[{"href":"https:\/\/globalsystem.com.mx\/catalogo\/wp-json\/wp\/v2\/product"}],"about":[{"href":"https:\/\/globalsystem.com.mx\/catalogo\/wp-json\/wp\/v2\/types\/product"}],"replies":[{"embeddable":true,"href":"https:\/\/globalsystem.com.mx\/catalogo\/wp-json\/wp\/v2\/comments?post=3682"}],"version-history":[{"count":2,"href":"https:\/\/globalsystem.com.mx\/catalogo\/wp-json\/wp\/v2\/product\/3682\/revisions"}],"predecessor-version":[{"id":4332,"href":"https:\/\/globalsystem.com.mx\/catalogo\/wp-json\/wp\/v2\/product\/3682\/revisions\/4332"}],"wp:featuredmedia":[{"embeddable":true,"href":"https:\/\/globalsystem.com.mx\/catalogo\/wp-json\/wp\/v2\/media\/4331"}],"wp:attachment":[{"href":"https:\/\/globalsystem.com.mx\/catalogo\/wp-json\/wp\/v2\/media?parent=3682"}],"wp:term":[{"taxonomy":"product_cat","embeddable":true,"href":"https:\/\/globalsystem.com.mx\/catalogo\/wp-json\/wp\/v2\/product_cat?post=3682"},{"taxonomy":"product_tag","embeddable":true,"href":"https:\/\/globalsystem.com.mx\/catalogo\/wp-json\/wp\/v2\/product_tag?post=3682"}],"curies":[{"name":"wp","href":"https:\/\/api.w.org\/{rel}","templated":true}]}}