{"id":3678,"date":"2022-06-03T22:08:37","date_gmt":"2022-06-03T22:08:37","guid":{"rendered":"https:\/\/webs360apps.com\/ismafinal\/product\/reloj-marca-amano-modelo-4746-fechador\/"},"modified":"2022-06-15T04:36:26","modified_gmt":"2022-06-15T04:36:26","slug":"reloj-marca-amano-modelo-4746-fechador","status":"publish","type":"product","link":"https:\/\/globalsystem.com.mx\/catalogo\/reloj-marca-amano-modelo-4746-fechador","title":{"rendered":"RELOJ MARCA AMANO MODELO 4746 (FECHADOR)"},"content":{"rendered":"<p><span style=\"font-size: 14pt; font-family: 'Times New Roman', serif;\">RELOJ RECEPTOR DE DOCUMENTOS MODELO 4740 Y 4746 (FECHADOR)<\/span><\/p>\n<p><span style=\"font-size: 14pt; font-family: 'Times New Roman', serif;\">Dise\u00f1ado para un alto rendimiento en la recepci\u00f3n de documentos.<\/span><\/p>\n<p><span style=\"font-size: 14pt; font-family: 'Times New Roman', serif;\">Cuenta con opci\u00f3n de instalaci\u00f3n para 2 placas grabadas (sellos) con logotipo, nombre, leyenda \u00f3 datos de su empresa.<\/span><\/p>\n<p><strong><span style=\"font-size: 14pt; font-family: 'Times New Roman', serif;\">Caracter\u00edsticas:<\/span><\/strong><\/p>\n<ul>\n<li><span style=\"font-size: 14pt; font-family: 'Times New Roman', serif;\">Impresi\u00f3n Autom\u00e1tica al contacto con el documento<\/span><\/li>\n<li><span style=\"font-size: 14pt; font-family: 'Times New Roman', serif;\">Avance autom\u00e1tico de cinta, auto-reversible<\/span><\/li>\n<li><span style=\"font-size: 14pt; font-family: 'Times New Roman', serif;\">Fechador alta velocidad de impresi\u00f3n<\/span><\/li>\n<li><span style=\"font-size: 14pt; font-family: 'Times New Roman', serif;\">Imprime a\u00f1o, mes, d\u00eda, hora y minutos (formato de 12 horas, AM\/PM)<\/span><\/li>\n<li><span style=\"font-size: 14pt; font-family: 'Times New Roman', serif;\">Car\u00e1tula anal\u00f3gica al frente, para visualizaci\u00f3n de la hora<\/span><\/li>\n<li><span style=\"font-size: 14pt; font-family: 'Times New Roman', serif;\">Opcional 2 placas grabadas con logotipo, nombre, leyenda o datos de su empresa<\/span><\/li>\n<li><span style=\"font-size: 14pt; font-family: 'Times New Roman', serif;\">Impresiones ilimitadas<\/span><\/li>\n<li><span style=\"font-size: 14pt; font-family: 'Times New Roman', serif;\">Garant\u00eda: 1 a\u00f1o por defectos de fabricaci\u00f3n<\/span><\/li>\n<li><span style=\"font-size: 14pt; font-family: 'Times New Roman', serif;\">Nota: cada mes se tiene que abrir el equipo para cambiar de posici\u00f3n el disco de mes, tambi\u00e9n en los meses cortos de 30 d\u00edas.<\/span><\/li>\n<li><span style=\"font-size: 14pt; font-family: 'Times New Roman', serif;\">No cuenta con respaldo de energ\u00eda ni memoria<\/span><\/li>\n<\/ul>\n<p><strong><span style=\"font-size: 14pt; font-family: 'Times New Roman', serif;\">Opcional:<\/span><\/strong><span style=\"font-size: 14pt; font-family: 'Times New Roman', serif;\"> Puede llevar 1 par de placas grabadas con el logotipo de su empresa, para que sea impreso en el documento.<\/span><\/p>\n<p><strong><span style=\"font-size: 14pt; font-family: 'Times New Roman', serif;\">T\u00e9rminos de venta:<\/span><\/strong><\/p>\n<ul>\n<li><span style=\"font-size: 14pt; font-family: 'Times New Roman', serif;\">Precios expresados en pesos mexicanos.<\/span><\/li>\n<li><span style=\"font-size: 14pt; font-family: 'Times New Roman', serif;\">Precios sujetos a cambio sin previo aviso<\/span><\/li>\n<li><span style=\"font-size: 14pt; font-family: 'Times New Roman', serif;\">Pago: Anticipado v\u00eda transferencia \u00f3 dep\u00f3sito bancario.<\/span><\/li>\n<li><span style=\"font-size: 14pt; font-family: 'Times New Roman', serif;\">Tiempo de entrega: Inmediata o dependiendo existencias.<\/span><\/li>\n<li><span style=\"font-size: 14pt; font-family: 'Times New Roman', serif;\">Garant\u00eda de: 1 a\u00f1o (y\/o hasta 3) dependiendo del fabricante, por defectos de fabricaci\u00f3n.<\/span><\/li>\n<li><span style=\"font-size: 14pt; font-family: 'Times New Roman', serif;\">No incluye instalaci\u00f3n, canalizaci\u00f3n, ni obra civil, en caso de requerir por favor contacte al depto. de ventas.<\/span><\/li>\n<li><span style=\"font-size: 14pt; font-family: 'Times New Roman', serif;\">Para consultar existencias, precios sobre la transportaci\u00f3n y\/o los vi\u00e1ticos, por favor contacte con nosotros.<\/span><\/li>\n<li><span style=\"font-size: 14pt; font-family: 'Times New Roman', serif;\">Cualquier duda adicional, consulte a su ejecutivo de ventas.<\/span><\/li>\n<li><span style=\"font-size: 14pt; font-family: 'Times New Roman', serif;\">Contamos con laboratorio para la reparaci\u00f3n de equipos: DORLET, ZK TECO, WEJOIN, CAME, ROSSLARE, DIGICON, SYSCOM, AMANO, ACROPRINT, SEIKO, LATHEM, TARGETMAX, KING POWER, SIASA, DAHUA, SUPREMA, INGERSOLL RAND, SCHLAGE.<\/span><\/li>\n<\/ul>\n","protected":false},"excerpt":{"rendered":"<p>RELOJ RECEPTOR DE DOCUMENTOS MODELO 4740 Y 4746 (FECHADOR) Dise\u00f1ado para un alto rendimiento en la recepci\u00f3n de documentos. Cuenta con opci\u00f3n de instalaci\u00f3n para 2 placas grabadas (sellos) con logotipo, nombre, leyenda \u00f3 datos de su empresa. Caracter\u00edsticas: Impresi\u00f3n Autom\u00e1tica al contacto con el documento Avance autom\u00e1tico de cinta, auto-reversible Fechador alta velocidad de[&#8230;]<\/p>\n","protected":false},"featured_media":4484,"comment_status":"closed","ping_status":"closed","template":"","meta":[],"product_cat":[116,28],"product_tag":[],"class_list":["post-3678","product","type-product","status-publish","has-post-thumbnail","hentry","product_cat-relojes-checadores-amano","product_cat-relojes-receptores-de-documentos","pa_marca-amano"],"_links":{"self":[{"href":"https:\/\/globalsystem.com.mx\/catalogo\/wp-json\/wp\/v2\/product\/3678","targetHints":{"allow":["GET"]}}],"collection":[{"href":"https:\/\/globalsystem.com.mx\/catalogo\/wp-json\/wp\/v2\/product"}],"about":[{"href":"https:\/\/globalsystem.com.mx\/catalogo\/wp-json\/wp\/v2\/types\/product"}],"replies":[{"embeddable":true,"href":"https:\/\/globalsystem.com.mx\/catalogo\/wp-json\/wp\/v2\/comments?post=3678"}],"version-history":[{"count":3,"href":"https:\/\/globalsystem.com.mx\/catalogo\/wp-json\/wp\/v2\/product\/3678\/revisions"}],"predecessor-version":[{"id":4606,"href":"https:\/\/globalsystem.com.mx\/catalogo\/wp-json\/wp\/v2\/product\/3678\/revisions\/4606"}],"wp:featuredmedia":[{"embeddable":true,"href":"https:\/\/globalsystem.com.mx\/catalogo\/wp-json\/wp\/v2\/media\/4484"}],"wp:attachment":[{"href":"https:\/\/globalsystem.com.mx\/catalogo\/wp-json\/wp\/v2\/media?parent=3678"}],"wp:term":[{"taxonomy":"product_cat","embeddable":true,"href":"https:\/\/globalsystem.com.mx\/catalogo\/wp-json\/wp\/v2\/product_cat?post=3678"},{"taxonomy":"product_tag","embeddable":true,"href":"https:\/\/globalsystem.com.mx\/catalogo\/wp-json\/wp\/v2\/product_tag?post=3678"}],"curies":[{"name":"wp","href":"https:\/\/api.w.org\/{rel}","templated":true}]}}