{"id":3670,"date":"2022-06-03T22:08:37","date_gmt":"2022-06-03T22:08:37","guid":{"rendered":"https:\/\/webs360apps.com\/ismafinal\/product\/avtech-avh304a-nvr-megapixel-4-canales-video-4ch-push-video-grabacion-120fps-a-1080p-autoconfiguracion-1-dd-4tb\/"},"modified":"2022-06-16T02:33:15","modified_gmt":"2022-06-16T02:33:15","slug":"avtech-avh304a-nvr-megapixel-4-canales-video-4ch-push-video-grabacion-120fps-a-1080p-autoconfiguracion-1-dd-4tb","status":"publish","type":"product","link":"https:\/\/globalsystem.com.mx\/catalogo\/avtech-avh304a-nvr-megapixel-4-canales-video-4ch-push-video-grabacion-120fps-a-1080p-autoconfiguracion-1-dd-4tb","title":{"rendered":"AVTECH AVH304A- NVR MEGAPIXEL 4 CANALES VIDEO\/4CH PUSH VIDEO\/ GRABACION 120FPS A 1080P\/AUTOCONFIGURACION\/1 DD 4TB"},"content":{"rendered":"<p class=\"MsoNoSpacing\"><b><span style=\"font-size: 10pt; font-family: Verdana, sans-serif; background-image: initial; background-attachment: initial; background-size: initial; background-origin: initial; background-clip: initial; background-position: initial; background-repeat: initial;\">AVH0304<\/span><\/b><span style=\"font-size: 10pt; font-family: Verdana, sans-serif; background-image: initial; background-attachment: initial; background-size: initial; background-origin: initial; background-clip: initial; background-position: initial; background-repeat: initial;\"> es un NVR de 4 canales de f\u00e1cil instalaci\u00f3n, adecuado para la introducci\u00f3n de soluciones de vigilancia IP de alta definici\u00f3n y para actualizar su sistema de CCTV a una soluci\u00f3n IP. Este grabador aut\u00f3nomo permite a los usuarios grabar y mostrar im\u00e1genes mega p\u00edxel en pantalla con resoluci\u00f3n Full HD a trav\u00e9s de monitor HDMI.<\/span><\/p>\n<p class=\"MsoNoSpacing\"><strong><span style=\"font-size: 10.0pt; font-family: 'Verdana','sans-serif'; mso-bidi-font-family: Arial; color: black;\">Funciones de AVH0801:<\/span><\/strong><\/p>\n<p class=\"MsoNoSpacing\"><span style=\"font-size: 10.0pt; font-family: 'Verdana','sans-serif'; mso-bidi-font-family: Arial;\">4 Canales<\/span><\/p>\n<p class=\"MsoNoSpacing\"><span style=\"font-size: 10.0pt; font-family: 'Verdana','sans-serif'; mso-bidi-font-family: Arial;\">Entrada de Video: 4 puertos LAN<\/span><\/p>\n<p class=\"MsoNoSpacing\"><span style=\"font-size: 10.0pt; font-family: 'Verdana','sans-serif'; mso-bidi-font-family: Arial;\">Interfaz eSata<\/span><\/p>\n<p class=\"MsoNoSpacing\"><span style=\"font-size: 10.0pt; font-family: 'Verdana','sans-serif'; mso-bidi-font-family: Arial;\">Control mediante rat\u00f3n USB<\/span><\/p>\n<p class=\"MsoNoSpacing\"><span style=\"font-size: 10.0pt; font-family: 'Verdana','sans-serif'; mso-bidi-font-family: Arial;\">Salida de Video Full HD: HDMI<\/span><\/p>\n<p class=\"MsoNoSpacing\"><span style=\"font-size: 10.0pt; font-family: 'Verdana','sans-serif'; mso-bidi-font-family: Arial;\">Resoluci\u00f3n de Salida de Video 1920&#215;1080<\/span><\/p>\n<p class=\"MsoNoSpacing\"><span style=\"font-size: 10.0pt; font-family: 'Verdana','sans-serif'; mso-bidi-font-family: Arial;\">Vigilancia Movil con Eagle Eyes<\/span><\/p>\n<p class=\"MsoNoSpacing\"><span style=\"font-size: 10.0pt; font-family: 'Verdana','sans-serif'; mso-bidi-font-family: Arial;\">Vigilancia Remota con Navegadores m\u00c1s populares y CMS<\/span><\/p>\n<p class=\"MsoNoSpacing\"><span style=\"font-size: 10.0pt; font-family: 'Verdana','sans-serif'; mso-bidi-font-family: Arial;\">Soporta PoN (Energ\u00eda en cada c\u00c1mara hasta 100 metros v\u00eda ethernet)<\/span><\/p>\n<p class=\"MsoNoSpacing\"><b><span style=\"font-size: 10.0pt; font-family: 'Verdana','sans-serif'; mso-bidi-font-family: Arial; mso-fareast-language: ES-MX;\">Principales Caracter\u00edsticas:<\/span><\/b><\/p>\n<p class=\"MsoNoSpacing\" style=\"margin-left: 36.0pt; text-indent: -18.0pt; mso-list: l0 level1 lfo1;\"><!-- [if !supportLists]--><span style=\"font-size: 10.0pt; font-family: Symbol; mso-fareast-font-family: Symbol; mso-bidi-font-family: Symbol; mso-fareast-language: ES-MX;\">\u00b7<span style=\"font-stretch: normal; font-size: 7pt; line-height: normal; font-family: 'Times New Roman';\">\u00a0\u00a0\u00a0\u00a0\u00a0\u00a0\u00a0\u00a0 <\/span><\/span><!--[endif]--><span style=\"font-size: 10.0pt; font-family: 'Verdana','sans-serif'; mso-bidi-font-family: Arial; mso-fareast-language: ES-MX;\">Formato de Compresi\u00f3n de\u00a0V\u00eddeo: H.264<\/span><\/p>\n<p class=\"MsoNoSpacing\" style=\"margin-left: 36.0pt; text-indent: -18.0pt; mso-list: l0 level1 lfo1;\"><!-- [if !supportLists]--><span style=\"font-size: 10.0pt; font-family: Symbol; mso-fareast-font-family: Symbol; mso-bidi-font-family: Symbol; mso-fareast-language: ES-MX;\">\u00b7<span style=\"font-stretch: normal; font-size: 7pt; line-height: normal; font-family: 'Times New Roman';\">\u00a0\u00a0\u00a0\u00a0\u00a0\u00a0\u00a0\u00a0 <\/span><\/span><!--[endif]--><span style=\"font-size: 10.0pt; font-family: 'Verdana','sans-serif'; mso-bidi-font-family: Arial; mso-fareast-language: ES-MX;\">Entrada de v\u00eddeo: 4 puertos LAN<\/span><\/p>\n<p class=\"MsoNoSpacing\" style=\"margin-left: 36.0pt; text-indent: -18.0pt; mso-list: l0 level1 lfo1;\"><!-- [if !supportLists]--><span style=\"font-size: 10.0pt; font-family: Symbol; mso-fareast-font-family: Symbol; mso-bidi-font-family: Symbol; mso-fareast-language: ES-MX;\">\u00b7<span style=\"font-stretch: normal; font-size: 7pt; line-height: normal; font-family: 'Times New Roman';\">\u00a0\u00a0\u00a0\u00a0\u00a0\u00a0\u00a0\u00a0 <\/span><\/span><!--[endif]--><span style=\"font-size: 10.0pt; font-family: 'Verdana','sans-serif'; mso-bidi-font-family: Arial; mso-fareast-language: ES-MX;\">Salida de v\u00eddeo (Full HD): HDMI<\/span><\/p>\n<p class=\"MsoNoSpacing\" style=\"margin-left: 36.0pt; text-indent: -18.0pt; mso-list: l0 level1 lfo1;\"><!-- [if !supportLists]--><span style=\"font-size: 10.0pt; font-family: Symbol; mso-fareast-font-family: Symbol; mso-bidi-font-family: Symbol; mso-fareast-language: ES-MX;\">\u00b7<span style=\"font-stretch: normal; font-size: 7pt; line-height: normal; font-family: 'Times New Roman';\">\u00a0\u00a0\u00a0\u00a0\u00a0\u00a0\u00a0\u00a0 <\/span><\/span><!--[endif]--><span style=\"font-size: 10.0pt; font-family: 'Verdana','sans-serif'; mso-bidi-font-family: Arial; mso-fareast-language: ES-MX;\">Resoluci\u00f3n de salida de v\u00eddeo: 1920 x 1080<\/span><\/p>\n<p class=\"MsoNoSpacing\" style=\"margin-left: 36.0pt; text-indent: -18.0pt; mso-list: l0 level1 lfo1;\"><!-- [if !supportLists]--><span style=\"font-size: 10.0pt; font-family: Symbol; mso-fareast-font-family: Symbol; mso-bidi-font-family: Symbol; mso-fareast-language: ES-MX;\">\u00b7<span style=\"font-stretch: normal; font-size: 7pt; line-height: normal; font-family: 'Times New Roman';\">\u00a0\u00a0\u00a0\u00a0\u00a0\u00a0\u00a0\u00a0 <\/span><\/span><!--[endif]--><span style=\"font-size: 10.0pt; font-family: 'Verdana','sans-serif'; mso-bidi-font-family: Arial; mso-fareast-language: ES-MX;\">El rendimiento de grabaci\u00f3n (60Hz C\u00c1mara IP): Hasta 120 IPS @ 1280 x 1024, 32 Mbps<\/span><\/p>\n<p class=\"MsoNoSpacing\" style=\"margin-left: 36.0pt; text-indent: -18.0pt; mso-list: l0 level1 lfo1;\"><!-- [if !supportLists]--><span style=\"font-size: 10.0pt; font-family: Symbol; mso-fareast-font-family: Symbol; mso-bidi-font-family: Symbol; mso-fareast-language: ES-MX;\">\u00b7<span style=\"font-stretch: normal; font-size: 7pt; line-height: normal; font-family: 'Times New Roman';\">\u00a0\u00a0\u00a0\u00a0\u00a0\u00a0\u00a0\u00a0 <\/span><\/span><!--[endif]--><span style=\"font-size: 10.0pt; font-family: 'Verdana','sans-serif'; mso-bidi-font-family: Arial; mso-fareast-language: ES-MX;\">Modo de grabaci\u00f3n: Manual \/ Evento \/ Alarma \/ Horario<\/span><\/p>\n<p class=\"MsoNoSpacing\" style=\"margin-left: 36.0pt; text-indent: -18.0pt; mso-list: l0 level1 lfo1;\"><!-- [if !supportLists]--><span style=\"font-size: 10.0pt; font-family: Symbol; mso-fareast-font-family: Symbol; mso-bidi-font-family: Symbol; mso-fareast-language: ES-MX;\">\u00b7<span style=\"font-stretch: normal; font-size: 7pt; line-height: normal; font-family: 'Times New Roman';\">\u00a0\u00a0\u00a0\u00a0\u00a0\u00a0\u00a0\u00a0 <\/span><\/span><!--[endif]--><span style=\"font-size: 10.0pt; font-family: 'Verdana','sans-serif'; mso-bidi-font-family: Arial; mso-fareast-language: ES-MX;\">Grabaci\u00f3n de prealarma: S\u00ed<\/span><\/p>\n<p class=\"MsoNoSpacing\" style=\"margin-left: 36.0pt; text-indent: -18.0pt; mso-list: l0 level1 lfo1;\"><!-- [if !supportLists]--><span style=\"font-size: 10.0pt; font-family: Symbol; mso-fareast-font-family: Symbol; mso-bidi-font-family: Symbol; mso-fareast-language: ES-MX;\">\u00b7<span style=\"font-stretch: normal; font-size: 7pt; line-height: normal; font-family: 'Times New Roman';\">\u00a0\u00a0\u00a0\u00a0\u00a0\u00a0\u00a0\u00a0 <\/span><\/span><!--[endif]--><span style=\"font-size: 10.0pt; font-family: 'Verdana','sans-serif'; mso-bidi-font-family: Arial; mso-fareast-language: ES-MX;\">B\u00fasqueda R\u00c1pida: Tiempo \/ Evento<\/span><\/p>\n<p class=\"MsoNoSpacing\" style=\"margin-left: 36.0pt; text-indent: -18.0pt; mso-list: l0 level1 lfo1;\"><!-- [if !supportLists]--><span style=\"font-size: 10.0pt; font-family: Symbol; mso-fareast-font-family: Symbol; mso-bidi-font-family: Symbol; mso-fareast-language: ES-MX;\">\u00b7<span style=\"font-stretch: normal; font-size: 7pt; line-height: normal; font-family: 'Times New Roman';\">\u00a0\u00a0\u00a0\u00a0\u00a0\u00a0\u00a0\u00a0 <\/span><\/span><!--[endif]--><span style=\"font-size: 10.0pt; font-family: 'Verdana','sans-serif'; mso-bidi-font-family: Arial; mso-fareast-language: ES-MX;\">Dispositivo de reserva: Unidad flash USB<\/span><\/p>\n<p class=\"MsoNoSpacing\" style=\"margin-left: 36.0pt; text-indent: -18.0pt; mso-list: l0 level1 lfo1;\"><!-- [if !supportLists]--><span style=\"font-size: 10.0pt; font-family: Symbol; mso-fareast-font-family: Symbol; mso-bidi-font-family: Symbol; mso-fareast-language: ES-MX;\">\u00b7<span style=\"font-stretch: normal; font-size: 7pt; line-height: normal; font-family: 'Times New Roman';\">\u00a0\u00a0\u00a0\u00a0\u00a0\u00a0\u00a0\u00a0 <\/span><\/span><!--[endif]--><span style=\"font-size: 10.0pt; font-family: 'Verdana','sans-serif'; mso-bidi-font-family: Arial; mso-fareast-language: ES-MX;\">Salida de audio: HDMI<\/span><\/p>\n<p class=\"MsoNoSpacing\" style=\"margin-left: 36.0pt; text-indent: -18.0pt; mso-list: l0 level1 lfo1;\"><!-- [if !supportLists]--><span style=\"font-size: 10.0pt; font-family: Symbol; mso-fareast-font-family: Symbol; mso-bidi-font-family: Symbol; mso-fareast-language: ES-MX;\">\u00b7<span style=\"font-stretch: normal; font-size: 7pt; line-height: normal; font-family: 'Times New Roman';\">\u00a0\u00a0\u00a0\u00a0\u00a0\u00a0\u00a0\u00a0 <\/span><\/span><!--[endif]--><span style=\"font-size: 10.0pt; font-family: 'Verdana','sans-serif'; mso-bidi-font-family: Arial; mso-fareast-language: ES-MX;\">Almacenamiento en disco duro: Un disco duro de 3 TB (No incluido)<\/span><\/p>\n<p class=\"MsoNoSpacing\" style=\"margin-left: 36.0pt; text-indent: -18.0pt; mso-list: l0 level1 lfo1;\"><!-- [if !supportLists]--><span style=\"font-size: 10.0pt; font-family: Symbol; mso-fareast-font-family: Symbol; mso-bidi-font-family: Symbol; mso-fareast-language: ES-MX;\">\u00b7<span style=\"font-stretch: normal; font-size: 7pt; line-height: normal; font-family: 'Times New Roman';\">\u00a0\u00a0\u00a0\u00a0\u00a0\u00a0\u00a0\u00a0 <\/span><\/span><!--[endif]--><span style=\"font-size: 10.0pt; font-family: 'Verdana','sans-serif'; mso-bidi-font-family: Arial; mso-fareast-language: ES-MX;\">Interfaz eSATA: S\u00ed<\/span><\/p>\n<p class=\"MsoNoSpacing\" style=\"margin-left: 36.0pt; text-indent: -18.0pt; mso-list: l0 level1 lfo1;\"><!-- [if !supportLists]--><span style=\"font-size: 10.0pt; font-family: Symbol; mso-fareast-font-family: Symbol; mso-bidi-font-family: Symbol; mso-fareast-language: ES-MX;\">\u00b7<span style=\"font-stretch: normal; font-size: 7pt; line-height: normal; font-family: 'Times New Roman';\">\u00a0\u00a0\u00a0\u00a0\u00a0\u00a0\u00a0\u00a0 <\/span><\/span><!--[endif]--><span style=\"font-size: 10.0pt; font-family: 'Verdana','sans-serif'; mso-bidi-font-family: Arial; mso-fareast-language: ES-MX;\">Control del equipo v\u00eda USB: S\u00ed<\/span><\/p>\n<p class=\"MsoNoSpacing\" style=\"margin-left: 36.0pt; text-indent: -18.0pt; mso-list: l0 level1 lfo1;\"><!-- [if !supportLists]--><span style=\"font-size: 10.0pt; font-family: Symbol; mso-fareast-font-family: Symbol; mso-bidi-font-family: Symbol; mso-fareast-language: ES-MX;\">\u00b7<span style=\"font-stretch: normal; font-size: 7pt; line-height: normal; font-family: 'Times New Roman';\">\u00a0\u00a0\u00a0\u00a0\u00a0\u00a0\u00a0\u00a0 <\/span><\/span><!--[endif]--><span style=\"font-size: 10.0pt; font-family: 'Verdana','sans-serif'; mso-bidi-font-family: Arial; mso-fareast-language: ES-MX;\">Control Remoto: S\u00ed<\/span><\/p>\n<p class=\"MsoNoSpacing\" style=\"margin-left: 36.0pt; text-indent: -18.0pt; mso-list: l0 level1 lfo1;\"><!-- [if !supportLists]--><span style=\"font-size: 10.0pt; font-family: Symbol; mso-fareast-font-family: Symbol; mso-bidi-font-family: Symbol; mso-fareast-language: ES-MX;\">\u00b7<span style=\"font-stretch: normal; font-size: 7pt; line-height: normal; font-family: 'Times New Roman';\">\u00a0\u00a0\u00a0\u00a0\u00a0\u00a0\u00a0\u00a0 <\/span><\/span><!--[endif]--><span style=\"font-size: 10.0pt; font-family: 'Verdana','sans-serif'; mso-bidi-font-family: Arial; mso-fareast-language: ES-MX;\">Temperatura de funcionamiento:10 <\/span><span style=\"font-size: 10.0pt; font-family: 'Cambria Math','serif'; mso-bidi-font-family: Arial; mso-fareast-language: ES-MX;\">\u2103<\/span><span style=\"font-size: 10.0pt; font-family: 'Verdana','sans-serif'; mso-bidi-font-family: Arial; mso-fareast-language: ES-MX;\"> ~ 40 <\/span><span style=\"font-size: 10.0pt; font-family: 'Cambria Math','serif'; mso-bidi-font-family: Arial; mso-fareast-language: ES-MX;\">\u2103<\/span><\/p>\n<p class=\"MsoNoSpacing\" style=\"margin-left: 36.0pt; text-indent: -18.0pt; mso-list: l0 level1 lfo1;\"><!-- [if !supportLists]--><span style=\"font-size: 10.0pt; font-family: Symbol; mso-fareast-font-family: Symbol; mso-bidi-font-family: Symbol; mso-fareast-language: ES-MX;\">\u00b7<span style=\"font-stretch: normal; font-size: 7pt; line-height: normal; font-family: 'Times New Roman';\">\u00a0\u00a0\u00a0\u00a0\u00a0\u00a0\u00a0\u00a0 <\/span><\/span><!--[endif]--><span style=\"font-size: 10.0pt; font-family: 'Verdana','sans-serif'; mso-bidi-font-family: Arial; mso-fareast-language: ES-MX;\">Fuente de alimentaci\u00f3n (\u00b1 10%): DC 48V \/ 1.5 A<\/span><\/p>\n<p class=\"MsoNoSpacing\" style=\"margin-left: 36.0pt; text-indent: -18.0pt; mso-list: l0 level1 lfo1;\"><!-- [if !supportLists]--><span style=\"font-size: 10.0pt; font-family: Symbol; mso-fareast-font-family: Symbol; mso-bidi-font-family: Symbol; mso-fareast-language: ES-MX;\">\u00b7<span style=\"font-stretch: normal; font-size: 7pt; line-height: normal; font-family: 'Times New Roman';\">\u00a0\u00a0\u00a0\u00a0\u00a0\u00a0\u00a0\u00a0 <\/span><\/span><!--[endif]--><span style=\"font-size: 10.0pt; font-family: 'Verdana','sans-serif'; mso-bidi-font-family: Arial; mso-fareast-language: ES-MX;\">Consumo de energ\u00eda (\u00b1 10%): 7.68 W<\/span><\/p>\n<p class=\"MsoNoSpacing\" style=\"margin-left: 36.0pt; text-indent: -18.0pt; mso-list: l0 level1 lfo1;\"><!-- [if !supportLists]--><span style=\"font-size: 10.0pt; font-family: Symbol; mso-fareast-font-family: Symbol; mso-bidi-font-family: Symbol; mso-fareast-language: ES-MX;\">\u00b7<span style=\"font-stretch: normal; font-size: 7pt; line-height: normal; font-family: 'Times New Roman';\">\u00a0\u00a0\u00a0\u00a0\u00a0\u00a0\u00a0\u00a0 <\/span><\/span><!--[endif]--><span style=\"font-size: 10.0pt; font-family: 'Verdana','sans-serif'; mso-bidi-font-family: Arial; mso-fareast-language: ES-MX;\">Dimensiones (mm): 345 (L) x 225 (W) x 68.3 (H)<\/span><\/p>\n<p class=\"MsoNoSpacing\" style=\"margin-left: 36.0pt; text-indent: -18.0pt; mso-list: l0 level1 lfo1;\"><!-- [if !supportLists]--><span style=\"font-size: 10.0pt; font-family: Symbol; mso-fareast-font-family: Symbol; mso-bidi-font-family: Symbol; mso-fareast-language: ES-MX;\">\u00b7<span style=\"font-stretch: normal; font-size: 7pt; line-height: normal; font-family: 'Times New Roman';\">\u00a0\u00a0\u00a0\u00a0\u00a0\u00a0\u00a0\u00a0 <\/span><\/span><!--[endif]--><span style=\"font-size: 10.0pt; font-family: 'Verdana','sans-serif'; mso-bidi-font-family: Arial; mso-fareast-language: ES-MX;\">Ethernet: PON 1 ~ 4 puertos: 10\/100Mbps con PON \/ Internet (WAN) Puerto: 1000 Mbps<\/span><\/p>\n<p class=\"MsoNoSpacing\" style=\"margin-left: 36.0pt; text-indent: -18.0pt; mso-list: l0 level1 lfo1;\"><!-- [if !supportLists]--><span lang=\"EN-US\" style=\"font-size: 10.0pt; font-family: Symbol; mso-fareast-font-family: Symbol; mso-bidi-font-family: Symbol; mso-ansi-language: EN-US; mso-fareast-language: ES-MX;\">\u00b7<span style=\"font-stretch: normal; font-size: 7pt; line-height: normal; font-family: 'Times New Roman';\">\u00a0\u00a0\u00a0\u00a0\u00a0\u00a0\u00a0\u00a0 <\/span><\/span><!--[endif]--><span lang=\"EN-US\" style=\"font-size: 10.0pt; font-family: 'Verdana','sans-serif'; mso-bidi-font-family: Arial; mso-ansi-language: EN-US; mso-fareast-language: ES-MX;\">Sistema operativo Compatible: Windows 7 \/ Windows Vista \/ Windows XP<\/span><\/p>\n<p class=\"MsoNoSpacing\" style=\"margin-left: 36.0pt; text-indent: -18.0pt; mso-list: l0 level1 lfo1;\"><!-- [if !supportLists]--><span style=\"font-size: 10.0pt; font-family: Symbol; mso-fareast-font-family: Symbol; mso-bidi-font-family: Symbol; mso-fareast-language: ES-MX;\">\u00b7<span style=\"font-stretch: normal; font-size: 7pt; line-height: normal; font-family: 'Times New Roman';\">\u00a0\u00a0\u00a0\u00a0\u00a0\u00a0\u00a0\u00a0 <\/span><\/span><!--[endif]--><span style=\"font-size: 10.0pt; font-family: 'Verdana','sans-serif'; mso-bidi-font-family: Arial; mso-fareast-language: ES-MX;\">Programa de compatibilidad: Visor de video para el sistema operativo Windows<\/span><\/p>\n<p class=\"MsoNoSpacing\" style=\"margin-left: 36.0pt; text-indent: -18.0pt; mso-list: l0 level1 lfo1;\"><!-- [if !supportLists]--><span style=\"font-size: 10.0pt; font-family: Symbol; mso-fareast-font-family: Symbol; mso-bidi-font-family: Symbol; mso-fareast-language: ES-MX;\">\u00b7<span style=\"font-stretch: normal; font-size: 7pt; line-height: normal; font-family: 'Times New Roman';\">\u00a0\u00a0\u00a0\u00a0\u00a0\u00a0\u00a0\u00a0 <\/span><\/span><!--[endif]--><span style=\"font-size: 10.0pt; font-family: 'Verdana','sans-serif'; mso-bidi-font-family: Arial; mso-fareast-language: ES-MX;\">Requisitos m\u00ednimos del sistema: Tarjeta gr\u00c1fica AGP, Direct Draw, 32 MB RAM \/ Windows 7, Vista y XP, DirectX 9.0 o superior \/ Internet Explorer 7.x o superior \/ Intel Core i3 o superior o equivalente RAM AMD \/ 2GB<\/span><\/p>\n<p class=\"MsoNoSpacing\" style=\"margin-left: 36.0pt; text-indent: -18.0pt; mso-list: l0 level1 lfo1;\"><!-- [if !supportLists]--><span style=\"font-size: 10.0pt; font-family: Symbol; mso-fareast-font-family: Symbol; mso-bidi-font-family: Symbol; mso-fareast-language: ES-MX;\">\u00b7<span style=\"font-stretch: normal; font-size: 7pt; line-height: normal; font-family: 'Times New Roman';\">\u00a0\u00a0\u00a0\u00a0\u00a0\u00a0\u00a0\u00a0 <\/span><\/span><!--[endif]--><span style=\"font-size: 10.0pt; font-family: 'Verdana','sans-serif'; mso-bidi-font-family: Arial; mso-fareast-language: ES-MX;\">Dispositivos compatibles: EagleEyes en iOS \/ EagleEyes en Android<\/span><\/p>\n<p class=\"MsoNoSpacing\" style=\"margin-left: 36.0pt; text-indent: -18.0pt; mso-list: l0 level1 lfo1;\"><!-- [if !supportLists]--><span style=\"font-size: 10.0pt; font-family: Symbol; mso-fareast-font-family: Symbol; mso-bidi-font-family: Symbol; mso-fareast-language: ES-MX;\">\u00b7<span style=\"font-stretch: normal; font-size: 7pt; line-height: normal; font-family: 'Times New Roman';\">\u00a0\u00a0\u00a0\u00a0\u00a0\u00a0\u00a0\u00a0 <\/span><\/span><!--[endif]--><span style=\"font-size: 10.0pt; font-family: 'Verdana','sans-serif'; mso-bidi-font-family: Arial; mso-fareast-language: ES-MX;\">AVTECH servicio gratis DDNS: S\u00ed<\/span><\/p>\n<p class=\"MsoNoSpacing\"><b><span style=\"font-size: 10.0pt; font-family: 'Verdana','sans-serif'; mso-fareast-language: ES-MX;\">Precios expresados en d\u00f3lares americanos pagaderos al tipo de cambio del d\u00eda de la compra y facturaci\u00f3n.<\/span><\/b><\/p>\n<p class=\"MsoNoSpacing\"><span style=\"font-size: 10.0pt; font-family: 'Verdana','sans-serif'; mso-fareast-language: ES-MX;\">Pago: Anticipado v\u00eda transferencia \u00f3 dep\u00f3sito bancario.<\/span><\/p>\n<p class=\"MsoNoSpacing\">&lt;span st<\/p>\n","protected":false},"excerpt":{"rendered":"<p>AVH0304 es un NVR de 4 canales de f\u00e1cil instalaci\u00f3n, adecuado para la introducci\u00f3n de soluciones de vigilancia IP de alta definici\u00f3n y para actualizar su sistema de CCTV a una soluci\u00f3n IP. Este grabador aut\u00f3nomo permite a los usuarios grabar y mostrar im\u00e1genes mega p\u00edxel en pantalla con resoluci\u00f3n Full HD a trav\u00e9s de[&#8230;]<\/p>\n","protected":false},"featured_media":4006,"comment_status":"closed","ping_status":"closed","template":"","meta":[],"product_cat":[25],"product_tag":[88],"class_list":["post-3670","product","type-product","status-publish","has-post-thumbnail","hentry","product_cat-video-grabadores","product_tag-avtech-avh304a","pa_marca-avtech"],"_links":{"self":[{"href":"https:\/\/globalsystem.com.mx\/catalogo\/wp-json\/wp\/v2\/product\/3670","targetHints":{"allow":["GET"]}}],"collection":[{"href":"https:\/\/globalsystem.com.mx\/catalogo\/wp-json\/wp\/v2\/product"}],"about":[{"href":"https:\/\/globalsystem.com.mx\/catalogo\/wp-json\/wp\/v2\/types\/product"}],"replies":[{"embeddable":true,"href":"https:\/\/globalsystem.com.mx\/catalogo\/wp-json\/wp\/v2\/comments?post=3670"}],"version-history":[{"count":2,"href":"https:\/\/globalsystem.com.mx\/catalogo\/wp-json\/wp\/v2\/product\/3670\/revisions"}],"predecessor-version":[{"id":4007,"href":"https:\/\/globalsystem.com.mx\/catalogo\/wp-json\/wp\/v2\/product\/3670\/revisions\/4007"}],"wp:featuredmedia":[{"embeddable":true,"href":"https:\/\/globalsystem.com.mx\/catalogo\/wp-json\/wp\/v2\/media\/4006"}],"wp:attachment":[{"href":"https:\/\/globalsystem.com.mx\/catalogo\/wp-json\/wp\/v2\/media?parent=3670"}],"wp:term":[{"taxonomy":"product_cat","embeddable":true,"href":"https:\/\/globalsystem.com.mx\/catalogo\/wp-json\/wp\/v2\/product_cat?post=3670"},{"taxonomy":"product_tag","embeddable":true,"href":"https:\/\/globalsystem.com.mx\/catalogo\/wp-json\/wp\/v2\/product_tag?post=3670"}],"curies":[{"name":"wp","href":"https:\/\/api.w.org\/{rel}","templated":true}]}}