{"id":3664,"date":"2022-06-03T22:08:37","date_gmt":"2022-06-03T22:08:37","guid":{"rendered":"https:\/\/webs360apps.com\/ismafinal\/product\/gstt3-tarjeta-de-asistencia-semanal-modelo-t-3e\/"},"modified":"2022-06-08T23:05:24","modified_gmt":"2022-06-08T23:05:24","slug":"gstt3-tarjeta-de-asistencia-semanal-modelo-t-3e","status":"publish","type":"product","link":"https:\/\/globalsystem.com.mx\/catalogo\/gstt3-tarjeta-de-asistencia-semanal-modelo-t-3e","title":{"rendered":"TARJETA T-3E CHECADORA PARA CONTROL DE ASISTENCIA"},"content":{"rendered":"<p style=\"margin: 0cm 0cm 7.5pt; line-height: 13.5pt; background-image: initial; background-attachment: initial; background-size: initial; background-origin: initial; background-clip: initial; background-position: initial; background-repeat: initial;\"><span style=\"font-family: 'times new roman', times; font-size: 14pt;\">Tarjetas para asistencia semanal o quincenal modelo T-3E<\/span><\/p>\n<p style=\"margin: 0cm 0cm 7.5pt; line-height: 13.5pt; background-image: initial; background-attachment: initial; background-size: initial; background-origin: initial; background-clip: initial; background-position: initial; background-repeat: initial;\"><span style=\"font-family: 'times new roman', times; font-size: 14pt;\">Importadas de Estados Unidos, nuestras tarjetas checadoras son de la mejor calidad disponible en el mercado, cortadas con precisi\u00f3n para un registro claro y preciso de las checadas de los empleados. El contenido de la\u00a0caja es de 1000 piezas (tarjetas).<\/span><\/p>\n<p class=\"MsoNormal\" style=\"margin-bottom: 0.0001pt; background-image: initial; background-attachment: initial; background-size: initial; background-origin: initial; background-clip: initial; background-position: initial; background-repeat: initial;\">\n<p style=\"margin: 0cm 0cm 7.5pt; line-height: 13.5pt; background-image: initial; background-attachment: initial; background-size: initial; background-origin: initial; background-clip: initial; background-position: initial; background-repeat: initial;\"><span style=\"font-family: 'times new roman', times; font-size: 14pt;\">Tarjetas checadoras T3E para control de asistencia en relojes checadores con impresi\u00f3n vertical:\u00a0<\/span><\/p>\n<p style=\"margin: 0cm 0cm 7.5pt; line-height: 13.5pt; box-sizing: border-box; background-image: initial; background-attachment: initial; background-size: initial; background-origin: initial; background-clip: initial; background-position: initial; background-repeat: initial;\"><span style=\"font-family: 'times new roman', times; font-size: 14pt;\">Marca AMANO modelos: BX1500, BX1600, BX6000, EX3000, EX3500, EX9000, EX9500.<\/span><\/p>\n<p style=\"margin: 0cm 0cm 7.5pt; line-height: 13.5pt; box-sizing: border-box; background-image: initial; background-attachment: initial; background-size: initial; background-origin: initial; background-clip: initial; background-position: initial; background-repeat: initial;\"><span style=\"font-family: 'times new roman', times; font-size: 14pt;\">Marca ACROPRINT modelos: ATR240, ATR360.<\/span><\/p>\n<p style=\"margin: 0cm 0cm 7.5pt; line-height: 13.5pt; box-sizing: border-box; background-image: initial; background-attachment: initial; background-size: initial; background-origin: initial; background-clip: initial; background-position: initial; background-repeat: initial;\"><span style=\"font-family: 'times new roman', times; font-size: 14pt;\">Marca SEIKO modelos: QR-350, QR-395, QR-550, QR900, QR-7550.<\/span><\/p>\n<p style=\"margin: 0cm 0cm 7.5pt; line-height: 13.5pt; box-sizing: border-box; background-image: initial; background-attachment: initial; background-size: initial; background-origin: initial; background-clip: initial; background-position: initial; background-repeat: initial;\"><span style=\"font-family: 'times new roman', times; font-size: 14pt;\">Marca\u00a0TARGETMAX\u00a0modelo: NT-3.<\/span><\/p>\n<p style=\"margin: 0cm 0cm 7.5pt; line-height: 13.5pt; box-sizing: border-box; background-image: initial; background-attachment: initial; background-size: initial; background-origin: initial; background-clip: initial; background-position: initial; background-repeat: initial;\"><span style=\"font-family: 'times new roman', times; font-size: 14pt;\">Marca LATHEM modelo: 6000E.<\/span><\/p>\n<p>&nbsp;<\/p>\n<p>&nbsp;<\/p>\n<p style=\"margin: 0cm 0cm 7.5pt; line-height: 13.5pt; box-sizing: border-box; background-image: initial; background-attachment: initial; background-size: initial; background-origin: initial; background-clip: initial; background-position: initial; background-repeat: initial;\"><span style=\"font-family: 'times new roman', times; font-size: 14pt;\">Pago: Contra entrega, v\u00eda transferencia \u00f3 dep\u00f3sito bancario.<\/span><br \/>\n<span style=\"font-family: 'times new roman', times; font-size: 14pt;\">Tiempo de entrega: Inmediata o dependiendo existencias.<\/span><br \/>\n<span style=\"font-family: 'times new roman', times; font-size: 14pt;\">Garant\u00eda de: 1 a\u00f1o por defectos de fabricaci\u00f3n.<\/span><br \/>\n<span style=\"font-family: 'times new roman', times; font-size: 14pt;\">Para consultar existencias, precios sobre la transportaci\u00f3n y\/o los vi\u00e1ticos, por favor contacte con nosotros.<\/span><br \/>\n<span style=\"font-family: 'times new roman', times; font-size: 14pt;\">Contamos con talleres propios, para el mantenimiento y\/o reparaci\u00f3n de los equipos, refacciones y consumibles.<\/span><br \/>\n<span style=\"font-family: 'times new roman', times; font-size: 14pt;\">Tambi\u00e9n contamos con servicio de mantenimiento preventivo o correctivo, reparaci\u00f3n, capacitaci\u00f3n para la administraci\u00f3n del software de control de asistencia, acceso o videovigilancia, a domicilio.<\/span><br \/>\n<span style=\"font-family: 'times new roman', times; font-size: 14pt;\">Cualquier duda adicional por favor, consulte a su ejecutivo de ventas.<\/span><\/p>\n","protected":false},"excerpt":{"rendered":"<p>Tarjetas para asistencia semanal o quincenal modelo T-3E Importadas de Estados Unidos, nuestras tarjetas checadoras son de la mejor calidad disponible en el mercado, cortadas con precisi\u00f3n para un registro claro y preciso de las checadas de los empleados. El contenido de la\u00a0caja es de 1000 piezas (tarjetas). Tarjetas checadoras T3E para control de asistencia[&#8230;]<\/p>\n","protected":false},"featured_media":4197,"comment_status":"closed","ping_status":"closed","template":"","meta":[],"product_cat":[39],"product_tag":[],"class_list":["post-3664","product","type-product","status-publish","has-post-thumbnail","hentry","product_cat-accesorios-y-consumibles"],"_links":{"self":[{"href":"https:\/\/globalsystem.com.mx\/catalogo\/wp-json\/wp\/v2\/product\/3664","targetHints":{"allow":["GET"]}}],"collection":[{"href":"https:\/\/globalsystem.com.mx\/catalogo\/wp-json\/wp\/v2\/product"}],"about":[{"href":"https:\/\/globalsystem.com.mx\/catalogo\/wp-json\/wp\/v2\/types\/product"}],"replies":[{"embeddable":true,"href":"https:\/\/globalsystem.com.mx\/catalogo\/wp-json\/wp\/v2\/comments?post=3664"}],"version-history":[{"count":3,"href":"https:\/\/globalsystem.com.mx\/catalogo\/wp-json\/wp\/v2\/product\/3664\/revisions"}],"predecessor-version":[{"id":4199,"href":"https:\/\/globalsystem.com.mx\/catalogo\/wp-json\/wp\/v2\/product\/3664\/revisions\/4199"}],"wp:featuredmedia":[{"embeddable":true,"href":"https:\/\/globalsystem.com.mx\/catalogo\/wp-json\/wp\/v2\/media\/4197"}],"wp:attachment":[{"href":"https:\/\/globalsystem.com.mx\/catalogo\/wp-json\/wp\/v2\/media?parent=3664"}],"wp:term":[{"taxonomy":"product_cat","embeddable":true,"href":"https:\/\/globalsystem.com.mx\/catalogo\/wp-json\/wp\/v2\/product_cat?post=3664"},{"taxonomy":"product_tag","embeddable":true,"href":"https:\/\/globalsystem.com.mx\/catalogo\/wp-json\/wp\/v2\/product_tag?post=3664"}],"curies":[{"name":"wp","href":"https:\/\/api.w.org\/{rel}","templated":true}]}}