{"id":3565,"date":"2022-06-03T22:08:30","date_gmt":"2022-06-03T22:08:30","guid":{"rendered":"https:\/\/webs360apps.com\/ismafinal\/product\/reloj-checador-marca-amano-modelo-pix-3000x\/"},"modified":"2022-06-15T04:33:33","modified_gmt":"2022-06-15T04:33:33","slug":"reloj-checador-marca-amano-modelo-pix-3000x","status":"publish","type":"product","link":"https:\/\/globalsystem.com.mx\/catalogo\/reloj-checador-marca-amano-modelo-pix-3000x","title":{"rendered":"RELOJ CHECADOR MARCA AMANO MODELO PIX-3000x"},"content":{"rendered":"<p><span style=\"font-size: 14pt; font-family: 'Times New Roman', serif;\">Reloj checador PIX3000x<\/span><\/p>\n<p><span style=\"font-size: 14pt; font-family: 'Times New Roman', serif;\">Para control de asistencia, recepci\u00f3n de documentos, estacionamientos.<\/span><\/p>\n<p><strong><span style=\"font-size: 14pt; font-family: 'Times New Roman', serif;\">Caracter\u00edsticas:<\/span><\/strong><\/p>\n<ul>\n<li><span style=\"font-size: 14pt; font-family: 'Times New Roman', serif;\">Impresi\u00f3n del a\u00f1o, mes, fecha, horas y minutos<\/span><\/li>\n<li><span style=\"font-size: 14pt; font-family: 'Times New Roman', serif;\">Reloj Electr\u00f3nico fechador y foliador, para la recepci\u00f3n de documentos \u00f3 para control de asistencia.<\/span><\/li>\n<li><span style=\"font-size: 14pt; font-family: 'Times New Roman', serif;\">Estampaci\u00f3n autom\u00e1tica al contacto con la tarjeta o documento<\/span><\/li>\n<li><span style=\"font-size: 14pt; font-family: 'Times New Roman', serif;\">Cuenta con respaldo de bater\u00edas recargables para seguir imprimiendo cuando la energ\u00eda el\u00e9ctrica es interrumpida, hasta por 72 hrs. \u00f3 200 impresiones, (lo que ocurra primero).<\/span><\/li>\n<li><span style=\"font-size: 14pt; font-family: 'Times New Roman', serif;\">Reserva de memoria para respaldo de programaci\u00f3n<\/span><\/li>\n<li><span style=\"font-size: 14pt; font-family: 'Times New Roman', serif;\">Calendario perpetuo<\/span><\/li>\n<li><span style=\"font-size: 14pt; font-family: 'Times New Roman', serif;\">N\u00f3mina semanal y quincenal<\/span><\/li>\n<li><span style=\"font-size: 14pt; font-family: 'Times New Roman', serif;\">Cambio de horario de verano autom\u00e1tico<\/span><\/li>\n<li><span style=\"font-size: 14pt; font-family: 'Times New Roman', serif;\">Impresi\u00f3n alfanum\u00e9rica programable, para imprimir una leyenda o nombre de la empresa (ejemplo: Constructora Mart\u00ednez)<\/span><\/li>\n<li><span style=\"font-size: 14pt; font-family: 'Times New Roman', serif;\">F\u00e1cil reemplazo de cartucho con cinta<\/span><\/li>\n<li><span style=\"font-size: 14pt; font-family: 'Times New Roman', serif;\">Impresi\u00f3n de n\u00famero de folio (con repetici\u00f3n de folio por si es requerida una copia, ejemplo 0025, 0025 ).<\/span><\/li>\n<li><span style=\"font-size: 14pt; font-family: 'Times New Roman', serif;\">De 3 a 6 d\u00edgitos de impresi\u00f3n de folios<\/span><\/li>\n<li><span style=\"font-size: 14pt; font-family: 'Times New Roman', serif;\">Varias combinaciones de impresi\u00f3n<\/span><\/li>\n<\/ul>\n<p><strong><span style=\"font-size: 14pt; font-family: 'Times New Roman', serif;\">T\u00e9rminos de venta:<\/span><\/strong><\/p>\n<ul>\n<li><span style=\"font-size: 14pt; font-family: 'Times New Roman', serif;\">Precios expresados en pesos mexicanos.<\/span><\/li>\n<li><span style=\"font-size: 14pt; font-family: 'Times New Roman', serif;\">Precios sujetos a cambio sin previo aviso<\/span><\/li>\n<li><span style=\"font-size: 14pt; font-family: 'Times New Roman', serif;\">Pago: Anticipado v\u00eda transferencia \u00f3 dep\u00f3sito bancario.<\/span><\/li>\n<li><span style=\"font-size: 14pt; font-family: 'Times New Roman', serif;\">Tiempo de entrega: Inmediata o dependiendo existencias.<\/span><\/li>\n<li><span style=\"font-size: 14pt; font-family: 'Times New Roman', serif;\">Garant\u00eda de: 1 a\u00f1o (y\/o hasta 3) dependiendo del fabricante, por defectos de fabricaci\u00f3n.<\/span><\/li>\n<li><span style=\"font-size: 14pt; font-family: 'Times New Roman', serif;\">No incluye instalaci\u00f3n, canalizaci\u00f3n, ni obra civil, en caso de requerir por favor contacte al depto. de ventas.<\/span><\/li>\n<li><span style=\"font-size: 14pt; font-family: 'Times New Roman', serif;\">Para consultar existencias, precios sobre la transportaci\u00f3n y\/o los vi\u00e1ticos, por favor contacte con nosotros.<\/span><\/li>\n<li><span style=\"font-size: 14pt; font-family: 'Times New Roman', serif;\">Cualquier duda adicional, consulte a su ejecutivo de ventas.<\/span><\/li>\n<li><span style=\"font-size: 14pt; font-family: 'Times New Roman', serif;\">Contamos con laboratorio para la reparaci\u00f3n de equipos: DORLET, ZK TECO, WEJOIN, CAME, ROSSLARE, DIGICON, SYSCOM, AMANO, ACROPRINT, SEIKO, LATHEM, TARGETMAX, KING POWER, SIASA, DAHUA, SUPREMA, INGERSOLL RAND, SCHLAGE.<\/span><\/li>\n<\/ul>\n","protected":false},"excerpt":{"rendered":"<p>Reloj checador PIX3000x Para control de asistencia, recepci\u00f3n de documentos, estacionamientos. Caracter\u00edsticas: Impresi\u00f3n del a\u00f1o, mes, fecha, horas y minutos Reloj Electr\u00f3nico fechador y foliador, para la recepci\u00f3n de documentos \u00f3 para control de asistencia. Estampaci\u00f3n autom\u00e1tica al contacto con la tarjeta o documento Cuenta con respaldo de bater\u00edas recargables para seguir imprimiendo cuando la[&#8230;]<\/p>\n","protected":false},"featured_media":4507,"comment_status":"closed","ping_status":"closed","template":"","meta":[],"product_cat":[30,116,28],"product_tag":[],"class_list":["post-3565","product","type-product","status-publish","has-post-thumbnail","hentry","product_cat-relojes-checadores","product_cat-relojes-checadores-amano","product_cat-relojes-receptores-de-documentos","pa_marca-amano"],"_links":{"self":[{"href":"https:\/\/globalsystem.com.mx\/catalogo\/wp-json\/wp\/v2\/product\/3565","targetHints":{"allow":["GET"]}}],"collection":[{"href":"https:\/\/globalsystem.com.mx\/catalogo\/wp-json\/wp\/v2\/product"}],"about":[{"href":"https:\/\/globalsystem.com.mx\/catalogo\/wp-json\/wp\/v2\/types\/product"}],"replies":[{"embeddable":true,"href":"https:\/\/globalsystem.com.mx\/catalogo\/wp-json\/wp\/v2\/comments?post=3565"}],"version-history":[{"count":3,"href":"https:\/\/globalsystem.com.mx\/catalogo\/wp-json\/wp\/v2\/product\/3565\/revisions"}],"predecessor-version":[{"id":4602,"href":"https:\/\/globalsystem.com.mx\/catalogo\/wp-json\/wp\/v2\/product\/3565\/revisions\/4602"}],"wp:featuredmedia":[{"embeddable":true,"href":"https:\/\/globalsystem.com.mx\/catalogo\/wp-json\/wp\/v2\/media\/4507"}],"wp:attachment":[{"href":"https:\/\/globalsystem.com.mx\/catalogo\/wp-json\/wp\/v2\/media?parent=3565"}],"wp:term":[{"taxonomy":"product_cat","embeddable":true,"href":"https:\/\/globalsystem.com.mx\/catalogo\/wp-json\/wp\/v2\/product_cat?post=3565"},{"taxonomy":"product_tag","embeddable":true,"href":"https:\/\/globalsystem.com.mx\/catalogo\/wp-json\/wp\/v2\/product_tag?post=3565"}],"curies":[{"name":"wp","href":"https:\/\/api.w.org\/{rel}","templated":true}]}}