{"id":3561,"date":"2022-06-03T22:08:30","date_gmt":"2022-06-03T22:08:30","guid":{"rendered":"https:\/\/webs360apps.com\/ismafinal\/product\/reloj-checador-marca-amano-modelo-bx-1600\/"},"modified":"2022-06-15T00:31:43","modified_gmt":"2022-06-15T00:31:43","slug":"reloj-checador-marca-amano-modelo-bx-1600","status":"publish","type":"product","link":"https:\/\/globalsystem.com.mx\/catalogo\/reloj-checador-marca-amano-modelo-bx-1600","title":{"rendered":"RELOJ CHECADOR MARCA AMANO MODELO BX-1600"},"content":{"rendered":"<p><span lang=\"ES\" style=\"font-size: 10.0pt; font-family: 'Verdana',sans-serif; mso-fareast-font-family: 'Times New Roman'; mso-bidi-font-family: Helvetica-Condensed-Bold; mso-ansi-language: ES; mso-fareast-language: ES; mso-bidi-language: AR-SA; mso-bidi-font-weight: bold;\">La Serie BX-1600 de Amano Reloj electr\u00f3nico, cinta un color, calendario perpetuo, aun en a\u00f1os bisiestos, nomina semanal o quincenal, impresi\u00f3n d\u00eda, hora y minutos, (0-23 hrs. am\/pm) reserva de memoria, horario autom\u00e1tico verano\/invierno, caratula digital grande, marcaci\u00f3n de tarjeta en forma vertical.<\/span><\/p>\n<p>&nbsp;<\/p>\n<p class=\"Default\" style=\"text-align: justify;\"><span style=\"font-size: 10.0pt;\">Ideal para instituciones financieras, organizaciones gubernamentales y peque\u00f1as compa\u00f1\u00edas para el negocio en general. <\/span><\/p>\n<p class=\"Default\" style=\"text-align: justify;\"><span style=\"font-size: 10.0pt;\">Recomendado para 200\u00a0impresiones diarias como m\u00e1ximo. <\/span><\/p>\n<p><span lang=\"ES\" style=\"font-size: 10.0pt; font-family: 'Verdana',sans-serif; mso-fareast-font-family: 'Times New Roman'; mso-bidi-font-family: Helvetica-Condensed-Bold; mso-ansi-language: ES; mso-fareast-language: ES; mso-bidi-language: AR-SA; mso-bidi-font-weight: bold;\"> <span style=\"font-size: 10pt; line-height: 107%;\">No cuenta con funcionamiento de bater\u00eda de respaldo operacional para seguir imprimiendo.<\/span><\/span><\/p>\n<p>&nbsp;<\/p>\n<p class=\"MsoNoSpacing\">\n<p class=\"MsoNoSpacing\"><span style=\"font-size: 10.0pt; font-family: 'Verdana',sans-serif; mso-fareast-language: ES-MX;\">Pago: Anticipado v\u00eda transferencia \u00f3 dep\u00f3sito bancario.<\/span><\/p>\n<p class=\"MsoNoSpacing\"><span style=\"font-size: 10.0pt; font-family: 'Verdana',sans-serif; mso-fareast-language: ES-MX;\">Tiempo de entrega: Inmediata o dependiendo existencias.<\/span><\/p>\n<p class=\"MsoNoSpacing\"><span style=\"font-size: 10.0pt; font-family: 'Verdana',sans-serif; mso-fareast-language: ES-MX;\">Garant\u00eda de: 1 a\u00f1o por defectos de fabricaci\u00f3n.<\/span><\/p>\n<p><span style=\"font-size: 12pt; font-family: 'Times New Roman', serif;\">Incluye instalaci\u00f3n, capacitacion y puesta en operacion, dentro de la Cd. de M\u00e9xico y area metropolitana.<\/span><\/p>\n<p class=\"MsoNoSpacing\"><span style=\"font-size: 10.0pt; font-family: 'Verdana',sans-serif; mso-fareast-language: ES-MX;\">Para consultar existencias, precios sobre la transportaci\u00f3n y\/o\u00a0 los vi\u00e1ticos,\u00a0por favor contacte con nosotros.<\/span><\/p>\n<p class=\"MsoNoSpacing\"><span style=\"font-size: 10.0pt; font-family: 'Verdana',sans-serif; mso-fareast-language: ES-MX;\">Precios sujetos a cambio sin previo aviso.<\/span><\/p>\n<p><span lang=\"ES\" style=\"font-size: 10.0pt; font-family: 'Verdana',sans-serif; mso-fareast-font-family: 'Times New Roman'; mso-bidi-font-family: Helvetica-Condensed-Bold; mso-ansi-language: ES; mso-fareast-language: ES; mso-bidi-language: AR-SA; mso-bidi-font-weight: bold;\"> <span style=\"font-size: 10pt; line-height: 107%;\">Cualquier duda adicional, consulte a su ejecutivo de ventas.<\/span><\/span><\/p>\n<p>&nbsp;<\/p>\n<p>&nbsp;<\/p>\n","protected":false},"excerpt":{"rendered":"<p>La Serie BX-1600 de Amano Reloj electr\u00f3nico, cinta un color, calendario perpetuo, aun en a\u00f1os bisiestos, nomina semanal o quincenal, impresi\u00f3n d\u00eda, hora y minutos, (0-23 hrs. am\/pm) reserva de memoria, horario autom\u00e1tico verano\/invierno, caratula digital grande, marcaci\u00f3n de tarjeta en forma vertical. &nbsp; Ideal para instituciones financieras, organizaciones gubernamentales y peque\u00f1as compa\u00f1\u00edas para el[&#8230;]<\/p>\n","protected":false},"featured_media":4496,"comment_status":"closed","ping_status":"closed","template":"","meta":[],"product_cat":[30,116],"product_tag":[],"class_list":["post-3561","product","type-product","status-publish","has-post-thumbnail","hentry","product_cat-relojes-checadores","product_cat-relojes-checadores-amano","pa_marca-amano"],"_links":{"self":[{"href":"https:\/\/globalsystem.com.mx\/catalogo\/wp-json\/wp\/v2\/product\/3561","targetHints":{"allow":["GET"]}}],"collection":[{"href":"https:\/\/globalsystem.com.mx\/catalogo\/wp-json\/wp\/v2\/product"}],"about":[{"href":"https:\/\/globalsystem.com.mx\/catalogo\/wp-json\/wp\/v2\/types\/product"}],"replies":[{"embeddable":true,"href":"https:\/\/globalsystem.com.mx\/catalogo\/wp-json\/wp\/v2\/comments?post=3561"}],"version-history":[{"count":3,"href":"https:\/\/globalsystem.com.mx\/catalogo\/wp-json\/wp\/v2\/product\/3561\/revisions"}],"predecessor-version":[{"id":4498,"href":"https:\/\/globalsystem.com.mx\/catalogo\/wp-json\/wp\/v2\/product\/3561\/revisions\/4498"}],"wp:featuredmedia":[{"embeddable":true,"href":"https:\/\/globalsystem.com.mx\/catalogo\/wp-json\/wp\/v2\/media\/4496"}],"wp:attachment":[{"href":"https:\/\/globalsystem.com.mx\/catalogo\/wp-json\/wp\/v2\/media?parent=3561"}],"wp:term":[{"taxonomy":"product_cat","embeddable":true,"href":"https:\/\/globalsystem.com.mx\/catalogo\/wp-json\/wp\/v2\/product_cat?post=3561"},{"taxonomy":"product_tag","embeddable":true,"href":"https:\/\/globalsystem.com.mx\/catalogo\/wp-json\/wp\/v2\/product_tag?post=3561"}],"curies":[{"name":"wp","href":"https:\/\/api.w.org\/{rel}","templated":true}]}}