{"id":3515,"date":"2022-06-03T22:08:27","date_gmt":"2022-06-03T22:08:27","guid":{"rendered":"https:\/\/webs360apps.com\/ismafinal\/product\/zk-pack4218mf-f18mfyfr1200-ctrl-de-acceso-prof-entrada-y-salida-tarjetas-mf-3000-huellas-50000-registros-tcpip\/"},"modified":"2022-06-15T04:16:24","modified_gmt":"2022-06-15T04:16:24","slug":"zk-pack4218mf-f18mfyfr1200-ctrl-de-acceso-prof-entrada-y-salida-tarjetas-mf-3000-huellas-50000-registros-tcpip","status":"publish","type":"product","link":"https:\/\/globalsystem.com.mx\/catalogo\/zk-pack4218mf-f18mfyfr1200-ctrl-de-acceso-prof-entrada-y-salida-tarjetas-mf-3000-huellas-50000-registros-tcpip","title":{"rendered":"ZK PACK4218MF &#8211; F18MFYFR1200 \/CTRL DE ACCESO PROF ENTRADA Y SALIDA\/ TARJETAS MF\/ 3000 HUELLAS\/ 50000 REGISTROS\/ TCPIP"},"content":{"rendered":"<p style=\"background-image: initial; background-attachment: initial; background-size: initial; background-origin: initial; background-clip: initial; background-position: initial; background-repeat: initial;\"><span style=\"font-size: 10.0pt; font-family: 'Verdana','sans-serif'; mso-bidi-font-family: Arial; color: black;\">F18 Lector biom\u00e9trico de huella digital, es uno de los m\u00e1s innovadores para aplicaciones de control de acceso, ofrece un rendimiento incomparable utilizando un algoritmo avanzado para la confiabilidad, precisi\u00f3n y una excelente velocidad. El F18 cuenta con el m\u00e1s r\u00e1pido algoritmo comercial basado en un alto rendimiento de huella digital de ZK, alta calidad de imagen del sensor de huellas digitales de detecci\u00f3n infrarroja.<\/span><\/p>\n<p style=\"text-align: justify; background-image: initial; background-attachment: initial; background-size: initial; background-origin: initial; background-clip: initial; background-position: initial; background-repeat: initial;\"><span style=\"font-size: 10.0pt; font-family: 'Verdana','sans-serif'; mso-bidi-font-family: Arial; color: black;\">El dispositivo ofrece la flexibilidad para instalar la se\u00f1al Weigand est\u00e1ndar. Toda la operaci\u00f3n se puede realizar en la pantalla TFT-LCD. La imagen de la huella se mostrara en \u00e9l. Que guiar\u00e1 al usuario poner el dedo en la posici\u00f3n correcta y aumentar la tasa de reconocimiento. TCP\/IP y RS485 est\u00e1n disponibles, el dispositivo puede ser utilizado en diferentes redes.<\/span><\/p>\n<p style=\"text-align: justify; background-image: initial; background-attachment: initial; background-size: initial; background-origin: initial; background-clip: initial; background-position: initial; background-repeat: initial;\"><span style=\"font-size: 10.0pt; font-family: 'Verdana','sans-serif'; mso-bidi-font-family: Arial; color: black;\">Funciones principal:<\/span><\/p>\n<ul type=\"disc\">\n<li class=\"MsoNormal\" style=\"color: black; text-align: justify; line-height: normal; background-image: initial; background-attachment: initial; background-size: initial; background-origin: initial; background-clip: initial; background-position: initial; background-repeat: initial;\"><span style=\"font-size: 10.0pt; font-family: 'Verdana','sans-serif'; mso-bidi-font-family: Arial;\">Pantalla TFT a color<\/span><\/li>\n<li class=\"MsoNormal\" style=\"color: black; text-align: justify; line-height: normal; background-image: initial; background-attachment: initial; background-size: initial; background-origin: initial; background-clip: initial; background-position: initial; background-repeat: initial;\"><span style=\"font-size: 10.0pt; font-family: 'Verdana','sans-serif'; mso-bidi-font-family: Arial;\">Control de acceso profesional<\/span><\/li>\n<li class=\"MsoNormal\" style=\"color: black; text-align: justify; line-height: normal; background-image: initial; background-attachment: initial; background-size: initial; background-origin: initial; background-clip: initial; background-position: initial; background-repeat: initial;\"><span style=\"font-size: 10.0pt; font-family: 'Verdana','sans-serif'; mso-bidi-font-family: Arial;\">Conectividad TCP\/IP<\/span><\/li>\n<\/ul>\n<p style=\"background-image: initial; background-attachment: initial; background-size: initial; background-origin: initial; background-clip: initial; background-position: initial; background-repeat: initial;\"><span class=\"hps\"><span lang=\"ES\" style=\"font-size: 10.0pt; font-family: 'Verdana','sans-serif'; mso-bidi-font-family: Arial; color: black; mso-ansi-language: ES;\">FR1200<\/span><\/span><span class=\"hps\"><span lang=\"ES\" style=\"font-size: 10.0pt; font-family: 'Verdana','sans-serif'; mso-bidi-font-family: Arial; color: black; mso-ansi-language: ES;\">es un<\/span><\/span><span class=\"hps\"><span lang=\"ES\" style=\"font-size: 10.0pt; font-family: 'Verdana','sans-serif'; mso-bidi-font-family: Arial; color: black; mso-ansi-language: ES;\">lector de huellas digitales<\/span><\/span><span class=\"hps\"><span lang=\"ES\" style=\"font-size: 10.0pt; font-family: 'Verdana','sans-serif'; mso-bidi-font-family: Arial; color: black; mso-ansi-language: ES;\">con la interfaz<\/span><\/span><span class=\"hps\"><span lang=\"ES\" style=\"font-size: 10.0pt; font-family: 'Verdana','sans-serif'; mso-bidi-font-family: Arial; color: black; mso-ansi-language: ES;\">de comunicaci\u00f3n RS485,<\/span><\/span><span class=\"hps\"><span lang=\"ES\" style=\"font-size: 10.0pt; font-family: 'Verdana','sans-serif'; mso-bidi-font-family: Arial; color: black; mso-ansi-language: ES;\">trabaja con<\/span><\/span><span class=\"hps\"><span lang=\"ES\" style=\"font-size: 10.0pt; font-family: 'Verdana','sans-serif'; mso-bidi-font-family: Arial; color: black; mso-ansi-language: ES;\">los controladores de acceso<\/span><\/span><span class=\"hps\"><span lang=\"ES\" style=\"font-size: 10.0pt; font-family: 'Verdana','sans-serif'; mso-bidi-font-family: Arial; color: black; mso-ansi-language: ES;\">biom\u00e9tricos y<\/span><\/span><span class=\"hps\"><span lang=\"ES\" style=\"font-size: 10.0pt; font-family: 'Verdana','sans-serif'; mso-bidi-font-family: Arial; color: black; mso-ansi-language: ES;\">huella digital<\/span><\/span><span class=\"hps\"><span lang=\"ES\" style=\"font-size: 10.0pt; font-family: 'Verdana','sans-serif'; mso-bidi-font-family: Arial; color: black; mso-ansi-language: ES;\">de control de<\/span><\/span><span class=\"hps\"><span lang=\"ES\" style=\"font-size: 10.0pt; font-family: 'Verdana','sans-serif'; mso-bidi-font-family: Arial; color: black; mso-ansi-language: ES;\">acceso<\/span><\/span><span class=\"hps\"><span lang=\"ES\" style=\"font-size: 10.0pt; font-family: 'Verdana','sans-serif'; mso-bidi-font-family: Arial; color: black; mso-ansi-language: ES;\">independiente<\/span><\/span><span lang=\"ES\" style=\"font-size: 10.0pt; font-family: 'Verdana','sans-serif'; mso-bidi-font-family: Arial; color: black; mso-ansi-language: ES;\">, incluyendo<span class=\"hps\">controladores de la serie<\/span><span class=\"hps\">INBIO<\/span>, F8<span class=\"hps\">y as\u00ed sucesivamente.<\/span><span class=\"hps\">Ofrece<\/span><span class=\"hps\">la funci\u00f3n de captura<\/span><span class=\"hps\">y transferencia de<\/span><span class=\"hps\">muestras de huellas digitales<\/span><span class=\"hps\">para acceder apanel de control<\/span><span class=\"hps\">para que coincida con<\/span><span class=\"hps\">el interior<\/span>.<span class=\"hps\">Con su<\/span><span class=\"hps\">estructura<\/span><span class=\"hps\">nominal<\/span><span class=\"hps\">IP65<\/span><span class=\"hps\">resistente,<\/span><span class=\"hps\">FR1200<\/span><span class=\"hps\">ofrece<\/span><span class=\"hps\">una mayor durabilidad<\/span><span class=\"hps\">en todas las<\/span><span class=\"hps\">condiciones meteorol\u00f3gicas, incluidos<\/span><span class=\"hps\">los entornos<\/span><span class=\"hps\">al aire libre.<\/span><\/span><\/p>\n<p style=\"background-image: initial; background-attachment: initial; background-size: initial; background-origin: initial; background-clip: initial; background-position: initial; background-repeat: initial;\"><em><strong><span style=\"font-size: 10.0pt; font-family: 'Verdana','sans-serif'; mso-bidi-font-family: Arial; font-style: normal; mso-bidi-font-style: italic;\">Este equipo solo se conecta por medio de RS485 y es un lector esclavo, no como un control de acceso independiente, las funciones opcionales no se incluyen en el equipo.<\/span><\/strong><\/em><\/p>\n<p style=\"background-image: initial; background-attachment: initial; background-size: initial; background-origin: initial; background-clip: initial; background-position: initial; background-repeat: initial;\"><strong><span style=\"font-size: 10pt; font-family: Verdana, sans-serif;\">\u00a0Precios expresados en d\u00f3lares americanos pagaderos al tipo de cambio del d\u00eda de la compra y facturaci\u00f3n.<\/span><\/strong><\/p>\n<p class=\"MsoNormal\" style=\"margin-bottom: 5.75pt; line-height: 10.35pt; background-image: initial; background-attachment: initial; background-size: initial; background-origin: initial; background-clip: initial; background-position: initial; background-repeat: initial;\"><span style=\"font-size: 10pt; font-family: Verdana, sans-serif;\">Pago: Anticipado v\u00eda transferencia \u00f3 dep\u00f3sito bancario.<\/span><\/p>\n<p class=\"MsoNormal\" style=\"margin-bottom: 5.75pt; line-height: 10.35pt; background-image: initial; background-attachment: initial; background-size: initial; background-origin: initial; background-clip: initial; background-position: initial; background-repeat: initial;\"><span style=\"font-size: 10pt; font-family: Verdana, sans-serif;\">Tiempo de entrega: Inmediata o dependiendo existencias.<\/span><\/p>\n<p class=\"MsoNormal\" style=\"margin-bottom: 5.75pt; line-height: 10.35pt; background-image: initial; background-attachment: initial; background-size: initial; background-origin: initial; background-clip: initial; background-position: initial; background-repeat: initial;\"><span style=\"font-size: 10pt; font-family: Verdana, sans-serif;\">Garant\u00eda de: 1 a\u00f1o por defectos de fabricaci\u00f3n.<\/span><\/p>\n<p class=\"MsoNormal\" style=\"margin-bottom: 5.75pt; line-height: 10.35pt; background-image: initial; background-attachment: initial; background-size: initial; background-origin: initial; background-clip: initial; background-position: initial; background-repeat: initial;\"><span style=\"font-size: 10pt; font-family: Verdana, sans-serif;\">No incluye instalaci\u00f3n, canalizaci\u00f3n, ni obra civil, en caso de requerir por favor contacte al depto. de ventas.<\/span><\/p>\n<p class=\"MsoNormal\" style=\"margin-bottom: 5.75pt; line-height: 10.35pt; background-image: initial; background-attachment: initial; background-size: initial; background-origin: initial; background-clip: initial; background-position: initial; background-repeat: initial;\"><span style=\"font-size: 10pt; font-family: Verdana, sans-serif;\">Para consultar existencias, precios sobre la transportaci\u00f3n y\/o\u00a0 los vi\u00e1ticos,\u00a0por favor contacte con nosotros.<\/span><\/p>\n<p class=\"MsoNormal\" style=\"margin-bottom: 5.75pt; line-height: 10.35pt; background-image: initial; background-attachment: initial; background-size: initial; background-origin: initial; background-clip: initial; background-position: initial; background-repeat: initial;\"><span style=\"font-size: 10pt; font-family: Verdana, sans-serif;\">Precios sujetos a cambio sin previo aviso.<\/span><\/p>\n<p>&nbsp;<\/p>\n<p class=\"MsoNormal\" style=\"margin-bottom: 5.75pt; line-height: 10.35pt; background-image: initial; background-attachment: initial; background-size: initial; background-origin: initial; background-clip: initial; background-position: initial; background-repeat: initial;\"><span style=\"font-size: 10pt; font-family: Verdana, sans-serif;\">Cualquier duda adicional, consulte a su ejecutivo de ventas.<\/span><\/p>\n<p class=\"MsoNormal\" style=\"margin-bottom: 5.75pt; line-height: 10.35pt; background-image: initial; background-attachment: initial; background-size: initial; background-origin: initial; background-clip: initial; background-position: initial; background-repeat: initial;\">\n","protected":false},"excerpt":{"rendered":"<p>F18 Lector biom\u00e9trico de huella digital, es uno de los m\u00e1s innovadores para aplicaciones de control de acceso, ofrece un rendimiento incomparable utilizando un algoritmo avanzado para la confiabilidad, precisi\u00f3n y una excelente velocidad. El F18 cuenta con el m\u00e1s r\u00e1pido algoritmo comercial basado en un alto rendimiento de huella digital de ZK, alta calidad[&#8230;]<\/p>\n","protected":false},"featured_media":4587,"comment_status":"closed","ping_status":"closed","template":"","meta":[],"product_cat":[110,120],"product_tag":[],"class_list":["post-3515","product","type-product","status-publish","has-post-thumbnail","hentry","product_cat-control-de-acceso","product_cat-relojes-de-huella-digital","pa_marca-zkteco"],"_links":{"self":[{"href":"https:\/\/globalsystem.com.mx\/catalogo\/wp-json\/wp\/v2\/product\/3515","targetHints":{"allow":["GET"]}}],"collection":[{"href":"https:\/\/globalsystem.com.mx\/catalogo\/wp-json\/wp\/v2\/product"}],"about":[{"href":"https:\/\/globalsystem.com.mx\/catalogo\/wp-json\/wp\/v2\/types\/product"}],"replies":[{"embeddable":true,"href":"https:\/\/globalsystem.com.mx\/catalogo\/wp-json\/wp\/v2\/comments?post=3515"}],"version-history":[{"count":4,"href":"https:\/\/globalsystem.com.mx\/catalogo\/wp-json\/wp\/v2\/product\/3515\/revisions"}],"predecessor-version":[{"id":4295,"href":"https:\/\/globalsystem.com.mx\/catalogo\/wp-json\/wp\/v2\/product\/3515\/revisions\/4295"}],"wp:featuredmedia":[{"embeddable":true,"href":"https:\/\/globalsystem.com.mx\/catalogo\/wp-json\/wp\/v2\/media\/4587"}],"wp:attachment":[{"href":"https:\/\/globalsystem.com.mx\/catalogo\/wp-json\/wp\/v2\/media?parent=3515"}],"wp:term":[{"taxonomy":"product_cat","embeddable":true,"href":"https:\/\/globalsystem.com.mx\/catalogo\/wp-json\/wp\/v2\/product_cat?post=3515"},{"taxonomy":"product_tag","embeddable":true,"href":"https:\/\/globalsystem.com.mx\/catalogo\/wp-json\/wp\/v2\/product_tag?post=3515"}],"curies":[{"name":"wp","href":"https:\/\/api.w.org\/{rel}","templated":true}]}}