{"id":3511,"date":"2022-06-03T22:08:27","date_gmt":"2022-06-03T22:08:27","guid":{"rendered":"https:\/\/webs360apps.com\/ismafinal\/product\/zk-multibio700gplus-control-de-acceso-biometrico-con-reconocimiento-facial-1500-rostros-color-gris\/"},"modified":"2022-06-15T03:50:56","modified_gmt":"2022-06-15T03:50:56","slug":"zk-multibio700gplus-control-de-acceso-biometrico-con-reconocimiento-facial-1500-rostros-color-gris","status":"publish","type":"product","link":"https:\/\/globalsystem.com.mx\/catalogo\/zk-multibio700gplus-control-de-acceso-biometrico-con-reconocimiento-facial-1500-rostros-color-gris","title":{"rendered":"GS REJY ZK MULTIBIO700GPLUS &#8211; CONTROL DE ACCESO BIOMETRICO CON RECONOCIMIENTO FACIAL\/1500 ROSTROS\/ COLOR GRIS"},"content":{"rendered":"<p class=\"MsoNormal\" style=\"background-image: initial; background-attachment: initial; background-size: initial; background-origin: initial; background-clip: initial; background-position: initial; background-repeat: initial;\"><span style=\"font-size: 10.0pt; line-height: 115%; font-family: 'Verdana','sans-serif'; mso-bidi-font-family: Arial; color: black;\">El Multibio700 es una nueva generaci\u00f3n de equipos de identificaci\u00f3n biom\u00e9trica que integra el reconocimiento de rostros, huellas y contrase\u00f1as. Gracias a su algoritmo de identificaci\u00f3n facial, el Multibio700 puede capturar y almacenar la posici\u00f3n, tama\u00f1o, forma de los ojos, nariz, mejillas y caracter\u00edsticas de la mand\u00edbula. Dichas caracter\u00edsticas son convertidas en valores y son comparadas cuando el usuario desea realizar un registro de asistencia con los datos almacenados previamente. El Multibio700 puede almacenar hasta 1500 plantillas de rostros sin necesidad de dividirlas en grupos, cuenta con un m\u00e9todo de verificaci\u00f3n por medio de Huella &amp; Rostro, adicionalmente, gracias a que es un equipo de control de acceso profesional, puede trabajar con contrachapas y electroimanes, alarmas, timbres y sensores de puertas con el fin de mejorar la seguridad de las personas y la informaci\u00f3n de las empresas.<\/span><\/p>\n<p class=\"MsoNormal\" style=\"background-image: initial; background-attachment: initial; background-size: initial; background-origin: initial; background-clip: initial; background-position: initial; background-repeat: initial;\"><span style=\"font-size: 10.0pt; line-height: 115%; font-family: 'Verdana','sans-serif'; mso-bidi-font-family: Arial; color: black;\">El Multibio700 puede almacenar hasta 1500 plantillas de rostros sin necesidad de dividirlas en grupos, cuenta con un m\u00e9todo de verificaci\u00f3n por medio de Huella &amp; Rostro, adicionalmente, gracias a que es un equipo de control de acceso profesional, puede trabajar con contrachapas y electroimanes, alarmas, timbres y sensores de puertas con el fin de mejorar la seguridad de las personas y la informaci\u00f3n de las empresas.<\/span><\/p>\n<p class=\"arial10\" style=\"background-image: initial; background-attachment: initial; background-size: initial; background-origin: initial; background-clip: initial; background-position: initial; background-repeat: initial;\"><strong><span lang=\"ES\" style=\"font-size: 10.0pt; font-family: 'Verdana','sans-serif'; mso-bidi-font-family: Arial; color: black; mso-ansi-language: ES;\">Funciones Principales:<\/span><\/strong><\/p>\n<ul type=\"disc\">\n<li class=\"MsoNormal\" style=\"color: black; line-height: normal; background-image: initial; background-attachment: initial; background-size: initial; background-origin: initial; background-clip: initial; background-position: initial; background-repeat: initial;\"><span style=\"font-size: 10.0pt; font-family: 'Verdana','sans-serif'; mso-bidi-font-family: Arial;\">Almacenamiento de huellas digitales para control de asistencia (2000 huellas digitales)<\/span><\/li>\n<li class=\"MsoNormal\" style=\"color: black; line-height: normal; background-image: initial; background-attachment: initial; background-size: initial; background-origin: initial; background-clip: initial; background-position: initial; background-repeat: initial;\"><span style=\"font-size: 10.0pt; font-family: 'Verdana','sans-serif'; mso-bidi-font-family: Arial;\">Almacenamiento de 1500 rostros<\/span><\/li>\n<li class=\"MsoNormal\" style=\"color: black; line-height: normal; background-image: initial; background-attachment: initial; background-size: initial; background-origin: initial; background-clip: initial; background-position: initial; background-repeat: initial;\"><span style=\"font-size: 10.0pt; font-family: 'Verdana','sans-serif'; mso-bidi-font-family: Arial;\">Conexi\u00f3n TCP\/IP para transferencia de huellas, registros y conexi\u00f3n con el software principal<\/span><\/li>\n<li class=\"MsoNormal\" style=\"color: black; line-height: normal; background-image: initial; background-attachment: initial; background-size: initial; background-origin: initial; background-clip: initial; background-position: initial; background-repeat: initial;\"><span style=\"font-size: 10.0pt; font-family: 'Verdana','sans-serif'; mso-bidi-font-family: Arial;\">Creaci\u00f3n de reportes de asistencia mediante el Software principal incluido en el dispositivo<\/span><\/li>\n<li class=\"MsoNormal\" style=\"color: black; line-height: normal; background-image: initial; background-attachment: initial; background-size: initial; background-origin: initial; background-clip: initial; background-position: initial; background-repeat: initial;\"><span style=\"font-size: 10.0pt; font-family: 'Verdana','sans-serif'; mso-bidi-font-family: Arial;\">Funci\u00f3n de reloj<\/span><\/li>\n<li class=\"MsoNormal\" style=\"color: black; line-height: normal; background-image: initial; background-attachment: initial; background-size: initial; background-origin: initial; background-clip: initial; background-position: initial; background-repeat: initial;\"><span style=\"font-size: 10.0pt; font-family: 'Verdana','sans-serif'; mso-bidi-font-family: Arial;\">M\u00e1xima distancia de conexi\u00f3n 90m con cable UTP para conexi\u00f3n por red<\/span><\/li>\n<\/ul>\n<p class=\"MsoNormal\" style=\"background-image: initial; background-attachment: initial; background-size: initial; background-origin: initial; background-clip: initial; background-position: initial; background-repeat: initial;\"><b><span style=\"font-size: 10pt; line-height: 115%; font-family: Verdana, sans-serif;\">\u00a0<\/span><\/b><span style=\"font-size: 10.0pt; line-height: 115%; font-family: 'Verdana','sans-serif'; mso-bidi-font-family: Arial; color: black;\">Que necesito para que mi equipo funcione:<\/span><\/p>\n<ul type=\"disc\">\n<li class=\"MsoNormal\" style=\"color: black; line-height: normal; background-image: initial; background-attachment: initial; background-size: initial; background-origin: initial; background-clip: initial; background-position: initial; background-repeat: initial;\"><span style=\"font-size: 10.0pt; font-family: 'Verdana','sans-serif'; mso-bidi-font-family: Arial;\">Fuente de alimentaci\u00f3n 12v (Incluida)<\/span><\/li>\n<li class=\"MsoNormal\" style=\"color: black; line-height: normal; background-image: initial; background-attachment: initial; background-size: initial; background-origin: initial; background-clip: initial; background-position: initial; background-repeat: initial;\"><span style=\"font-size: 10.0pt; font-family: 'Verdana','sans-serif'; mso-bidi-font-family: Arial;\">Contrachapa el\u00e9ctrica o magn\u00e9tica<span class=\"apple-converted-space\">\u00a0<\/span><\/span><\/li>\n<li class=\"MsoNormal\" style=\"color: black; line-height: normal; background-image: initial; background-attachment: initial; background-size: initial; background-origin: initial; background-clip: initial; background-position: initial; background-repeat: initial;\"><span style=\"font-size: 10.0pt; font-family: 'Verdana','sans-serif'; mso-bidi-font-family: Arial;\">\u00a0Bot\u00f3n liberador<\/span><\/li>\n<\/ul>\n<p style=\"background-image: initial; background-attachment: initial; background-size: initial; background-origin: initial; background-clip: initial; background-position: initial; background-repeat: initial;\"><b><span style=\"font-size: 10pt; font-family: Verdana, sans-serif;\">Precios expresados en d\u00f3lares americanos pagaderos al tipo de cambio del d\u00eda de la compra y facturaci\u00f3n.<\/span><\/b><\/p>\n<p class=\"MsoNormal\" style=\"margin-bottom: 5.75pt; line-height: 10.35pt; background-image: initial; background-attachment: initial; background-size: initial; background-origin: initial; background-clip: initial; background-position: initial; background-repeat: initial;\"><span style=\"font-size: 10pt; font-family: Verdana, sans-serif;\">Pago: Anticipado v\u00eda transferencia \u00f3 dep\u00f3sito bancario.<\/span><\/p>\n<p class=\"MsoNormal\" style=\"margin-bottom: 5.75pt; line-height: 10.35pt; background-image: initial; background-attachment: initial; background-size: initial; background-origin: initial; background-clip: initial; background-position: initial; background-repeat: initial;\"><span style=\"font-size: 10pt; font-family: Verdana, sans-serif;\">Tiempo de entrega: Inmediata o dependiendo existencias.<\/span><\/p>\n<p class=\"MsoNormal\" style=\"margin-bottom: 5.75pt; line-height: 10.35pt; background-image: initial; background-attachment: initial; background-size: initial; background-origin: initial; background-clip: initial; background-position: initial; background-repeat: initial;\"><span style=\"font-size: 10pt; font-family: Verdana, sans-serif;\">Garant\u00eda de: 1 a\u00f1o por defectos de fabricaci\u00f3n.<\/span><\/p>\n<p class=\"MsoNormal\" style=\"margin-bottom: 5.75pt; line-height: 10.35pt; background-image: initial; background-attachment: initial; background-size: initial; background-origin: initial; background-clip: initial; background-position: initial; background-repeat: initial;\"><span style=\"font-size: 10pt; font-family: Verdana, sans-serif;\">No incluye instalaci\u00f3n, canalizaci\u00f3n, ni obra civil, en caso de requerir por favor contacte al depto. de ventas.<\/span><\/p>\n<p class=\"MsoNormal\" style=\"margin-bottom: 5.75pt; line-height: 10.35pt; background-image: initial; background-attachment: initial; background-size: initial; background-origin: initial; background-clip: initial; background-position: initial; background-repeat: initial;\"><span style=\"font-size: 10pt; font-family: Verdana, sans-serif;\">Para consultar existencias, precios sobre la transportaci\u00f3n y\/o\u00a0 los vi\u00e1ticos,\u00a0por favor contacte con nosotros.<\/span><\/p>\n<p class=\"MsoNormal\" style=\"margin-bottom: 5.75pt; line-height: 10.35pt; background-image: initial; background-attachment: initial; background-size: initial; background-origin: initial; background-clip: initial; background-position: initial; background-repeat: initial;\"><span style=\"font-size: 10pt; font-family: Verdana, sans-serif;\">Precios sujetos a cambio sin previo aviso.<\/span><\/p>\n<p class=\"MsoNormal\" style=\"margin-bottom: 5.75pt; line-height: 10.35pt; background-image: initial; background-attachment: initial; background-size: initial; background-origin: initial; background-clip: initial; background-position: initial; background-repeat: initial;\"><span style=\"font-size: 10pt; font-family: Verdana, sans-serif;\">Cualquier duda adicional, consulte a su ejecutivo de ventas.<\/span><\/p>\n<p class=\"MsoNormal\" style=\"margin-bottom: 5.75pt; line-height: 10.35pt; background-image: initial; background-attachment: initial; background-size: initial; background-origin: initial; background-clip: initial; background-position: initial; background-repeat: initial;\">\n","protected":false},"excerpt":{"rendered":"<p>El Multibio700 es una nueva generaci\u00f3n de equipos de identificaci\u00f3n biom\u00e9trica que integra el reconocimiento de rostros, huellas y contrase\u00f1as. Gracias a su algoritmo de identificaci\u00f3n facial, el Multibio700 puede capturar y almacenar la posici\u00f3n, tama\u00f1o, forma de los ojos, nariz, mejillas y caracter\u00edsticas de la mand\u00edbula. Dichas caracter\u00edsticas son convertidas en valores y son[&#8230;]<\/p>\n","protected":false},"featured_media":4562,"comment_status":"closed","ping_status":"closed","template":"","meta":[],"product_cat":[120],"product_tag":[],"class_list":["post-3511","product","type-product","status-publish","has-post-thumbnail","hentry","product_cat-relojes-de-huella-digital","pa_marca-zkteco"],"_links":{"self":[{"href":"https:\/\/globalsystem.com.mx\/catalogo\/wp-json\/wp\/v2\/product\/3511","targetHints":{"allow":["GET"]}}],"collection":[{"href":"https:\/\/globalsystem.com.mx\/catalogo\/wp-json\/wp\/v2\/product"}],"about":[{"href":"https:\/\/globalsystem.com.mx\/catalogo\/wp-json\/wp\/v2\/types\/product"}],"replies":[{"embeddable":true,"href":"https:\/\/globalsystem.com.mx\/catalogo\/wp-json\/wp\/v2\/comments?post=3511"}],"version-history":[{"count":3,"href":"https:\/\/globalsystem.com.mx\/catalogo\/wp-json\/wp\/v2\/product\/3511\/revisions"}],"predecessor-version":[{"id":4565,"href":"https:\/\/globalsystem.com.mx\/catalogo\/wp-json\/wp\/v2\/product\/3511\/revisions\/4565"}],"wp:featuredmedia":[{"embeddable":true,"href":"https:\/\/globalsystem.com.mx\/catalogo\/wp-json\/wp\/v2\/media\/4562"}],"wp:attachment":[{"href":"https:\/\/globalsystem.com.mx\/catalogo\/wp-json\/wp\/v2\/media?parent=3511"}],"wp:term":[{"taxonomy":"product_cat","embeddable":true,"href":"https:\/\/globalsystem.com.mx\/catalogo\/wp-json\/wp\/v2\/product_cat?post=3511"},{"taxonomy":"product_tag","embeddable":true,"href":"https:\/\/globalsystem.com.mx\/catalogo\/wp-json\/wp\/v2\/product_tag?post=3511"}],"curies":[{"name":"wp","href":"https:\/\/api.w.org\/{rel}","templated":true}]}}