{"id":3485,"date":"2022-06-03T22:08:25","date_gmt":"2022-06-03T22:08:25","guid":{"rendered":"https:\/\/webs360apps.com\/ismafinal\/product\/gs-rejyg-zk-tac4255-la2000vid-control-de-acceso-profesional-sensor-multiespectro-id-2000-huellas-sin-garantia\/"},"modified":"2022-06-15T03:58:50","modified_gmt":"2022-06-15T03:58:50","slug":"gs-rejyg-zk-tac4255-la2000vid-control-de-acceso-profesional-sensor-multiespectro-id-2000-huellas-sin-garantia","status":"publish","type":"product","link":"https:\/\/globalsystem.com.mx\/catalogo\/gs-rejyg-zk-tac4255-la2000vid-control-de-acceso-profesional-sensor-multiespectro-id-2000-huellas-sin-garantia","title":{"rendered":"GS REJYG ZK TAC4255 (LA2000VID)- CONTROL DE ACCESO PROFESIONAL\/ SENSOR MULTIESPECTRO\/ ID \/ 2000 HUELLAS \/SIN GARANTIA"},"content":{"rendered":"<p class=\"MsoNormal\" style=\"margin-bottom: 5.75pt; line-height: normal; background-image: initial; background-attachment: initial; background-size: initial; background-origin: initial; background-clip: initial; background-position: initial; background-repeat: initial;\"><span style=\"font-size: 10.0pt; font-family: 'Verdana','sans-serif'; mso-fareast-font-family: 'Times New Roman'; mso-bidi-font-family: 'Segoe UI'; color: black; mso-fareast-language: ES-MX;\">Un solo toque:\u00a0es todo lo que se necesita para registrar el acceso con el\u00a0<b>LA2000ID<\/b>\u00a0de ZK Software ya que utiliza la tecnolog\u00eda de multiespectro. La\u00a0<b>LA2000ID<\/b>\u00a0siempre produce im\u00e1genes de alta calidad, en cualquier condici\u00f3n. Todos podemos estar enrolados sin ning\u00fan problema.<\/span><\/p>\n<p>Confiabilidad: La\u00a0<b>LA2000ID<\/b>\u00a0cuenta con el m\u00e1s r\u00e1pido algoritmo de ZK y la tecnolog\u00eda de los sensores multiespectrales para garantizar\u00a0la lectura de huellas\u00a0en cualquier condici\u00f3n: h\u00famedo, fr\u00edo, seco, caliente o con polvo. Las im\u00e1genes de alta calidad son capturadas por el sensor, incluso cuando las huellas son dif\u00edciles de distinguir debido a la gen\u00e9tica, edad, suciedad, \u00f3 las condiciones ambientales. La\u00a0<b>LA2000ID<\/b>\u00a0pueden enrolar y verificar a todas las personas incluyendo del 2 a-5% de la poblaci\u00f3n con problemas en las huellas dactilares que los sensores convencionales no pueden. La\u00a0<b>LA2000ID<\/b>\u00a0reduce los problemas de enrolamiento y la frustraci\u00f3n de los usuarios.<\/p>\n<p>Los Sensores multiespectrales son imposibles de enga\u00f1ar y protegen de cualquier falsificaci\u00f3n con lo cual no puedes verificar un dedo falso. Utilizando la mejor tecnolog\u00eda para la detecci\u00f3n de falsificaciones, le ofrecemos el Equipo mas seguro y preciso que existe.<\/p>\n<p class=\"MsoNormal\" style=\"margin-bottom: 5.75pt; line-height: normal; background-image: initial; background-attachment: initial; background-size: initial; background-origin: initial; background-clip: initial; background-position: initial; background-repeat: initial;\"><b><span style=\"font-size: 10.0pt; font-family: 'Verdana','sans-serif'; mso-fareast-font-family: 'Times New Roman'; mso-bidi-font-family: 'Segoe UI'; color: black; mso-fareast-language: ES-MX;\">Funciones Principales:<\/span><\/b><\/p>\n<p class=\"MsoNormal\" style=\"margin-left: 0cm; text-indent: -18pt; line-height: normal; background-image: initial; background-attachment: initial; background-size: initial; background-origin: initial; background-clip: initial; background-position: initial; background-repeat: initial;\"><!-- [if !supportLists]--><span style=\"font-size: 10.0pt; font-family: Symbol; mso-fareast-font-family: Symbol; mso-bidi-font-family: Symbol; color: black; mso-fareast-language: ES-MX;\">\u00b7<span style=\"font-stretch: normal; font-size: 7pt; font-family: 'Times New Roman';\">\u00a0\u00a0\u00a0\u00a0\u00a0\u00a0\u00a0\u00a0 <\/span><\/span><!--[endif]--><span style=\"font-size: 10.0pt; font-family: 'Verdana','sans-serif'; mso-fareast-font-family: 'Times New Roman'; mso-bidi-font-family: 'Segoe UI'; color: black; mso-fareast-language: ES-MX;\">Sensor Lumidigm de m\u00e1xima seguridad<\/span><\/p>\n<p class=\"MsoNormal\" style=\"margin-left: 0cm; text-indent: -18pt; line-height: normal; background-image: initial; background-attachment: initial; background-size: initial; background-origin: initial; background-clip: initial; background-position: initial; background-repeat: initial;\"><!-- [if !supportLists]--><span style=\"font-size: 10.0pt; font-family: Symbol; mso-fareast-font-family: Symbol; mso-bidi-font-family: Symbol; color: black; mso-fareast-language: ES-MX;\">\u00b7<span style=\"font-stretch: normal; font-size: 7pt; font-family: 'Times New Roman';\">\u00a0\u00a0\u00a0\u00a0\u00a0\u00a0\u00a0\u00a0 <\/span><\/span><!--[endif]--><span style=\"font-size: 10.0pt; font-family: 'Verdana','sans-serif'; mso-fareast-font-family: 'Times New Roman'; mso-bidi-font-family: 'Segoe UI'; color: black; mso-fareast-language: ES-MX;\">Conexi\u00f3n TCP\/IP<\/span><\/p>\n<p class=\"MsoNormal\" style=\"margin-left: 0cm; text-indent: -18pt; line-height: normal; background-image: initial; background-attachment: initial; background-size: initial; background-origin: initial; background-clip: initial; background-position: initial; background-repeat: initial;\"><!-- [if !supportLists]--><span style=\"font-size: 10.0pt; font-family: Symbol; mso-fareast-font-family: Symbol; mso-bidi-font-family: Symbol; color: black; mso-fareast-language: ES-MX;\">\u00b7<span style=\"font-stretch: normal; font-size: 7pt; font-family: 'Times New Roman';\">\u00a0\u00a0\u00a0\u00a0\u00a0\u00a0\u00a0\u00a0 <\/span><\/span><!--[endif]--><span style=\"font-size: 10.0pt; font-family: 'Verdana','sans-serif'; mso-fareast-font-family: 'Times New Roman'; mso-bidi-font-family: 'Segoe UI'; color: black; mso-fareast-language: ES-MX;\">Control de acceso<\/span><\/p>\n<p class=\"MsoNormal\" style=\"margin-left: 0cm; text-indent: -18pt; line-height: normal; background-image: initial; background-attachment: initial; background-size: initial; background-origin: initial; background-clip: initial; background-position: initial; background-repeat: initial;\"><!-- [if !supportLists]--><span style=\"font-size: 10.0pt; font-family: Symbol; mso-fareast-font-family: Symbol; mso-bidi-font-family: Symbol; color: black; mso-fareast-language: ES-MX;\">\u00b7<span style=\"font-stretch: normal; font-size: 7pt; font-family: 'Times New Roman';\">\u00a0\u00a0\u00a0\u00a0\u00a0\u00a0\u00a0\u00a0 <\/span><\/span><!--[endif]--><span style=\"font-size: 10.0pt; font-family: 'Verdana','sans-serif'; mso-fareast-font-family: 'Times New Roman'; mso-bidi-font-family: 'Segoe UI'; color: black; mso-fareast-language: ES-MX;\">Protocolo wiegand 26bit<\/span><\/p>\n<p class=\"MsoNormal\" style=\"margin-left: 0cm; text-indent: -18pt; line-height: normal; background-image: initial; background-attachment: initial; background-size: initial; background-origin: initial; background-clip: initial; background-position: initial; background-repeat: initial;\"><!-- [if !supportLists]--><span style=\"font-size: 10.0pt; font-family: Symbol; mso-fareast-font-family: Symbol; mso-bidi-font-family: Symbol; color: black; mso-fareast-language: ES-MX;\">\u00b7<span style=\"font-stretch: normal; font-size: 7pt; font-family: 'Times New Roman';\">\u00a0\u00a0\u00a0\u00a0\u00a0\u00a0\u00a0\u00a0 <\/span><\/span><!--[endif]--><span style=\"font-size: 10.0pt; font-family: 'Verdana','sans-serif'; mso-fareast-font-family: 'Times New Roman'; mso-bidi-font-family: 'Segoe UI'; color: black; mso-fareast-language: ES-MX;\">Imposible de falsificar una huella<\/span><\/p>\n<p class=\"MsoNormal\" style=\"margin-bottom: 5.75pt; line-height: 10.35pt; background-image: initial; background-attachment: initial; background-size: initial; background-origin: initial; background-clip: initial; background-position: initial; background-repeat: initial;\"><b><span style=\"font-size: 10.0pt; font-family: 'Verdana','sans-serif'; mso-fareast-font-family: 'Times New Roman'; mso-bidi-font-family: 'Segoe UI'; color: black; mso-fareast-language: ES-MX;\">Que necesito para que mi equipo funcione<\/span><\/b><\/p>\n<p class=\"MsoNormal\" style=\"margin-left: 0cm; text-indent: -18pt; line-height: normal; background-image: initial; background-attachment: initial; background-size: initial; background-origin: initial; background-clip: initial; background-position: initial; background-repeat: initial;\"><!-- [if !supportLists]--><span style=\"font-size: 10.0pt; font-family: Symbol; mso-fareast-font-family: Symbol; mso-bidi-font-family: Symbol; color: black; mso-fareast-language: ES-MX;\">\u00b7<span style=\"font-stretch: normal; font-size: 7pt; font-family: 'Times New Roman';\">\u00a0\u00a0\u00a0\u00a0\u00a0\u00a0\u00a0\u00a0 <\/span><\/span><!--[endif]--><span style=\"font-size: 10.0pt; font-family: 'Verdana','sans-serif'; mso-fareast-font-family: 'Times New Roman'; mso-bidi-font-family: 'Segoe UI'; color: black; mso-fareast-language: ES-MX;\">Fuente de poder 12v m\u00ednimo 3.0 Amper\u00a0<\/span><\/p>\n<p class=\"MsoNormal\" style=\"margin-left: 0cm; text-indent: -18pt; line-height: normal; background-image: initial; background-attachment: initial; background-size: initial; background-origin: initial; background-clip: initial; background-position: initial; background-repeat: initial;\"><!-- [if !supportLists]--><span style=\"font-size: 10.0pt; font-family: Symbol; mso-fareast-font-family: Symbol; mso-bidi-font-family: Symbol; color: black; mso-fareast-language: ES-MX;\">\u00b7<span style=\"font-stretch: normal; font-size: 7pt; font-family: 'Times New Roman';\">\u00a0\u00a0\u00a0\u00a0\u00a0\u00a0\u00a0\u00a0 <\/span><\/span><!--[endif]--><span style=\"font-size: 10.0pt; font-family: 'Verdana','sans-serif'; mso-fareast-font-family: 'Times New Roman'; mso-bidi-font-family: 'Segoe UI'; color: black; mso-fareast-language: ES-MX;\">\u00a0Bot\u00f3n liberador Normalmente abierto\u00a0<\/span><\/p>\n<p class=\"MsoNormal\" style=\"margin-left: 0cm; text-indent: -18pt; line-height: normal; background-image: initial; background-attachment: initial; background-size: initial; background-origin: initial; background-clip: initial; background-position: initial; background-repeat: initial;\"><!-- [if !supportLists]--><span style=\"font-size: 10.0pt; font-family: Symbol; mso-fareast-font-family: Symbol; mso-bidi-font-family: Symbol; color: black; mso-fareast-language: ES-MX;\">\u00b7<span style=\"font-stretch: normal; font-size: 7pt; font-family: 'Times New Roman';\">\u00a0\u00a0\u00a0\u00a0\u00a0\u00a0\u00a0\u00a0 <\/span><\/span><!--[endif]--><span style=\"font-size: 10.0pt; font-family: 'Verdana','sans-serif'; mso-fareast-font-family: 'Times New Roman'; mso-bidi-font-family: 'Segoe UI'; color: black; mso-fareast-language: ES-MX;\">Contrachapa magn\u00e9tica\u00a0<\/span><\/p>\n<p class=\"MsoNormal\" style=\"margin-left: 0cm; text-indent: -18pt; line-height: normal; background-image: initial; background-attachment: initial; background-size: initial; background-origin: initial; background-clip: initial; background-position: initial; background-repeat: initial;\"><!-- [if !supportLists]--><span style=\"font-size: 10.0pt; font-family: Symbol; mso-fareast-font-family: Symbol; mso-bidi-font-family: Symbol; color: black; mso-fareast-language: ES-MX;\">\u00b7<span style=\"font-stretch: normal; font-size: 7pt; font-family: 'Times New Roman';\">\u00a0\u00a0\u00a0\u00a0\u00a0\u00a0\u00a0\u00a0 <\/span><\/span><!--[endif]--><span style=\"font-size: 10.0pt; font-family: 'Verdana','sans-serif'; mso-fareast-font-family: 'Times New Roman'; mso-bidi-font-family: 'Segoe UI'; color: black; mso-fareast-language: ES-MX;\">UPS 12v \u00a0<\/span><\/p>\n<p class=\"MsoNormal\" style=\"margin-bottom: 5.75pt; line-height: normal; background-image: initial; background-attachment: initial; background-size: initial; background-origin: initial; background-clip: initial; background-position: initial; background-repeat: initial;\"><b><span style=\"text-decoration: underline;\"><span style=\"font-size: 10.0pt; font-family: 'Verdana','sans-serif'; mso-fareast-font-family: 'Times New Roman'; mso-bidi-font-family: 'Segoe UI'; color: black; mso-fareast-language: ES-MX;\">Principales caracter\u00edsticas:<\/span><\/span><\/b><\/p>\n<p><!-- [if !supportLists]--><span style=\"font-size: 10.0pt; font-family: Symbol; mso-fareast-font-family: Symbol; mso-bidi-font-family: Symbol; color: black; mso-fareast-language: ES-MX;\">\u00b7<span style=\"font-stretch: normal; font-size: 7pt; font-family: 'Times New Roman';\">\u00a0\u00a0\u00a0\u00a0\u00a0\u00a0\u00a0\u00a0 <\/span><\/span><!--[endif]--><span style=\"font-size: 10.0pt; font-family: 'Verdana','sans-serif'; mso-fareast-font-family: 'Times New Roman'; mso-bidi-font-family: 'Segoe UI'; color: black; mso-fareast-language: ES-MX;\">Sensor \u00f3ptico Mercury.<\/span><\/p>\n<p><!-- [if !supportLists]--><span style=\"font-size: 10.0pt; font-family: Symbol; mso-fareast-font-family: Symbol; mso-bidi-font-family: Symbol; color: black; mso-fareast-language: ES-MX;\">\u00b7<span style=\"font-stretch: normal; font-size: 7pt; font-family: 'Times New Roman';\">\u00a0\u00a0\u00a0\u00a0\u00a0\u00a0\u00a0\u00a0 <\/span><\/span><!--[endif]--><span style=\"font-size: 10.0pt; font-family: 'Verdana','sans-serif'; mso-fareast-font-family: 'Times New Roman'; mso-bidi-font-family: 'Segoe UI'; color: black; mso-fareast-language: ES-MX;\">Comunicaci\u00f3n RS-232, RS-485, 10\/100MB Ethernet TCP\/IP.<\/span><\/p>\n<p><!-- [if !supportLists]--><span style=\"font-size: 10.0pt; font-family: Symbol; mso-fareast-font-family: Symbol; mso-bidi-font-family: Symbol; color: black; mso-fareast-language: ES-MX;\">\u00b7<span style=\"font-stretch: normal; font-size: 7pt; font-family: 'Times New Roman';\">\u00a0\u00a0\u00a0\u00a0\u00a0\u00a0\u00a0\u00a0 <\/span><\/span><!--[endif]--><span style=\"font-size: 10.0pt; font-family: 'Verdana','sans-serif'; mso-fareast-font-family: 'Times New Roman'; mso-bidi-font-family: 'Segoe UI'; color: black; mso-fareast-language: ES-MX;\">Capacidad de huellas digitales: 2000 plantillas.<\/span><\/p>\n<p><!-- [if !supportLists]--><span style=\"font-size: 10.0pt; font-family: Symbol; mso-fareast-font-family: Symbol; mso-bidi-font-family: Symbol; color: black; mso-fareast-language: ES-MX;\">\u00b7<span style=\"font-stretch: normal; font-size: 7pt; font-family: 'Times New Roman';\">\u00a0\u00a0\u00a0\u00a0\u00a0\u00a0\u00a0\u00a0 <\/span><\/span><!--[endif]--><span style=\"font-size: 10.0pt; font-family: 'Verdana','sans-serif'; mso-fareast-font-family: 'Times New Roman'; mso-bidi-font-family: 'Segoe UI'; color: black; mso-fareast-language: ES-MX;\">Registros: 200,000.<\/span><\/p>\n<p><!-- [if !supportLists]--><span style=\"font-size: 10.0pt; font-family: Symbol; mso-fareast-font-family: Symbol; mso-bidi-font-family: Symbol; color: black; mso-fareast-language: ES-MX;\">\u00b7<span style=\"font-stretch: normal; font-size: 7pt; font-family: 'Times New Roman';\">\u00a0\u00a0\u00a0\u00a0\u00a0\u00a0\u00a0\u00a0 <\/span><\/span><!--[endif]--><span style=\"font-size: 10.0pt; font-family: 'Verdana','sans-serif'; mso-fareast-font-family: 'Times New Roman'; mso-bidi-font-family: 'Segoe UI'; color: black; mso-fareast-language: ES-MX;\">Plataforma de Hardware: ZEM500 (Sistema operativo LINUX embebido).<\/span><\/p>\n<p><!-- [if !supportLists]--><span style=\"font-size: 10.0pt; font-family: Symbol; mso-fareast-font-family: Symbol; mso-bidi-font-family: Symbol; color: black; mso-fareast-language: ES-MX;\">\u00b7<span style=\"font-stretch: normal; font-size: 7pt; font-family: 'Times New Roman';\">\u00a0\u00a0\u00a0\u00a0\u00a0\u00a0\u00a0\u00a0 <\/span><\/span><!--[endif]--><span style=\"font-size: 10.0pt; font-family: 'Verdana','sans-serif'; mso-fareast-font-family: 'Times New Roman'; mso-bidi-font-family: 'Segoe UI'; color: black; mso-fareast-language: ES-MX;\">CPU: Microprocesador 32bit ZK6001.<\/span><\/p>\n<p><!-- [if !supportLists]--><span style=\"font-size: 10.0pt; font-family: Symbol; mso-fareast-font-family: Symbol; mso-bidi-font-family: Symbol; color: black; mso-fareast-language: ES-MX;\">\u00b7<span style=\"font-stretch: normal; font-size: 7pt; font-family: 'Times New Roman';\">\u00a0\u00a0\u00a0\u00a0\u00a0\u00a0\u00a0\u00a0 <\/span><\/span><!--[endif]--><span style=\"font-size: 10.0pt; font-family: 'Verdana','sans-serif'; mso-fareast-font-family: 'Times New Roman'; mso-bidi-font-family: 'Segoe UI'; color: black; mso-fareast-language: ES-MX;\">8M de memoria Flash, 32M SDRAM.<\/span><\/p>\n<p><!-- [if !supportLists]--><span style=\"font-size: 10.0pt; font-family: Symbol; mso-fareast-font-family: Symbol; mso-bidi-font-family: Symbol; color: black; mso-fareast-language: ES-MX;\">\u00b7<span style=\"font-stretch: normal; font-size: 7pt; font-family: 'Times New Roman';\">\u00a0\u00a0\u00a0\u00a0\u00a0\u00a0\u00a0\u00a0 <\/span><\/span><!--[endif]--><span style=\"font-size: 10.0pt; font-family: 'Verdana','sans-serif'; mso-fareast-font-family: 'Times New Roman'; mso-bidi-font-family: 'Segoe UI'; color: black; mso-fareast-language: ES-MX;\">Algoritmo: algoritmo ZK Finger versi\u00f3n 9.0.<\/span><\/p>\n<p><!-- [if !supportLists]--><span style=\"font-size: 10.0pt; font-family: Symbol; mso-fareast-font-family: Symbol; mso-bidi-font-family: Symbol; color: black; mso-fareast-language: ES-MX;\">\u00b7<span style=\"font-stretch: normal; font-size: 7pt; font-family: 'Times New Roman';\">\u00a0\u00a0\u00a0\u00a0\u00a0\u00a0\u00a0\u00a0 <\/span><\/span><!--[endif]--><span style=\"font-size: 10.0pt; font-family: 'Verdana','sans-serif'; mso-fareast-font-family: 'Times New Roman'; mso-bidi-font-family: 'Segoe UI'; color: black; mso-fareast-language: ES-MX;\">\u00c1rea de imagen: 292*400 pixeles.<\/span><\/p>\n<p><!-- [if !supportLists]--><span style=\"font-size: 10.0pt; font-family: Symbol; mso-fareast-font-family: Symbol; mso-bidi-font-family: Symbol; color: black; mso-fareast-language: ES-MX;\">\u00b7<span style=\"font-stretch: normal; font-size: 7pt; font-family: 'Times New Roman';\">\u00a0\u00a0\u00a0\u00a0\u00a0\u00a0\u00a0\u00a0 <\/span><\/span><!--[endif]--><span style=\"font-size: 10.0pt; font-family: 'Verdana','sans-serif'; mso-fareast-font-family: 'Times New Roman'; mso-bidi-font-family: 'Segoe UI'; color: black; mso-fareast-language: ES-MX;\">Rotaci\u00f3n de dedo permitida: +\/-180 grados.<\/span><\/p>\n<p><!-- [if !supportLists]--><span style=\"font-size: 10.0pt; font-family: Symbol; mso-fareast-font-family: Symbol; mso-bidi-font-family: Symbol; color: black; mso-fareast-language: ES-MX;\">\u00b7<span style=\"font-stretch: normal; font-size: 7pt; font-family: 'Times New Roman';\">\u00a0\u00a0\u00a0\u00a0\u00a0\u00a0\u00a0\u00a0 <\/span><\/span><!--[endif]--><span style=\"font-size: 10.0pt; font-family: 'Verdana','sans-serif'; mso-fareast-font-family: 'Times New Roman'; mso-bidi-font-family: 'Segoe UI'; color: black; mso-fareast-language: ES-MX;\">Velocidad de identificaci\u00f3n: &lt;=3.<\/span><\/p>\n<p><!-- [if !supportLists]--><span style=\"font-size: 10.0pt; font-family: Symbol; mso-fareast-font-family: Symbol; mso-bidi-font-family: Symbol; color: black; mso-fareast-language: ES-MX;\">\u00b7<span style=\"font-stretch: normal; font-size: 7pt; font-family: 'Times New Roman';\">\u00a0\u00a0\u00a0\u00a0\u00a0\u00a0\u00a0\u00a0 <\/span><\/span><!--[endif]--><span style=\"font-size: 10.0pt; font-family: 'Verdana','sans-serif'; mso-fareast-font-family: 'Times New Roman'; mso-bidi-font-family: 'Segoe UI'; color: black; mso-fareast-language: ES-MX;\">FAR&lt;=0.0001%.<\/span><\/p>\n<p><!-- [if !supportLists]--><span style=\"font-size: 10.0pt; font-family: Symbol; mso-fareast-font-family: Symbol; mso-bidi-font-family: Symbol; color: black; mso-fareast-language: ES-MX;\">\u00b7<span style=\"font-stretch: normal; font-size: 7pt; font-family: 'Times New Roman';\">\u00a0\u00a0\u00a0\u00a0\u00a0\u00a0\u00a0\u00a0 <\/span><\/span><!--[endif]--><span style=\"font-size: 10.0pt; font-family: 'Verdana','sans-serif'; mso-fareast-font-family: 'Times New Roman'; mso-bidi-font-family: 'Segoe UI'; color: black; mso-fareast-language: ES-MX;\">FRR&lt;=1%.<\/span><\/p>\n<p><!-- [if !supportLists]--><span style=\"font-size: 10.0pt; font-family: Symbol; mso-fareast-font-family: Symbol; mso-bidi-font-family: Symbol; color: black; mso-fareast-language: ES-MX;\">\u00b7<span style=\"font-stretch: normal; font-size: 7pt; font-family: 'Times New Roman';\">\u00a0\u00a0\u00a0\u00a0\u00a0\u00a0\u00a0\u00a0 <\/span><\/span><!--[endif]--><span style=\"font-size: 10.0pt; font-family: 'Verdana','sans-serif'; mso-fareast-font-family: 'Times New Roman'; mso-bidi-font-family: 'Segoe UI'; color: black; mso-fareast-language: ES-MX;\">Control de acceso: 5<\/span><\/p>\n","protected":false},"excerpt":{"rendered":"<p>Un solo toque:\u00a0es todo lo que se necesita para registrar el acceso con el\u00a0LA2000ID\u00a0de ZK Software ya que utiliza la tecnolog\u00eda de multiespectro. La\u00a0LA2000ID\u00a0siempre produce im\u00e1genes de alta calidad, en cualquier condici\u00f3n. Todos podemos estar enrolados sin ning\u00fan problema. Confiabilidad: La\u00a0LA2000ID\u00a0cuenta con el m\u00e1s r\u00e1pido algoritmo de ZK y la tecnolog\u00eda de los sensores multiespectrales[&#8230;]<\/p>\n","protected":false},"featured_media":4570,"comment_status":"closed","ping_status":"closed","template":"","meta":[],"product_cat":[120],"product_tag":[],"class_list":["post-3485","product","type-product","status-publish","has-post-thumbnail","hentry","product_cat-relojes-de-huella-digital","pa_marca-zkteco"],"_links":{"self":[{"href":"https:\/\/globalsystem.com.mx\/catalogo\/wp-json\/wp\/v2\/product\/3485","targetHints":{"allow":["GET"]}}],"collection":[{"href":"https:\/\/globalsystem.com.mx\/catalogo\/wp-json\/wp\/v2\/product"}],"about":[{"href":"https:\/\/globalsystem.com.mx\/catalogo\/wp-json\/wp\/v2\/types\/product"}],"replies":[{"embeddable":true,"href":"https:\/\/globalsystem.com.mx\/catalogo\/wp-json\/wp\/v2\/comments?post=3485"}],"version-history":[{"count":3,"href":"https:\/\/globalsystem.com.mx\/catalogo\/wp-json\/wp\/v2\/product\/3485\/revisions"}],"predecessor-version":[{"id":4572,"href":"https:\/\/globalsystem.com.mx\/catalogo\/wp-json\/wp\/v2\/product\/3485\/revisions\/4572"}],"wp:featuredmedia":[{"embeddable":true,"href":"https:\/\/globalsystem.com.mx\/catalogo\/wp-json\/wp\/v2\/media\/4570"}],"wp:attachment":[{"href":"https:\/\/globalsystem.com.mx\/catalogo\/wp-json\/wp\/v2\/media?parent=3485"}],"wp:term":[{"taxonomy":"product_cat","embeddable":true,"href":"https:\/\/globalsystem.com.mx\/catalogo\/wp-json\/wp\/v2\/product_cat?post=3485"},{"taxonomy":"product_tag","embeddable":true,"href":"https:\/\/globalsystem.com.mx\/catalogo\/wp-json\/wp\/v2\/product_tag?post=3485"}],"curies":[{"name":"wp","href":"https:\/\/api.w.org\/{rel}","templated":true}]}}