{"id":3483,"date":"2022-06-03T22:08:25","date_gmt":"2022-06-03T22:08:25","guid":{"rendered":"https:\/\/webs360apps.com\/ismafinal\/product\/zk-tf1700-ctrl-de-acceso-prof-exterior-tarjetas-id-mejorado-3000-huellas-50000-registros-tcpip-usb\/"},"modified":"2022-06-15T04:03:59","modified_gmt":"2022-06-15T04:03:59","slug":"zk-tf1700-ctrl-de-acceso-prof-exterior-tarjetas-id-mejorado-3000-huellas-50000-registros-tcpip-usb","status":"publish","type":"product","link":"https:\/\/globalsystem.com.mx\/catalogo\/zk-tf1700-ctrl-de-acceso-prof-exterior-tarjetas-id-mejorado-3000-huellas-50000-registros-tcpip-usb","title":{"rendered":"TF1700- CONTROL DE ACCESO PROF\/ EXTERIOR\/ TARJETAS ID\/ MEJORADO 3000 HUELLAS\/ 50000 REGISTROS\/ TCPIP\/ USB"},"content":{"rendered":"<p class=\"MsoNormal\" style=\"line-height: normal; background-image: initial; background-attachment: initial; background-size: initial; background-origin: initial; background-clip: initial; background-position: initial; background-repeat: initial;\"><span lang=\"ES\" style=\"font-size: 10.0pt; font-family: 'Verdana','sans-serif'; mso-fareast-font-family: 'Times New Roman'; mso-bidi-font-family: Arial; color: black; mso-ansi-language: ES; mso-fareast-language: ES-MX;\">El TF1700, una\u00a0de las m\u00e1s peque\u00f1as\u00a0terminales\u00a0en el mundo\u00a0para\u00a0huellas digitales basados en conexi\u00f3n ethernet, se\u00a0usa para el control\u00a0de acceso y\u00a0funciones de tiempo\u00a0de asistencia,\u00a0con carcasa\u00a0impermeable\u00a0<strong><span style=\"text-decoration: underline;\">IP65<\/span><\/strong><\/span><\/p>\n<p>\u00a0Con su\u00a0IP65\u00a0resistente y caracter\u00edsticas a prueba de agua, El\u00a0TF1700\u00a0ofrece\u00a0una mayor durabilidad\u00a0en\u00a0todo tipo de condiciones\u00a0meteorol\u00f3gicas, incluidos\u00a0los entornos\u00a0al aire libre. Est\u00e1 especialmente\u00a0dise\u00f1ado\u00a0para aplicaciones aut\u00f3nomas\u00a0como la casa, oficina, tienda, garaje,\u00a0f\u00e1brica\u00a0y otros.<br \/>\n<!-- [if !supportLineBreakNewLine]--><br \/>\n<!--[endif]--><\/p>\n<p class=\"MsoNormal\" style=\"line-height: normal; background-image: initial; background-attachment: initial; background-size: initial; background-origin: initial; background-clip: initial; background-position: initial; background-repeat: initial;\"><span lang=\"ES\" style=\"font-size: 10.0pt; font-family: 'Verdana','sans-serif'; mso-fareast-font-family: 'Times New Roman'; mso-bidi-font-family: Arial; color: black; mso-ansi-language: ES; mso-fareast-language: ES-MX;\">ZK\u00a0La tecnolog\u00eda es\u00a0un fabricante l\u00edder de\u00a0huellas dactilares, reconocimiento\u00a0facial y\u00a0los lectores RFID\u00a0basados,\u00a0utilizado para\u00a0el control de acceso\u00a0y de asistencia\u00a0de aplicaciones.<\/span><\/p>\n<p class=\"MsoNormal\" style=\"line-height: normal; background-image: initial; background-attachment: initial; background-size: initial; background-origin: initial; background-clip: initial; background-position: initial; background-repeat: initial;\"><strong><span lang=\"ES\" style=\"font-size: 10.0pt; font-family: 'Verdana','sans-serif'; mso-fareast-font-family: 'Times New Roman'; mso-bidi-font-family: Arial; color: black; mso-ansi-language: ES; mso-fareast-language: ES-MX;\">Funciones Principales:<\/span><\/strong><\/p>\n<ul type=\"disc\">\n<li class=\"MsoNormal\" style=\"color: black; line-height: normal; background-image: initial; background-attachment: initial; background-size: initial; background-origin: initial; background-clip: initial; background-position: initial; background-repeat: initial;\"><span lang=\"ES\" style=\"font-size: 10.0pt; font-family: 'Verdana','sans-serif'; mso-fareast-font-family: 'Times New Roman'; mso-bidi-font-family: Arial; mso-ansi-language: ES; mso-fareast-language: ES-MX;\">Cuenta con protecci\u00f3n IP65<\/span><\/li>\n<li class=\"MsoNormal\" style=\"color: black; line-height: normal; background-image: initial; background-attachment: initial; background-size: initial; background-origin: initial; background-clip: initial; background-position: initial; background-repeat: initial;\"><span lang=\"ES\" style=\"font-size: 10.0pt; font-family: 'Verdana','sans-serif'; mso-fareast-font-family: 'Times New Roman'; mso-bidi-font-family: Arial; mso-ansi-language: ES; mso-fareast-language: ES-MX;\">Resistente al agua; Herm\u00e9tico<\/span><\/li>\n<li class=\"MsoNormal\" style=\"color: black; line-height: normal; background-image: initial; background-attachment: initial; background-size: initial; background-origin: initial; background-clip: initial; background-position: initial; background-repeat: initial;\"><span lang=\"ES\" style=\"font-size: 10.0pt; font-family: 'Verdana','sans-serif'; mso-fareast-font-family: 'Times New Roman'; mso-bidi-font-family: Arial; mso-ansi-language: ES; mso-fareast-language: ES-MX;\">Cuenta con algoritmo VX10 de huella digital<\/span><\/li>\n<li class=\"MsoNormal\" style=\"color: black; line-height: normal; background-image: initial; background-attachment: initial; background-size: initial; background-origin: initial; background-clip: initial; background-position: initial; background-repeat: initial;\"><span lang=\"ES\" style=\"font-size: 10.0pt; font-family: 'Verdana','sans-serif'; mso-fareast-font-family: 'Times New Roman'; mso-bidi-font-family: Arial; mso-ansi-language: ES; mso-fareast-language: ES-MX;\">Dise\u00f1o delgado para instalaci\u00f3n r\u00e1pida<\/span><\/li>\n<li class=\"MsoNormal\" style=\"color: black; line-height: normal; background-image: initial; background-attachment: initial; background-size: initial; background-origin: initial; background-clip: initial; background-position: initial; background-repeat: initial;\"><span lang=\"ES\" style=\"font-size: 10.0pt; font-family: 'Verdana','sans-serif'; mso-fareast-font-family: 'Times New Roman'; mso-bidi-font-family: Arial; mso-ansi-language: ES; mso-fareast-language: ES-MX;\">Comunicaci\u00f3n TCP\/IP<\/span><\/li>\n<\/ul>\n<p class=\"MsoNormal\" style=\"margin-bottom: 5.75pt; line-height: 10.35pt; background-image: initial; background-attachment: initial; background-size: initial; background-origin: initial; background-clip: initial; background-position: initial; background-repeat: initial;\"><span class=\"hps\"><span style=\"font-size: 10pt; font-family: Verdana, sans-serif; color: black; background-image: initial; background-attachment: initial; background-size: initial; background-origin: initial; background-clip: initial; background-position: initial; background-repeat: initial;\">ZKTeco<\/span><\/span><span style=\"font-size: 10pt; font-family: Verdana, sans-serif; color: black; background-image: initial; background-attachment: initial; background-size: initial; background-origin: initial; background-clip: initial; background-position: initial; background-repeat: initial;\">, una marca<span class=\"hps\">de Tecnolog\u00eda de<\/span><span class=\"hps\">ZK<\/span><span class=\"hps\">para<\/span><span class=\"hps\">control de acceso f\u00edsico<\/span><span class=\"hps\">y c\u00e1maras de seguridad<\/span>, representan la<span class=\"hps\">m\u00e1s avanzada<\/span><span class=\"hps\">y el estado de<\/span><span class=\"hps\">las soluciones m\u00e1s avanzadas<\/span><span class=\"hps\">para el control de<\/span><span class=\"hps\">acceso<\/span>, el control de<span class=\"hps\">la vinculaci\u00f3n<\/span><span class=\"hps\">de gesti\u00f3n de visitantes<\/span>, el aparcamiento,<span class=\"hps\">control de ascensores<\/span>,<span class=\"hps\">el acceso de veh\u00edculos<\/span>,<span class=\"hps\">y la alarma<\/span>, etc.<\/span><\/p>\n<p style=\"background-image: initial; background-attachment: initial; background-size: initial; background-origin: initial; background-clip: initial; background-position: initial; background-repeat: initial;\"><strong><span lang=\"ES\" style=\"font-size: 10.0pt; font-family: 'Verdana','sans-serif'; mso-bidi-font-family: Arial; color: black; mso-ansi-language: ES;\">Que necesit\u00f3 para que mi equipo funcione:<\/span><\/strong><\/p>\n<ul type=\"disc\">\n<li class=\"MsoNormal\" style=\"color: black; line-height: normal; background-image: initial; background-attachment: initial; background-size: initial; background-origin: initial; background-clip: initial; background-position: initial; background-repeat: initial;\"><span style=\"font-size: 10.0pt; font-family: 'Verdana','sans-serif'; mso-bidi-font-family: Arial;\">Fuente de poder 12v m\u00ednimo 3.0 Amper\u00a0 <\/span><\/li>\n<li class=\"MsoNormal\" style=\"color: black; line-height: normal; background-image: initial; background-attachment: initial; background-size: initial; background-origin: initial; background-clip: initial; background-position: initial; background-repeat: initial;\"><span style=\"font-size: 10.0pt; font-family: 'Verdana','sans-serif'; mso-bidi-font-family: Arial;\">Bot\u00f3n liberador Normalmente abierto\u00a0 <\/span><\/li>\n<li class=\"MsoNormal\" style=\"color: black; line-height: normal; background-image: initial; background-attachment: initial; background-size: initial; background-origin: initial; background-clip: initial; background-position: initial; background-repeat: initial;\"><span style=\"font-size: 10.0pt; font-family: 'Verdana','sans-serif'; mso-bidi-font-family: Arial;\">Contrachapa magn\u00e9tica\u00a0 <\/span><\/li>\n<li class=\"MsoNormal\" style=\"color: black; line-height: normal; background-image: initial; background-attachment: initial; background-size: initial; background-origin: initial; background-clip: initial; background-position: initial; background-repeat: initial;\"><span style=\"font-size: 10.0pt; font-family: 'Verdana','sans-serif'; mso-bidi-font-family: Arial;\">Contrachapa el\u00e9ctrica\u00a0 <\/span><\/li>\n<li class=\"MsoNormal\" style=\"color: black; line-height: normal; background-image: initial; background-attachment: initial; background-size: initial; background-origin: initial; background-clip: initial; background-position: initial; background-repeat: initial;\"><span style=\"font-size: 10.0pt; font-family: 'Verdana','sans-serif'; mso-bidi-font-family: Arial;\">UPS 12v<\/span><\/li>\n<\/ul>\n<p class=\"MsoNormal\" style=\"margin-bottom: 5.75pt; line-height: 10.35pt; background-image: initial; background-attachment: initial; background-size: initial; background-origin: initial; background-clip: initial; background-position: initial; background-repeat: initial;\"><strong><span style=\"font-size: 10pt; font-family: Verdana, sans-serif;\">Precios expresados en d\u00f3lares americanos pagaderos al tipo de cambio del d\u00eda de la compra y facturaci\u00f3n.<\/span><\/strong><\/p>\n<p class=\"MsoNormal\" style=\"margin-bottom: 5.75pt; line-height: 10.35pt; background-image: initial; background-attachment: initial; background-size: initial; background-origin: initial; background-clip: initial; background-position: initial; background-repeat: initial;\"><span style=\"font-size: 10pt; font-family: Verdana, sans-serif;\">Pago: Anticipado v\u00eda transferencia \u00f3 dep\u00f3sito bancario.<\/span><\/p>\n<p class=\"MsoNormal\" style=\"margin-bottom: 5.75pt; line-height: 10.35pt; background-image: initial; background-attachment: initial; background-size: initial; background-origin: initial; background-clip: initial; background-position: initial; background-repeat: initial;\"><span style=\"font-size: 10pt; font-family: Verdana, sans-serif;\">Tiempo de entrega: Inmediata o dependiendo existencias.<\/span><\/p>\n<p class=\"MsoNormal\" style=\"margin-bottom: 5.75pt; line-height: 10.35pt; background-image: initial; background-attachment: initial; background-size: initial; background-origin: initial; background-clip: initial; background-position: initial; background-repeat: initial;\"><span style=\"font-size: 10pt; font-family: Verdana, sans-serif;\">Garant\u00eda de: 1 a\u00f1o por defectos de fabricaci\u00f3n.<\/span><\/p>\n<p class=\"MsoNormal\" style=\"margin-bottom: 5.75pt; line-height: 10.35pt; background-image: initial; background-attachment: initial; background-size: initial; background-origin: initial; background-clip: initial; background-position: initial; background-repeat: initial;\"><span style=\"font-size: 10pt; font-family: Verdana, sans-serif;\">No incluye instalaci\u00f3n, canalizaci\u00f3n, ni obra civil, en caso de requerir por favor contacte al depto. de ventas.<\/span><\/p>\n<p class=\"MsoNormal\" style=\"margin-bottom: 5.75pt; line-height: 10.35pt; background-image: initial; background-attachment: initial; background-size: initial; background-origin: initial; background-clip: initial; background-position: initial; background-repeat: initial;\"><span style=\"font-size: 10pt; font-family: Verdana, sans-serif;\">Para consultar existencias, precios sobre la transportaci\u00f3n y\/o\u00a0 los vi\u00e1ticos,\u00a0por favor contacte con nosotros.<\/span><\/p>\n<p class=\"MsoNormal\" style=\"margin-bottom: 5.75pt; line-height: 10.35pt; background-image: initial; background-attachment: initial; background-size: initial; background-origin: initial; background-clip: initial; background-position: initial; background-repeat: initial;\"><span style=\"font-size: 10pt; font-family: Verdana, sans-serif;\">Precios sujetos a cambio sin previo aviso.<\/span><\/p>\n<p>&nbsp;<\/p>\n<p class=\"MsoNormal\" style=\"margin-bottom: 5.75pt; line-height: 10.35pt; background-image: initial; background-attachment: initial; background-size: initial; background-origin: initial; background-clip: initial; background-position: initial; background-repeat: initial;\"><span style=\"font-size: 10pt; font-family: Verdana, sans-serif;\">Cualquier duda adicional, consulte a su ejecutivo de ventas.\u00a0<\/span><\/p>\n","protected":false},"excerpt":{"rendered":"<p>El TF1700, una\u00a0de las m\u00e1s peque\u00f1as\u00a0terminales\u00a0en el mundo\u00a0para\u00a0huellas digitales basados en conexi\u00f3n ethernet, se\u00a0usa para el control\u00a0de acceso y\u00a0funciones de tiempo\u00a0de asistencia,\u00a0con carcasa\u00a0impermeable\u00a0IP65 \u00a0Con su\u00a0IP65\u00a0resistente y caracter\u00edsticas a prueba de agua, El\u00a0TF1700\u00a0ofrece\u00a0una mayor durabilidad\u00a0en\u00a0todo tipo de condiciones\u00a0meteorol\u00f3gicas, incluidos\u00a0los entornos\u00a0al aire libre. Est\u00e1 especialmente\u00a0dise\u00f1ado\u00a0para aplicaciones aut\u00f3nomas\u00a0como la casa, oficina, tienda, garaje,\u00a0f\u00e1brica\u00a0y otros. ZK\u00a0La tecnolog\u00eda es\u00a0un fabricante[&#8230;]<\/p>\n","protected":false},"featured_media":4263,"comment_status":"closed","ping_status":"closed","template":"","meta":[],"product_cat":[110,120],"product_tag":[],"class_list":["post-3483","product","type-product","status-publish","has-post-thumbnail","hentry","product_cat-control-de-acceso","product_cat-relojes-de-huella-digital","pa_marca-zkteco"],"_links":{"self":[{"href":"https:\/\/globalsystem.com.mx\/catalogo\/wp-json\/wp\/v2\/product\/3483","targetHints":{"allow":["GET"]}}],"collection":[{"href":"https:\/\/globalsystem.com.mx\/catalogo\/wp-json\/wp\/v2\/product"}],"about":[{"href":"https:\/\/globalsystem.com.mx\/catalogo\/wp-json\/wp\/v2\/types\/product"}],"replies":[{"embeddable":true,"href":"https:\/\/globalsystem.com.mx\/catalogo\/wp-json\/wp\/v2\/comments?post=3483"}],"version-history":[{"count":4,"href":"https:\/\/globalsystem.com.mx\/catalogo\/wp-json\/wp\/v2\/product\/3483\/revisions"}],"predecessor-version":[{"id":4265,"href":"https:\/\/globalsystem.com.mx\/catalogo\/wp-json\/wp\/v2\/product\/3483\/revisions\/4265"}],"wp:featuredmedia":[{"embeddable":true,"href":"https:\/\/globalsystem.com.mx\/catalogo\/wp-json\/wp\/v2\/media\/4263"}],"wp:attachment":[{"href":"https:\/\/globalsystem.com.mx\/catalogo\/wp-json\/wp\/v2\/media?parent=3483"}],"wp:term":[{"taxonomy":"product_cat","embeddable":true,"href":"https:\/\/globalsystem.com.mx\/catalogo\/wp-json\/wp\/v2\/product_cat?post=3483"},{"taxonomy":"product_tag","embeddable":true,"href":"https:\/\/globalsystem.com.mx\/catalogo\/wp-json\/wp\/v2\/product_tag?post=3483"}],"curies":[{"name":"wp","href":"https:\/\/api.w.org\/{rel}","templated":true}]}}