{"id":3473,"date":"2022-06-03T22:08:25","date_gmt":"2022-06-03T22:08:25","guid":{"rendered":"https:\/\/webs360apps.com\/ismafinal\/product\/zk-iclock880-ctrl-de-acceso-profesional-mejorado-camara-ahora-50000-huellas-800000-reg-tcpip-usb-bateria\/"},"modified":"2022-06-15T04:06:05","modified_gmt":"2022-06-15T04:06:05","slug":"zk-iclock880-ctrl-de-acceso-profesional-mejorado-camara-ahora-50000-huellas-800000-reg-tcpip-usb-bateria","status":"publish","type":"product","link":"https:\/\/globalsystem.com.mx\/catalogo\/zk-iclock880-ctrl-de-acceso-profesional-mejorado-camara-ahora-50000-huellas-800000-reg-tcpip-usb-bateria","title":{"rendered":"ZK ICLOCK880 &#8211; CTRL DE ACCESO PROFESIONAL MEJORADO\/ CAMARA\/ AHORA 50000 HUELLAS\/ 800000 REG\/ TCPIP\/ USB\/ BATERIA"},"content":{"rendered":"<p class=\"MsoNormal\" style=\"line-height: normal; background-image: initial; background-attachment: initial; background-size: initial; background-origin: initial; background-clip: initial; background-position: initial; background-repeat: initial;\"><span style=\"font-size: 10.0pt; font-family: 'Verdana','sans-serif'; mso-fareast-font-family: 'Times New Roman'; mso-bidi-font-family: Arial; color: black; mso-fareast-language: ES-MX;\">El iClock880 es un equipo biom\u00e9trico de control de acceso y asistencia que adopta la \u00faltima tecnolog\u00eda de ZK con su nueva tarjeta ZEM600 la cual incluye su nuevo algoritmo versi\u00f3n 10 que mejora la velocidad de identificaci\u00f3n . El iClock880 es capaz de manejar hasta 50,000 plantillas de huellas en un tiempo de 1.5 segundos (con m\u00e9todo de identificaci\u00f3n 1:N). El iClock880 cuenta con un sensor de huellas \u00f3ptico que provee alto rendimiento y una alta calidad de imagen. El patentado sensor \u00f3ptico es resistente a ralladuras, golpes de bajo impacto, vibraciones y descargas est\u00e1ticas.<\/span><\/p>\n<p class=\"MsoNormal\" style=\"line-height: normal; background-image: initial; background-attachment: initial; background-size: initial; background-origin: initial; background-clip: initial; background-position: initial; background-repeat: initial;\"><span style=\"font-size: 10.0pt; font-family: 'Verdana','sans-serif'; mso-fareast-font-family: 'Times New Roman'; mso-bidi-font-family: Arial; color: black; mso-fareast-language: ES-MX;\">Debido a su plataforma com\u00fan de desarrollo, los usuarios tendr\u00e1n la posibilidad de utilizar el iClock880 con cualquier lector ZK sin necesidad de enrolar nuevamente sus huellas (necesitar\u00e1 tener la misma versi\u00f3n de algoritmo en ambos equipos). El iClock880 puede ser utilizado con distintos m\u00e9todos de verificaci\u00f3n como lo es por huella, por contrase\u00f1a \u00f3 por tarjeta de proximidad (con funci\u00f3n de tarjeta se debe mandar pedir de f\u00e1brica).<\/span><\/p>\n<p class=\"MsoNormal\" style=\"line-height: normal; background-image: initial; background-attachment: initial; background-size: initial; background-origin: initial; background-clip: initial; background-position: initial; background-repeat: initial;\"><span style=\"font-size: 10.0pt; font-family: 'Verdana','sans-serif'; mso-fareast-font-family: 'Times New Roman'; mso-bidi-font-family: Arial; color: black; mso-fareast-language: ES-MX;\">El iClock880 cuenta con una c\u00e1mara y una pantalla a color TFT de 3.5&#8243; (pulgadas), gracias a esto el iClock880 es capaz de mostrar im\u00e1genes de fondo e im\u00e1genes de usuario en su pantalla. El iClock880 cuenta con una comunicaci\u00f3n TCP-IP, RS232\/485, tambi\u00e9n cuenta con puerto USB para la carga y descarga de informaci\u00f3n, 8 teclas de funci\u00f3n, m\u00e9todo de entrada T9 y conectividad de control de acceso para comunicaci\u00f3n Wiegand, conexi\u00f3n de contrachapas, alarma y bot\u00f3n liberador de puerta.<\/span><\/p>\n<p class=\"MsoNormal\" style=\"line-height: normal; background-image: initial; background-attachment: initial; background-size: initial; background-origin: initial; background-clip: initial; background-position: initial; background-repeat: initial;\"><strong><span lang=\"ES\" style=\"font-size: 10.0pt; font-family: 'Verdana','sans-serif'; mso-fareast-font-family: 'Times New Roman'; mso-bidi-font-family: Arial; color: black; mso-ansi-language: ES; mso-fareast-language: ES-MX;\">Funciones Principales:<\/span><\/strong><\/p>\n<ul type=\"disc\">\n<li class=\"MsoNormal\" style=\"color: black; line-height: normal; background-image: initial; background-attachment: initial; background-size: initial; background-origin: initial; background-clip: initial; background-position: initial; background-repeat: initial;\"><span style=\"font-size: 10.0pt; font-family: 'Verdana','sans-serif'; mso-fareast-font-family: 'Times New Roman'; mso-bidi-font-family: Arial; mso-fareast-language: ES-MX;\">Almacenamiento de huellas digitales para control de asistencia (50000 huellas digitales)<\/span><\/li>\n<li class=\"MsoNormal\" style=\"color: black; line-height: normal; background-image: initial; background-attachment: initial; background-size: initial; background-origin: initial; background-clip: initial; background-position: initial; background-repeat: initial;\"><span style=\"font-size: 10.0pt; font-family: 'Verdana','sans-serif'; mso-fareast-font-family: 'Times New Roman'; mso-bidi-font-family: Arial; mso-fareast-language: ES-MX;\">Conexion TCP\/IP para transferencia de huellas, registros y conexion con el software principal<\/span><\/li>\n<li class=\"MsoNormal\" style=\"color: black; line-height: normal; background-image: initial; background-attachment: initial; background-size: initial; background-origin: initial; background-clip: initial; background-position: initial; background-repeat: initial;\"><span style=\"font-size: 10.0pt; font-family: 'Verdana','sans-serif'; mso-fareast-font-family: 'Times New Roman'; mso-bidi-font-family: Arial; mso-fareast-language: ES-MX;\">Creaci\u00f3n de reportes de asistencia mediante el Software principal incluido en el dispositivo<\/span><\/li>\n<li class=\"MsoNormal\" style=\"color: black; line-height: normal; background-image: initial; background-attachment: initial; background-size: initial; background-origin: initial; background-clip: initial; background-position: initial; background-repeat: initial;\"><span style=\"font-size: 10.0pt; font-family: 'Verdana','sans-serif'; mso-fareast-font-family: 'Times New Roman'; mso-bidi-font-family: Arial; mso-fareast-language: ES-MX;\">Funci\u00f3n de reloj<\/span><\/li>\n<li class=\"MsoNormal\" style=\"color: black; line-height: normal; background-image: initial; background-attachment: initial; background-size: initial; background-origin: initial; background-clip: initial; background-position: initial; background-repeat: initial;\"><span style=\"font-size: 10.0pt; font-family: 'Verdana','sans-serif'; mso-fareast-font-family: 'Times New Roman'; mso-bidi-font-family: Arial; mso-fareast-language: ES-MX;\">M\u00e1xima distancia de conexion 90m con cable UTP para conexion por red<\/span><\/li>\n<\/ul>\n<p class=\"arial10\" style=\"background-image: initial; background-attachment: initial; background-size: initial; background-origin: initial; background-clip: initial; background-position: initial; background-repeat: initial;\"><strong><span style=\"font-size: 10.0pt; font-family: 'Verdana','sans-serif'; mso-bidi-font-family: Arial; color: black;\">Que necesito para que mi equipo funcione:<\/span><\/strong><\/p>\n<ul type=\"disc\">\n<li class=\"MsoNormal\" style=\"color: black; line-height: normal; background-image: initial; background-attachment: initial; background-size: initial; background-origin: initial; background-clip: initial; background-position: initial; background-repeat: initial;\"><span style=\"font-size: 10.0pt; font-family: 'Verdana','sans-serif'; mso-bidi-font-family: Arial;\">Fuente de poder 12v\u00a0<span style=\"border: none windowtext 1.0pt; mso-border-alt: none windowtext 0cm; padding: 0cm;\">(Incluida)<\/span><\/span><\/li>\n<li class=\"MsoNormal\" style=\"color: black; line-height: normal; background-image: initial; background-attachment: initial; background-size: initial; background-origin: initial; background-clip: initial; background-position: initial; background-repeat: initial;\"><span style=\"font-size: 10.0pt; font-family: 'Verdana','sans-serif'; mso-bidi-font-family: Arial;\">Cable UTP (cuando se ocupe una distancia muy larga) <\/span><\/li>\n<\/ul>\n<p class=\"MsoNormal\" style=\"margin-bottom: 0.0001pt; text-align: center; background-image: initial; background-attachment: initial; background-size: initial; background-origin: initial; background-clip: initial; background-position: initial; background-repeat: initial;\" align=\"center\">\n<p class=\"arial10\" style=\"background-image: initial; background-attachment: initial; background-size: initial; background-origin: initial; background-clip: initial; background-position: initial; background-repeat: initial;\"><strong><span style=\"font-size: 10.0pt; font-family: 'Verdana','sans-serif'; mso-bidi-font-family: Arial; color: black;\">Principales caracter\u00edsticas:<\/span><\/strong><\/p>\n<ul type=\"disc\">\n<li class=\"MsoNormal\" style=\"color: black; line-height: normal; background-image: initial; background-attachment: initial; background-size: initial; background-origin: initial; background-clip: initial; background-position: initial; background-repeat: initial;\"><span style=\"font-size: 10.0pt; font-family: 'Verdana','sans-serif'; mso-bidi-font-family: Arial;\">Equipo multimedia.<\/span><\/li>\n<li class=\"MsoNormal\" style=\"color: black; line-height: normal; background-image: initial; background-attachment: initial; background-size: initial; background-origin: initial; background-clip: initial; background-position: initial; background-repeat: initial;\"><span style=\"font-size: 10.0pt; font-family: 'Verdana','sans-serif'; mso-bidi-font-family: Arial;\">Capacidad de hasta 50,000 huellas.<\/span><\/li>\n<li class=\"MsoNormal\" style=\"color: black; line-height: normal; background-image: initial; background-attachment: initial; background-size: initial; background-origin: initial; background-clip: initial; background-position: initial; background-repeat: initial;\"><span style=\"font-size: 10.0pt; font-family: 'Verdana','sans-serif'; mso-bidi-font-family: Arial;\">Capacidad de hasta 800,000 registros de asistencia.<\/span><\/li>\n<li class=\"MsoNormal\" style=\"color: black; line-height: normal; background-image: initial; background-attachment: initial; background-size: initial; background-origin: initial; background-clip: initial; background-position: initial; background-repeat: initial;\"><span style=\"font-size: 10.0pt; font-family: 'Verdana','sans-serif'; mso-bidi-font-family: Arial;\">Soporta c\u00e1mara interna y fotos de usuario.<\/span><\/li>\n<li class=\"MsoNormal\" style=\"color: black; line-height: normal; background-image: initial; background-attachment: initial; background-size: initial; background-origin: initial; background-clip: initial; background-position: initial; background-repeat: initial;\"><span style=\"font-size: 10.0pt; font-family: 'Verdana','sans-serif'; mso-bidi-font-family: Arial;\">Funciones de control de asistencia.<\/span><\/li>\n<li class=\"MsoNormal\" style=\"color: black; line-height: normal; background-image: initial; background-attachment: initial; background-size: initial; background-origin: initial; background-clip: initial; background-position: initial; background-repeat: initial;\"><span style=\"font-size: 10.0pt; font-family: 'Verdana','sans-serif'; mso-bidi-font-family: Arial;\">Algoritmo versi\u00f3n 10.<\/span><\/li>\n<li class=\"MsoNormal\" style=\"color: black; line-height: normal; background-image: initial; background-attachment: initial; background-size: initial; background-origin: initial; background-clip: initial; background-position: initial; background-repeat: initial;\"><span style=\"font-size: 10.0pt; font-family: 'Verdana','sans-serif'; mso-bidi-font-family: Arial;\">Plataforma de hardware ZEM600.<\/span><\/li>\n<li class=\"MsoNormal\" style=\"color: black; line-height: normal; background-image: initial; background-attachment: initial; background-size: initial; background-origin: initial; background-clip: initial; background-position: initial; background-repeat: initial;\"><span style=\"font-size: 10.0pt; font-family: 'Verdana','sans-serif'; mso-bidi-font-family: Arial;\">Sensor \u00f3ptico ZK.<\/span><\/li>\n<\/ul>\n<p><span style=\"font-size: 10.0pt; font-family: 'Verdana','sans-serif'; mso-fareast-font-family: Calibri; mso-fareast-theme-font: minor-latin; mso-bidi-font-family: Arial; color: black; mso-ansi-language: ES-MX; mso-fareast-language: EN-US; mso-bidi-language: AR-SA;\">Bater\u00eda de respaldo incluida.<\/span><\/p>\n<p class=\"MsoNormal\" style=\"margin-bottom: 5.75pt; line-height: 10.35pt; background-image: initial; background-attachment: initial; background-size: initial; background-origin: initial; background-clip: initial; background-position: initial; background-repeat: initial;\"><strong><span style=\"font-size: 10pt; font-family: Verdana, sans-serif;\">Precios expresados en d\u00f3lares americanos pagaderos al tipo de cambio del d\u00eda de la compra y facturaci\u00f3n.<\/span><\/strong><\/p>\n<p class=\"MsoNormal\" style=\"margin-bottom: 5.75pt; line-height: 10.35pt; background-image: initial; background-attachment: initial; background-size: initial; background-origin: initial; background-clip: initial; background-position: initial; background-repeat: initial;\"><span style=\"font-size: 10pt; font-family: Verdana, sans-serif;\">Pago: Anticipado v\u00eda transferencia \u00f3 dep\u00f3sito bancario.<\/span><\/p>\n<p class=\"MsoNormal\" style=\"margin-bottom: 5.75pt; line-height: 10.35pt; background-image: initial; background-attachment: initial; background-size: initial; background-origin: initial; background-clip: initial; background-position: initial; background-repeat: initial;\"><span style=\"font-size: 10pt; font-family: Verdana, sans-serif;\">Tiempo de entrega: Inmediata o dependiendo existencias.<\/span><\/p>\n<p class=\"MsoNormal\" style=\"margin-bottom: 5.75pt; line-height: 10.35pt; background-image: initial; background-attachment: initial; background-size: initial; background-origin: initial; background-clip: initial; background-position: initial; background-repeat: initial;\"><span style=\"font-size: 10pt; font-family: Verdana, sans-serif;\">Garant\u00eda de: 1 a\u00f1o por defectos de fabricaci\u00f3n.<\/span><\/p>\n<p class=\"MsoNormal\" style=\"margin-bottom: 5.75pt; line-height: 10.35pt; background-image: initial; background-attachment: initial; background-size: initial; background-origin: initial; background-clip: initial; background-position: initial; background-repeat: initial;\"><span style=\"font-size: 10pt; font-family: Verdana, sans-serif;\">No incluye instalaci\u00f3n, canalizaci\u00f3n, ni obra civil, en caso de requerir por favor contacte al depto. de ventas.<\/span><\/p>\n<p class=\"MsoNormal\" style=\"margin-bottom: 5.75pt; line-height: 10.35pt; background-image: initial; background-attachment: initial; background-size: initial; background-origin: initial; background-clip: initial; background-position: initial; background-repeat: initial;\"><span style=\"font-size: 10pt; font-family: Verdana, sans-serif;\">Para consultar existencias, precios sobre la transportaci\u00f3n y\/o\u00a0 los vi\u00e1ticos,\u00a0por favor contacte con nosotros.<\/span><\/p>\n<p class=\"MsoNormal\" style=\"margin-bottom: 5.75pt; line-height: 10.35pt; background-image: initial; background-attachment: initial; background-size: initial; background-origin: initial; background-clip: initial; background-position: initial; background-repeat: initial;\"><span style=\"font-size: 10pt; font-family: Verdana, sans-serif;\">Precios sujetos a cambio sin previo aviso.<\/span><\/p>\n<p>&nbsp;<\/p>\n<p class=\"MsoNormal\" style=\"margin-bottom: 5.75pt; line-height: 10.35pt; background-image: initial; background-attachment: initial; background-size: initial; background-origin: initial; background-clip: initial; background-position: initial; background-repeat: initial;\"><span style=\"font-size: 10pt; font-family: Verdana, sans-serif;\">Cualquier duda adicional, consulte a su ejecutivo de ventas.<\/span><\/p>\n<p class=\"MsoNormal\" style=\"margin-bottom: 5.75pt; line-height: 10.35pt; background-image: initial; background-attachment: initial; background-size: initial; background-origin: initial; background-clip: initial; background-position: initial; background-repeat: initial;\">\n<p class=\"MsoNormal\" style=\"margin-bottom: 5.75pt; line-height: 10.35pt; background-image: initial; background-attachment: initial; background-size: initial; background-origin: initial; background-clip: initial; background-position: initial; background-repeat: initial;\">\n<p class=\"MsoNormal\" style=\"margin-bottom: 5.75pt; line-height: 10.35pt; background-image: initial; background-attachment: initial; background-size: initial; background-origin: initial; background-clip: initial; background-position: initial; background-repeat: initial;\">\n<p class=\"MsoNormal\" style=\"margin-bottom: 5.75pt; line-height: 10.35pt; background-image: initial; background-attachment: initial; background-size: initial; background-origin: initial; background-clip: initial; background-position: initial; background-repeat: initial;\">\n<p class=\"MsoNormal\" style=\"margin-bottom: 5.75pt; line-height: 10.35pt; background-image: initial; background-attachment: initial; background-size: initial; background-origin: initial; background-clip: initial; background-position: initial; background-repeat: initial;\">\n<p class=\"MsoNormal\" style=\"margin-bottom: 5.75pt; line-height: 10.35pt; background-image: initial; background-attachment: initial; background-size: initial; background-origin: initial; background-clip: initial; background-position: initial; background-repeat: initial;\">\n","protected":false},"excerpt":{"rendered":"<p>El iClock880 es un equipo biom\u00e9trico de control de acceso y asistencia que adopta la \u00faltima tecnolog\u00eda de ZK con su nueva tarjeta ZEM600 la cual incluye su nuevo algoritmo versi\u00f3n 10 que mejora la velocidad de identificaci\u00f3n . El iClock880 es capaz de manejar hasta 50,000 plantillas de huellas en un tiempo de 1.5[&#8230;]<\/p>\n","protected":false},"featured_media":4566,"comment_status":"closed","ping_status":"closed","template":"","meta":[],"product_cat":[120],"product_tag":[],"class_list":["post-3473","product","type-product","status-publish","has-post-thumbnail","hentry","product_cat-relojes-de-huella-digital","pa_marca-zkteco"],"_links":{"self":[{"href":"https:\/\/globalsystem.com.mx\/catalogo\/wp-json\/wp\/v2\/product\/3473","targetHints":{"allow":["GET"]}}],"collection":[{"href":"https:\/\/globalsystem.com.mx\/catalogo\/wp-json\/wp\/v2\/product"}],"about":[{"href":"https:\/\/globalsystem.com.mx\/catalogo\/wp-json\/wp\/v2\/types\/product"}],"replies":[{"embeddable":true,"href":"https:\/\/globalsystem.com.mx\/catalogo\/wp-json\/wp\/v2\/comments?post=3473"}],"version-history":[{"count":3,"href":"https:\/\/globalsystem.com.mx\/catalogo\/wp-json\/wp\/v2\/product\/3473\/revisions"}],"predecessor-version":[{"id":4580,"href":"https:\/\/globalsystem.com.mx\/catalogo\/wp-json\/wp\/v2\/product\/3473\/revisions\/4580"}],"wp:featuredmedia":[{"embeddable":true,"href":"https:\/\/globalsystem.com.mx\/catalogo\/wp-json\/wp\/v2\/media\/4566"}],"wp:attachment":[{"href":"https:\/\/globalsystem.com.mx\/catalogo\/wp-json\/wp\/v2\/media?parent=3473"}],"wp:term":[{"taxonomy":"product_cat","embeddable":true,"href":"https:\/\/globalsystem.com.mx\/catalogo\/wp-json\/wp\/v2\/product_cat?post=3473"},{"taxonomy":"product_tag","embeddable":true,"href":"https:\/\/globalsystem.com.mx\/catalogo\/wp-json\/wp\/v2\/product_tag?post=3473"}],"curies":[{"name":"wp","href":"https:\/\/api.w.org\/{rel}","templated":true}]}}