{"id":3469,"date":"2022-06-03T22:08:25","date_gmt":"2022-06-03T22:08:25","guid":{"rendered":"https:\/\/webs360apps.com\/ismafinal\/product\/panel-controlador-de-accesos-marca-rosslare-modelo-ac-225-ac-225ip\/"},"modified":"2022-06-13T02:12:04","modified_gmt":"2022-06-13T02:12:04","slug":"panel-controlador-de-accesos-marca-rosslare-modelo-ac-225-ac-225ip","status":"publish","type":"product","link":"https:\/\/globalsystem.com.mx\/catalogo\/panel-controlador-de-accesos-marca-rosslare-modelo-ac-225-ac-225ip","title":{"rendered":"AC-225, AC-225IP Panel controlador de accesos marca Rosslare"},"content":{"rendered":"<p><strong><span style=\"font-size: 14pt; font-family: 'Times New Roman', serif;\">Panel para control de accesos Vehiculares y peatonales AC-225, AC 225IP marca Rosslare<\/span><\/strong><\/p>\n<p><span style=\"font-size: 14pt; font-family: 'Times New Roman', serif;\">El AC-225 ha sido dise\u00f1ado para aplicaciones de hasta 30,000 usuarios a trav\u00e9s de 2,000 puertas, permitiendo una m\u00e1xima flexibilidad para la seguridad de una empresa en crecimiento.<\/span><\/p>\n<p><span style=\"font-size: 14pt; font-family: 'Times New Roman', serif;\">Cada Unidad de Control de Acceso (ACU, por sus siglas en ingl\u00e9s) AC-225 soporta hasta dos lectores de varios formatos incluyendo Wiegand 26 bits est\u00e1ndar.<\/span><\/p>\n<p><span style=\"font-size: 14pt; font-family: 'Times New Roman', serif;\">El AC-225 est\u00e1 integrado en un gabinete met\u00e1lico con cerradura que incluye: transformador, fuente de alimentaci\u00f3n, cargador, bocina y unidad de control; viene preparado para ser montado en la pared.<\/span><\/p>\n<p><span style=\"font-size: 14pt; font-family: 'Times New Roman', serif;\">El AS-225 es el software de administraci\u00f3n cliente\/servidor que funciona en Microsoft Windows 2000\/XP; m\u00faltiples controladores o subredes remotas se pueden conectar al AS-225 mediante adaptadores RS-232, Ethernet TCP\/IP y M\u00f3dem.<\/span><\/p>\n<p><span style=\"font-size: 14pt; font-family: 'Times New Roman', serif;\">Caracter\u00edsticas:<\/span><\/p>\n<p><span style=\"font-size: 14pt; font-family: 'Times New Roman', serif;\">Hasta 30,000 usuarios con derecho de acceso por cada panel, a trav\u00e9s de 2,000 puertas en un sistema.<\/span><\/p>\n<p><span style=\"font-size: 14pt; font-family: 'Times New Roman', serif;\">20,000 registros de eventos de historial, cuando no est\u00e1 en l\u00ednea.<\/span><\/p>\n<p><span style=\"font-size: 14pt; font-family: 'Times New Roman', serif;\">Interconexiones l\u00f3gicas de entradas, salidas y lectores.<\/span><\/p>\n<p><span style=\"font-size: 14pt; font-family: 'Times New Roman', serif;\">4 entradas, 4 salidas, hasta 12 entradas y 8 salidas con expansi\u00f3n MD-IO84.<\/span><\/p>\n<p><span style=\"font-size: 14pt; font-family: 'Times New Roman', serif;\">4 Entradas de estado \u00abfinal de l\u00ednea\u00bb, super visadas.<\/span><\/p>\n<p><span style=\"font-size: 14pt; font-family: 'Times New Roman', serif;\">Sistema de red TCP\/IP incorporado (versi\u00f3n AC-225IP).<\/span><\/p>\n<p><span style=\"font-size: 14pt; font-family: 'Times New Roman', serif;\">Especificaciones:<\/span><\/p>\n<p><span style=\"font-size: 14pt; font-family: 'Times New Roman', serif;\">Tensi\u00f3n de la alimentaci\u00f3n ACU: 12VDC, desde un m\u00f3dulo de alimentaci\u00f3n regulado PS-14 incorporado con cargador de bater\u00eda<\/span><\/p>\n<p><span style=\"font-size: 14pt; font-family: 'Times New Roman', serif;\">Corriente m\u00e1x. de la alimentaci\u00f3n ACU: Salida del panel: limitaci\u00f3n de corriente de entrada de 500mA (PS-14), Salida de la cerradura: 1.500mA, Salida de la bater\u00eda: 300mA<\/span><\/p>\n<p><span style=\"font-size: 14pt; font-family: 'Times New Roman', serif;\">Relevadores: 4 salidas de relevador 5A, NA y NC. Totalmente programables, 4 salidas ampliables con MD-IO84 opcional<\/span><\/p>\n<p><span style=\"font-size: 14pt; font-family: 'Times New Roman', serif;\">Cargador de bater\u00eda: Para Bater\u00eda de plomo sellada (SLA) de 12V, hasta 7Ah (PS-14)<\/span><\/p>\n<p><span style=\"font-size: 14pt; font-family: 'Times New Roman', serif;\">Corriente m\u00e1xima para los lectores: 300mA a 12VDC<\/span><\/p>\n<p><span style=\"font-size: 14pt; font-family: 'Times New Roman', serif;\">Pago: Anticipado v\u00eda transferencia \u00f3 dep\u00f3sito bancario. <\/span><\/p>\n<p><span style=\"font-size: 14pt; font-family: 'Times New Roman', serif;\">Tiempo de entrega: Inmediata o dependiendo existencias. <\/span><\/p>\n<p><span style=\"font-size: 14pt; font-family: 'Times New Roman', serif;\">Incluye: Instalaci\u00f3n del equipo del equipo dentro del areametropolitana CDMX y software para control de asistencias, soporte telef\u00f3nico y\/o remoto ilimitado <\/span><\/p>\n<p><span style=\"font-size: 14pt; font-family: 'Times New Roman', serif;\">Garant\u00eda de: 1 a\u00f1o por defectos de fabricaci\u00f3n. <\/span><\/p>\n<p><span style=\"font-size: 14pt; font-family: 'Times New Roman', serif;\">No incluye canalizaci\u00f3n, ni obra civil, en caso de requerir por favor contacte al depto. de ventas. <\/span><\/p>\n<p><span style=\"font-size: 14pt; font-family: 'Times New Roman', serif;\">Contamos con talleres propios, para el mantenimiento y\/o reparaci\u00f3n de los equipos, refacciones y consumibles. <\/span><\/p>\n<p><span style=\"font-size: 14pt; font-family: 'Times New Roman', serif;\">Tambi\u00e9n contamos con servicio de mantenimiento preventivo o correctivo, reparaci\u00f3n, capacitaci\u00f3n para la administraci\u00f3n del software de control de asistencia, acceso o videovigilancia, a domicilio. <\/span><\/p>\n<p><span style=\"font-size: 14pt; font-family: 'Times New Roman', serif;\">Cualquier duda adicional por favor, consulte a su ejecutivo de ventas. <\/span><\/p>\n","protected":false},"excerpt":{"rendered":"<p>Panel para control de accesos Vehiculares y peatonales AC-225, AC 225IP marca Rosslare El AC-225 ha sido dise\u00f1ado para aplicaciones de hasta 30,000 usuarios a trav\u00e9s de 2,000 puertas, permitiendo una m\u00e1xima flexibilidad para la seguridad de una empresa en crecimiento. Cada Unidad de Control de Acceso (ACU, por sus siglas en ingl\u00e9s) AC-225 soporta[&#8230;]<\/p>\n","protected":false},"featured_media":4023,"comment_status":"closed","ping_status":"closed","template":"","meta":[],"product_cat":[110,35],"product_tag":[91],"class_list":["post-3469","product","type-product","status-publish","has-post-thumbnail","hentry","product_cat-control-de-acceso","product_cat-control-de-acceso-vehicular","product_tag-panel-controlador","pa_marca-rosslare"],"_links":{"self":[{"href":"https:\/\/globalsystem.com.mx\/catalogo\/wp-json\/wp\/v2\/product\/3469","targetHints":{"allow":["GET"]}}],"collection":[{"href":"https:\/\/globalsystem.com.mx\/catalogo\/wp-json\/wp\/v2\/product"}],"about":[{"href":"https:\/\/globalsystem.com.mx\/catalogo\/wp-json\/wp\/v2\/types\/product"}],"replies":[{"embeddable":true,"href":"https:\/\/globalsystem.com.mx\/catalogo\/wp-json\/wp\/v2\/comments?post=3469"}],"version-history":[{"count":3,"href":"https:\/\/globalsystem.com.mx\/catalogo\/wp-json\/wp\/v2\/product\/3469\/revisions"}],"predecessor-version":[{"id":4422,"href":"https:\/\/globalsystem.com.mx\/catalogo\/wp-json\/wp\/v2\/product\/3469\/revisions\/4422"}],"wp:featuredmedia":[{"embeddable":true,"href":"https:\/\/globalsystem.com.mx\/catalogo\/wp-json\/wp\/v2\/media\/4023"}],"wp:attachment":[{"href":"https:\/\/globalsystem.com.mx\/catalogo\/wp-json\/wp\/v2\/media?parent=3469"}],"wp:term":[{"taxonomy":"product_cat","embeddable":true,"href":"https:\/\/globalsystem.com.mx\/catalogo\/wp-json\/wp\/v2\/product_cat?post=3469"},{"taxonomy":"product_tag","embeddable":true,"href":"https:\/\/globalsystem.com.mx\/catalogo\/wp-json\/wp\/v2\/product_tag?post=3469"}],"curies":[{"name":"wp","href":"https:\/\/api.w.org\/{rel}","templated":true}]}}