{"id":3467,"date":"2022-06-03T22:08:25","date_gmt":"2022-06-03T22:08:25","guid":{"rendered":"https:\/\/webs360apps.com\/ismafinal\/product\/panel-controlador-de-accesos-ac-215\/"},"modified":"2022-06-13T01:44:20","modified_gmt":"2022-06-13T01:44:20","slug":"panel-controlador-de-accesos-ac-215","status":"publish","type":"product","link":"https:\/\/globalsystem.com.mx\/catalogo\/panel-controlador-de-accesos-ac-215","title":{"rendered":"Panel controlador de accesos marca Rosslare modelo AC-215"},"content":{"rendered":"<p><span style=\"font-family: 'times new roman', times; font-size: 14pt;\"><strong>AC-215<\/strong><\/span><br \/>\n<span style=\"font-family: 'times new roman', times; font-size: 14pt;\">El panel controlador de accesos AC-215 es un sistema en red de control de accesos, dise\u00f1ado para aplicaciones de media-escala, superiores a 5000 o 10000 usuarios, ya que cuenta con arriba de 64 controladores de puertas conectados en red. El sistema esta compuesto por un programa inteligente para PC y m\u00faltiples unidades de control de acceso.<\/span><br \/>\n<span style=\"font-family: 'times new roman', times; font-size: 14pt;\">La unidad AC-215 nos ofrece la flexibilidad de poder comunicar m\u00faltiples unidades de control de acceso por medio de m\u00faltiples plataformas de comunicaci\u00f3n, tales como RS485, Ethernet TCP\/IP LAN, PSTN Modem.<\/span><br \/>\n<span style=\"font-family: 'times new roman', times; font-size: 14pt;\">La unidad AC-215, puede permanecer conectada a la PC durante las 24 horas del d\u00eda, o por periodos especiales en los que se requiera control de personal o administrar la informaci\u00f3n del sistema. La unidad AC-215 con su conexi\u00f3n a red (LAN) es una soluci\u00f3n ideal para cubrir las necesidades en control de acceso humano, ya sea en negocios o instituciones.<\/span><\/p>\n<p><span style=\"font-family: 'times new roman', times; font-size: 14pt;\">El programa AS-215, es una poderosa herramienta de software para PC que funciona con los sistemas operativos Microsoft\u00ae Windows\u00ae 98\/Me y NT\/2000\/XP. El AS-215 es ideal para el desarrollo de aplicaciones de escala empresarial. Con su arquitectura cliente\/servidor, nos ofrece acceso a m\u00faltiples entradas, ya sean locales o remotas, por medio de m\u00faltiples terminales de PC de la red local.<\/span><br \/>\n<span style=\"font-family: 'times new roman', times; font-size: 14pt;\">Caracter\u00edsticas:<\/span><br \/>\n<span style=\"font-family: 'times new roman', times; font-size: 14pt;\">Tipo de unidad: Controlador de accesos en red a mediana escala.<\/span><br \/>\n<span style=\"font-family: 'times new roman', times; font-size: 14pt;\">No. De paneles por l\u00ednea de datos: De 1 a 32<\/span><br \/>\n<span style=\"font-family: 'times new roman', times; font-size: 14pt;\">No. De puertas por l\u00ednea de datos: De 1 a 64<\/span><br \/>\n<span style=\"font-family: 'times new roman', times; font-size: 14pt;\">No. De lectores\/teclados por UCA: 1 puerta entrada\/salida o 2 puertas entrada\/entrada<\/span><br \/>\n<span style=\"font-family: 'times new roman', times; font-size: 14pt;\">L\u00f3gica de puertas soportada: Cada lector es programable como entrada, salida o ninguno<\/span><br \/>\n<span style=\"font-family: 'times new roman', times; font-size: 14pt;\">Capacidad de usuarios con derecho a acceso: 5000<\/span><br \/>\n<span style=\"font-family: 'times new roman', times; font-size: 14pt;\">Capacidad de usuarios sin derecho a acceso: 20000<\/span><br \/>\n<span style=\"font-family: 'times new roman', times; font-size: 14pt;\">Memoria para eventos ocurridos con la red apagada: 5000<\/span><br \/>\n<span style=\"font-family: 'times new roman', times; font-size: 14pt;\">Memoria para retener eventos cuando falla la electricidad: Todas las configuraciones del sistema y de usuario, as\u00ed como datos no vol\u00e1tiles de cada unidad.<\/span><br \/>\n<span style=\"font-family: 'times new roman', times; font-size: 14pt;\">No. De niveles de acceso: 128.<\/span><br \/>\n<span style=\"font-family: 'times new roman', times; font-size: 14pt;\">No. De grupos de zona horaria: 32<\/span><br \/>\n<span style=\"font-family: 'times new roman', times; font-size: 14pt;\">No. De d\u00edas festivos: 64<\/span><br \/>\n<span style=\"font-family: 'times new roman', times; font-size: 14pt;\">Protocolos soportados: Clock\/Data o Wiegand 26 bit.<\/span><br \/>\n<span style=\"font-family: 'times new roman', times; font-size: 14pt;\">Anti-Passback (Fuerte\/Suave): Si.<\/span><br \/>\n<span style=\"font-family: 'times new roman', times; font-size: 14pt;\">Anti-Passback Real: Valido para 2 lectores por unidad.<\/span><br \/>\n<span style=\"font-family: 'times new roman', times; font-size: 14pt;\">Anti-Passback medido: Valido para cada lector (de 0 a 250min.)<\/span><br \/>\n<span style=\"font-family: 'times new roman', times; font-size: 14pt;\">Anti-Passback global: Valido en todos los paneles en toda la red.<\/span><br \/>\n<span style=\"font-family: 'times new roman', times; font-size: 14pt;\">Auto relock programable: Basado en monitores de puertas o Timer.<\/span><br \/>\n<span style=\"font-family: 'times new roman', times; font-size: 14pt;\">Tiempo de puerta abierta extendido: Definido por el usuario.<\/span><br \/>\n<span style=\"font-family: 'times new roman', times; font-size: 14pt;\">Trampa de persona: Basado en el monitor de puerta para habilitar el lector.<\/span><br \/>\n<span style=\"font-family: 'times new roman', times; font-size: 14pt;\">Retraso de primera persona: Disponible en desasegurar puerta autom\u00e1ticamente.<\/span><br \/>\n<span style=\"font-family: 'times new roman', times; font-size: 14pt;\">Activaci\u00f3n de salida: Medido por tiempo o activado por interruptor de seguimiento de entrada.<\/span><br \/>\n<span style=\"font-family: 'times new roman', times; font-size: 14pt;\">Alarmas del sistema: El sistema genera varias alarmas.<\/span><br \/>\n<span style=\"font-family: 'times new roman', times; font-size: 14pt;\">Facility code m\u00faltiples: 4 m\u00e1ximo.<\/span><br \/>\n<span style=\"font-family: 'times new roman', times; font-size: 14pt;\">Entradas an\u00e1logo\/digitales: 4 entradas para configuraci\u00f3n de una sola puerta: 1)Rex, 2)Monitor, 3)Tamper, 4)General aux.<\/span><br \/>\n<span style=\"font-family: 'times new roman', times; font-size: 14pt;\">4 entradas en configuraci\u00f3n de 2 puertas: 1)Rex1, 2)Monitor1, 3)Rex2, 4)Monitor2<\/span><br \/>\n<span style=\"font-family: 'times new roman', times; font-size: 14pt;\">Salidas para Relevadores: 4 salidas en configuraci\u00f3n de una puerta.<\/span><br \/>\n<span style=\"font-family: 'times new roman', times; font-size: 14pt;\">1)Lock, 2)Alarm, 3)Aux, 4)General aux.<\/span><br \/>\n<span style=\"font-family: 'times new roman', times; font-size: 14pt;\">4 salidas en configuraci\u00f3n de 2 puertas: 1)Lock1, 2)Alarm1, 3)Lock2, 4)Alarm2<\/span><br \/>\n<span style=\"font-family: 'times new roman', times; font-size: 14pt;\">Especificaciones:<\/span><br \/>\n<span style=\"font-family: 'times new roman', times; font-size: 14pt;\">\u2022 Dimensiones de la unidad: 102mm de altura x 1 16mm ancho x 30mm de profundidad<\/span><br \/>\n<span style=\"font-family: 'times new roman', times; font-size: 14pt;\">\u2022 Espacio recomendado para su instalaci\u00f3n: 200*170mm 11in altura 12in x 3.5in profundidad.<\/span><br \/>\n<span style=\"font-family: 'times new roman', times; font-size: 14pt;\">\u2022 Peso: 190g 2.4Kg con gabinete 1kg PCB 2kg + gabinete<\/span><br \/>\n<span style=\"font-family: 'times new roman', times; font-size: 14pt;\">\u2022 Instalaci\u00f3n: Solo en interiores.<\/span><\/p>\n<p><span style=\"font-family: 'times new roman', times; font-size: 14pt;\">Pago: Anticipado v\u00eda transferencia \u00f3 dep\u00f3sito bancario.<\/span><br \/>\n<span style=\"font-family: 'times new roman', times; font-size: 14pt;\">Tiempo de entrega: Inmediata o dependiendo existencias.<\/span><br \/>\n<span style=\"font-family: 'times new roman', times; font-size: 14pt;\">Garant\u00eda de: 1 a\u00f1o por defectos de fabricaci\u00f3n.<\/span><br \/>\n<span style=\"font-family: 'times new roman', times; font-size: 14pt;\">No incluye instalaci\u00f3n, canalizaci\u00f3n, ni obra civil, en caso de requerir por favor contacte al depto. de ventas.<\/span><br \/>\n<span style=\"font-family: 'times new roman', times; font-size: 14pt;\">Contamos con talleres propios, para el mantenimiento y\/o reparaci\u00f3n de los equipos, refacciones y consumibles.<\/span><br \/>\n<span style=\"font-family: 'times new roman', times; font-size: 14pt;\">Tambi\u00e9n contamos con servicio de mantenimiento preventivo o correctivo, reparaci\u00f3n, capacitaci\u00f3n para la administraci\u00f3n del software de control de asistencia, acceso o videovigilancia, a domicilio.<\/span><br \/>\n<span style=\"font-family: 'times new roman', times; font-size: 14pt;\">Cualquier duda adicional por favor, consulte a su ejecutivo de ventas.<\/span><\/p>\n","protected":false},"excerpt":{"rendered":"<p>AC-215 El panel controlador de accesos AC-215 es un sistema en red de control de accesos, dise\u00f1ado para aplicaciones de media-escala, superiores a 5000 o 10000 usuarios, ya que cuenta con arriba de 64 controladores de puertas conectados en red. El sistema esta compuesto por un programa inteligente para PC y m\u00faltiples unidades de control[&#8230;]<\/p>\n","protected":false},"featured_media":4040,"comment_status":"closed","ping_status":"closed","template":"","meta":[],"product_cat":[110,35],"product_tag":[94],"class_list":["post-3467","product","type-product","status-publish","has-post-thumbnail","hentry","product_cat-control-de-acceso","product_cat-control-de-acceso-vehicular","product_tag-ac-215","pa_marca-rosslare"],"_links":{"self":[{"href":"https:\/\/globalsystem.com.mx\/catalogo\/wp-json\/wp\/v2\/product\/3467","targetHints":{"allow":["GET"]}}],"collection":[{"href":"https:\/\/globalsystem.com.mx\/catalogo\/wp-json\/wp\/v2\/product"}],"about":[{"href":"https:\/\/globalsystem.com.mx\/catalogo\/wp-json\/wp\/v2\/types\/product"}],"replies":[{"embeddable":true,"href":"https:\/\/globalsystem.com.mx\/catalogo\/wp-json\/wp\/v2\/comments?post=3467"}],"version-history":[{"count":3,"href":"https:\/\/globalsystem.com.mx\/catalogo\/wp-json\/wp\/v2\/product\/3467\/revisions"}],"predecessor-version":[{"id":4395,"href":"https:\/\/globalsystem.com.mx\/catalogo\/wp-json\/wp\/v2\/product\/3467\/revisions\/4395"}],"wp:featuredmedia":[{"embeddable":true,"href":"https:\/\/globalsystem.com.mx\/catalogo\/wp-json\/wp\/v2\/media\/4040"}],"wp:attachment":[{"href":"https:\/\/globalsystem.com.mx\/catalogo\/wp-json\/wp\/v2\/media?parent=3467"}],"wp:term":[{"taxonomy":"product_cat","embeddable":true,"href":"https:\/\/globalsystem.com.mx\/catalogo\/wp-json\/wp\/v2\/product_cat?post=3467"},{"taxonomy":"product_tag","embeddable":true,"href":"https:\/\/globalsystem.com.mx\/catalogo\/wp-json\/wp\/v2\/product_tag?post=3467"}],"curies":[{"name":"wp","href":"https:\/\/api.w.org\/{rel}","templated":true}]}}