{"id":3465,"date":"2022-06-03T22:08:25","date_gmt":"2022-06-03T22:08:25","guid":{"rendered":"https:\/\/webs360apps.com\/ismafinal\/product\/rosslare-parking-system\/"},"modified":"2022-06-15T19:56:24","modified_gmt":"2022-06-15T19:56:24","slug":"rosslare-parking-system","status":"publish","type":"product","link":"https:\/\/globalsystem.com.mx\/catalogo\/rosslare-parking-system","title":{"rendered":"Rosslare Parking System"},"content":{"rendered":"<div>Rosslare Parking System<\/div>\n<div>La necesidad por incrementar los niveles de seguridad y videovigilancia de las \u00e1reas de estacionamiento en oficinas corporativas, centros comerciales, entre otros sitios, se encuentra en r\u00e1pido crecimiento.<\/div>\n<div><\/div>\n<div>Rosslare Security ha desarrollado una amplia variedad de soluciones inteligentes y avanzadas para monitorear edificios y zonas de estacionamiento.<\/div>\n<div><\/div>\n<div>Rosslare ofrece soluciones escalables y flexibles que tienen la capacidad de trabajar en conjunto con otros sistemas de seguridad.<\/div>\n<div><\/div>\n<div>El sistema de administraci\u00f3n de estacionamiento es parte del software de control de accesos AxtraxNG de Rosslare.<\/div>\n<div><\/div>\n<div><a href=\"http:\/\/www.globalsystem.com.mx\/descargas\/Rosslare_Parking_System.pdf\" target=\"_blank\" rel=\"noopener\"><strong><span style=\"color: #333399;\">F<\/span><span style=\"color: #333399;\">icha t\u00e9cnica<\/span><\/strong><\/a><\/div>\n<div><\/div>\n<div>Caracter\u00edsticas:<\/div>\n<div>Incluido con el software de Rosslare AxtraxNG, sin costo adicional<\/div>\n<div>Permite configurar el acceso de grupos de usuarios a un \u00e1rea en particular, caracter\u00edstica que se basa en un contador que realiza el seguimiento del n\u00famero de usuarios en un \u00e1rea espec\u00edfica<\/div>\n<div>Para integrar el sistema de administraci\u00f3n de estacionamiento deben considerarse los siguientes elementos: Software AxtraxNG, un p\u00e1nel controlador Rosslare, lector UHF AY-U900, tags, tarjetas o stickers UHF de Rosslare.<\/div>\n<div><\/div>\n<div>\n<p>Pago: Anticipado v\u00eda transferencia \u00f3 dep\u00f3sito bancario.<br \/>\nTiempo de entrega: Inmediata o dependiendo existencias.<br \/>\nGarant\u00eda de: 1 a\u00f1o por defectos de fabricaci\u00f3n.<br \/>\nNo incluye instalaci\u00f3n, canalizaci\u00f3n, ni obra civil, en caso de requerir por favor contacte al depto. de ventas.<br \/>\nPara consultar existencias, precios sobre la transportaci\u00f3n y\/o los vi\u00e1ticos, por favor contacte con nosotros.<br \/>\nPrecios sujetos a cambio sin previo aviso.<br \/>\nContamos con talleres propios, para el mantenimiento y\/o reparaci\u00f3n de los equipos, refacciones y consumibles.<br \/>\nTambi\u00e9n contamos con servicio de mantenimiento preventivo o correctivo, reparaci\u00f3n, capacitaci\u00f3n para la administraci\u00f3n del software de control de asistencia, acceso o videovigilancia, a domicilio.<br \/>\nCualquier duda adicional por favor, consulte a su ejecutivo de ventas.<\/p>\n<\/div>\n<div><\/div>\n<div><\/div>\n","protected":false},"excerpt":{"rendered":"<p>Rosslare Parking System La necesidad por incrementar los niveles de seguridad y videovigilancia de las \u00e1reas de estacionamiento en oficinas corporativas, centros comerciales, entre otros sitios, se encuentra en r\u00e1pido crecimiento. Rosslare Security ha desarrollado una amplia variedad de soluciones inteligentes y avanzadas para monitorear edificios y zonas de estacionamiento. Rosslare ofrece soluciones escalables y[&#8230;]<\/p>\n","protected":false},"featured_media":4043,"comment_status":"closed","ping_status":"closed","template":"","meta":[],"product_cat":[110,35,27,123],"product_tag":[101],"class_list":["post-3465","product","type-product","status-publish","has-post-thumbnail","hentry","product_cat-control-de-acceso","product_cat-control-de-acceso-vehicular","product_cat-software","product_cat-software-para-camaras-ip","product_tag-rosslare-parking-system","pa_marca-rosslare"],"_links":{"self":[{"href":"https:\/\/globalsystem.com.mx\/catalogo\/wp-json\/wp\/v2\/product\/3465","targetHints":{"allow":["GET"]}}],"collection":[{"href":"https:\/\/globalsystem.com.mx\/catalogo\/wp-json\/wp\/v2\/product"}],"about":[{"href":"https:\/\/globalsystem.com.mx\/catalogo\/wp-json\/wp\/v2\/types\/product"}],"replies":[{"embeddable":true,"href":"https:\/\/globalsystem.com.mx\/catalogo\/wp-json\/wp\/v2\/comments?post=3465"}],"version-history":[{"count":2,"href":"https:\/\/globalsystem.com.mx\/catalogo\/wp-json\/wp\/v2\/product\/3465\/revisions"}],"predecessor-version":[{"id":4044,"href":"https:\/\/globalsystem.com.mx\/catalogo\/wp-json\/wp\/v2\/product\/3465\/revisions\/4044"}],"wp:featuredmedia":[{"embeddable":true,"href":"https:\/\/globalsystem.com.mx\/catalogo\/wp-json\/wp\/v2\/media\/4043"}],"wp:attachment":[{"href":"https:\/\/globalsystem.com.mx\/catalogo\/wp-json\/wp\/v2\/media?parent=3465"}],"wp:term":[{"taxonomy":"product_cat","embeddable":true,"href":"https:\/\/globalsystem.com.mx\/catalogo\/wp-json\/wp\/v2\/product_cat?post=3465"},{"taxonomy":"product_tag","embeddable":true,"href":"https:\/\/globalsystem.com.mx\/catalogo\/wp-json\/wp\/v2\/product_tag?post=3465"}],"curies":[{"name":"wp","href":"https:\/\/api.w.org\/{rel}","templated":true}]}}