{"id":3455,"date":"2022-06-03T22:08:22","date_gmt":"2022-06-03T22:08:22","guid":{"rendered":"https:\/\/webs360apps.com\/ismafinal\/product\/zk-x629tcusb-ctrl-de-asistencia-a-color-3000-huellas-100000-registros-tcpip-usb-dhcp\/"},"modified":"2022-06-13T02:09:55","modified_gmt":"2022-06-13T02:09:55","slug":"zk-x629tcusb-ctrl-de-asistencia-a-color-3000-huellas-100000-registros-tcpip-usb-dhcp","status":"publish","type":"product","link":"https:\/\/globalsystem.com.mx\/catalogo\/zk-x629tcusb-ctrl-de-asistencia-a-color-3000-huellas-100000-registros-tcpip-usb-dhcp","title":{"rendered":"ZK X629TCUSB &#8211; RELOJ DE HUELLA DIGITAL PARA EL CONTROL DE ASISTENCIA A COLOR\/ 3000 HUELLAS\/ 100000 REGISTROS\/ TCPIP\/ USB\/ DHCP"},"content":{"rendered":"<p class=\"arial10\" style=\"background-image: initial; background-attachment: initial; background-size: initial; background-origin: initial; background-clip: initial; background-position: initial; background-repeat: initial;\"><span style=\"font-size: 10.0pt; font-family: 'Verdana','sans-serif'; mso-bidi-font-family: Arial; color: black;\">El <strong>X629TC<\/strong>\u00a0es un reloj de huella digital para el control de Asistencia le permite tener las estad\u00edsticas de entradas y salidas de todo el personal a sus instalaciones. El\u00a0<strong>x629TC<\/strong>es un lector \u00f3ptico que almacena hasta 3000 huellas digitales que se almacenan internamente para autentificar la asistencia o acceso.<\/span><\/p>\n<p class=\"arial10\" style=\"background-image: initial; background-attachment: initial; background-size: initial; background-origin: initial; background-clip: initial; background-position: initial; background-repeat: initial;\"><span style=\"font-size: 10.0pt; font-family: 'Verdana','sans-serif'; mso-bidi-font-family: Arial; color: black;\">El<span class=\"apple-converted-space\"><strong>\u00a0<\/strong><\/span><strong>x629TC<\/strong>ofrece conectividad a trav\u00e9s de su red de computadoras e Internet, lo que le permite tener el control de todas sus sucursales, almacenes y oficinas geogr\u00e1ficamente distribuidas. Incluye un software que le permite administrar la asistencia de cada persona a sus instalaciones: definici\u00f3n de horario laboral, hora de entrada, hora de salida, faltas, retardos, horas extras, d\u00edas festivos, etc. El<strong>x629TC<\/strong>\u00a0tiene la capacidad de operar de manera independiente y almacenar hasta 100,000 eventos. Esta informaci\u00f3n puede ser descargada por el software una vez que el equipo tenga acceso a la red de c\u00f3mputo de sus instalaciones, a trav\u00e9s de una conexi\u00f3n RS485, RJ45 o bien mediante una\u00a0<strong>Memoria USB<\/strong>\u00a0gracias al puerto mini\u00a0<strong>USB<\/strong>\u00a0con el que cuenta la Terminal. Cuenta con pantalla TFT a Color permitiendo manejar una interfaz f\u00e1cil y amigable.<\/span><\/p>\n<p class=\"MsoNormal\" style=\"line-height: normal; background-image: initial; background-attachment: initial; background-size: initial; background-origin: initial; background-clip: initial; background-position: initial; background-repeat: initial;\"><strong><span lang=\"ES\" style=\"font-size: 10.0pt; font-family: 'Verdana','sans-serif'; mso-fareast-font-family: 'Times New Roman'; mso-bidi-font-family: Arial; color: black; mso-ansi-language: ES; mso-fareast-language: ES-MX;\">Funciones Principales:<\/span><\/strong><\/p>\n<ul type=\"disc\">\n<li class=\"MsoNormal\" style=\"color: black; line-height: normal; background-image: initial; background-attachment: initial; background-size: initial; background-origin: initial; background-clip: initial; background-position: initial; background-repeat: initial;\"><span style=\"font-size: 10.0pt; font-family: 'Verdana','sans-serif'; mso-fareast-font-family: 'Times New Roman'; mso-bidi-font-family: Arial; mso-fareast-language: ES-MX;\">Almacenamiento de huellas digitales para control de asistencia (3000 huellas digitales)<\/span><\/li>\n<li class=\"MsoNormal\" style=\"color: black; line-height: normal; background-image: initial; background-attachment: initial; background-size: initial; background-origin: initial; background-clip: initial; background-position: initial; background-repeat: initial;\"><span style=\"font-size: 10.0pt; font-family: 'Verdana','sans-serif'; mso-fareast-font-family: 'Times New Roman'; mso-bidi-font-family: Arial; mso-fareast-language: ES-MX;\">Conexion TCP\/IP para transferencia de huellas, registros y conexion con el software principal<\/span><\/li>\n<li class=\"MsoNormal\" style=\"color: black; line-height: normal; background-image: initial; background-attachment: initial; background-size: initial; background-origin: initial; background-clip: initial; background-position: initial; background-repeat: initial;\"><span style=\"font-size: 10.0pt; font-family: 'Verdana','sans-serif'; mso-fareast-font-family: 'Times New Roman'; mso-bidi-font-family: Arial; mso-fareast-language: ES-MX;\">Creaci\u00f3n de reportes de asistencia mediante el Software principal incluido en el dispositivo<\/span><\/li>\n<li class=\"MsoNormal\" style=\"color: black; line-height: normal; background-image: initial; background-attachment: initial; background-size: initial; background-origin: initial; background-clip: initial; background-position: initial; background-repeat: initial;\"><span style=\"font-size: 10.0pt; font-family: 'Verdana','sans-serif'; mso-fareast-font-family: 'Times New Roman'; mso-bidi-font-family: Arial; mso-fareast-language: ES-MX;\">Funci\u00f3n de reloj<\/span><\/li>\n<li class=\"MsoNormal\" style=\"color: black; line-height: normal; background-image: initial; background-attachment: initial; background-size: initial; background-origin: initial; background-clip: initial; background-position: initial; background-repeat: initial;\"><span style=\"font-size: 10.0pt; font-family: 'Verdana','sans-serif'; mso-fareast-font-family: 'Times New Roman'; mso-bidi-font-family: Arial; mso-fareast-language: ES-MX;\">M\u00e1xima distancia de conexion 90m con cable UTP para conexion por red<\/span><\/li>\n<\/ul>\n<p class=\"MsoNormal\" style=\"line-height: normal; background-image: initial; background-attachment: initial; background-size: initial; background-origin: initial; background-clip: initial; background-position: initial; background-repeat: initial;\"><strong><span style=\"font-size: 10.0pt; font-family: 'Verdana','sans-serif'; mso-fareast-font-family: 'Times New Roman'; mso-bidi-font-family: Arial; color: black; mso-fareast-language: ES-MX;\">Que necesito para que mi equipo funcione:<\/span><\/strong><\/p>\n<ul type=\"disc\">\n<li class=\"MsoNormal\" style=\"color: black; line-height: normal; background-image: initial; background-attachment: initial; background-size: initial; background-origin: initial; background-clip: initial; background-position: initial; background-repeat: initial;\"><span style=\"font-size: 10.0pt; font-family: 'Verdana','sans-serif'; mso-fareast-font-family: 'Times New Roman'; mso-bidi-font-family: Arial; mso-fareast-language: ES-MX;\">Fuente de poder 5V (incluida)<\/span><\/li>\n<li class=\"MsoNormal\" style=\"color: black; line-height: normal; background-image: initial; background-attachment: initial; background-size: initial; background-origin: initial; background-clip: initial; background-position: initial; background-repeat: initial;\"><span style=\"font-size: 10.0pt; font-family: 'Verdana','sans-serif'; mso-fareast-font-family: 'Times New Roman'; mso-bidi-font-family: Arial; mso-fareast-language: ES-MX;\">Cable UTP (cuando se ocupe una distancia muy larga)<\/span><\/li>\n<\/ul>\n<p class=\"MsoNormal\" style=\"line-height: normal; background-image: initial; background-attachment: initial; background-size: initial; background-origin: initial; background-clip: initial; background-position: initial; background-repeat: initial;\"><strong><span style=\"text-decoration: underline;\"><span style=\"font-size: 10.0pt; font-family: 'Verdana','sans-serif'; mso-fareast-font-family: 'Times New Roman'; mso-bidi-font-family: Arial; color: black; mso-fareast-language: ES-MX;\">Principales Caracter\u00edsticas:<\/span><\/span><\/strong><\/p>\n<ul type=\"disc\">\n<li class=\"MsoNormal\" style=\"color: black; line-height: normal; background-image: initial; background-attachment: initial; background-size: initial; background-origin: initial; background-clip: initial; background-position: initial; background-repeat: initial;\"><span lang=\"EN-US\" style=\"font-size: 10.0pt; font-family: 'Verdana','sans-serif'; mso-fareast-font-family: 'Times New Roman'; mso-bidi-font-family: Arial; mso-ansi-language: EN-US; mso-fareast-language: ES-MX;\">Pantalla touch TFT a color.\u00a0<\/span><\/li>\n<li class=\"MsoNormal\" style=\"color: black; line-height: normal; background-image: initial; background-attachment: initial; background-size: initial; background-origin: initial; background-clip: initial; background-position: initial; background-repeat: initial;\"><span style=\"font-size: 10.0pt; font-family: 'Verdana','sans-serif'; mso-fareast-font-family: 'Times New Roman'; mso-bidi-font-family: Arial; mso-fareast-language: ES-MX;\">Velocidad de Verificaci\u00f3n de 1.0 segundo .<\/span><\/li>\n<li class=\"MsoNormal\" style=\"color: black; line-height: normal; background-image: initial; background-attachment: initial; background-size: initial; background-origin: initial; background-clip: initial; background-position: initial; background-repeat: initial;\"><span style=\"font-size: 10.0pt; font-family: 'Verdana','sans-serif'; mso-fareast-font-family: 'Times New Roman'; mso-bidi-font-family: Arial; mso-fareast-language: ES-MX;\">Verificaci\u00f3n y registro mediante huella digital \u00f3 password.<\/span><\/li>\n<li class=\"MsoNormal\" style=\"color: black; line-height: normal; background-image: initial; background-attachment: initial; background-size: initial; background-origin: initial; background-clip: initial; background-position: initial; background-repeat: initial;\"><span style=\"font-size: 10.0pt; font-family: 'Verdana','sans-serif'; mso-fareast-font-family: 'Times New Roman'; mso-bidi-font-family: Arial; mso-fareast-language: ES-MX;\">Posibilidad de error menor de 0.0001%<\/span><\/li>\n<li class=\"MsoNormal\" style=\"color: black; line-height: normal; background-image: initial; background-attachment: initial; background-size: initial; background-origin: initial; background-clip: initial; background-position: initial; background-repeat: initial;\"><span style=\"font-size: 10.0pt; font-family: 'Verdana','sans-serif'; mso-fareast-font-family: 'Times New Roman'; mso-bidi-font-family: Arial; mso-fareast-language: ES-MX;\">M\u00e9todos de verificaci\u00f3n: \u00bb 1 a N \u00bb y \u00bb 1 a 1 \u00bb .<\/span><\/li>\n<li class=\"MsoNormal\" style=\"color: black; line-height: normal; background-image: initial; background-attachment: initial; background-size: initial; background-origin: initial; background-clip: initial; background-position: initial; background-repeat: initial;\"><span style=\"font-size: 10.0pt; font-family: 'Verdana','sans-serif'; mso-fareast-font-family: 'Times New Roman'; mso-bidi-font-family: Arial; mso-fareast-language: ES-MX;\">Capacidad de almacenamientos de huellas de hasta 3,000 plantillas .<\/span><\/li>\n<li class=\"MsoNormal\" style=\"color: black; line-height: normal; background-image: initial; background-attachment: initial; background-size: initial; background-origin: initial; background-clip: initial; background-position: initial; background-repeat: initial;\"><span style=\"font-size: 10.0pt; font-family: 'Verdana','sans-serif'; mso-fareast-font-family: 'Times New Roman'; mso-bidi-font-family: Arial; mso-fareast-language: ES-MX;\">Capacidad de almacenar eventos grabados de hasta 100,000 eventos.<\/span><\/li>\n<li class=\"MsoNormal\" style=\"color: black; line-height: normal; background-image: initial; background-attachment: initial; background-size: initial; background-origin: initial; background-clip: initial; background-position: initial; background-repeat: initial;\"><span style=\"font-size: 10.0pt; font-family: 'Verdana','sans-serif'; mso-fareast-font-family: 'Times New Roman'; mso-bidi-font-family: Arial; mso-fareast-language: ES-MX;\">Conexi\u00f3n: RS232, RS485, RJ45.<\/span><\/li>\n<li class=\"MsoNormal\" style=\"color: black; line-height: normal; background-image: initial; background-attachment: initial; background-size: initial; background-origin: initial; background-clip: initial; background-position: initial; background-repeat: initial;\"><span style=\"font-size: 10.0pt; font-family: 'Verdana','sans-serif'; mso-fareast-font-family: 'Times New Roman'; mso-bidi-font-family: Arial; mso-fareast-language: ES-MX;\">Puerto de transferencia: 9600, 19200, 38400. (bps)<\/span><\/li>\n<li class=\"MsoNormal\" style=\"color: black; line-height: normal; background-image: initial; background-attachment: initial; background-size: initial; background-origin: initial; background-clip: initial; background-position: initial; background-repeat: initial;\"><span style=\"font-family: Verdana, sans-serif; font-size: 10pt; line-height: 115%;\">1 Transformador de 5V, 2.0Amp.<\/span><\/li>\n<\/ul>\n<p>&nbsp;<\/p>\n<p><strong style=\"line-height: 10.35pt; font-size: 12.1599998474121px;\"><span style=\"font-size: 10.0pt; font-family: 'Verdana','sans-serif'; mso-bidi-font-family: 'Segoe UI';\">Precios expresados en d\u00f3lares americanos pagaderos al tipo de cambio del d\u00eda de la compra y facturaci\u00f3n.<\/span><\/strong><\/p>\n<p class=\"MsoNoSpacing\" style=\"line-height: 10.35pt; box-sizing: border-box; margin: 0cm 0cm 5.75pt 0cm;\"><span style=\"box-sizing: border-box;\"><span style=\"font-size: 10.0pt; font-family: 'Verdana','sans-serif'; mso-bidi-font-family: 'Segoe UI';\">Pago: Anticipado v\u00eda transferencia \u00f3 dep\u00f3sito bancario.<\/span><\/span><\/p>\n<p class=\"MsoNoSpacing\" style=\"line-height: 10.35pt; box-sizing: border-box; margin: 0cm 0cm 5.75pt 0cm;\"><span style=\"box-sizing: border-box;\"><span style=\"font-size: 10.0pt; font-family: 'Verdana','sans-serif'; mso-bidi-font-family: 'Segoe UI';\">Tiempo de entrega: Inmediata o dependiendo existencias.<\/span><\/span><\/p>\n<p class=\"MsoNoSpacing\" style=\"line-height: 10.35pt; box-sizing: border-box; margin: 0cm 0cm 5.75pt 0cm;\"><span style=\"box-sizing: border-box;\"><span style=\"font-size: 10.0pt; font-family: 'Verdana','sans-serif'; mso-bidi-font-family: 'Segoe UI';\">Garant\u00eda de: 1 a\u00f1o por defectos de fabricaci\u00f3n.<\/span><\/span><\/p>\n<p class=\"MsoNoSpacing\" style=\"line-height: 10.35pt; box-sizing: border-box; margin: 0cm 0cm 5.75pt 0cm;\"><span style=\"box-sizing: border-box;\"><span style=\"font-size: 10.0pt; font-family: 'Verdana','sans-serif'; mso-bidi-font-family: 'Segoe UI';\">No incluye instalaci\u00f3n, canalizaci\u00f3n, ni obra civil, en caso de requerir por favor contacte al depto. de ventas.<\/span><\/span><\/p>\n<p class=\"MsoNoSpacing\" style=\"line-height: 10.35pt; box-sizing: border-box; margin: 0cm 0cm 5.75pt 0cm;\"><span style=\"box-sizing: border-box;\"><span style=\"font-size: 10.0pt; font-family: 'Verdana','sans-serif'; mso-bidi-font-family: 'Segoe UI';\">Para consultar existencias, precios sobre la transportaci\u00f3n y\/o\u00a0 los vi\u00e1ticos,\u00a0por favor contacte con nosotros.<\/span><\/span><\/p>\n<p class=\"MsoNoSpacing\" style=\"line-height: 10.35pt; box-sizing: border-box; margin: 0cm 0cm 5.75pt 0cm;\"><span style=\"box-sizing: border-box;\"><span style=\"font-size: 10.0pt; font-family: 'Verdana','sans-serif'; mso-bidi-font-family: 'Segoe UI';\">Precios sujetos a cambio sin previo aviso.<\/span><\/span><\/p>\n<p class=\"MsoNoSpacing\" style=\"line-height: 10.35pt; box-sizing: border-box; margin: 0cm 0cm 5.75pt 0cm;\"><span style=\"font-size: 10.0pt; font-family: 'Verdana','sans-serif'; mso-bidi-font-family: 'Segoe UI';\">Cualquier duda adicional, consulte a su ejecutivo de ventas.<\/span><\/p>\n<p class=\"MsoNoSpacing\" style=\"line-height: 10.35pt; box-sizing: border-box; margin: 0cm 0cm 5.75pt 0cm;\">\n","protected":false},"excerpt":{"rendered":"<p>El X629TC\u00a0es un reloj de huella digital para el control de Asistencia le permite tener las estad\u00edsticas de entradas y salidas de todo el personal a sus instalaciones. El\u00a0x629TCes un lector \u00f3ptico que almacena hasta 3000 huellas digitales que se almacenan internamente para autentificar la asistencia o acceso. El\u00a0x629TCofrece conectividad a trav\u00e9s de su red[&#8230;]<\/p>\n","protected":false},"featured_media":4391,"comment_status":"closed","ping_status":"closed","template":"","meta":[],"product_cat":[110,34,33],"product_tag":[],"class_list":["post-3455","product","type-product","status-publish","has-post-thumbnail","hentry","product_cat-control-de-acceso","product_cat-control-de-asistencia-biometricos","product_cat-control-de-asistencia-por-huella-digital","pa_marca-zkteco"],"_links":{"self":[{"href":"https:\/\/globalsystem.com.mx\/catalogo\/wp-json\/wp\/v2\/product\/3455","targetHints":{"allow":["GET"]}}],"collection":[{"href":"https:\/\/globalsystem.com.mx\/catalogo\/wp-json\/wp\/v2\/product"}],"about":[{"href":"https:\/\/globalsystem.com.mx\/catalogo\/wp-json\/wp\/v2\/types\/product"}],"replies":[{"embeddable":true,"href":"https:\/\/globalsystem.com.mx\/catalogo\/wp-json\/wp\/v2\/comments?post=3455"}],"version-history":[{"count":4,"href":"https:\/\/globalsystem.com.mx\/catalogo\/wp-json\/wp\/v2\/product\/3455\/revisions"}],"predecessor-version":[{"id":4393,"href":"https:\/\/globalsystem.com.mx\/catalogo\/wp-json\/wp\/v2\/product\/3455\/revisions\/4393"}],"wp:featuredmedia":[{"embeddable":true,"href":"https:\/\/globalsystem.com.mx\/catalogo\/wp-json\/wp\/v2\/media\/4391"}],"wp:attachment":[{"href":"https:\/\/globalsystem.com.mx\/catalogo\/wp-json\/wp\/v2\/media?parent=3455"}],"wp:term":[{"taxonomy":"product_cat","embeddable":true,"href":"https:\/\/globalsystem.com.mx\/catalogo\/wp-json\/wp\/v2\/product_cat?post=3455"},{"taxonomy":"product_tag","embeddable":true,"href":"https:\/\/globalsystem.com.mx\/catalogo\/wp-json\/wp\/v2\/product_tag?post=3455"}],"curies":[{"name":"wp","href":"https:\/\/api.w.org\/{rel}","templated":true}]}}