{"id":3449,"date":"2022-06-03T22:08:22","date_gmt":"2022-06-03T22:08:22","guid":{"rendered":"https:\/\/webs360apps.com\/ismafinal\/product\/zk-biopad100id-control-de-asistencia-pantalla-touch-7-pulgadas-con-camara-10000-tarjetas-id\/"},"modified":"2022-06-13T02:04:13","modified_gmt":"2022-06-13T02:04:13","slug":"zk-biopad100id-control-de-asistencia-pantalla-touch-7-pulgadas-con-camara-10000-tarjetas-id","status":"publish","type":"product","link":"https:\/\/globalsystem.com.mx\/catalogo\/zk-biopad100id-control-de-asistencia-pantalla-touch-7-pulgadas-con-camara-10000-tarjetas-id","title":{"rendered":"ZK BIOPAD100ID- CONTROL DE ASISTENCIA PANTALLA TOUCH 7 PULGADAS CON CAMARA\/ 10000 TARJETAS ID"},"content":{"rendered":"<p style=\"background-image: initial; background-attachment: initial; background-size: initial; background-origin: initial; background-clip: initial; background-position: initial; background-repeat: initial;\"><span style=\"font-size: 10.0pt; font-family: 'Verdana','sans-serif'; mso-bidi-font-family: Arial; color: black;\">Biopad 100 es un innovador dispositivo de tiempo y asistencia con funciones sencillas y altamente efectivas<\/span><\/p>\n<p style=\"background-image: initial; background-attachment: initial; background-size: initial; background-origin: initial; background-clip: initial; background-position: initial; background-repeat: initial;\"><span style=\"font-size: 10.0pt; font-family: 'Verdana','sans-serif'; mso-bidi-font-family: Arial; color: black;\">BioPad es la terminal m\u00e1s avanzada de tiempo y asistencia de alta tecnolog\u00eda y rendimiento, ofreciendo un alto desempe\u00f1o gracias a su nuevo algoritmo de huella digital que nos da rapidez, seguridad y un gran tiempo de respuesta respecto a otros equipos de huella digital. El Biopad 100 cuenta con la m\u00e1s alta tecnolog\u00eda de huella digital ofreciendo seguridad a los usuarios que lo usan y una alta resoluci\u00f3n en la imagen de la huella digital. Su pantalla de 7&#8243; puede mostrar mas informaci\u00f3n con una claridad y nitidez incomparable.<\/span><\/p>\n<p style=\"background-image: initial; background-attachment: initial; background-size: initial; background-origin: initial; background-clip: initial; background-position: initial; background-repeat: initial;\"><span style=\"font-size: 10.0pt; font-family: 'Verdana','sans-serif'; mso-bidi-font-family: Arial; color: black;\">Cuenta con capacidad para tarjetas ID 125KHz<\/span><\/p>\n<p class=\"MsoNormal\" style=\"margin-bottom: 0.0001pt; text-align: justify; line-height: normal; background-image: initial; background-attachment: initial; background-size: initial; background-origin: initial; background-clip: initial; background-position: initial; background-repeat: initial;\"><span style=\"font-size: 10.0pt; font-family: 'Verdana','sans-serif'; mso-fareast-font-family: 'Times New Roman'; mso-bidi-font-family: Arial; color: black; mso-fareast-language: ES-MX;\">Cuenta tambi\u00e9n con puerto ethernet para comunicaci\u00f3n de alta velocidad para transferencia de informaci\u00f3n y adem\u00e1s cuenta tambi\u00e9n con Red WiFi para su portabilidad y comodidad con su bater\u00eda de alta duraci\u00f3n.<\/span><\/p>\n<p class=\"MsoNormal\" style=\"margin-bottom: 0.0001pt; text-align: justify; line-height: normal; background-image: initial; background-attachment: initial; background-size: initial; background-origin: initial; background-clip: initial; background-position: initial; background-repeat: initial;\"><span style=\"font-size: 10.0pt; font-family: 'Verdana','sans-serif'; mso-fareast-font-family: 'Times New Roman'; mso-bidi-font-family: Arial; color: black; mso-fareast-language: ES-MX;\">Con 8 teclas de funci\u00f3n para facilitar el uso al usuario final<\/span><\/p>\n<p class=\"MsoNormal\" style=\"line-height: normal; background-image: initial; background-attachment: initial; background-size: initial; background-origin: initial; background-clip: initial; background-position: initial; background-repeat: initial;\"><strong><span lang=\"ES\" style=\"font-size: 10.0pt; font-family: 'Verdana','sans-serif'; mso-fareast-font-family: 'Times New Roman'; mso-bidi-font-family: Arial; color: black; mso-ansi-language: ES; mso-fareast-language: ES-MX;\">Funciones Principales:<\/span><\/strong><\/p>\n<ul type=\"disc\">\n<li class=\"MsoNormal\" style=\"color: black; line-height: normal; background-image: initial; background-attachment: initial; background-size: initial; background-origin: initial; background-clip: initial; background-position: initial; background-repeat: initial;\"><span style=\"font-size: 10.0pt; font-family: 'Verdana','sans-serif'; mso-fareast-font-family: 'Times New Roman'; mso-bidi-font-family: Arial; mso-fareast-language: ES-MX;\">Almacenamiento de huellas digitales para control de asistencia (6000 huellas digitales)<\/span><\/li>\n<li class=\"MsoNormal\" style=\"color: black; line-height: normal; background-image: initial; background-attachment: initial; background-size: initial; background-origin: initial; background-clip: initial; background-position: initial; background-repeat: initial;\"><span style=\"font-size: 10.0pt; font-family: 'Verdana','sans-serif'; mso-fareast-font-family: 'Times New Roman'; mso-bidi-font-family: Arial; mso-fareast-language: ES-MX;\">Conexion TCP\/IP para transferencia de huellas, registros y conexion con el software principal<\/span><\/li>\n<li class=\"MsoNormal\" style=\"color: black; line-height: normal; background-image: initial; background-attachment: initial; background-size: initial; background-origin: initial; background-clip: initial; background-position: initial; background-repeat: initial;\"><span style=\"font-size: 10.0pt; font-family: 'Verdana','sans-serif'; mso-fareast-font-family: 'Times New Roman'; mso-bidi-font-family: Arial; mso-fareast-language: ES-MX;\">Creaci\u00f3n de reportes de asistencia mediante el Software principal incluido en el dispositivo<\/span><\/li>\n<li class=\"MsoNormal\" style=\"color: black; line-height: normal; background-image: initial; background-attachment: initial; background-size: initial; background-origin: initial; background-clip: initial; background-position: initial; background-repeat: initial;\"><span style=\"font-size: 10.0pt; font-family: 'Verdana','sans-serif'; mso-fareast-font-family: 'Times New Roman'; mso-bidi-font-family: Arial; mso-fareast-language: ES-MX;\">Funci\u00f3n de reloj<\/span><\/li>\n<li class=\"MsoNormal\" style=\"color: black; line-height: normal; background-image: initial; background-attachment: initial; background-size: initial; background-origin: initial; background-clip: initial; background-position: initial; background-repeat: initial;\"><span style=\"font-size: 10.0pt; font-family: 'Verdana','sans-serif'; mso-fareast-font-family: 'Times New Roman'; mso-bidi-font-family: Arial; mso-fareast-language: ES-MX;\">Funci\u00f3n de cambio de horario de verano<\/span><\/li>\n<li class=\"MsoNormal\" style=\"color: black; line-height: normal; background-image: initial; background-attachment: initial; background-size: initial; background-origin: initial; background-clip: initial; background-position: initial; background-repeat: initial;\"><span style=\"font-size: 10.0pt; font-family: 'Verdana','sans-serif'; mso-fareast-font-family: 'Times New Roman'; mso-bidi-font-family: Arial; mso-fareast-language: ES-MX;\">M\u00e1xima distancia de conexion 90m con cable UTP para conexion por red<\/span><\/li>\n<li class=\"MsoNormal\" style=\"color: black; line-height: normal; background-image: initial; background-attachment: initial; background-size: initial; background-origin: initial; background-clip: initial; background-position: initial; background-repeat: initial;\"><span style=\"font-size: 10.0pt; font-family: 'Verdana','sans-serif'; mso-fareast-font-family: 'Times New Roman'; mso-bidi-font-family: Arial; mso-fareast-language: ES-MX;\">C\u00e1mara frontal para tomar foto al personal que registra entradas o salidas y tomar fotos del personal para registrarlo<\/span><\/li>\n<\/ul>\n<p class=\"MsoNormal\" style=\"line-height: normal; background-image: initial; background-attachment: initial; background-size: initial; background-origin: initial; background-clip: initial; background-position: initial; background-repeat: initial;\"><strong><span style=\"font-size: 10.0pt; font-family: 'Verdana','sans-serif'; mso-fareast-font-family: 'Times New Roman'; mso-bidi-font-family: Arial; color: black; mso-fareast-language: ES-MX;\">Que necesito para que mi equipo funcione:<\/span><\/strong><\/p>\n<ul type=\"disc\">\n<li class=\"MsoNormal\" style=\"color: black; text-align: justify; line-height: normal; background-image: initial; background-attachment: initial; background-size: initial; background-origin: initial; background-clip: initial; background-position: initial; background-repeat: initial;\"><span style=\"font-size: 10.0pt; font-family: 'Verdana','sans-serif'; mso-fareast-font-family: 'Times New Roman'; mso-bidi-font-family: Arial; mso-fareast-language: ES-MX;\">Cable UTP (cuando se ocupe una distancia muy larga) <\/span><\/li>\n<li class=\"MsoNormal\" style=\"color: black; line-height: normal; background-image: initial; background-attachment: initial; background-size: initial; background-origin: initial; background-clip: initial; background-position: initial; background-repeat: initial;\"><span style=\"font-size: 10.0pt; font-family: 'Verdana','sans-serif'; mso-fareast-font-family: 'Times New Roman'; mso-bidi-font-family: Arial; mso-fareast-language: ES-MX;\">Lector USB ZK para enrolar desde el software (indispensable para enrolar desde el software)<\/span><\/li>\n<\/ul>\n<p style=\"margin-left: 36pt; background-image: initial; background-attachment: initial; background-size: initial; background-origin: initial; background-clip: initial; background-position: initial; background-repeat: initial;\"><span style=\"text-decoration: underline;\"><span style=\"font-size: 10.0pt; font-family: 'Verdana','sans-serif'; mso-bidi-font-family: Arial; color: black;\">Principales caracter\u00edsticas:<\/span><\/span><\/p>\n<p style=\"margin-left: 36pt; text-indent: -18pt; background-image: initial; background-attachment: initial; background-size: initial; background-origin: initial; background-clip: initial; background-position: initial; background-repeat: initial;\"><!-- [if !supportLists]--><span style=\"font-size: 10.0pt; font-family: Symbol; mso-fareast-font-family: Symbol; mso-bidi-font-family: Symbol; color: black;\">\u00b7<span style=\"font-stretch: normal; font-size: 7pt; line-height: normal; font-family: 'Times New Roman';\">\u00a0\u00a0\u00a0\u00a0\u00a0\u00a0\u00a0\u00a0 <\/span><\/span><!--[endif]--><span style=\"font-size: 10.0pt; font-family: 'Verdana','sans-serif'; mso-bidi-font-family: Arial; color: black;\">Cantidad de Huellas \u00a0 \u00a0 \u00a0 \u00a0 \u00a0 \u00a0 \u00a0 \u00a0 \u00a0 \u00a0 \u00a0 \u00a0\u00a0 6000<\/span><\/p>\n<p style=\"margin-left: 36pt; text-indent: -18pt; background-image: initial; background-attachment: initial; background-size: initial; background-origin: initial; background-clip: initial; background-position: initial; background-repeat: initial;\"><!-- [if !supportLists]--><span style=\"font-size: 10.0pt; font-family: Symbol; mso-fareast-font-family: Symbol; mso-bidi-font-family: Symbol; color: black;\">\u00b7<span style=\"font-stretch: normal; font-size: 7pt; line-height: normal; font-family: 'Times New Roman';\">\u00a0\u00a0\u00a0\u00a0\u00a0\u00a0\u00a0\u00a0 <\/span><\/span><!--[endif]--><span style=\"font-size: 10.0pt; font-family: 'Verdana','sans-serif'; mso-bidi-font-family: Arial; color: black;\">Cantidad de Registros\u00a0\u00a0\u00a0\u00a0\u00a0\u00a0\u00a0 \u00a0\u00a0\u00a0\u00a0\u00a0\u00a0\u00a0\u00a0\u00a0\u00a0\u00a0\u00a0\u00a0\u00a0\u00a0300000<\/span><\/p>\n<p style=\"margin-left: 36pt; background-image: initial; background-attachment: initial; background-size: initial; background-origin: initial; background-clip: initial; background-position: initial; background-repeat: initial;\"><span style=\"font-size: 10.0pt; font-family: 'Verdana','sans-serif'; mso-bidi-font-family: Arial; color: black;\"><br \/>\n<span style=\"text-decoration: underline;\">Hardware:<\/span><\/span><\/p>\n<p style=\"margin-left: 36pt; text-indent: -18pt; background-image: initial; background-attachment: initial; background-size: initial; background-origin: initial; background-clip: initial; background-position: initial; background-repeat: initial;\"><!-- [if !supportLists]--><span style=\"font-size: 10.0pt; font-family: Symbol; mso-fareast-font-family: Symbol; mso-bidi-font-family: Symbol; color: black;\">\u00b7<span style=\"font-stretch: normal; font-size: 7pt; line-height: normal; font-family: 'Times New Roman';\">\u00a0\u00a0\u00a0\u00a0\u00a0\u00a0\u00a0\u00a0 <\/span><\/span><!--[endif]--><span style=\"font-size: 10.0pt; font-family: 'Verdana','sans-serif'; mso-bidi-font-family: Arial; color: black;\">Plataforma\u00a0\u00a0\u00a0\u00a0\u00a0\u00a0\u00a0\u00a0\u00a0\u00a0\u00a0\u00a0\u00a0\u00a0\u00a0\u00a0\u00a0\u00a0\u00a0\u00a0 Zem910<br \/>\nSensor ZK\u00a0\u00a0\u00a0\u00a0\u00a0\u00a0\u00a0\u00a0\u00a0\u00a0\u00a0\u00a0\u00a0\u00a0\u00a0\u00a0\u00a0\u00a0\u00a0\u00a0\u00a0 Sensor Optico<br \/>\nContacto de Relevador\u00a0\u00a0\u00a0 Campana (Opcional)<br \/>\nPantalla\u00a0\u00a0\u00a0\u00a0\u00a0\u00a0\u00a0\u00a0\u00a0\u00a0\u00a0\u00a0\u00a0\u00a0\u00a0\u00a0\u00a0\u00a0\u00a0\u00a0\u00a0\u00a0\u00a0\u00a0\u00a07&#8243; Pantalla LCD Resistiva Touch<br \/>\nIndicador LED\u00a0\u00a0\u00a0\u00a0\u00a0\u00a0\u00a0\u00a0\u00a0\u00a0\u00a0\u00a0\u00a0\u00a0\u00a0 Rojo y Verde<br \/>\nC\u00e1mara\u00a0\u00a0\u00a0\u00a0\u00a0\u00a0\u00a0\u00a0\u00a0\u00a0\u00a0\u00a0\u00a0\u00a0\u00a0\u00a0\u00a0\u00a0\u00a0\u00a0\u00a0\u00a0\u00a0\u00a0 300,000 pixeles<\/span><\/p>\n<p style=\"margin-left: 18pt; background-image: initial; background-attachment: initial; background-size: initial; background-origin: initial; background-clip: initial; background-position: initial; background-repeat: initial;\"><span style=\"text-decoration: underline;\"><span style=\"font-size: 10.0pt; font-family: 'Verdana','sans-serif'; mso-bidi-font-family: Arial; color: black;\">Comunicaci\u00f3n:<\/span><\/span><\/p>\n<p>&nbsp;<\/p>\n<p style=\"margin-left: 36pt; text-indent: -18pt; background-image: initial; background-attachment: initial; background-size: initial; background-origin: initial; background-clip: initial; background-position: initial; background-repeat: initial;\"><!-- [if !supportLists]--><span lang=\"EN-US\" style=\"font-size: 10.0pt; font-family: Symbol; mso-fareast-font-family: Symbol; mso-bidi-font-family: Symbol; color: black; mso-ansi-language: EN-US;\">\u00b7<span style=\"font-stretch: normal; font-size: 7pt; line-height: normal; font-family: 'Times New Roman';\">\u00a0\u00a0\u00a0\u00a0\u00a0\u00a0\u00a0\u00a0 <\/span><\/span><!--[endif]--><span lang=\"EN-US\" style=\"font-size: 10.0pt; font-family: 'Verdana','sans-serif'; mso-bidi-font-family: Arial; color: black; mso-ansi-language: EN-US;\">Ethernet, WIFI<br \/>\nPen Drive\u00a0\u00a0\u00a0\u00a0\u00a0\u00a0\u00a0\u00a0\u00a0\u00a0\u00a0\u00a0\u00a0\u00a0\u00a0\u00a0\u00a0\u00a0\u00a0\u00a0 USB-Host<br \/>\nTarjeta SD\u00a0\u00a0\u00a0\u00a0\u00a0\u00a0\u00a0\u00a0\u00a0\u00a0\u00a0\u00a0\u00a0\u00a0\u00a0\u00a0\u00a0 \u00a0 Slot para tarjetas<\/span><\/p>\n<p class=\"MsoNormal\" style=\"margin-bottom: 5.75pt; line-height: 10.35pt;\"><strong><span style=\"font-size: 10pt; font-family: Verdana, sans-serif;\">Precios expresados en d\u00f3lares americanos pagaderos al tipo de cambio del d\u00eda de la compra y facturaci\u00f3n.<\/span><\/strong><\/p>\n<p class=\"MsoNormal\" style=\"margin-bottom: 5.75pt; line-height: 10.35pt;\"><span style=\"font-size: 10pt; font-family: Verdana, sans-serif;\">Pago: Anticipado v\u00eda transferencia \u00f3 dep\u00f3sito bancario.<\/span><\/p>\n<p class=\"MsoNormal\" style=\"margin-bottom: 5.75pt; line-height: 10.35pt;\"><span style=\"font-size: 10pt; font-family: Verdana, sans-serif;\">Tiempo de entrega: Inmediata o dependiendo existencias.<\/span><\/p>\n<p class=\"MsoNormal\" style=\"margin-bottom: 5.75pt; line-height: 10.35pt;\"><span style=\"font-size: 10pt; font-family: Verdana, sans-serif;\">Garant\u00eda de: 1 a\u00f1o por defectos de fabricaci\u00f3n.<\/span><\/p>\n<p class=\"MsoNormal\" style=\"margin-bottom: 5.75pt; line-height: 10.35pt;\"><span style=\"font-size: 10pt; font-family: Verdana, sans-serif;\">No incluye inst<\/span><\/p>\n","protected":false},"excerpt":{"rendered":"<p>Biopad 100 es un innovador dispositivo de tiempo y asistencia con funciones sencillas y altamente efectivas BioPad es la terminal m\u00e1s avanzada de tiempo y asistencia de alta tecnolog\u00eda y rendimiento, ofreciendo un alto desempe\u00f1o gracias a su nuevo algoritmo de huella digital que nos da rapidez, seguridad y un gran tiempo de respuesta respecto[&#8230;]<\/p>\n","protected":false},"featured_media":4351,"comment_status":"closed","ping_status":"closed","template":"","meta":[],"product_cat":[110,34,33],"product_tag":[],"class_list":["post-3449","product","type-product","status-publish","has-post-thumbnail","hentry","product_cat-control-de-acceso","product_cat-control-de-asistencia-biometricos","product_cat-control-de-asistencia-por-huella-digital","pa_marca-zkteco"],"_links":{"self":[{"href":"https:\/\/globalsystem.com.mx\/catalogo\/wp-json\/wp\/v2\/product\/3449","targetHints":{"allow":["GET"]}}],"collection":[{"href":"https:\/\/globalsystem.com.mx\/catalogo\/wp-json\/wp\/v2\/product"}],"about":[{"href":"https:\/\/globalsystem.com.mx\/catalogo\/wp-json\/wp\/v2\/types\/product"}],"replies":[{"embeddable":true,"href":"https:\/\/globalsystem.com.mx\/catalogo\/wp-json\/wp\/v2\/comments?post=3449"}],"version-history":[{"count":4,"href":"https:\/\/globalsystem.com.mx\/catalogo\/wp-json\/wp\/v2\/product\/3449\/revisions"}],"predecessor-version":[{"id":4353,"href":"https:\/\/globalsystem.com.mx\/catalogo\/wp-json\/wp\/v2\/product\/3449\/revisions\/4353"}],"wp:featuredmedia":[{"embeddable":true,"href":"https:\/\/globalsystem.com.mx\/catalogo\/wp-json\/wp\/v2\/media\/4351"}],"wp:attachment":[{"href":"https:\/\/globalsystem.com.mx\/catalogo\/wp-json\/wp\/v2\/media?parent=3449"}],"wp:term":[{"taxonomy":"product_cat","embeddable":true,"href":"https:\/\/globalsystem.com.mx\/catalogo\/wp-json\/wp\/v2\/product_cat?post=3449"},{"taxonomy":"product_tag","embeddable":true,"href":"https:\/\/globalsystem.com.mx\/catalogo\/wp-json\/wp\/v2\/product_tag?post=3449"}],"curies":[{"name":"wp","href":"https:\/\/api.w.org\/{rel}","templated":true}]}}