{"id":3445,"date":"2022-06-03T22:08:22","date_gmt":"2022-06-03T22:08:22","guid":{"rendered":"https:\/\/webs360apps.com\/ismafinal\/product\/zk-x629tcmfusb-paquete-de-ctrl-de-asistencia-a-color-3000-huellas-100000-registros-y-caja-de-proteccion\/"},"modified":"2022-06-13T02:01:11","modified_gmt":"2022-06-13T02:01:11","slug":"zk-x629tcmfusb-paquete-de-ctrl-de-asistencia-a-color-3000-huellas-100000-registros-y-caja-de-proteccion","status":"publish","type":"product","link":"https:\/\/globalsystem.com.mx\/catalogo\/zk-x629tcmfusb-paquete-de-ctrl-de-asistencia-a-color-3000-huellas-100000-registros-y-caja-de-proteccion","title":{"rendered":"GSASISG RELOJ ZK X629TCMFUSB &#8211; PAQUETE DE CTRL DE ASISTENCIA A COLOR\/ 3000 HUELLAS\/ 100000 REGISTROS\/ Y CAJA DE PROTECCI\u00d3N"},"content":{"rendered":"<p class=\"MsoNormal\" style=\"mso-margin-top-alt: auto; mso-margin-bottom-alt: auto; line-height: normal;\"><span style=\"font-size: 10.0pt; font-family: 'Verdana','sans-serif'; mso-fareast-font-family: 'Times New Roman'; mso-bidi-font-family: Arial; color: black; mso-fareast-language: ES-MX; mso-bidi-font-style: italic;\">El reloj para control de\u00a0Asistencia biometrico le permite tener las estad\u00edsticas de entradas y salidas de todo el personal a sus instalaciones. El\u00a0<b>X629TC<\/b>\u00a0<\/span><span style=\"color: #000000; font-family: Verdana, sans-serif; font-size: 13.3333px; line-height: 15.808px;\">es un reloj de huella digital para el control de asistencia, tiene<\/span><span style=\"color: black; font-family: Verdana, sans-serif; font-size: 10pt;\">\u00a0un lector \u00f3ptico que almacena hasta 3000 huellas digitales que se almacenan internamente en su memoria para autentificar el acceso.<\/span><\/p>\n<p class=\"MsoNormal\" style=\"mso-margin-top-alt: auto; mso-margin-bottom-alt: auto; line-height: normal;\"><span style=\"font-size: 10.0pt; font-family: 'Verdana','sans-serif'; mso-fareast-font-family: 'Times New Roman'; mso-bidi-font-family: Arial; color: black; mso-fareast-language: ES-MX;\">\u00a0El<b>\u00a0X629TC<\/b>\u00a0ofrece conectividad a trav\u00e9s de su red de computadoras e Internet, lo que le permite tener el control de todas sus sucursales, almacenes y oficinas geogr\u00e1ficamente distribuidas. Incluye un software que le permite administrar la asistencia de cada persona a sus instalaciones: definici\u00f3n de horario laboral, hora de entrada, hora de salida, faltas, retardos, horas extras, d\u00edas festivos, etc. El\u00a0<b>X629TC<\/b>\u00a0tiene la capacidad de operar de manera independiente y almacenar hasta 100,000 eventos. Esta informaci\u00f3n puede ser descargada por el software una vez que el equipo tenga acceso a la red de c\u00f3mputo de sus instalaciones, a trav\u00e9s de una conexi\u00f3n RS485, RJ45 o bien mediante una\u00a0<b>Memoria USB<\/b>\u00a0gracias al puerto mini\u00a0<b>USB<\/b>\u00a0con el que cuenta la Terminal. Cuenta con pantalla TFT a Color permitiendo manejar una interfaz f\u00e1cil y amigable.<\/span><\/p>\n<p class=\"MsoNormal\" style=\"mso-margin-top-alt: auto; mso-margin-bottom-alt: auto; line-height: normal;\"><b><span lang=\"ES\" style=\"font-size: 10.0pt; font-family: 'Verdana','sans-serif'; mso-fareast-font-family: 'Times New Roman'; mso-bidi-font-family: Arial; color: black; mso-ansi-language: ES; mso-fareast-language: ES-MX;\">Funciones Principales:<\/span><\/b><\/p>\n<p class=\"MsoNormal\" style=\"mso-margin-top-alt: auto; mso-margin-bottom-alt: auto; line-height: normal;\"><span style=\"font-size: 10.0pt; font-family: 'Verdana','sans-serif'; mso-fareast-font-family: 'Times New Roman'; mso-bidi-font-family: Arial; color: black; mso-fareast-language: ES-MX;\">\u00a0<\/span><\/p>\n<ul type=\"disc\">\n<li class=\"MsoNormal\" style=\"color: black; mso-margin-top-alt: auto; mso-margin-bottom-alt: auto; line-height: normal; mso-list: l1 level1 lfo1; tab-stops: list 36.0pt;\"><span style=\"font-size: 10.0pt; font-family: 'Verdana','sans-serif'; mso-fareast-font-family: 'Times New Roman'; mso-bidi-font-family: Arial; mso-fareast-language: ES-MX;\">Almacenamiento de huellas digitales para control de asistencia (3000 huellas digitales)<\/span><\/li>\n<li class=\"MsoNormal\" style=\"color: black; mso-margin-top-alt: auto; mso-margin-bottom-alt: auto; line-height: normal; mso-list: l1 level1 lfo1; tab-stops: list 36.0pt;\"><span style=\"font-size: 10.0pt; font-family: 'Verdana','sans-serif'; mso-fareast-font-family: 'Times New Roman'; mso-bidi-font-family: Arial; mso-fareast-language: ES-MX;\">Conexion TCP\/IP para transferencia de huellas, registros y conexion con el software principal<\/span><\/li>\n<li class=\"MsoNormal\" style=\"color: black; mso-margin-top-alt: auto; mso-margin-bottom-alt: auto; line-height: normal; mso-list: l1 level1 lfo1; tab-stops: list 36.0pt;\"><span style=\"font-size: 10.0pt; font-family: 'Verdana','sans-serif'; mso-fareast-font-family: 'Times New Roman'; mso-bidi-font-family: Arial; mso-fareast-language: ES-MX;\">Creaci\u00f3n de reportes de asistencia mediante el Software principal incluido en el dispositivo<\/span><\/li>\n<li class=\"MsoNormal\" style=\"color: black; mso-margin-top-alt: auto; mso-margin-bottom-alt: auto; line-height: normal; mso-list: l1 level1 lfo1; tab-stops: list 36.0pt;\"><span style=\"font-size: 10.0pt; font-family: 'Verdana','sans-serif'; mso-fareast-font-family: 'Times New Roman'; mso-bidi-font-family: Arial; mso-fareast-language: ES-MX;\">Funci\u00f3n de reloj<\/span><\/li>\n<li class=\"MsoNormal\" style=\"color: black; mso-margin-top-alt: auto; mso-margin-bottom-alt: auto; line-height: normal; mso-list: l1 level1 lfo1; tab-stops: list 36.0pt;\"><span style=\"font-size: 10.0pt; font-family: 'Verdana','sans-serif'; mso-fareast-font-family: 'Times New Roman'; mso-bidi-font-family: Arial; mso-fareast-language: ES-MX;\">M\u00e1xima distancia de conexion 90m con cable UTP para conexion por red<\/span><\/li>\n<\/ul>\n<p class=\"MsoNormal\" style=\"mso-margin-top-alt: auto; mso-margin-bottom-alt: auto; line-height: normal;\"><b><span style=\"text-decoration: underline;\"><span style=\"font-size: 10.0pt; font-family: 'Verdana','sans-serif'; mso-fareast-font-family: 'Times New Roman'; mso-bidi-font-family: Arial; color: black; mso-fareast-language: ES-MX;\">Principales Caracter\u00edsticas:<\/span><\/span><\/b><\/p>\n<p class=\"MsoNormal\" style=\"mso-margin-top-alt: auto; mso-margin-bottom-alt: auto; line-height: normal;\"><span style=\"font-size: 10.0pt; font-family: 'Verdana','sans-serif'; mso-fareast-font-family: 'Times New Roman'; mso-bidi-font-family: Arial; color: black; mso-fareast-language: ES-MX;\">\u00a0<\/span><\/p>\n<ul type=\"disc\">\n<li class=\"MsoNormal\" style=\"color: black; mso-margin-top-alt: auto; mso-margin-bottom-alt: auto; line-height: normal; mso-list: l0 level1 lfo2; tab-stops: list 36.0pt;\"><span style=\"font-size: 10.0pt; font-family: 'Verdana','sans-serif'; mso-fareast-font-family: 'Times New Roman'; mso-bidi-font-family: Arial; mso-fareast-language: ES-MX;\">Pantalla TFT a color.<\/span><\/li>\n<li class=\"MsoNormal\" style=\"color: black; mso-margin-top-alt: auto; mso-margin-bottom-alt: auto; line-height: normal; mso-list: l0 level1 lfo2; tab-stops: list 36.0pt;\"><span style=\"font-size: 10.0pt; font-family: 'Verdana','sans-serif'; mso-fareast-font-family: 'Times New Roman'; mso-bidi-font-family: Arial; mso-fareast-language: ES-MX;\">Velocidad de Verificaci\u00f3n de 1.0 segundo.<\/span><\/li>\n<li class=\"MsoNormal\" style=\"color: black; mso-margin-top-alt: auto; mso-margin-bottom-alt: auto; line-height: normal; mso-list: l0 level1 lfo2; tab-stops: list 36.0pt;\"><span style=\"font-size: 10.0pt; font-family: 'Verdana','sans-serif'; mso-fareast-font-family: 'Times New Roman'; mso-bidi-font-family: Arial; mso-fareast-language: ES-MX;\">Verificaci\u00f3n y registro mediante huella digital \u00f3 password.<\/span><\/li>\n<li class=\"MsoNormal\" style=\"color: black; mso-margin-top-alt: auto; mso-margin-bottom-alt: auto; line-height: normal; mso-list: l0 level1 lfo2; tab-stops: list 36.0pt;\"><span style=\"font-size: 10.0pt; font-family: 'Verdana','sans-serif'; mso-fareast-font-family: 'Times New Roman'; mso-bidi-font-family: Arial; mso-fareast-language: ES-MX;\">Posibilidad de error menor de 0.0001%<\/span><\/li>\n<li class=\"MsoNormal\" style=\"color: black; mso-margin-top-alt: auto; mso-margin-bottom-alt: auto; line-height: normal; mso-list: l0 level1 lfo2; tab-stops: list 36.0pt;\"><span style=\"font-size: 10.0pt; font-family: 'Verdana','sans-serif'; mso-fareast-font-family: 'Times New Roman'; mso-bidi-font-family: Arial; mso-fareast-language: ES-MX;\">M\u00e9todos de verificaci\u00f3n: \u00bb 1 a N \u00bb y \u00bb 1 a 1\u201d.<\/span><\/li>\n<li class=\"MsoNormal\" style=\"color: black; mso-margin-top-alt: auto; mso-margin-bottom-alt: auto; line-height: normal; mso-list: l0 level1 lfo2; tab-stops: list 36.0pt;\"><span style=\"font-size: 10.0pt; font-family: 'Verdana','sans-serif'; mso-fareast-font-family: 'Times New Roman'; mso-bidi-font-family: Arial; mso-fareast-language: ES-MX;\">Capacidad de almacenamientos de huellas de hasta 3,000 plantillas.<\/span><\/li>\n<li class=\"MsoNormal\" style=\"color: black; mso-margin-top-alt: auto; mso-margin-bottom-alt: auto; line-height: normal; mso-list: l0 level1 lfo2; tab-stops: list 36.0pt;\"><span style=\"font-size: 10.0pt; font-family: 'Verdana','sans-serif'; mso-fareast-font-family: 'Times New Roman'; mso-bidi-font-family: Arial; mso-fareast-language: ES-MX;\">Capacidad de almacenar eventos grabados de hasta 100,000 eventos.<\/span><\/li>\n<li class=\"MsoNormal\" style=\"color: black; mso-margin-top-alt: auto; mso-margin-bottom-alt: auto; line-height: normal; mso-list: l0 level1 lfo2; tab-stops: list 36.0pt;\"><span style=\"font-size: 10.0pt; font-family: 'Verdana','sans-serif'; mso-fareast-font-family: 'Times New Roman'; mso-bidi-font-family: Arial; mso-fareast-language: ES-MX;\">Conexi\u00f3n: RS232, RS485, RJ45.<\/span><\/li>\n<li class=\"MsoNormal\" style=\"color: black; mso-margin-top-alt: auto; mso-margin-bottom-alt: auto; line-height: normal; mso-list: l0 level1 lfo2; tab-stops: list 36.0pt;\"><span style=\"font-size: 10.0pt; font-family: 'Verdana','sans-serif'; mso-fareast-font-family: 'Times New Roman'; mso-bidi-font-family: Arial; mso-fareast-language: ES-MX;\">Puerto de transferencia: 9600, 19200, 38400. (bps)<\/span><\/li>\n<li class=\"MsoNormal\" style=\"color: black; mso-margin-top-alt: auto; mso-margin-bottom-alt: auto; line-height: normal; mso-list: l0 level1 lfo2; tab-stops: list 36.0pt;\"><span style=\"font-size: 10.0pt; font-family: 'Verdana','sans-serif'; mso-fareast-font-family: 'Times New Roman'; mso-bidi-font-family: Arial; mso-fareast-language: ES-MX;\">1 Transformador de 5V, 2.0Amp.<\/span><\/li>\n<li class=\"MsoNormal\" style=\"color: black; mso-margin-top-alt: auto; mso-margin-bottom-alt: auto; line-height: normal; mso-list: l0 level1 lfo2; tab-stops: list 36.0pt;\"><span style=\"font-size: 10.0pt; font-family: 'Verdana','sans-serif'; mso-fareast-font-family: 'Times New Roman'; mso-bidi-font-family: Arial; mso-fareast-language: ES-MX;\">Lector de tarjetas Mifare<\/span><\/li>\n<\/ul>\n<p class=\"MsoNormal\" style=\"mso-margin-top-alt: auto; mso-margin-bottom-alt: auto; line-height: normal;\"><span style=\"font-size: 10.0pt; font-family: 'Verdana','sans-serif'; mso-fareast-font-family: 'Times New Roman'; mso-bidi-font-family: Arial; color: black; mso-fareast-language: ES-MX;\">\u00a0<\/span><\/p>\n<p class=\"MsoNormal\"><b><span style=\"color: #000000; font-family: Verdana, sans-serif;\"><span style=\"font-size: 10pt; line-height: normal;\">CAJA DE\u00a0<\/span><span style=\"font-size: 13.3333330154419px; line-height: normal;\">PROTECCI\u00d3N<\/span><span style=\"font-size: 10pt; line-height: normal;\">\u00a0DE ACERO INOXIDABLE<\/span><\/span><\/b><\/p>\n<p class=\"MsoNormal\"><span style=\"color: #000000; font-family: Verdana, sans-serif;\"><span style=\"font-size: 10pt; line-height: normal;\">\u00a0<\/span><\/span><b><span style=\"color: #000000; font-family: Verdana, sans-serif;\"><span style=\"font-size: 10pt; line-height: normal;\">\u00a1COMPATIBLE CON LA\u00a0<\/span><span style=\"font-size: 13.3333330154419px; line-height: normal;\">MAYOR\u00cdA<\/span><span style=\"font-size: 10pt; line-height: normal;\">\u00a0DE LOS EQUIPOS ZK!<\/span><\/span><\/b><\/p>\n<p class=\"MsoNormal\" style=\"mso-margin-top-alt: auto; mso-margin-bottom-alt: auto; line-height: normal;\"><span style=\"font-size: 10.0pt; font-family: 'Verdana','sans-serif'; mso-fareast-font-family: 'Times New Roman'; mso-bidi-font-family: Arial; color: black; mso-fareast-language: ES-MX;\">\u00a0Gracias\u00a0 a sus\u00a0 materiales\u00a0 es resistente al\u00a0 uso diario y brinda protecci\u00f3n\u00a0 al\u00a0 equipo que se encuentra en su interior, de las condiciones\u00a0 climatol\u00f3gicas, permitiendo una mayor vida y una\u00a0 reducci\u00f3n de\u00a0 costos\u00a0 en mantenimiento y reparaci\u00f3n del equipo.<\/span><\/p>\n<p class=\"MsoNormal\" style=\"mso-margin-top-alt: auto; mso-margin-bottom-alt: auto; line-height: normal;\"><span style=\"font-size: 10.0pt; font-family: 'Verdana','sans-serif'; mso-fareast-font-family: 'Times New Roman'; mso-bidi-font-family: Arial; color: black; mso-fareast-language: ES-MX;\">DIMENSIONES: ANCHO\/ ALTO\/ PROFUNDIDAD<\/span><\/p>\n<p class=\"MsoNormal\" style=\"mso-margin-top-alt: auto; mso-margin-bottom-alt: auto; line-height: normal;\"><span style=\"font-size: 10.0pt; font-family: 'Verdana','sans-serif'; mso-fareast-font-family: 'Times New Roman'; mso-bidi-font-family: Arial; color: black; mso-fareast-language: ES-MX;\">23 X 33 X 8 CM.<\/span><\/p>\n<p class=\"MsoNormal\" style=\"mso-margin-top-alt: auto; mso-margin-bottom-alt: auto; line-height: normal; mso-outline-level: 1;\"><b><span style=\"font-size: 10.0pt; font-family: 'Verdana','sans-serif'; mso-fareast-font-family: 'Times New Roman'; mso-bidi-font-family: 'Times New Roman'; mso-font-kerning: 18.0pt; mso-fareast-language: ES-MX;\">\u00a0<\/span><\/b><\/p>\n<p class=\"MsoNormal\" style=\"margin-bottom: 5.75pt; line-height: 10.35pt;\"><b><span style=\"font-size: 10pt; font-family: Verdana, sans-serif;\">Precios expresados en d\u00f3lares americanos pagaderos al tipo de cambio del d\u00eda de la compra y facturaci\u00f3n.<\/span><\/b><\/p>\n<p class=\"MsoNormal\" style=\"margin-bottom: 5.75pt; line-height: 10.35pt;\"><span style=\"font-size: 10pt; font-family: Verdana, sans-serif;\">Pago: Anticipado v\u00eda transferencia \u00f3 dep\u00f3sito bancario.<\/span><\/p>\n<p class=\"MsoNormal\" style=\"margin-bottom: 5.75pt; line-height: 10.35pt;\"><span style=\"font-size: 10pt; font-family: Verdana, sans-serif;\">Tiempo de entrega: Inmediata o dependiendo existencias.<\/span><\/p>\n<p class=\"MsoNormal\" style=\"margin-bottom: 5.75pt; line-height: 10.35pt;\"><span style=\"font-size: 10pt; font-family: Verdana, sans-serif;\">Garant\u00eda de: 1 a\u00f1o por defectos de fabricaci\u00f3n.<\/span><\/p>\n<p class=\"MsoNormal\" style=\"margin-bottom: 5.75pt; line-height: 10.35pt;\"><span style=\"font-size: 10pt; font-family: Verdana, sans-serif;\">No incluye instalaci\u00f3n, canalizaci\u00f3n, ni obra civil, en caso de requerir por favor contacte al depto. de ventas.<\/span><\/p>\n<p class=\"MsoNormal\" style=\"margin-bottom: 5.75pt; line-height: 10.35pt;\"><span style=\"font-size: 10pt; font-family: Verdana, sans-serif;\">Para consultar existencias, precios sobre la transportaci\u00f3n y\/o\u00a0 los vi\u00e1ticos,\u00a0por favor contacte con nosotros.<\/span><\/p>\n<p class=\"MsoNormal\" style=\"margin-bottom: 5.75pt; line-height: 10.35pt;\"><span style=\"font-size: 10pt; font-family: Verdana, sans-serif;\">Precios sujetos a cambio sin previo aviso.<\/span><\/p>\n<p><span style=\"font-size: 10pt; line-height: 115%; font-family: Verdana, sans-serif;\">Cualquier duda adicional, consulte a su ejecutivo de ventas.<\/span><\/p>\n","protected":false},"excerpt":{"rendered":"<p>El reloj para control de\u00a0Asistencia biometrico le permite tener las estad\u00edsticas de entradas y salidas de todo el personal a sus instalaciones. El\u00a0X629TC\u00a0es un reloj de huella digital para el control de asistencia, tiene\u00a0un lector \u00f3ptico que almacena hasta 3000 huellas digitales que se almacenan internamente en su memoria para autentificar el acceso. \u00a0El\u00a0X629TC\u00a0ofrece conectividad[&#8230;]<\/p>\n","protected":false},"featured_media":4322,"comment_status":"closed","ping_status":"closed","template":"","meta":[],"product_cat":[110,34,33],"product_tag":[],"class_list":["post-3445","product","type-product","status-publish","has-post-thumbnail","hentry","product_cat-control-de-acceso","product_cat-control-de-asistencia-biometricos","product_cat-control-de-asistencia-por-huella-digital","pa_marca-zkteco"],"_links":{"self":[{"href":"https:\/\/globalsystem.com.mx\/catalogo\/wp-json\/wp\/v2\/product\/3445","targetHints":{"allow":["GET"]}}],"collection":[{"href":"https:\/\/globalsystem.com.mx\/catalogo\/wp-json\/wp\/v2\/product"}],"about":[{"href":"https:\/\/globalsystem.com.mx\/catalogo\/wp-json\/wp\/v2\/types\/product"}],"replies":[{"embeddable":true,"href":"https:\/\/globalsystem.com.mx\/catalogo\/wp-json\/wp\/v2\/comments?post=3445"}],"version-history":[{"count":3,"href":"https:\/\/globalsystem.com.mx\/catalogo\/wp-json\/wp\/v2\/product\/3445\/revisions"}],"predecessor-version":[{"id":4405,"href":"https:\/\/globalsystem.com.mx\/catalogo\/wp-json\/wp\/v2\/product\/3445\/revisions\/4405"}],"wp:featuredmedia":[{"embeddable":true,"href":"https:\/\/globalsystem.com.mx\/catalogo\/wp-json\/wp\/v2\/media\/4322"}],"wp:attachment":[{"href":"https:\/\/globalsystem.com.mx\/catalogo\/wp-json\/wp\/v2\/media?parent=3445"}],"wp:term":[{"taxonomy":"product_cat","embeddable":true,"href":"https:\/\/globalsystem.com.mx\/catalogo\/wp-json\/wp\/v2\/product_cat?post=3445"},{"taxonomy":"product_tag","embeddable":true,"href":"https:\/\/globalsystem.com.mx\/catalogo\/wp-json\/wp\/v2\/product_tag?post=3445"}],"curies":[{"name":"wp","href":"https:\/\/api.w.org\/{rel}","templated":true}]}}