{"id":3443,"date":"2022-06-03T22:08:22","date_gmt":"2022-06-03T22:08:22","guid":{"rendered":"https:\/\/webs360apps.com\/ismafinal\/product\/zk-x629tcusb-paquete-ctrl-de-asistencia-a-color-3000-huellas-100000-registros-tcpip-usb-dhcp-y-caja-de-proteccion\/"},"modified":"2022-06-13T02:09:16","modified_gmt":"2022-06-13T02:09:16","slug":"zk-x629tcusb-paquete-ctrl-de-asistencia-a-color-3000-huellas-100000-registros-tcpip-usb-dhcp-y-caja-de-proteccion","status":"publish","type":"product","link":"https:\/\/globalsystem.com.mx\/catalogo\/zk-x629tcusb-paquete-ctrl-de-asistencia-a-color-3000-huellas-100000-registros-tcpip-usb-dhcp-y-caja-de-proteccion","title":{"rendered":"ZK X629TCUSB &#8211; PAQUETE RELOJ CHECADORE DE HUELLA DIGITAL ASISTENCIA A COLOR\/ 3000 HUELLAS\/ 100000 REGISTROS\/ TCPIP\/ USB\/ DHCP Y CAJA DE PROTECCI\u00d3N"},"content":{"rendered":"<p class=\"arial10\" style=\"background-image: initial; background-attachment: initial; background-size: initial; background-origin: initial; background-clip: initial; background-position: initial; background-repeat: initial;\"><span style=\"font-size: 10.0pt; font-family: 'Verdana','sans-serif'; mso-bidi-font-family: Arial; color: black;\">El\u00a0<span style=\"font-family: Verdana, sans-serif; font-size: 13.3333px; line-height: 15.808px;\">reloj de huella digital para control de asistencia<\/span>\u00a0le permite tener las estad\u00edsticas de entradas y salidas de todo el personal a sus instalaciones. El<strong>X629TC<\/strong>es un lector \u00f3ptico que almacena hasta 3000 huellas digitales que se almacenan internamente para autentificar el acceso.<\/span><\/p>\n<p class=\"arial10\" style=\"background-image: initial; background-attachment: initial; background-size: initial; background-origin: initial; background-clip: initial; background-position: initial; background-repeat: initial;\"><span style=\"font-size: 10.0pt; font-family: 'Verdana','sans-serif'; mso-bidi-font-family: Arial; color: black;\">El<strong>\u00a0X629TC<\/strong>ofrece conectividad a trav\u00e9s de su red de computadoras e Internet, lo que le permite tener el control de todas sus sucursales, almacenes y oficinas geogr\u00e1ficamente distribuidas. Incluye un software que le permite administrar la asistencia de cada persona a sus instalaciones: definici\u00f3n de horario laboral, hora de entrada, hora de salida, faltas, retardos, horas extras, d\u00edas festivos, etc. El\u00a0<strong>X629TC<\/strong>tiene la capacidad de operar de manera independiente y almacenar hasta 100,000 eventos. Esta informaci\u00f3n puede ser descargada por el software una vez que el equipo tenga acceso a la red de c\u00f3mputo de sus instalaciones, a trav\u00e9s de una conexi\u00f3n RS485, RJ45 o bien mediante una\u00a0<strong>Memoria USB<\/strong>\u00a0gracias al puerto mini\u00a0<strong>USB<\/strong>\u00a0con el que cuenta la Terminal. Cuenta con pantalla TFT a Color permitiendo manejar una interfaz f\u00e1cil y amigable.<\/span><\/p>\n<p style=\"background-image: initial; background-attachment: initial; background-size: initial; background-origin: initial; background-clip: initial; background-position: initial; background-repeat: initial;\"><strong><em><span style=\"color: #000000; font-family: Verdana, sans-serif;\"><span style=\"font-size: 10pt;\">CAJA DE\u00a0<\/span><span style=\"font-size: 13.3333330154419px;\">PROTECCI\u00d3N<\/span><span style=\"font-size: 10pt;\">\u00a0DE ACERO INOXIDABLE<\/span><\/span><\/em><\/strong><\/p>\n<p style=\"background-image: initial; background-attachment: initial; background-size: initial; background-origin: initial; background-clip: initial; background-position: initial; background-repeat: initial;\"><strong><em><span style=\"color: #000000; font-family: Verdana, sans-serif;\"><span style=\"font-size: 10pt;\">\u00a1COMPATIBLE CON LA\u00a0<\/span><span style=\"font-size: 13.3333330154419px;\">MAYOR\u00cdA<\/span><span style=\"font-size: 10pt;\">\u00a0DE LOS EQUIPOS ZK!<\/span><\/span><\/em><\/strong><\/p>\n<p style=\"background-image: initial; background-attachment: initial; background-size: initial; background-origin: initial; background-clip: initial; background-position: initial; background-repeat: initial;\"><em><span style=\"font-size: 10.0pt; font-family: 'Verdana','sans-serif'; mso-bidi-font-family: Arial; color: black;\">Gracias\u00a0 a sus\u00a0 materiales\u00a0 es resistente al\u00a0 uso diario y brinda protecci\u00f3n\u00a0 al\u00a0 equipo que se encuentra en su interior, de las condiciones\u00a0 climatol\u00f3gicas, permitiendo una mayor vida y una\u00a0 reducci\u00f3n de\u00a0 costos\u00a0 en mantenimiento y reparaci\u00f3n del equipo.<\/span><\/em><\/p>\n<p style=\"background-image: initial; background-attachment: initial; background-size: initial; background-origin: initial; background-clip: initial; background-position: initial; background-repeat: initial;\"><span style=\"font-size: 10.0pt; font-family: 'Verdana','sans-serif'; mso-bidi-font-family: Arial; color: black;\">DIMENSIONES: ANCHO\/ ALTO\/ PROFUNDIDAD<\/span><\/p>\n<p style=\"background-image: initial; background-attachment: initial; background-size: initial; background-origin: initial; background-clip: initial; background-position: initial; background-repeat: initial;\"><span style=\"font-size: 10.0pt; font-family: 'Verdana','sans-serif'; mso-bidi-font-family: Arial; color: black;\">23 X 33 X 8 CM.<\/span><\/p>\n<p class=\"MsoNormal\" style=\"line-height: normal; background-image: initial; background-attachment: initial; background-size: initial; background-origin: initial; background-clip: initial; background-position: initial; background-repeat: initial;\"><span style=\"font-size: 10.0pt; font-family: 'Verdana','sans-serif'; mso-fareast-font-family: 'Times New Roman'; mso-bidi-font-family: Arial; color: black; mso-fareast-language: ES-MX;\">Principales Caracter\u00edsticas:<\/span><\/p>\n<ul type=\"disc\">\n<li class=\"MsoNormal\" style=\"color: black; line-height: normal; background-image: initial; background-attachment: initial; background-size: initial; background-origin: initial; background-clip: initial; background-position: initial; background-repeat: initial;\"><span style=\"font-size: 10.0pt; font-family: 'Verdana','sans-serif'; mso-fareast-font-family: 'Times New Roman'; mso-bidi-font-family: Arial; mso-fareast-language: ES-MX;\">Material de Acero Inoxidable<\/span><\/li>\n<li class=\"MsoNormal\" style=\"color: black; line-height: normal; background-image: initial; background-attachment: initial; background-size: initial; background-origin: initial; background-clip: initial; background-position: initial; background-repeat: initial;\"><span style=\"font-size: 10.0pt; font-family: 'Verdana','sans-serif'; mso-fareast-font-family: 'Times New Roman'; mso-bidi-font-family: Arial; mso-fareast-language: ES-MX;\">Puerta transparente para la visibilidad del\u00a0 equipo\u00a0 interior.<\/span><\/li>\n<li class=\"MsoNormal\" style=\"color: black; line-height: normal; background-image: initial; background-attachment: initial; background-size: initial; background-origin: initial; background-clip: initial; background-position: initial; background-repeat: initial;\"><span style=\"font-size: 10.0pt; font-family: 'Verdana','sans-serif'; mso-fareast-font-family: 'Times New Roman'; mso-bidi-font-family: Arial; mso-fareast-language: ES-MX;\">F\u00e1cil Apertura.<\/span><\/li>\n<li class=\"MsoNormal\" style=\"color: black; line-height: normal; background-image: initial; background-attachment: initial; background-size: initial; background-origin: initial; background-clip: initial; background-position: initial; background-repeat: initial;\"><span style=\"font-size: 10.0pt; font-family: 'Verdana','sans-serif'; mso-fareast-font-family: 'Times New Roman'; mso-bidi-font-family: Arial; mso-fareast-language: ES-MX;\">F\u00e1cil Instalaci\u00f3n.<\/span><\/li>\n<li class=\"MsoNormal\" style=\"color: black; line-height: normal; background-image: initial; background-attachment: initial; background-size: initial; background-origin: initial; background-clip: initial; background-position: initial; background-repeat: initial;\"><span style=\"font-size: 10.0pt; font-family: 'Verdana','sans-serif'; mso-fareast-font-family: 'Times New Roman'; mso-bidi-font-family: Arial; mso-fareast-language: ES-MX;\">Dimensiones(cms)\u00a023 x 33 x 8<\/span><\/li>\n<li class=\"MsoNormal\" style=\"color: black; line-height: normal; background-image: initial; background-attachment: initial; background-size: initial; background-origin: initial; background-clip: initial; background-position: initial; background-repeat: initial;\"><span style=\"font-family: Verdana, sans-serif; font-size: 10pt; line-height: 115%;\">Certificado IP65<\/span><\/li>\n<\/ul>\n<p>&nbsp;<\/p>\n<p class=\"MsoNoSpacing\" style=\"box-sizing: border-box; margin: 0px 0px 10px; font-family: 'Segoe UI', Tahoma, Arial, Helvetica, sans-serif; font-size: 13px; line-height: 18px;\"><span style=\"box-sizing: border-box; font-size: 10pt; font-family: Verdana, sans-serif;\"><span style=\"box-sizing: border-box; font-weight: bold;\">Precios expresados en d\u00f3lares americanos pagaderos al tipo de cambio del d\u00eda de la compra y facturaci\u00f3n.<\/span><\/span><\/p>\n<p class=\"MsoNoSpacing\" style=\"box-sizing: border-box; margin: 0px 0px 10px; font-family: 'Segoe UI', Tahoma, Arial, Helvetica, sans-serif; font-size: 13px; line-height: 18px;\"><span style=\"box-sizing: border-box; font-size: 10pt; font-family: Verdana, sans-serif;\">Pago: Anticipado v\u00eda transferencia \u00f3 dep\u00f3sito bancario.<\/span><\/p>\n<p class=\"MsoNoSpacing\" style=\"box-sizing: border-box; margin: 0px 0px 10px; font-family: 'Segoe UI', Tahoma, Arial, Helvetica, sans-serif; font-size: 13px; line-height: 18px;\"><span style=\"box-sizing: border-box; font-size: 10pt; font-family: Verdana, sans-serif;\">Tiempo de entrega: Inmediata o dependiendo existencias.<\/span><\/p>\n<p class=\"MsoNoSpacing\" style=\"box-sizing: border-box; margin: 0px 0px 10px; font-family: 'Segoe UI', Tahoma, Arial, Helvetica, sans-serif; font-size: 13px; line-height: 18px;\"><span style=\"box-sizing: border-box; font-size: 10pt; font-family: Verdana, sans-serif;\">Garant\u00eda de: 1 a\u00f1o por defectos de fabricaci\u00f3n.<\/span><\/p>\n<p class=\"MsoNoSpacing\" style=\"box-sizing: border-box; margin: 0px 0px 10px; font-family: 'Segoe UI', Tahoma, Arial, Helvetica, sans-serif; font-size: 13px; line-height: 18px;\"><span style=\"box-sizing: border-box; font-size: 10pt; font-family: Verdana, sans-serif;\">No incluye instalaci\u00f3n, canalizaci\u00f3n, ni obra civil, en caso de requerir por favor contacte al depto. de ventas.<\/span><\/p>\n<p class=\"MsoNoSpacing\" style=\"box-sizing: border-box; margin: 0px 0px 10px; font-family: 'Segoe UI', Tahoma, Arial, Helvetica, sans-serif; font-size: 13px; line-height: 18px;\"><span style=\"box-sizing: border-box; font-size: 10pt; font-family: Verdana, sans-serif;\">Para consultar existencias, precios sobre la transportaci\u00f3n y\/o\u00a0 los vi\u00e1ticos,\u00a0por favor contacte con nosotros.<\/span><\/p>\n<p class=\"MsoNoSpacing\" style=\"box-sizing: border-box; margin: 0px 0px 10px; font-family: 'Segoe UI', Tahoma, Arial, Helvetica, sans-serif; font-size: 13px; line-height: 18px;\"><span style=\"box-sizing: border-box; font-size: 10pt; font-family: Verdana, sans-serif;\">Precios sujetos a cambio sin previo aviso.<\/span><\/p>\n<p>&nbsp;<\/p>\n<p class=\"MsoNoSpacing\" style=\"box-sizing: border-box; margin: 0px 0px 10px; font-family: 'Segoe UI', Tahoma, Arial, Helvetica, sans-serif; font-size: 13px; line-height: 18px;\">Cualquier duda adicional, consulte a su ejecutivo de ventas.<\/p>\n<p>&nbsp;<\/p>\n","protected":false},"excerpt":{"rendered":"<p>El\u00a0reloj de huella digital para control de asistencia\u00a0le permite tener las estad\u00edsticas de entradas y salidas de todo el personal a sus instalaciones. ElX629TCes un lector \u00f3ptico que almacena hasta 3000 huellas digitales que se almacenan internamente para autentificar el acceso. El\u00a0X629TCofrece conectividad a trav\u00e9s de su red de computadoras e Internet, lo que le[&#8230;]<\/p>\n","protected":false},"featured_media":4387,"comment_status":"closed","ping_status":"closed","template":"","meta":[],"product_cat":[110,34,33],"product_tag":[],"class_list":["post-3443","product","type-product","status-publish","has-post-thumbnail","hentry","product_cat-control-de-acceso","product_cat-control-de-asistencia-biometricos","product_cat-control-de-asistencia-por-huella-digital","pa_marca-zkteco"],"_links":{"self":[{"href":"https:\/\/globalsystem.com.mx\/catalogo\/wp-json\/wp\/v2\/product\/3443","targetHints":{"allow":["GET"]}}],"collection":[{"href":"https:\/\/globalsystem.com.mx\/catalogo\/wp-json\/wp\/v2\/product"}],"about":[{"href":"https:\/\/globalsystem.com.mx\/catalogo\/wp-json\/wp\/v2\/types\/product"}],"replies":[{"embeddable":true,"href":"https:\/\/globalsystem.com.mx\/catalogo\/wp-json\/wp\/v2\/comments?post=3443"}],"version-history":[{"count":4,"href":"https:\/\/globalsystem.com.mx\/catalogo\/wp-json\/wp\/v2\/product\/3443\/revisions"}],"predecessor-version":[{"id":4420,"href":"https:\/\/globalsystem.com.mx\/catalogo\/wp-json\/wp\/v2\/product\/3443\/revisions\/4420"}],"wp:featuredmedia":[{"embeddable":true,"href":"https:\/\/globalsystem.com.mx\/catalogo\/wp-json\/wp\/v2\/media\/4387"}],"wp:attachment":[{"href":"https:\/\/globalsystem.com.mx\/catalogo\/wp-json\/wp\/v2\/media?parent=3443"}],"wp:term":[{"taxonomy":"product_cat","embeddable":true,"href":"https:\/\/globalsystem.com.mx\/catalogo\/wp-json\/wp\/v2\/product_cat?post=3443"},{"taxonomy":"product_tag","embeddable":true,"href":"https:\/\/globalsystem.com.mx\/catalogo\/wp-json\/wp\/v2\/product_tag?post=3443"}],"curies":[{"name":"wp","href":"https:\/\/api.w.org\/{rel}","templated":true}]}}