{"id":3437,"date":"2022-06-03T22:08:22","date_gmt":"2022-06-03T22:08:22","guid":{"rendered":"https:\/\/webs360apps.com\/ismafinal\/product\/zk-h7-ctrl-asistencia-mejorado-comunicacion-usb-ahora-1500-huellas-50000-registros\/"},"modified":"2022-06-13T02:05:12","modified_gmt":"2022-06-13T02:05:12","slug":"zk-h7-ctrl-asistencia-mejorado-comunicacion-usb-ahora-1500-huellas-50000-registros","status":"publish","type":"product","link":"https:\/\/globalsystem.com.mx\/catalogo\/zk-h7-ctrl-asistencia-mejorado-comunicacion-usb-ahora-1500-huellas-50000-registros","title":{"rendered":"ZK H7 &#8211; RELOJ DE HUELLA DIGITAL PARA CONTROL DE ASISTENCIA \/COMUNICACION USB\/ AHORA 1500 HUELLAS\/50000 REGISTROS"},"content":{"rendered":"<p style=\"background-image: initial; background-attachment: initial; background-size: initial; background-origin: initial; background-clip: initial; background-position: initial; background-repeat: initial;\"><span style=\"font-size: 10.0pt; font-family: 'Verdana','sans-serif'; mso-bidi-font-family: Arial; color: black;\">H7,\u00a0<\/span><span style=\"color: #000000; font-family: Verdana, sans-serif; font-size: 13.3333px; line-height: 15.808px;\">Reloj de huella digital para control de asistencia. c<\/span><span style=\"color: black; font-family: Verdana, sans-serif; font-size: 10pt; line-height: 1.3em;\">on el sistema de reportes ssr (servicio de autograbado) almacenado en el tiempo del reloj, es la mejor opcion para peque\u00f1as cadenas de tiendas. Puedes redactar la informaci\u00f3n de los empleados y organizar los turnos simple y rapido en formato excel. Via USB o SD, \u00a0Evitando la coplejidad de conexiones IP y conexiones mediante cable. Fue construido con una estructura ergonomica, extremadamente ligero y delgado. Su pantalla TFT de 3 pulgadas puede mostrar informaci\u00f3n vivida, incluyendo una huella digital de calidad y resultados de verificaci\u00f3n.<\/span><\/p>\n<p style=\"background-image: initial; background-attachment: initial; background-size: initial; background-origin: initial; background-clip: initial; background-position: initial; background-repeat: initial;\"><span style=\"font-size: 10.0pt; font-family: 'Verdana','sans-serif'; mso-bidi-font-family: Arial; color: black;\">El H7 esta dise\u00f1ado para tener conexion via USB, es considerado un control de acceso de escritorio ya que puedes tenerlo sobre la recepcion de la entrada de las oficinas, tiene un gran dise\u00f1o y un inmejorable sistema biometrico lo que lo hace el mejor de los dispositivos de escritorio.<\/span><\/p>\n<p class=\"MsoNormal\" style=\"line-height: normal; background-image: initial; background-attachment: initial; background-size: initial; background-origin: initial; background-clip: initial; background-position: initial; background-repeat: initial;\"><span style=\"font-size: 10.0pt; font-family: 'Verdana','sans-serif'; mso-fareast-font-family: 'Times New Roman'; mso-bidi-font-family: Arial; color: black; mso-fareast-language: ES-MX;\">Funciones principales:<\/span><\/p>\n<ul type=\"disc\">\n<li class=\"MsoNormal\" style=\"color: black; line-height: normal; background-image: initial; background-attachment: initial; background-size: initial; background-origin: initial; background-clip: initial; background-position: initial; background-repeat: initial;\"><span style=\"font-size: 10.0pt; font-family: 'Verdana','sans-serif'; mso-fareast-font-family: 'Times New Roman'; mso-bidi-font-family: Arial; mso-fareast-language: ES-MX;\">Conectividad USB<\/span><\/li>\n<li class=\"MsoNormal\" style=\"color: black; line-height: normal; background-image: initial; background-attachment: initial; background-size: initial; background-origin: initial; background-clip: initial; background-position: initial; background-repeat: initial;\"><span style=\"font-size: 10.0pt; font-family: 'Verdana','sans-serif'; mso-fareast-font-family: 'Times New Roman'; mso-bidi-font-family: Arial; mso-fareast-language: ES-MX;\">Ranura para memoria SD<\/span><\/li>\n<li class=\"MsoNormal\" style=\"color: black; line-height: normal; background-image: initial; background-attachment: initial; background-size: initial; background-origin: initial; background-clip: initial; background-position: initial; background-repeat: initial;\"><span style=\"font-size: 10.0pt; font-family: 'Verdana','sans-serif'; mso-fareast-font-family: 'Times New Roman'; mso-bidi-font-family: Arial; mso-fareast-language: ES-MX;\">Hasta 1500 huellas digitales<\/span><\/li>\n<li class=\"MsoNormal\" style=\"color: black; line-height: normal; background-image: initial; background-attachment: initial; background-size: initial; background-origin: initial; background-clip: initial; background-position: initial; background-repeat: initial;\"><span style=\"font-size: 10.0pt; font-family: 'Verdana','sans-serif'; mso-fareast-font-family: 'Times New Roman'; mso-bidi-font-family: Arial; mso-fareast-language: ES-MX;\">Pantalla a color 3&#8243;<\/span><\/li>\n<\/ul>\n<p class=\"MsoNormal\" style=\"line-height: normal; background-image: initial; background-attachment: initial; background-size: initial; background-origin: initial; background-clip: initial; background-position: initial; background-repeat: initial;\"><span style=\"font-size: 10.0pt; font-family: 'Verdana','sans-serif'; mso-fareast-font-family: 'Times New Roman'; mso-bidi-font-family: Arial; color: black; mso-fareast-language: ES-MX;\">Que necesito para que mi equipo funcione:<\/span><\/p>\n<ul type=\"disc\">\n<li class=\"MsoNormal\" style=\"color: black; line-height: normal; background-image: initial; background-attachment: initial; background-size: initial; background-origin: initial; background-clip: initial; background-position: initial; background-repeat: initial;\"><span style=\"font-size: 10.0pt; font-family: 'Verdana','sans-serif'; mso-fareast-font-family: 'Times New Roman'; mso-bidi-font-family: Arial; mso-fareast-language: ES-MX;\">Dispositivo H7<\/span><\/li>\n<li class=\"MsoNormal\" style=\"color: black; line-height: normal; background-image: initial; background-attachment: initial; background-size: initial; background-origin: initial; background-clip: initial; background-position: initial; background-repeat: initial;\"><span style=\"font-size: 10.0pt; font-family: 'Verdana','sans-serif'; mso-fareast-font-family: 'Times New Roman'; mso-bidi-font-family: Arial; mso-fareast-language: ES-MX;\">Cable USB (incluido)<\/span><\/li>\n<li class=\"MsoNormal\" style=\"color: black; line-height: normal; background-image: initial; background-attachment: initial; background-size: initial; background-origin: initial; background-clip: initial; background-position: initial; background-repeat: initial;\"><span style=\"font-size: 10.0pt; font-family: 'Verdana','sans-serif'; mso-fareast-font-family: 'Times New Roman'; mso-bidi-font-family: Arial; mso-fareast-language: ES-MX;\">Desktop o Notebook para instalar el software y hacer la conexion con el dispositivo<\/span><\/li>\n<\/ul>\n<p class=\"MsoNormal\" style=\"line-height: normal; background-image: initial; background-attachment: initial; background-size: initial; background-origin: initial; background-clip: initial; background-position: initial; background-repeat: initial;\"><span style=\"font-size: 10.0pt; font-family: 'Verdana','sans-serif'; mso-fareast-font-family: 'Times New Roman'; mso-bidi-font-family: Arial; color: black; mso-fareast-language: ES-MX;\">Caracteristicas:<\/span><\/p>\n<ul type=\"disc\">\n<li class=\"MsoNormal\" style=\"color: black; line-height: normal; background-image: initial; background-attachment: initial; background-size: initial; background-origin: initial; background-clip: initial; background-position: initial; background-repeat: initial;\"><span style=\"font-size: 10.0pt; font-family: 'Verdana','sans-serif'; mso-fareast-font-family: 'Times New Roman'; mso-bidi-font-family: Arial; mso-fareast-language: ES-MX;\">Pantalla TFT a color con interfance GUI para facil manejo<\/span><\/li>\n<li class=\"MsoNormal\" style=\"color: black; line-height: normal; background-image: initial; background-attachment: initial; background-size: initial; background-origin: initial; background-clip: initial; background-position: initial; background-repeat: initial;\"><span style=\"font-size: 10.0pt; font-family: 'Verdana','sans-serif'; mso-fareast-font-family: 'Times New Roman'; mso-bidi-font-family: Arial; mso-fareast-language: ES-MX;\">Algoritmo version 10.0 de huella digital<\/span><\/li>\n<li class=\"MsoNormal\" style=\"color: black; line-height: normal; background-image: initial; background-attachment: initial; background-size: initial; background-origin: initial; background-clip: initial; background-position: initial; background-repeat: initial;\"><span style=\"font-size: 10.0pt; font-family: 'Verdana','sans-serif'; mso-fareast-font-family: 'Times New Roman'; mso-bidi-font-family: Arial; mso-fareast-language: ES-MX;\">Puertos USB y SD para facil trasnferencia de datos SSR<\/span><\/li>\n<li class=\"MsoNormal\" style=\"color: black; line-height: normal; background-image: initial; background-attachment: initial; background-size: initial; background-origin: initial; background-clip: initial; background-position: initial; background-repeat: initial;\"><span style=\"font-size: 10.0pt; font-family: 'Verdana','sans-serif'; mso-fareast-font-family: 'Times New Roman'; mso-bidi-font-family: Arial; mso-fareast-language: ES-MX;\">Teclas de funcion para seleccionar entrada o salida al presionarlos<\/span><\/li>\n<\/ul>\n<p class=\"MsoNormal\" style=\"line-height: normal; background-image: initial; background-attachment: initial; background-size: initial; background-origin: initial; background-clip: initial; background-position: initial; background-repeat: initial;\"><span style=\"font-size: 10.0pt; font-family: 'Verdana','sans-serif'; mso-fareast-font-family: 'Times New Roman'; mso-bidi-font-family: Arial; color: black; mso-fareast-language: ES-MX;\">\u00a0<\/span><\/p>\n<p class=\"MsoNormal\" style=\"line-height: normal; background-image: initial; background-attachment: initial; background-size: initial; background-origin: initial; background-clip: initial; background-position: initial; background-repeat: initial;\"><span style=\"font-size: 10.0pt; font-family: 'Verdana','sans-serif'; mso-fareast-font-family: 'Times New Roman'; mso-bidi-font-family: Arial; color: black; mso-fareast-language: ES-MX;\">Especificaciones\u00a0\u00a0<\/span><\/p>\n<ul type=\"disc\">\n<li class=\"MsoNormal\" style=\"color: black; line-height: normal; background-image: initial; background-attachment: initial; background-size: initial; background-origin: initial; background-clip: initial; background-position: initial; background-repeat: initial;\"><span style=\"font-size: 10.0pt; font-family: 'Verdana','sans-serif'; mso-fareast-font-family: 'Times New Roman'; mso-bidi-font-family: Arial; mso-fareast-language: ES-MX;\">Pantalla TFT a color de 3 pulgadas<\/span><\/li>\n<li class=\"MsoNormal\" style=\"color: black; line-height: normal; background-image: initial; background-attachment: initial; background-size: initial; background-origin: initial; background-clip: initial; background-position: initial; background-repeat: initial;\"><span style=\"font-size: 10.0pt; font-family: 'Verdana','sans-serif'; mso-fareast-font-family: 'Times New Roman'; mso-bidi-font-family: Arial; mso-fareast-language: ES-MX;\">1500 huellas<\/span><\/li>\n<li class=\"MsoNormal\" style=\"color: black; line-height: normal; background-image: initial; background-attachment: initial; background-size: initial; background-origin: initial; background-clip: initial; background-position: initial; background-repeat: initial;\"><span style=\"font-size: 10.0pt; font-family: 'Verdana','sans-serif'; mso-fareast-font-family: 'Times New Roman'; mso-bidi-font-family: Arial; mso-fareast-language: ES-MX;\">50,000 registros<\/span><\/li>\n<li class=\"MsoNormal\" style=\"color: black; line-height: normal; background-image: initial; background-attachment: initial; background-size: initial; background-origin: initial; background-clip: initial; background-position: initial; background-repeat: initial;\"><span style=\"font-size: 10.0pt; font-family: 'Verdana','sans-serif'; mso-fareast-font-family: 'Times New Roman'; mso-bidi-font-family: Arial; mso-fareast-language: ES-MX;\">Puertos USB-Host, USB-client y SD card<\/span><\/li>\n<li class=\"MsoNormal\" style=\"color: black; line-height: normal; background-image: initial; background-attachment: initial; background-size: initial; background-origin: initial; background-clip: initial; background-position: initial; background-repeat: initial;\"><span style=\"font-size: 10.0pt; font-family: 'Verdana','sans-serif'; mso-fareast-font-family: 'Times New Roman'; mso-bidi-font-family: Arial; mso-fareast-language: ES-MX;\">Fuente de 5V DC 2A<\/span><\/li>\n<li class=\"MsoNormal\" style=\"color: black; line-height: normal; background-image: initial; background-attachment: initial; background-size: initial; background-origin: initial; background-clip: initial; background-position: initial; background-repeat: initial;\"><span style=\"font-size: 10.0pt; font-family: 'Verdana','sans-serif'; mso-fareast-font-family: 'Times New Roman'; mso-bidi-font-family: Arial; mso-fareast-language: ES-MX;\">Temperatura de operaci\u00f3n 0\u00b0C &#8211; 45\u00b0C<\/span><\/li>\n<li class=\"MsoNormal\" style=\"color: black; line-height: normal; background-image: initial; background-attachment: initial; background-size: initial; background-origin: initial; background-clip: initial; background-position: initial; background-repeat: initial;\"><span style=\"font-size: 10.0pt; font-family: 'Verdana','sans-serif'; mso-fareast-font-family: 'Times New Roman'; mso-bidi-font-family: Arial; mso-fareast-language: ES-MX;\">Humedad de operaci\u00f3n 20% &#8211; 80%<\/span><\/li>\n<li class=\"MsoNormal\" style=\"color: black; line-height: normal; background-image: initial; background-attachment: initial; background-size: initial; background-origin: initial; background-clip: initial; background-position: initial; background-repeat: initial;\"><span style=\"font-size: 10.0pt; font-family: 'Verdana','sans-serif'; mso-fareast-font-family: 'Times New Roman'; mso-bidi-font-family: Arial; mso-fareast-language: ES-MX;\">Dimensiones 185x140x30 mm<\/span><\/li>\n<\/ul>\n<p class=\"MsoNormal\" style=\"margin-bottom: 5.75pt; line-height: 10.35pt;\"><b><span style=\"font-size: 10pt; font-family: Verdana, sans-serif;\">Precios expresados en d\u00f3lares americanos pagaderos al tipo de cambio del d\u00eda de la compra y facturaci\u00f3n.<\/span><\/b><\/p>\n<p class=\"MsoNormal\" style=\"margin-bottom: 5.75pt; line-height: 10.35pt;\"><span style=\"font-size: 10pt; font-family: Verdana, sans-serif;\">Pago: Anticipado v\u00eda transferencia \u00f3 dep\u00f3sito bancario.<\/span><\/p>\n<p class=\"MsoNormal\" style=\"margin-bottom: 5.75pt; line-height: 10.35pt;\"><span style=\"font-size: 10pt; font-family: Verdana, sans-serif;\">Tiempo de entrega: Inmediata o dependiendo existencias.<\/span><\/p>\n<p class=\"MsoNormal\" style=\"margin-bottom: 5.75pt; line-height: 10.35pt;\"><span style=\"font-size: 10pt; font-family: Verdana, sans-serif;\">Garant\u00eda de: 1 a\u00f1o por defectos de fabricaci\u00f3n.<\/span><\/p>\n<p class=\"MsoNormal\" style=\"margin-bottom: 5.75pt; line-height: 10.35pt;\"><span style=\"font-size: 10pt; font-family: Verdana, sans-serif;\">No incluye instalaci\u00f3n, canalizaci\u00f3n, ni obra civil, en caso de requerir por favor contacte al depto. de ventas.<\/span><\/p>\n<p class=\"MsoNormal\" style=\"margin-bottom: 5.75pt; line-height: 10.35pt;\"><span style=\"font-size: 10pt; font-family: Verdana, sans-serif;\">Para consultar existencias, precios sobre la transportaci\u00f3n y\/o\u00a0 los vi\u00e1ticos,\u00a0por favor contacte con nosotros.<\/span><\/p>\n<p class=\"MsoNormal\" style=\"margin-bottom: 5.75pt; line-height: 10.35pt;\"><span style=\"font-size: 10pt; font-family: Verdana, sans-serif;\">Precios sujetos a cambio sin previo aviso.<\/span><\/p>\n<p><span style=\"font-size: 10pt; line-height: 115%; font-family: Verdana, sans-serif;\">Cualquier duda adicional, consulte a su ejecutivo de ventas.<\/span><\/p>\n","protected":false},"excerpt":{"rendered":"<p>H7,\u00a0Reloj de huella digital para control de asistencia. con el sistema de reportes ssr (servicio de autograbado) almacenado en el tiempo del reloj, es la mejor opcion para peque\u00f1as cadenas de tiendas. Puedes redactar la informaci\u00f3n de los empleados y organizar los turnos simple y rapido en formato excel. Via USB o SD, \u00a0Evitando la[&#8230;]<\/p>\n","protected":false},"featured_media":4358,"comment_status":"closed","ping_status":"closed","template":"","meta":[],"product_cat":[110,34,33],"product_tag":[],"class_list":["post-3437","product","type-product","status-publish","has-post-thumbnail","hentry","product_cat-control-de-acceso","product_cat-control-de-asistencia-biometricos","product_cat-control-de-asistencia-por-huella-digital","pa_marca-zkteco"],"_links":{"self":[{"href":"https:\/\/globalsystem.com.mx\/catalogo\/wp-json\/wp\/v2\/product\/3437","targetHints":{"allow":["GET"]}}],"collection":[{"href":"https:\/\/globalsystem.com.mx\/catalogo\/wp-json\/wp\/v2\/product"}],"about":[{"href":"https:\/\/globalsystem.com.mx\/catalogo\/wp-json\/wp\/v2\/types\/product"}],"replies":[{"embeddable":true,"href":"https:\/\/globalsystem.com.mx\/catalogo\/wp-json\/wp\/v2\/comments?post=3437"}],"version-history":[{"count":3,"href":"https:\/\/globalsystem.com.mx\/catalogo\/wp-json\/wp\/v2\/product\/3437\/revisions"}],"predecessor-version":[{"id":4412,"href":"https:\/\/globalsystem.com.mx\/catalogo\/wp-json\/wp\/v2\/product\/3437\/revisions\/4412"}],"wp:featuredmedia":[{"embeddable":true,"href":"https:\/\/globalsystem.com.mx\/catalogo\/wp-json\/wp\/v2\/media\/4358"}],"wp:attachment":[{"href":"https:\/\/globalsystem.com.mx\/catalogo\/wp-json\/wp\/v2\/media?parent=3437"}],"wp:term":[{"taxonomy":"product_cat","embeddable":true,"href":"https:\/\/globalsystem.com.mx\/catalogo\/wp-json\/wp\/v2\/product_cat?post=3437"},{"taxonomy":"product_tag","embeddable":true,"href":"https:\/\/globalsystem.com.mx\/catalogo\/wp-json\/wp\/v2\/product_tag?post=3437"}],"curies":[{"name":"wp","href":"https:\/\/api.w.org\/{rel}","templated":true}]}}